{"id":245,"date":"2015-01-18T02:43:07","date_gmt":"2015-01-18T05:43:07","guid":{"rendered":"https:\/\/www.facet.unt.edu.ar\/iest\/?page_id=245"},"modified":"2025-09-23T21:53:22","modified_gmt":"2025-09-24T00:53:22","slug":"estudio-de-patologias","status":"publish","type":"page","link":"https:\/\/www.facet.unt.edu.ar\/iest\/proyectos\/estudio-de-patologias\/","title":{"rendered":""},"content":{"rendered":"<p><strong>ESTUDIO DE PATOLOG\u00cdAS, REPARACI\u00d3N Y REHABILITACI\u00d3N DE ESTRUCTURAS Y EDIFICIOS (PIUNT)<\/strong><\/p>\n<p><em>STUDY OF PATHOLOGIES, REPAIR AND REHABILITATION OF STRUCTURES AND BUILDINGS<\/em><\/p>\n<p><strong>Director:<\/strong> <a title=\"DR. Ing. Domingo Sfer\" href=\"https:\/\/www.facet.unt.edu.ar\/iest\/integrantes\/sfer-domingo\/\">Dr. Ing. Sfer, Domingo<\/a><br \/>\n<strong>Co-Director:<\/strong> <a title=\"Ing. Sergio E. Gutierrez\" href=\"https:\/\/www.facet.unt.edu.ar\/iest\/integrantes\/gutierrez-sergio-e\/\">Ing. Sergio E. Gutierrez<\/a><\/p>\n<p><strong>Periodo de Ejecuci\u00f3n:<\/strong> 02\/01\/2023 &#8211; 31\/12\/2026<\/p>\n<p><a href=\"#GRUPO%20DE%20INVESTIGACI\u00d3N\">Ver Grupo de investigaci\u00f3n<\/a><\/p>\n<p><strong>Resumen:<\/strong><\/p>\n<p style=\"text-align: justify;\">La construcci\u00f3n de diferentes tipos de estructuras y edificaciones est\u00e1 directamente vinculada a la consideraci\u00f3n de su vida \u00fatil. Bajo ciertas condiciones de cargas, alteraciones estructurales, factores clim\u00e1ticos, qu\u00edmicos o antr\u00f3picos, falta de mantenimiento y diversas otras circunstancias provocan que las estructuras presenten patolog\u00edas que alteran la vida \u00fatil considerada, y especialmente en los edificios patrimoniales en los cuales su estado de conservaci\u00f3n involucra un gran valor cultural.<br \/>\nFrente a estas situaciones frecuentemente se trata de reparar y rehabilitar las estructuras para cumplir la finalidad de su creaci\u00f3n o bien para una nueva funci\u00f3n. Con este fin las tareas principales comienzan con la recopilaci\u00f3n de antecedentes constructivos, relevamiento estructural y de materiales utilizados, siguiendo con la inspecci\u00f3n, reconocimiento de patolog\u00eda y monitoreo para poder efectuar un correcto diagn\u00f3stico del estado actual de la edificaci\u00f3n.<br \/>\nA continuaci\u00f3n, se eval\u00faan diferentes propuestas de tratamiento, como ser reparaci\u00f3n, refuerzo, restauraci\u00f3n y rehabilitaci\u00f3n estructural que conllevan una intervenci\u00f3n a trav\u00e9s de un proyecto ejecutivo de obra. Cada una de estas actividades involucra la necesidad de desarrollar t\u00e9cnicas de medici\u00f3n, auscultaci\u00f3n, an\u00e1lisis y control para cada estructura o edificio de acuerdo a su patolog\u00eda y diagn\u00f3stico. Asimismo, los materiales, m\u00e9todos y tecnolog\u00edas de reparaci\u00f3n y refuerzo conducen a estudios experimentales particulares seg\u00fan la obra de restauraci\u00f3n y rehabilitaci\u00f3n a aplicarse.<br \/>\nEn este proyecto de investigaci\u00f3n se plantea la necesidad de incorporar m\u00e9todos innovadores y nuevas tecnolog\u00edas que permitan integrarse a los lineamientos y las herramientas de gesti\u00f3n de un proyecto de restauraci\u00f3n y rehabilitaci\u00f3n. Se llevar\u00e1n a cabo an\u00e1lisis experimentales de investigaci\u00f3n sobre elementos estructurales originales y reforzados, junto a nuevos materiales y productos que introducen recientes t\u00e9cnicas de reparaci\u00f3n y refuerzo, tales como los hormigones de alta resistencia y hormigones reforzados con fibras.<br \/>\nEl Instituto de Estructuras de la FACET desarrolla tareas de investigaci\u00f3n en estructuras y en edificios desde los tiempos de su creaci\u00f3n y posee la infraestructura y capacidad t\u00e9cnica necesarias para las investigaciones descriptas. Es tambi\u00e9n importante la incorporaci\u00f3n de los conocimientos en el dictado de cursos de la Maestr\u00eda en Ingenier\u00eda Estructural y Doctorado en Ingenier\u00eda, abiertos adem\u00e1s a profesionales.<\/p>\n<table style=\"border-collapse: collapse; width: 100%;\" border=\"1\">\n<tbody>\n<tr>\n<td style=\"width: 25%; background-color: #343538; text-align: center; vertical-align: middle;\"><span style=\"color: #ffffff;\">Apellido y Nombre<\/span><\/td>\n<td style=\"width: 25%; background-color: #343538; text-align: center; vertical-align: middle;\"><span style=\"color: #ffffff;\">Rol<\/span><\/td>\n<td style=\"width: 25%; background-color: #343538; text-align: center; vertical-align: middle;\"><span style=\"color: #ffffff;\">Horas<\/span><\/td>\n<td style=\"width: 25%; background-color: #343538; text-align: center; vertical-align: middle;\"><span style=\"color: #ffffff;\">Lugar de trabajo<\/span><\/td>\n<\/tr>\n<tr>\n<td>ALMENAR, MARTIN ERNESTO<\/td>\n<td style=\"text-align: center;\">Investigador<\/td>\n<td style=\"text-align: center;\">20<\/td>\n<td style=\"text-align: center;\">UNT-FACET<\/td>\n<\/tr>\n<tr>\n<td><a href=\"https:\/\/www.facet.unt.edu.ar\/iest\/integrantes\/gutierrez-sergio-e\/\">GUTIERREZ, SERGIO EDUARDO<\/a><\/td>\n<td style=\"text-align: center;\">Co-Titular<\/td>\n<td style=\"text-align: center;\">20<\/td>\n<td style=\"text-align: center;\">UNT-FACET<\/td>\n<\/tr>\n<tr>\n<td>LUCERO, JAVIER BERNARDO<\/td>\n<td style=\"text-align: center;\">Investigador<\/td>\n<td style=\"text-align: center;\">10<\/td>\n<td style=\"text-align: center;\">UNT-FACET<\/td>\n<\/tr>\n<tr>\n<td>MORENO, MAR\u00cdA GUADALUPE<\/td>\n<td style=\"text-align: center;\">Colaborador<\/td>\n<td style=\"text-align: center;\">5<\/td>\n<td style=\"text-align: center;\">UNT-FACET<\/td>\n<\/tr>\n<tr>\n<td>PASCUAL, PEDRO ALBERTO<\/td>\n<td style=\"text-align: center;\">Investigador<\/td>\n<td style=\"text-align: center;\">10<\/td>\n<td style=\"text-align: center;\">UNT-FACET<\/td>\n<\/tr>\n<tr>\n<td>SOLLAZZO, LUCIANO NICOL\u00c1S<\/td>\n<td style=\"text-align: center;\">Colaborador<\/td>\n<td style=\"text-align: center;\">5<\/td>\n<td style=\"text-align: center;\">UNT-FACET<\/td>\n<\/tr>\n<tr>\n<td>VILLALBA, DIEGO DANIEL<\/td>\n<td style=\"text-align: center;\">Becario &#8211; Tesista<\/td>\n<td style=\"text-align: center;\">10<\/td>\n<td style=\"text-align: center;\">UNT-FACET<\/td>\n<\/tr>\n<\/tbody>\n<\/table>\n","protected":false},"excerpt":{"rendered":"<p>ESTUDIO DE PATOLOG\u00cdAS, REPARACI\u00d3N Y REHABILITACI\u00d3N DE ESTRUCTURAS Y EDIFICIOS (PIUNT) STUDY OF PATHOLOGIES, REPAIR AND REHABILITATION OF STRUCTURES AND BUILDINGS Director: Dr. Ing. Sfer, Domingo Co-Director: Ing. Sergio E. Gutierrez Periodo de Ejecuci\u00f3n: 02\/01\/2023 &#8211; 31\/12\/2026 Ver Grupo de investigaci\u00f3n Resumen: La construcci\u00f3n de diferentes tipos de estructuras y edificaciones est\u00e1 directamente vinculada a [&hellip;]<\/p>\n","protected":false},"author":20,"featured_media":0,"parent":151,"menu_order":3,"comment_status":"closed","ping_status":"closed","template":"","meta":[],"_links":{"self":[{"href":"https:\/\/www.facet.unt.edu.ar\/iest\/wp-json\/wp\/v2\/pages\/245"}],"collection":[{"href":"https:\/\/www.facet.unt.edu.ar\/iest\/wp-json\/wp\/v2\/pages"}],"about":[{"href":"https:\/\/www.facet.unt.edu.ar\/iest\/wp-json\/wp\/v2\/types\/page"}],"author":[{"embeddable":true,"href":"https:\/\/www.facet.unt.edu.ar\/iest\/wp-json\/wp\/v2\/users\/20"}],"replies":[{"embeddable":true,"href":"https:\/\/www.facet.unt.edu.ar\/iest\/wp-json\/wp\/v2\/comments?post=245"}],"version-history":[{"count":27,"href":"https:\/\/www.facet.unt.edu.ar\/iest\/wp-json\/wp\/v2\/pages\/245\/revisions"}],"predecessor-version":[{"id":3107,"href":"https:\/\/www.facet.unt.edu.ar\/iest\/wp-json\/wp\/v2\/pages\/245\/revisions\/3107"}],"up":[{"embeddable":true,"href":"https:\/\/www.facet.unt.edu.ar\/iest\/wp-json\/wp\/v2\/pages\/151"}],"wp:attachment":[{"href":"https:\/\/www.facet.unt.edu.ar\/iest\/wp-json\/wp\/v2\/media?parent=245"}],"curies":[{"name":"wp","href":"https:\/\/api.w.org\/{rel}","templated":true}]}}