{"id":247,"date":"2015-01-18T02:44:42","date_gmt":"2015-01-18T05:44:42","guid":{"rendered":"https:\/\/www.facet.unt.edu.ar\/iest\/?page_id=247"},"modified":"2018-03-09T00:59:08","modified_gmt":"2018-03-09T03:59:08","slug":"comportamiento-de-nuevos-materiales-estructurales-ciunt-26-e427","status":"publish","type":"page","link":"https:\/\/www.facet.unt.edu.ar\/iest\/proyectos\/comportamiento-de-nuevos-materiales-estructurales-ciunt-26-e427\/","title":{"rendered":"Comportamiento de nuevos materiales estructurales (CIUNT 26\/E427)"},"content":{"rendered":"<p><strong>COMPORTAMIENTO DE NUEVOS MATERIALES ESTRUCTURALES (CIUNT 26\/E427)<\/strong><\/p>\n<p><em>BEHAVIOR OF ADVANCED STRUCTURAL MATERIALS<\/em><\/p>\n<p><strong>Director: <\/strong><a title=\"Dr. Ing. Luccioni Bibiana Maria\" href=\"https:\/\/www.facet.unt.edu.ar\/iest\/integrantes\/luccioni-bibiana-maria\/\">LUCCIONI, Bibiana Mar\u00eda<\/a><\/p>\n<p><strong>Periodo de Ejecuci\u00f3n:<\/strong> Inicio 02\/05\/2008 \u2013 Finalizaci\u00f3n 31\/12\/2013<\/p>\n<p><a href=\"#GRUPO%20DE INVESTIGACI\u00d3N\">Ver Grupo de investigaci\u00f3n<\/a><\/p>\n<p><strong>Resumen:<\/strong><\/p>\n<table class=\" alignright\" style=\"width: 300px; border-color: #ffffff;\">\n<tbody>\n<tr>\n<td style=\"border-color: #ffffff; vertical-align: top;\">\u00a0<img decoding=\"async\" loading=\"lazy\" class=\"alignnone size-medium wp-image-848\" src=\"https:\/\/www.facet.unt.edu.ar\/iest\/wp-content\/uploads\/sites\/22\/2015\/01\/luccioni-proyecto-1-01-188x300.jpg\" alt=\"luccioni-proyecto 1 01\" width=\"277\" height=\"300\" \/><\/td>\n<\/tr>\n<tr>\n<td style=\"border-color: #ffffff;\"><img decoding=\"async\" loading=\"lazy\" class=\"alignnone size-medium wp-image-847\" src=\"https:\/\/www.facet.unt.edu.ar\/iest\/wp-content\/uploads\/sites\/22\/2015\/01\/luccioni-proyecto-1-02-277x300.jpg\" alt=\"luccioni-proyecto 1 02\" width=\"277\" height=\"300\" srcset=\"https:\/\/www.facet.unt.edu.ar\/iest\/wp-content\/uploads\/sites\/22\/2015\/01\/luccioni-proyecto-1-02-277x300.jpg 277w, https:\/\/www.facet.unt.edu.ar\/iest\/wp-content\/uploads\/sites\/22\/2015\/01\/luccioni-proyecto-1-02.jpg 300w\" sizes=\"(max-width: 277px) 100vw, 277px\" \/><\/td>\n<\/tr>\n<\/tbody>\n<\/table>\n<p align=\"justify\">La industria de la construcci\u00f3n moderna, requiere cada vez m\u00e1s exigencias de los materiales, que son usados bajo condiciones m\u00e1s severas, como acciones din\u00e1micas con fuertes velocidades de carga. Dichas acciones pueden ser de origen accidental o producidas por las mismas condiciones de servicio de las estructuras. Por otro lado, durante su vida \u00fatil las estructuras de hormig\u00f3n y mamposter\u00eda ya existentes pueden resultar expuestas a cargas mec\u00e1nicas, como as\u00ed tambi\u00e9n a agentes agresivos qu\u00edmicos o t\u00e9rmicos que produzcan la degradaci\u00f3n de sus propiedades mec\u00e1nicas dando lugar a una consiguiente p\u00e9rdida de seguridad que haga necesaria su reparaci\u00f3n y o refuerzo.<\/p>\n<p align=\"justify\">Estos hechos han dado lugar, por un lado, al desarrollo de nuevos materiales como, por ejemplo, los materiales compuestos reforzados con fibras para cumplir con fines espec\u00edficos y, por otro lado, han creado la necesidad de desarrollar programas de simulaci\u00f3n estructural con el objeto optimizar dimensiones, reducir los m\u00e1rgenes de seguridad o simplemente bajar costos y, a su vez, poder dise\u00f1ar adecuadamente los nuevos materiales y los sistemas de refuerzo y reparaci\u00f3n.<\/p>\n<p align=\"justify\">El objetivo principal de este proyecto es la definici\u00f3n de modelos materiales realistas que permitan simular adecuadamente nuevos materiales estructurales, fundamentalmente materiales compuestos, que se utilizan en sistemas de reparaci\u00f3n, refuerzo y control, o materiales tradicionales como el hormig\u00f3n y la mamposter\u00eda bajo acciones no convencionales como explosiones e impacto. Dichos modelos ser\u00e1n implementados en un programa de elementos finitos y en un hidroc\u00f3digo que permitir\u00e1n predecir el comportamiento din\u00e1mico no lineal y la degradaci\u00f3n y falla de elementos estructurales y no estructurales, reparados y o reforzados, bajo solicitaciones de t\u00edpico mec\u00e1nico y explosiones respectivamente.<\/p>\n<p align=\"justify\">Los objetivos espec\u00edficos planteados son:<\/p>\n<ol>\n<li style=\"text-align: justify;\">Desarrollo de herramientas num\u00e9ricas para el dise\u00f1o y verificaci\u00f3n de elementos estructurales frente a a cargas explosivas<\/li>\n<li style=\"text-align: justify;\">Desarrollo de herramientas num\u00e9ricas para la evaluaci\u00f3n de la eficiencia de sistemas de reparaci\u00f3n y\/o refuerzo con l\u00e1minas de material compuesto con fibras, que tengan en cuenta los fen\u00f3menos de delaminaci\u00f3n y despegue<\/li>\n<li style=\"text-align: justify;\">Evaluaci\u00f3n de experimental y num\u00e9rica de la eficiencia del refuerzo a corte con hormigones con fibras. Desarrollo de herramientas num\u00e9ricas para la evaluaci\u00f3n de la eficiencia de sistemas de reparaci\u00f3n y\/o refuerzo con materiales hormigones con fibras.<\/li>\n<li style=\"text-align: justify;\">Desarrollo de una herramienta computacional que permita evaluar la eficiencia de sistemas basados en la utilizaci\u00f3n de compuestos con fibras piezoel\u00e9ctricas, para el control activo de vibraciones en estructuras esbeltas.<\/li>\n<\/ol>\n<p align=\"justify\">Se espera que los resultados del proyecto contribuyan al avance del conocimiento en el \u00e1rea de la mec\u00e1nica de materiales y a la formaci\u00f3n de recursos humanos. A su vez, los mismos pueden ser transferidos a la industria de la construcci\u00f3n a trav\u00e9s de recomendaciones sobre la utilizaci\u00f3n de materiales compuestos para reparaci\u00f3n, refuerzo y control de estructuras. Por otro lado, los modelos constitutivos y programas a desarrollar en el marco del proyecto no se restringen a materiales usados en construcci\u00f3n sino que pueden ser aplicados, sin mayores modificaciones, para tratar numerosos problemas de otros tipos de industrias entre las que merecen destacarse la industria metal-mec\u00e1nica y aeron\u00e1utica.<\/p>\n<p align=\"justify\"><strong>Abstract<\/strong><\/p>\n<p align=\"justify\">Modern construction industry is demanding more of materials, which are being used under increasing severe conditions such as dynamic loads with elevated rates of loading. These actions can be produced by accidental situations or can be due to service conditions.<\/p>\n<p align=\"justify\">By the other side, during their service life, existent concrete and masonry structures could be exposed to mechanical loads or aggressive chemical or thermal actions producing the degradation of their mechanical properties with the consequent loss of security and the urgent requirement of repair o retrofit interventions.<\/p>\n<p align=\"justify\">These facts have produced, by one side, the development of new materials like fiber reinforced composite to fulfill specific requirements. By the other side, they have created the need of programs for structural simulation to optimize dimensions, to reduce security margins or simply to reduce costs and also to properly design new materials and repair\/retrofit and control systems.<\/p>\n<p align=\"justify\">The principal objective of this project is to develop realistic constitutive models for the accurate simulation not only of structural materials like concrete and masonry but also of repair\/retrofit and control systems based on fiber composites. These models will be implemented in a finite element program to predict non-linear dynamic behavior, damage and failure of construction elements under loading and thermal actions.<\/p>\n<p align=\"justify\">The specific objectives of the project are the following:<\/p>\n<ol>\n<li style=\"text-align: justify;\">Development of numerical tools for the design and assessment of structural elements under explosive loads.<\/li>\n<li style=\"text-align: justify;\">Development of numerical tools for the assessment of repair and retrofit intervention techniques using fiber reinforced composites, taking into account non linear phenomena like fiber debonding, lamina debonding and delamination.<\/li>\n<li style=\"text-align: justify;\">Experimental and numerical assessment of the efficiency of fiber reinforced concrete as a retrofitting material for reinforced concrete elements. Development of numerical tools for the design of retrofitting techniques using fiber reinforced concrete<\/li>\n<li style=\"text-align: justify;\">Development of a numerical tool for the assessment of the efficiency of piezoelectric fiber devices for the active vibrations control in slender structures.<\/li>\n<\/ol>\n<p align=\"justify\">It is expected that the results of the project will contribute to the development of the knowledge in the area of mechanics of materials and to the development of humane resources. At the same time, the results can be transferred to construction industry through recommendations relative to the use of composite materials for the repair, retrofit and control of structures. By the other hand, it must be emphasize that the models, as well as the programs, to be developed within this project are not only restricted to construction materials but they can also be applied, without major changes, to many problems found in other industries, particularly in metal-mechanics and aeronautical industry.<\/p>\n<p>&nbsp;<\/p>\n<p style=\"text-align: justify;\"><a id=\"GRUPO DE INVESTIGACI\u00d3N\"><\/a><span style=\"color: #ffffff;\">facu<\/span><\/p>\n<table>\n<tbody>\n<tr>\n<td style=\"width: 270px; height: 40px; background-color: #343538; text-align: left; vertical-align: middle;\" colspan=\"4\">\n<h3 style=\"padding-left: 30px;\"><span style=\"color: #ffffff;\">GRUPO DE INVESTIGACI\u00d3N<\/span><\/h3>\n<\/td>\n<\/tr>\n<tr>\n<td style=\"width: 1080px; height: 20px; border-color: #ffffff; text-align: center; vertical-align: middle;\" colspan=\"4\"><\/td>\n<\/tr>\n<tr>\n<td style=\"width: 270px; height: 40px; background-color: #343538; text-align: center; vertical-align: middle;\"><span style=\"color: #ffffff;\">Apellido y Nombre<\/span><\/td>\n<td style=\"width: 270px; height: 40px; background-color: #343538; text-align: center; vertical-align: middle;\"><span style=\"color: #ffffff;\">Rol<\/span><\/td>\n<td style=\"width: 270px; height: 40px; background-color: #343538; text-align: center; vertical-align: middle;\"><span style=\"color: #ffffff;\">Horas<\/span><\/td>\n<td style=\"width: 270px; height: 40px; background-color: #343538; text-align: center; vertical-align: middle;\"><span style=\"color: #ffffff;\">Lugar de trabajo<\/span><\/td>\n<\/tr>\n<tr>\n<td style=\"width: 270px; height: 40px; text-align: left; vertical-align: middle;\"><a title=\"ARAOZ Gabriel\" href=\"https:\/\/www.facet.unt.edu.ar\/iest\/integrantes\/araoz-gabriel\/\">AR\u00c1OZ, GabrieL Francisco<\/a><\/td>\n<td style=\"width: 270px; height: 40px; vertical-align: middle; text-align: center;\">Becario-Tesista<\/td>\n<td style=\"width: 270px; height: 40px; vertical-align: middle; text-align: center;\">20<\/td>\n<td style=\"width: 270px; height: 40px; vertical-align: middle; text-align: center;\">UNT-FACET<\/td>\n<\/tr>\n<tr>\n<td style=\"width: 270px; height: 40px; text-align: left; vertical-align: middle;\">GUENNAM, Ahmad\u00a0 Eduardo<\/td>\n<td style=\"width: 270px; height: 40px; vertical-align: middle; text-align: center;\">Becario-Tesista<\/td>\n<td style=\"width: 270px; height: 40px; vertical-align: middle; text-align: center;\">20<\/td>\n<td style=\"width: 270px; height: 40px; vertical-align: middle; text-align: center;\">UNT-FACET-IEST<\/td>\n<\/tr>\n<tr>\n<td style=\"width: 270px; height: 40px; text-align: left; vertical-align: middle;\"><a title=\"ISLA Facundo\" href=\"https:\/\/www.facet.unt.edu.ar\/iest\/integrantes\/isla-facundo\/\">ISLA CALDERON, Facundo Andr\u00e9s<\/a><\/td>\n<td style=\"width: 270px; height: 40px; vertical-align: middle; text-align: center;\">Becario-Tesista<\/td>\n<td style=\"width: 270px; height: 40px; vertical-align: middle; text-align: center;\">20<\/td>\n<td style=\"width: 270px; height: 40px; vertical-align: middle; text-align: center;\">UNT-FACET<\/td>\n<\/tr>\n<tr>\n<td style=\"width: 270px; height: 40px; text-align: left; vertical-align: middle;\">OTERO GRUER, Fermin Enrique<\/td>\n<td style=\"width: 270px; height: 40px; vertical-align: middle; text-align: center;\">Becario-Tesista<\/td>\n<td style=\"width: 270px; height: 40px; vertical-align: middle; text-align: center;\">20<\/td>\n<td style=\"width: 270px; height: 40px; vertical-align: middle; text-align: center;\">UNT-FACET-IEST<\/td>\n<\/tr>\n<tr>\n<td style=\"width: 270px; height: 40px; text-align: left; vertical-align: middle;\">TORRES, Carlos Esteban<\/td>\n<td style=\"width: 270px; height: 40px; vertical-align: middle; text-align: center;\">Becario-Tesista<\/td>\n<td style=\"width: 270px; height: 40px; vertical-align: middle; text-align: center;\">20<\/td>\n<td style=\"width: 270px; height: 40px; vertical-align: middle; text-align: center;\">UNT-FACET<\/td>\n<\/tr>\n<tr>\n<td style=\"width: 270px; height: 40px; text-align: left; vertical-align: middle;\"><a title=\"Dr. Ing. Luccioni Bibiana Maria\" href=\"https:\/\/www.facet.unt.edu.ar\/iest\/integrantes\/luccioni-bibiana-maria\/\">LUCCIONI, Bibiana Mar\u00eda<\/a><\/td>\n<td style=\"width: 270px; height: 40px; vertical-align: middle; text-align: center;\">Titular<\/td>\n<td style=\"width: 270px; height: 40px; vertical-align: middle; text-align: center;\">20<\/td>\n<td style=\"width: 270px; height: 40px; vertical-align: middle; text-align: center;\">UNT-FACET<\/td>\n<\/tr>\n<\/tbody>\n<\/table>\n<p>&nbsp;<\/p>\n","protected":false},"excerpt":{"rendered":"<p>COMPORTAMIENTO DE NUEVOS MATERIALES ESTRUCTURALES (CIUNT 26\/E427) BEHAVIOR OF ADVANCED STRUCTURAL MATERIALS Director: LUCCIONI, Bibiana Mar\u00eda Periodo de Ejecuci\u00f3n: Inicio 02\/05\/2008 \u2013 Finalizaci\u00f3n 31\/12\/2013 Ver Grupo de investigaci\u00f3n Resumen: \u00a0 La industria de la construcci\u00f3n moderna, requiere cada vez m\u00e1s exigencias de los materiales, que son usados bajo condiciones m\u00e1s severas, como acciones din\u00e1micas con [&hellip;]<\/p>\n","protected":false},"author":20,"featured_media":0,"parent":151,"menu_order":4,"comment_status":"closed","ping_status":"closed","template":"","meta":[],"_links":{"self":[{"href":"https:\/\/www.facet.unt.edu.ar\/iest\/wp-json\/wp\/v2\/pages\/247"}],"collection":[{"href":"https:\/\/www.facet.unt.edu.ar\/iest\/wp-json\/wp\/v2\/pages"}],"about":[{"href":"https:\/\/www.facet.unt.edu.ar\/iest\/wp-json\/wp\/v2\/types\/page"}],"author":[{"embeddable":true,"href":"https:\/\/www.facet.unt.edu.ar\/iest\/wp-json\/wp\/v2\/users\/20"}],"replies":[{"embeddable":true,"href":"https:\/\/www.facet.unt.edu.ar\/iest\/wp-json\/wp\/v2\/comments?post=247"}],"version-history":[{"count":11,"href":"https:\/\/www.facet.unt.edu.ar\/iest\/wp-json\/wp\/v2\/pages\/247\/revisions"}],"predecessor-version":[{"id":2064,"href":"https:\/\/www.facet.unt.edu.ar\/iest\/wp-json\/wp\/v2\/pages\/247\/revisions\/2064"}],"up":[{"embeddable":true,"href":"https:\/\/www.facet.unt.edu.ar\/iest\/wp-json\/wp\/v2\/pages\/151"}],"wp:attachment":[{"href":"https:\/\/www.facet.unt.edu.ar\/iest\/wp-json\/wp\/v2\/media?parent=247"}],"curies":[{"name":"wp","href":"https:\/\/api.w.org\/{rel}","templated":true}]}}