{"id":254,"date":"2015-01-18T02:48:57","date_gmt":"2015-01-18T05:48:57","guid":{"rendered":"https:\/\/www.facet.unt.edu.ar\/iest\/?page_id=254"},"modified":"2018-03-09T01:00:11","modified_gmt":"2018-03-09T04:00:11","slug":"vulnerabilidad-sismica-de-edificios-vitales-de-la-red-de-emergencias-pme-2006-01344","status":"publish","type":"page","link":"https:\/\/www.facet.unt.edu.ar\/iest\/proyectos\/vulnerabilidad-sismica-de-edificios-vitales-de-la-red-de-emergencias-pme-2006-01344\/","title":{"rendered":"Vulnerabilidad S\u00edsmica de Edificios Vitales de la Red de Emergencias (PME-2006-01344)"},"content":{"rendered":"<p><strong>VULNERABILIDAD S\u00cdSMICA DE EDIFICIOS VITALES DE LA RED DE EMERGENCIAS (PME-2006-01344)<\/strong><\/p>\n<p><em>SEISMIC VULNERABILITY OF BUILDINGS BELONGING TO THE EMERGENCY NETWORK<\/em><\/p>\n<p><strong>Director:<\/strong> <a title=\"Dr. Ing. Luccioni Bibiana Maria\" href=\"https:\/\/www.facet.unt.edu.ar\/iest\/integrantes\/luccioni-bibiana-maria\/\">Dr. Ing. Luccioni, Bibiana Mar\u00eda<\/a><\/p>\n<p>&nbsp;<\/p>\n<p><strong>Resumen<\/strong><\/p>\n<table class=\" alignright\" style=\"width: 300px; border-color: #ffffff;\">\n<tbody>\n<tr>\n<td style=\"border-color: #ffffff; vertical-align: top;\"><img decoding=\"async\" loading=\"lazy\" class=\"alignnone size-medium wp-image-875\" src=\"https:\/\/www.facet.unt.edu.ar\/iest\/wp-content\/uploads\/sites\/22\/2015\/01\/luccioni-proyecto-3-01-300x225.jpg\" alt=\"OLYMPUS DIGITAL CAMERA\" width=\"300\" height=\"225\" \/><\/td>\n<\/tr>\n<tr>\n<td style=\"border-color: #ffffff;\"><img decoding=\"async\" loading=\"lazy\" class=\"alignnone size-full wp-image-874\" src=\"https:\/\/www.facet.unt.edu.ar\/iest\/wp-content\/uploads\/sites\/22\/2015\/01\/luccioni-proyecto-3-02.jpg\" alt=\"luccioni-proyecto 3 02\" width=\"300\" height=\"400\" srcset=\"https:\/\/www.facet.unt.edu.ar\/iest\/wp-content\/uploads\/sites\/22\/2015\/01\/luccioni-proyecto-3-02.jpg 300w, https:\/\/www.facet.unt.edu.ar\/iest\/wp-content\/uploads\/sites\/22\/2015\/01\/luccioni-proyecto-3-02-225x300.jpg 225w\" sizes=\"(max-width: 300px) 100vw, 300px\" \/><\/td>\n<\/tr>\n<tr>\n<td style=\"border-color: #ffffff;\"><img decoding=\"async\" loading=\"lazy\" class=\"alignnone size-full wp-image-873\" src=\"https:\/\/www.facet.unt.edu.ar\/iest\/wp-content\/uploads\/sites\/22\/2015\/01\/luccioni-proyecto-3-03.jpg\" alt=\"luccioni-proyecto 3 03\" width=\"300\" height=\"225\" \/><\/td>\n<\/tr>\n<\/tbody>\n<\/table>\n<p style=\"text-align: justify;\" align=\"justify\">Los desastres naturales, como terremotos, inundaciones, huracanes y erupciones volc\u00e1nicas, causan anualmente una gran cantidad de muertes, da\u00f1os y p\u00e9rdidas de infraestructura econ\u00f3mica y social en diversos pa\u00edses del mundo.<\/p>\n<p style=\"text-align: justify;\">En nuestro pa\u00eds, existe una vasta regi\u00f3n que ha sido afectada por la ocurrencia de terremotos. El m\u00e1s reciente, ocurrido el 7 de septiembre de 2004 en la Provincia de Catamarca, ha dejado en evidencia el nivel de vulnerabilidad de edificaciones consideradas vitales para la red de emergencia, como ser hospitales y escuelas.<\/p>\n<p style=\"text-align: justify;\">En este sentido, es necesario establecer el riesgo s\u00edsmico imperante en una regi\u00f3n, entendi\u00e9ndose como tal a la probabilidad de p\u00e9rdida (econ\u00f3mica o humana) causada por un sismo, dentro de un per\u00edodo de tiempo determinado. Este par\u00e1metro depende, a su vez, de dos factores: la peligrosidad s\u00edsmica como factor natural y la vulnerabilidad que refleja las caracter\u00edsticas de la intervenci\u00f3n humana.<\/p>\n<p style=\"text-align: justify;\">La peligrosidad est\u00e1 relacionada con la probabilidad de que ocurran movimientos s\u00edsmicos en una zona determinada, lo que refleja caracter\u00edsticas de la naturaleza que no pueden cambiarse. Por el contrario, la vulnerabilidad o capacidad de resistencia de las estructuras expuestas a estos movimientos, que refleja la intervenci\u00f3n humana, puede ser modificada. De esta manera, para disminuir el riesgo es necesario el conocimiento de la peligrosidad, a trav\u00e9s de la evaluaci\u00f3n del fen\u00f3meno natural, y la identificaci\u00f3n y disminuci\u00f3n de las vulnerabilidades.<\/p>\n<p style=\"text-align: justify;\">La exposici\u00f3n y vulnerabilidad existentes en nuestro pa\u00eds al mencionado peligro s\u00edsmico, tanto de peque\u00f1as comunidades como de grandes n\u00facleos urbanos y de sus econom\u00edas, urge a que se reduzca la brecha entre lo que se conoce y lo que se deber\u00eda conocer acerca del fen\u00f3meno s\u00edsmico, y sus consecuencias en lo f\u00edsico, econ\u00f3mico, social y ambiental. Esto es dram\u00e1ticamente cierto si se tienen en cuenta los costos de vidas y las inversiones econ\u00f3micas necesarias para recuperar bienes y servicios despu\u00e9s de cada cat\u00e1strofe<\/p>\n<p style=\"text-align: justify;\">En t\u00e9rminos generales, la vulnerabilidad puede entenderse como la predisposici\u00f3n intr\u00ednseca de una edificaci\u00f3n a sufrir da\u00f1o debido a posibles acciones s\u00edsmicas y, por lo tanto, su evaluaci\u00f3n contribuye en forma fundamental al conocimiento del riesgo.<\/p>\n<p style=\"text-align: justify;\">Debido a que muchas edificaciones hospitalarias y de escuelas fueron construidas hace mucho tiempo y otras no han sido dise\u00f1adas ni construidas con normas sismorresistentes, surgen dudas con respecto a la seguridad que dichas edificaciones ofrecen para cumplir adecuadamente su funci\u00f3n en caso de un sismo, principalmente cuando \u00e9stas son necesarias para la atenci\u00f3n de una emergencia. En esto casos, se hace imperativa una revisi\u00f3n lo m\u00e1s detallada posible de la capacidad de la estructura de soportar sismos moderados y fuertes, esto es, la evaluaci\u00f3n de la vulnerabilidad. A partir de estas evaluaciones, se determinan los niveles de vulnerabilidad y la necesidad o no de intervenci\u00f3n para la disminuci\u00f3n del riesgo. El tipo de intervenci\u00f3n depende del nivel de vulnerabilidad, yendo desde adecuaciones de tipo funcional hasta refuerzos estructurales.<\/p>\n<p style=\"text-align: justify;\">La dificultad para construir nuevas instalaciones hospitalarias y educativas en zonas s\u00edsmicas, debido a su alto costo, hace imperativo intervenir reforzando aquellas existentes. Estas intervenciones, que se deben llevar a cabo para reducir el riesgo y garantizar un comportamiento adecuado, deben estar basadas en conocimientos cient\u00edficos y ser consistentes con los requisitos ingenieriles actuales y los c\u00f3digos de dise\u00f1o de cada pa\u00eds.<\/p>\n<p style=\"text-align: justify;\">En nuestro pa\u00eds, no existe un programa sistem\u00e1tico con el fin de mitigar el riesgo s\u00edsmico de las construcciones existentes de la red de emergencia y son escasos los aportes al desarrollo de programas de investigaci\u00f3n relacionados con el estudio del desempe\u00f1o de nuevos materiales, componentes estructurales y sistemas constructivos no tradicionales orientados al refuerzo s\u00edsmico. M\u00e1s a\u00fan, a nivel reglamentario no existe en el pa\u00eds ning\u00fan lineamiento que permita evaluar la vulnerabilidad de las construcciones en detalle, ni las medidas de readecuaci\u00f3n s\u00edsmica consecuentes.<\/p>\n<p style=\"text-align: justify;\">En base a lo antes expuesto, se propone llevar adelante un proyecto de investigaci\u00f3n con el objetivo final de mejorar el conocimiento del riesgo s\u00edsmico, as\u00ed como las medidas de rehabilitaci\u00f3n s\u00edsmica para las construcciones vulnerables de la red de emergencia.<\/p>\n<p style=\"text-align: justify;\" align=\"justify\">Objetivos:<\/p>\n<ol>\n<li style=\"text-align: justify;\">Analizar procedimientos y metodolog\u00edas existentes para la evaluaci\u00f3n de la vulnerabilidad s\u00edsmica a fin de seleccionar las m\u00e1s apropiadas a la realidad de nuestro pa\u00eds.<\/li>\n<li style=\"text-align: justify;\">Analizar gu\u00edas de inspecci\u00f3n visual y fichas de inventario de edificios construidos en zonas s\u00edsmicas.<\/li>\n<li style=\"text-align: justify;\">Proveer informaci\u00f3n num\u00e9rica para la formulaci\u00f3n de modelos computacionales que simulen el comportamiento de los elementos estructurales, necesarios para la metodolog\u00eda de evaluaci\u00f3n propuesta.<\/li>\n<li style=\"text-align: justify;\">Seleccionar instrumentos y metodolog\u00edas para la evaluaci\u00f3n del comportamiento de los elementos no estructurales, la aptitud funcional y la continuidad de funcionamiento post terremoto de los elementos m\u00ednimos de infraestructura de servicios (energ\u00eda el\u00e9ctrica, agua, gas, evacuaci\u00f3n de efluentes) de aquellos edificios considerados claves en la red esencial.<\/li>\n<li style=\"text-align: justify;\">Crear una red nacional de evaluadores calificados en vulnerabilidad s\u00edsmica de edificios (homogenizaci\u00f3n de criterios de evaluaci\u00f3n).<\/li>\n<li style=\"text-align: justify;\">Proponer lineamientos de dise\u00f1o que contribuyan a la reducci\u00f3n de la vulnerabilidad edilicia.<\/li>\n<li style=\"text-align: justify;\">Analizar y calibrar las t\u00e9cnicas existentes para la rehabilitaci\u00f3n de estructuras y confecci\u00f3n de gu\u00edas que permitan la adopci\u00f3n de distintas t\u00e9cnicas adecuadas a la tecnolog\u00eda disponible en nuestro medio.<\/li>\n<li style=\"text-align: justify;\">Proveer informaci\u00f3n experimental para la formulaci\u00f3n de modelos computacionales que simulen el comportamiento de nuevos materiales, componentes estructurales y sistemas constructivos no tradicionales orientados al refuerzo s\u00edsmico.<\/li>\n<\/ol>\n<p style=\"text-align: justify;\">Para alcanzar estos objetivos se considera necesario aunar esfuerzos entre distintos centros de I&amp;D que vienen realizando trabajos de investigaci\u00f3n en esta \u00e1rea del conocimiento, de tal manera de compartir los recursos f\u00edsicos y humanos disponibles para alcanzar resultados concretos que puedan ser transferidos en forma inmediata a la comunidad cient\u00edfica y profesional. Para ello se propone crear una red conformada por el Instituto de Ingenier\u00eda Civil y Medio Ambiente de la Universidad Nacional de Salta, el Instituto de Estructuras \u201cArturo M. Guzm\u00e1n\u201d de la Universidad Nacional de Tucum\u00e1n y el Instituto de Investigaciones Antis\u00edsmicas \u201cAldo Bruschi\u201d de la Universidad Nacional de San Juan.<\/p>\n<p style=\"text-align: justify;\">El prop\u00f3sito para los dos a\u00f1os a que se limita el proyecto se circunscribe a la evaluaci\u00f3n y propuesta de rehabilitaci\u00f3n de estructuras de edificios de hospitales y escuelas que forman parte de la red vital de emergencia.<\/p>\n<p>&nbsp;<\/p>\n<p><strong>Abstract<\/strong><\/p>\n<p style=\"text-align: justify;\">Great economic and social damage, as well as many deaths, are annually caused by natural disasters like earthquakes, floods , hurricanes and volcanic eruptions all over the world. Natural disasters have particularly, caused 1800.000 human deaths and approximately u$s 54.000 million of damage in properties in Latin America and the Caribbean. The health system was unable to assist the victims due to the damage registered in hospitals A vast extension of our country has been subject to earthquakes. The most recent one took place in the Province of Catamarca on September 7, 2004 and made it evident the vulnerability level of buildings considered as vital for the emergency system like hospitals and schools.<\/p>\n<p lang=\"en-US\" style=\"text-align: justify;\" xml:lang=\"en-US\" align=\"left\">In this sense, it is necessary to establish the seismic risk in a region, that is, the probability of economic or human loss caused by an earthquake during a certain period of time. This parameter, in turn, depends on two factors: the seismic hazard as a natural factor and the seismic vulnerability reflecting human intervention.<\/p>\n<p lang=\"en-US\" style=\"text-align: justify;\" xml:lang=\"en-US\" align=\"left\">The hazard is related to the probability of occurrence of seismic movements in a certain region and reflects natural characteristics that cannot be changed. On the contrary, the vulnerability or strength capacity of structures exposed to these movements can be changed. In this way, in order to reduce the seismic risk it is necessary to know the seismic hazard through the assessment of the natural phenomenon, and to identify and reduce the vulnerability.<\/p>\n<p lang=\"en-US\" style=\"text-align: justify;\" xml:lang=\"en-US\" align=\"left\">Exposition and vulnerability to the mentioned hazard in our country, not only in small communities but also in big urban centers, shows the urgency of reducing the gap between the existing knowledge and what should be known about the seismic phenomenon and its physical, economic, social and environmental consequences. This becomes evident if human lives and economic investments necessary to recover goods and services after a catastrophe are considered.<\/p>\n<p lang=\"en-US\" style=\"text-align: justify;\" xml:lang=\"en-US\" align=\"left\">In general terms, vulnerability can be defined as the intrinsic predisposition of a building to suffer damage due to possible seismic actions. Therefore, its assessment substantially contributes to risk knowledge.<\/p>\n<p lang=\"en-US\" style=\"text-align: justify;\" xml:lang=\"en-US\" align=\"left\">Since many of the hospitals and schools were built long ago and others were neither designed nor constructed following seismic-resistant codes, there are doubts about the safety of those buildings in case of seismic events, mainly when they are needed in emergencies. In these cases, it is necessary to make a detailed review of the structures capacity to resist moderate and strong earthquakes, that is vulnerability assessment. From this assessment the vulnerability levels and the need of intervention are determined. The kind of intervention, that can be functional retrofitting up to structure strengthening, depends on the vulnerability level.<\/p>\n<p lang=\"en-US\" style=\"text-align: justify;\" xml:lang=\"en-US\" align=\"left\">To strengthen the existing constructions becomes necessary considering the high cost of building new sanitary areas and schools in seismic areas. Strengthening procedures should be based upon scientific knowledge and should be consistent with the present engineering requirements and design codes of each country in order to reduce risk and guarantee adequate structures behaviour.<\/p>\n<p lang=\"en-US\" style=\"text-align: justify;\" xml:lang=\"en-US\" align=\"left\">Accordingly, in some countries campaigns to strengthen existing buildings have been carried out in order to reduce their vulnerability prior to the seismic event. This reduction should be compulsory for vital buildings of the emergency network that were detected to be deficient in previous assessment.<\/p>\n<p lang=\"en-US\" style=\"text-align: justify;\" xml:lang=\"en-US\" align=\"left\">In our country there is no systematic program to reduce seismic risk in existing buildings of the emergency network and the contributions to research projects related to the performance of new materials, structural components and non-traditional constructive systems for seismic strengthening are limited. Moreover, there is no code for either the assessment of structures vulnerability or seismic retrofitting provisions.<\/p>\n<p lang=\"en-US\" style=\"text-align: justify;\" xml:lang=\"en-US\" align=\"left\">Objectives:<\/p>\n<ol>\n<li style=\"text-align: justify;\">To analyze existing methodologies for seismic vulnerability assessment in order to select the most appropriate ones for our country.<\/li>\n<li style=\"text-align: justify;\">To analyze visual inspection guides and inventory records for buildings constructed in seismic zones.<\/li>\n<li style=\"text-align: justify;\">To provide numerical information for models that simulate the behavior of structural elements necessary for the assessment methodology proposed.<\/li>\n<li style=\"text-align: justify;\">To select methodologies for the assessment of non-structural element and the post earthquake performance of public services basic elements (energy, water, gas, sewage) of buildings belonging to the emergency network.<\/li>\n<li style=\"text-align: justify;\">To create a national network of qualified professionals for the assessment of buildings seismic vulnerability.<\/li>\n<li style=\"text-align: justify;\">To propose design guides that contribute to the reduction of buildings vulnerability.<\/li>\n<li style=\"text-align: justify;\">To analyze and calibrate existing techniques for structures rehabilitation and to propose guides to select the most appropriate techniques available in our country.<\/li>\n<li style=\"text-align: justify;\">To provide experimental data for the development of numerical models to simulate the behaviour of new materials, structural elements and non-traditional constructive systems for seismic strengthening.<\/li>\n<\/ol>\n<p lang=\"en-US\" style=\"text-align: justify;\" xml:lang=\"en-US\" align=\"left\">In order to achieve these objectives, the different research centers should work together to share the physical and human resources available and thus get concrete results that can be transferred to the scientific and professional fields.<\/p>\n<p lang=\"en-US\" style=\"text-align: justify;\" xml:lang=\"en-US\" align=\"left\">For this purpose, a research team formed by the Civil Engineering and Environment Institute of the National University of Salta, the Structures Institute of the National University of Tucum\u00e1n together with the Earthquake Research Institute of the National University of San Juan is proposed.<\/p>\n<p lang=\"en-US\" style=\"text-align: justify;\" xml:lang=\"en-US\" align=\"left\">The purpose of the two-year program is limited to the proposal of assessment and retrofitting of hospitals and schools. The equipment requested for the different research centers will improve the research programs carried out and will provide experimental results necessary to calibrate numerical models for materials behaviour, structural elements and energy dissipation devices used for the seismic strengthening of structures.<\/p>\n","protected":false},"excerpt":{"rendered":"<p>VULNERABILIDAD S\u00cdSMICA DE EDIFICIOS VITALES DE LA RED DE EMERGENCIAS (PME-2006-01344) SEISMIC VULNERABILITY OF BUILDINGS BELONGING TO THE EMERGENCY NETWORK Director: Dr. Ing. Luccioni, Bibiana Mar\u00eda &nbsp; Resumen Los desastres naturales, como terremotos, inundaciones, huracanes y erupciones volc\u00e1nicas, causan anualmente una gran cantidad de muertes, da\u00f1os y p\u00e9rdidas de infraestructura econ\u00f3mica y social en diversos [&hellip;]<\/p>\n","protected":false},"author":20,"featured_media":0,"parent":151,"menu_order":7,"comment_status":"closed","ping_status":"closed","template":"","meta":[],"_links":{"self":[{"href":"https:\/\/www.facet.unt.edu.ar\/iest\/wp-json\/wp\/v2\/pages\/254"}],"collection":[{"href":"https:\/\/www.facet.unt.edu.ar\/iest\/wp-json\/wp\/v2\/pages"}],"about":[{"href":"https:\/\/www.facet.unt.edu.ar\/iest\/wp-json\/wp\/v2\/types\/page"}],"author":[{"embeddable":true,"href":"https:\/\/www.facet.unt.edu.ar\/iest\/wp-json\/wp\/v2\/users\/20"}],"replies":[{"embeddable":true,"href":"https:\/\/www.facet.unt.edu.ar\/iest\/wp-json\/wp\/v2\/comments?post=254"}],"version-history":[{"count":22,"href":"https:\/\/www.facet.unt.edu.ar\/iest\/wp-json\/wp\/v2\/pages\/254\/revisions"}],"predecessor-version":[{"id":2061,"href":"https:\/\/www.facet.unt.edu.ar\/iest\/wp-json\/wp\/v2\/pages\/254\/revisions\/2061"}],"up":[{"embeddable":true,"href":"https:\/\/www.facet.unt.edu.ar\/iest\/wp-json\/wp\/v2\/pages\/151"}],"wp:attachment":[{"href":"https:\/\/www.facet.unt.edu.ar\/iest\/wp-json\/wp\/v2\/media?parent=254"}],"curies":[{"name":"wp","href":"https:\/\/api.w.org\/{rel}","templated":true}]}}