{"id":258,"date":"2015-01-18T02:51:44","date_gmt":"2015-01-18T05:51:44","guid":{"rendered":"https:\/\/www.facet.unt.edu.ar\/iest\/?page_id=258"},"modified":"2018-03-09T01:00:30","modified_gmt":"2018-03-09T04:00:30","slug":"evaluacion-y-rehabilitacion-de-estructuras","status":"publish","type":"page","link":"https:\/\/www.facet.unt.edu.ar\/iest\/proyectos\/evaluacion-y-rehabilitacion-de-estructuras\/","title":{"rendered":"Evaluaci\u00f3n y Rehabilitaci\u00f3n de Estructuras"},"content":{"rendered":"<p><strong>EVALUACI\u00d3N Y REHABILITACI\u00d3N DE ESTRUCTURAS<\/strong><\/p>\n<p><em>ASSESSMENT AND RETROFITTING OF STRUCTURES<\/em><\/p>\n<p><strong>Director:<\/strong>\u00a0<a title=\"Benito Ra\u00fal D\u00e1maso\" href=\"https:\/\/www.facet.unt.edu.ar\/iest\/integrantes\/benito-raul-damaso\/\">Ing.\u00a0Benito, Ra\u00fal D\u00e1maso<\/a><\/p>\n<p>&nbsp;<\/p>\n<p><strong>Resumen:<\/strong><\/p>\n<table class=\" alignright\" style=\"width: 300px; border-color: #ffffff;\">\n<tbody>\n<tr>\n<td style=\"border-color: #ffffff; vertical-align: top;\"><img decoding=\"async\" loading=\"lazy\" class=\"alignnone size-medium wp-image-882\" src=\"https:\/\/www.facet.unt.edu.ar\/iest\/wp-content\/uploads\/sites\/22\/2015\/01\/benito-proyecto-1-01-300x186.jpg\" alt=\"benito-proyecto 1 01\" width=\"300\" height=\"186\" srcset=\"https:\/\/www.facet.unt.edu.ar\/iest\/wp-content\/uploads\/sites\/22\/2015\/01\/benito-proyecto-1-01-300x186.jpg 300w, https:\/\/www.facet.unt.edu.ar\/iest\/wp-content\/uploads\/sites\/22\/2015\/01\/benito-proyecto-1-01-436x272.jpg 436w, https:\/\/www.facet.unt.edu.ar\/iest\/wp-content\/uploads\/sites\/22\/2015\/01\/benito-proyecto-1-01.jpg 448w\" sizes=\"(max-width: 300px) 100vw, 300px\" \/><\/td>\n<\/tr>\n<tr>\n<td style=\"border-color: #ffffff;\"><img decoding=\"async\" loading=\"lazy\" class=\"alignnone wp-image-881\" src=\"https:\/\/www.facet.unt.edu.ar\/iest\/wp-content\/uploads\/sites\/22\/2015\/01\/benito-proyecto-1-02-225x300.jpg\" alt=\"benito-proyecto 1 02\" width=\"300\" height=\"400\" srcset=\"https:\/\/www.facet.unt.edu.ar\/iest\/wp-content\/uploads\/sites\/22\/2015\/01\/benito-proyecto-1-02-225x300.jpg 225w, https:\/\/www.facet.unt.edu.ar\/iest\/wp-content\/uploads\/sites\/22\/2015\/01\/benito-proyecto-1-02.jpg 250w\" sizes=\"(max-width: 300px) 100vw, 300px\" \/><\/td>\n<\/tr>\n<tr>\n<td style=\"border-color: #ffffff;\"><img decoding=\"async\" loading=\"lazy\" class=\"alignnone wp-image-880\" src=\"https:\/\/www.facet.unt.edu.ar\/iest\/wp-content\/uploads\/sites\/22\/2015\/01\/benito-proyecto-1-03-225x300.jpg\" alt=\"benito-proyecto 1 03\" width=\"300\" height=\"400\" srcset=\"https:\/\/www.facet.unt.edu.ar\/iest\/wp-content\/uploads\/sites\/22\/2015\/01\/benito-proyecto-1-03-225x300.jpg 225w, https:\/\/www.facet.unt.edu.ar\/iest\/wp-content\/uploads\/sites\/22\/2015\/01\/benito-proyecto-1-03.jpg 250w\" sizes=\"(max-width: 300px) 100vw, 300px\" \/><\/td>\n<\/tr>\n<tr>\n<td style=\"border-color: #ffffff;\"><img decoding=\"async\" loading=\"lazy\" class=\"alignnone size-medium wp-image-879\" src=\"https:\/\/www.facet.unt.edu.ar\/iest\/wp-content\/uploads\/sites\/22\/2015\/01\/benito-proyecto-1-04-300x191.jpg\" alt=\"benito-proyecto 1 04\" width=\"300\" height=\"191\" srcset=\"https:\/\/www.facet.unt.edu.ar\/iest\/wp-content\/uploads\/sites\/22\/2015\/01\/benito-proyecto-1-04-300x191.jpg 300w, https:\/\/www.facet.unt.edu.ar\/iest\/wp-content\/uploads\/sites\/22\/2015\/01\/benito-proyecto-1-04.jpg 448w\" sizes=\"(max-width: 300px) 100vw, 300px\" \/><\/td>\n<\/tr>\n<\/tbody>\n<\/table>\n<p style=\"text-align: justify;\">En las \u00faltimas d\u00e9cadas, ha tomado gran importancia dentro de las tareas desarrolladas por los ingenieros civiles el estudio de las estructuras afectadas por distintas causas relacionadas con el ataque producido por el medio ambiente, acciones del fuego, procesos de asentamientos derivados de fallas de sustentaci\u00f3n por suelos alterados o de baja capacidad y acci\u00f3n s\u00edsmica.<\/p>\n<p style=\"text-align: justify;\">Estos distintos procesos de degradaci\u00f3n, deben ser abordados por los profesionales especializados en el tema a trav\u00e9s de tareas de estudio, auscultaci\u00f3n, evaluaci\u00f3n, rehabilitaci\u00f3n y refuerzo de estructuras com\u00fanmente conocidas en el mundo como la disciplina de la Patolog\u00eda de las Construcciones. Esta informaci\u00f3n en gran medida es obtenida a partir de bibliograf\u00eda y antecedentes t\u00e9cnicos que no poseen una clasificaci\u00f3n adecuada ni existen bancos de datos sistematizados para obtener las herramientas necesarias para abordar la recuperaci\u00f3n de estas estructuras.<\/p>\n<p style=\"text-align: justify;\">Por otro lado, en los \u00faltimos a\u00f1os creci\u00f3 el inter\u00e9s por la evaluaci\u00f3n del peligro s\u00edsmico potencial de edificios construidos antes del advenimiento de los c\u00f3digos de dise\u00f1o sismorresistente. A pesar de que resulta inmediato evaluar una estructura existente considerando su resistencia de acuerdo a los requerimientos de los c\u00f3digos, las consecuencias de situaciones insatisfactorias, particularmente con respecto a detallamiento de armaduras y jerarqu\u00eda de resistencias, son dif\u00edciles de cuantificar.<\/p>\n<p style=\"text-align: justify;\">A su vez, y en funci\u00f3n de estudios urban\u00edsticos y econ\u00f3micos las ciudades han incorporado la idea del reciclado de construcciones que aparentemente estaban destinadas a finalizar su vida \u00fatil por estos estados de degradaci\u00f3n o por falta de adecuaci\u00f3n arquitect\u00f3nica, pero que se recuperan para el tejido urbano a partir de su readecuaci\u00f3n mediante la implementaci\u00f3n de t\u00e9cnicas basadas en estos estudios.<\/p>\n<p style=\"text-align: justify;\">Tambi\u00e9n merecen destacarse construcciones a recuperar de alto valor hist\u00f3rico o religioso que pueden ser rescatadas mediante esta disciplina.<\/p>\n<p style=\"text-align: justify;\">Su aplicaci\u00f3n es v\u00e1lida asimismo en aquellos casos en que las construcciones cambian de destino o son remodeladas para cumplir nuevas funciones, lo que hace evidente que la aplicaci\u00f3n de estas tecnolog\u00edas se convirtieran en los \u00faltimos a\u00f1os en desarrollos socialmente muy valorados.<\/p>\n<p style=\"text-align: justify;\">Los objetivos generales de este proyecto son: (i) estudiar distintas metodolog\u00edas para la evaluaci\u00f3n de estructuras da\u00f1adas por diferentes causas y (ii) proponer t\u00e9cnicas de rehabilitaci\u00f3n que garanticen un adecuado comportamiento estructural.<\/p>\n<p style=\"text-align: justify;\">Los objetivos espec\u00edficos que se plantean en este proyecto se pueden resumir en:<\/p>\n<ol style=\"text-align: justify;\">\n<li>Analizar las distintas metodolog\u00edas de evaluaci\u00f3n existentes y proponer la m\u00e1s adecuada para una futura normativa en el tema.<\/li>\n<li>Proponer recomendaciones generales para los proyectos de rehabilitaci\u00f3n y gu\u00edas para la adopci\u00f3n de distintas t\u00e9cnicas adecuadas a la tecnolog\u00eda disponible en nuestro medio.<\/li>\n<li>Formar recursos humanos especializados en las t\u00e9cnicas de evaluaci\u00f3n, refuerzo y rehabilitaci\u00f3n de estructuras.<\/li>\n<\/ol>\n<p style=\"text-align: justify;\">Se espera que los resultados que se obtengan sean \u00fatiles para los profesionales de la Ingenier\u00eda Civil interesados en la recuperaci\u00f3n de edificios p\u00fablicos y privados como as\u00ed tambi\u00e9n de las Municipalidades y \u00d3rganos de Gobierno vinculados con la preservaci\u00f3n del Patrimonio Hist\u00f3rico como ser la Direcci\u00f3n de Arquitectura de la Naci\u00f3n.<\/p>\n<p>&nbsp;<\/p>\n<p style=\"text-align: justify;\"><strong>Abstract:<\/strong><br \/>\nIn last few decades, the study of structures affected by different causes related with the attack taken place by the environment, fire action, settlement processes due alteration in soils and seismic action, has taken great importance inside the tasks developed by civil engineers.<\/p>\n<p style=\"text-align: justify;\">These degradation processes must be solved by specialists carry on studies, assessment, evaluation, retrofitting and reinforcing of structures. This knowledge is principally obtained through bibliography and technical background with a severe lack of data classification, or poorly systematized existing data bases that may provide adequate tools for structures rehabilitation.<\/p>\n<p style=\"text-align: justify;\">Also, in last few years interest grew in the evaluation of potential seismic risk of buildings constructed before seismic resistant codes. Although the resistance evaluation of existing structures by code requirement is immediate, the consequences of unsatisfactory situations, particularly because of reinforcing detailing and resistance hierarchy, are difficult to quantify.<br \/>\nIn turn, because of urbanites and economical studies, cities have incorporated the idea of recycling constructions that seemingly were dedicated to conclude their useful life because of degradation processes or for lack of architectural adaptation, and so they are recovered to urban tissue by means of their updating using techniques based on these studies.<\/p>\n<p style=\"text-align: justify;\">They also deserve to stand out constructions to recover of high historical or religious value that can be rescued by means of this discipline.<\/p>\n<p style=\"text-align: justify;\">Their application is valid also in those cases that constructions change destination or are remodeled to complete new functions, that makes evident that the application of these technologies became highly valued in last years social developments.<\/p>\n<p style=\"text-align: justify;\">The general objectives of this project are: (i) to study different methodologies for the evaluation of structures damaged by different causes and (ii) to propose technical rehabilitation that guarantee an appropriate structural behavior.<\/p>\n<p style=\"text-align: justify;\">The specific objectives in this project can be summarized in:<\/p>\n<ol style=\"text-align: justify;\">\n<li>Analyze the different existent evaluation methodologies and to propose the most appropriate for a future normative in the topic.<\/li>\n<li>Propose general recommendations for the rehabilitation projects and guides for the adoption of different appropriate techniques to the available technology in our media.<\/li>\n<li>Develop human resources specialized in evaluation techniques, reinforcement and rehabilitation of structures.<\/li>\n<\/ol>\n<p style=\"text-align: justify;\">It is expected that the results obtained may be useful for the professionals of the Civil Engineering interested in the recovery of public and private buildings as likewise of the Municipalities and Organs of Government linked with the preservation of the Historical Patrimony as the National Architecture Administration.<\/p>\n","protected":false},"excerpt":{"rendered":"<p>EVALUACI\u00d3N Y REHABILITACI\u00d3N DE ESTRUCTURAS ASSESSMENT AND RETROFITTING OF STRUCTURES Director:\u00a0Ing.\u00a0Benito, Ra\u00fal D\u00e1maso &nbsp; Resumen: En las \u00faltimas d\u00e9cadas, ha tomado gran importancia dentro de las tareas desarrolladas por los ingenieros civiles el estudio de las estructuras afectadas por distintas causas relacionadas con el ataque producido por el medio ambiente, acciones del fuego, procesos de [&hellip;]<\/p>\n","protected":false},"author":20,"featured_media":0,"parent":151,"menu_order":9,"comment_status":"closed","ping_status":"closed","template":"","meta":[],"_links":{"self":[{"href":"https:\/\/www.facet.unt.edu.ar\/iest\/wp-json\/wp\/v2\/pages\/258"}],"collection":[{"href":"https:\/\/www.facet.unt.edu.ar\/iest\/wp-json\/wp\/v2\/pages"}],"about":[{"href":"https:\/\/www.facet.unt.edu.ar\/iest\/wp-json\/wp\/v2\/types\/page"}],"author":[{"embeddable":true,"href":"https:\/\/www.facet.unt.edu.ar\/iest\/wp-json\/wp\/v2\/users\/20"}],"replies":[{"embeddable":true,"href":"https:\/\/www.facet.unt.edu.ar\/iest\/wp-json\/wp\/v2\/comments?post=258"}],"version-history":[{"count":8,"href":"https:\/\/www.facet.unt.edu.ar\/iest\/wp-json\/wp\/v2\/pages\/258\/revisions"}],"predecessor-version":[{"id":2059,"href":"https:\/\/www.facet.unt.edu.ar\/iest\/wp-json\/wp\/v2\/pages\/258\/revisions\/2059"}],"up":[{"embeddable":true,"href":"https:\/\/www.facet.unt.edu.ar\/iest\/wp-json\/wp\/v2\/pages\/151"}],"wp:attachment":[{"href":"https:\/\/www.facet.unt.edu.ar\/iest\/wp-json\/wp\/v2\/media?parent=258"}],"curies":[{"name":"wp","href":"https:\/\/api.w.org\/{rel}","templated":true}]}}