{"id":266,"date":"2015-01-18T03:03:42","date_gmt":"2015-01-18T06:03:42","guid":{"rendered":"https:\/\/www.facet.unt.edu.ar\/iest\/?page_id=266"},"modified":"2022-03-06T12:07:13","modified_gmt":"2022-03-06T15:07:13","slug":"egresados-y-tesis-de-maestria-en-ingenieria-estructural","status":"publish","type":"page","link":"https:\/\/www.facet.unt.edu.ar\/iest\/docencia\/egresados-y-tesis-de-maestria-en-ingenieria-estructural\/","title":{"rendered":"Egresados y Tesis de Maestr\u00eda en Ingenier\u00eda Estructural"},"content":{"rendered":"<p><strong>MAGISTER I (1986-1988)<\/strong><span style=\"line-height: 1.5;\">\u00a0<\/span><\/p>\n<table style=\"height: 399px;\" width=\"1001\">\n<tbody>\n<tr>\n<td width=\"20\"><\/td>\n<td width=\"200\"><strong>Alumnos<\/strong><\/td>\n<td><strong>T\u00edtulo Tesis<\/strong><\/td>\n<\/tr>\n<tr>\n<td width=\"20\">1<\/td>\n<td width=\"200\">Ricardo Daniel Ambrosini<\/td>\n<td><em>An\u00e1lisis Din\u00e1mico de Estructuras de Pared Delgada y Secci\u00f3n Abierta en el Dominio de la Frecuencia<\/em><\/td>\n<\/tr>\n<tr>\n<td width=\"20\">2<\/td>\n<td width=\"200\">Jos\u00e9 Rodolfo Barlek<\/td>\n<td><em>Comportamiento hasta Rotura de Elementos Flexados de Hormig\u00f3n Parcialmente Pretensado<\/em><\/td>\n<\/tr>\n<tr>\n<td width=\"20\">3<\/td>\n<td width=\"200\">Graciela Nora Doz<\/td>\n<td><em>Influencia del Confinamiento en la Respuesta Est\u00e1tica de Vigas de Hormig\u00f3n Pretensado sin Adherencia<\/em><\/td>\n<\/tr>\n<tr>\n<td width=\"20\">4<\/td>\n<td width=\"200\">Jos\u00e9 Guillermo Etse<\/td>\n<td><em>Nudos Exteriores de P\u00f3rticos de Hormig\u00f3n Armado Sometidos a Carga C\u00edclica<\/em><\/td>\n<\/tr>\n<tr>\n<td width=\"20\">5<\/td>\n<td width=\"200\">Bibiana Mar\u00eda Luccioni<\/td>\n<td><em>Torsi\u00f3n Mixta en Vigas de Hormig\u00f3n Pretensado<\/em><\/td>\n<\/tr>\n<tr>\n<td width=\"20\">6<\/td>\n<td width=\"200\">Jos\u00e9 Eduardo Martel<\/td>\n<td><em>An\u00e1lisis Te\u00f3rico-Experimental de la Torsi\u00f3n, Corte y Distorsi\u00f3n en Secciones Caj\u00f3n de Hormig\u00f3n Armado <\/em><\/td>\n<\/tr>\n<tr>\n<td width=\"20\">7<\/td>\n<td width=\"200\">An\u00edbal Edmundo Mirasso<\/td>\n<td><em>Inestabilidad de Estructuras bajo Cargas que dependen de Desplazamientos <\/em><\/td>\n<\/tr>\n<tr>\n<td width=\"20\">8<\/td>\n<td width=\"200\">L\u00eda Elizabet Orozco Segura<\/td>\n<td><em>Respuesta no Lineal de Estructuras Aporticadas de Hormig\u00f3n Armado Bajo Acci\u00f3n S\u00edsmica <\/em><\/td>\n<\/tr>\n<tr>\n<td width=\"20\">9<\/td>\n<td width=\"200\">Silvia Raquel Raichman<\/td>\n<td><em>Inestabilidad de Placas Plegadas Prism\u00e1ticas por el M\u00e9todo de Bandas Finitas <\/em><\/td>\n<\/tr>\n<\/tbody>\n<\/table>\n<p>&nbsp;<\/p>\n<p><strong>MAGISTER II (1988-1990)<\/strong><span style=\"line-height: 1.5;\">\u00a0<\/span><\/p>\n<table style=\"height: 239px;\" width=\"1000\">\n<tbody>\n<tr>\n<td width=\"20\"><\/td>\n<td width=\"200\"><strong>Alumnos<\/strong><\/td>\n<td><strong>T\u00edtulo Tesis<\/strong><\/td>\n<\/tr>\n<tr>\n<td width=\"20\">10<\/td>\n<td width=\"200\">Ricardo Bassotti<\/td>\n<td><em> Control De Vibraciones Torsionales En Estructuras Sismorresistentes <\/em><\/td>\n<\/tr>\n<tr>\n<td width=\"20\">11<\/td>\n<td width=\"200\">Sergio Eduardo Guti\u00e9rrez<\/td>\n<td><em>An\u00e1lisis Tiempo dependiente de Deformaci\u00f3n y Tensi\u00f3n en Secciones Parcialmente Pretensadas<\/em><\/td>\n<\/tr>\n<tr>\n<td width=\"20\">12<\/td>\n<td width=\"200\">Juan Jos\u00e9 Casellas<\/td>\n<td><a href=\"https:\/\/drive.google.com\/file\/d\/1PykilIL5J5g_EcW0UevPslAMeVmYUifb\/view?usp=sharing\" target=\"_blank\" rel=\"noopener noreferrer\"><em>Comportamiento Inel\u00e1stico de Uniones Exteriores de Hormig\u00f3n Armado Sismorresistente<\/em><\/a><\/td>\n<\/tr>\n<tr>\n<td width=\"20\">13<\/td>\n<td width=\"200\">Carlos Alberto Rodr\u00edguez<\/td>\n<td><em>Zonificaci\u00f3n del Peligro S\u00edsmico en la Provincia de Tucum\u00e1n<\/em><\/td>\n<\/tr>\n<tr>\n<td width=\"20\">14<\/td>\n<td width=\"200\">Sergio Garc\u00eda<\/td>\n<td><em>Conexiones de Elementos Prefabricados de Hormig\u00f3n Armado<\/em><\/td>\n<\/tr>\n<\/tbody>\n<\/table>\n<p>&nbsp;<\/p>\n<p><strong>MAGISTER III (1991-1993)<\/strong><span style=\"line-height: 1.5;\">\u00a0<\/span><\/p>\n<table style=\"height: 237px;\" width=\"1001\">\n<tbody>\n<tr>\n<td width=\"20\"><\/td>\n<td width=\"200\"><strong>Alumnos<\/strong><\/td>\n<td><strong>T\u00edtulo Tesis<\/strong><\/td>\n<\/tr>\n<tr>\n<td width=\"20\">15<\/td>\n<td width=\"200\">Silvia Beatriz Pavoni<\/td>\n<td><em>P\u00f3rticos de Hormig\u00f3n Armado de Ductilidad Limitada<\/em><\/td>\n<\/tr>\n<tr>\n<td width=\"20\">16<\/td>\n<td width=\"200\">Gustavo Ariel Perez<\/td>\n<td><em>Estudio Te\u00f3rico-Experimental de Anchos de fisuras en Vigas Pretensazas bajo la aplicaci\u00f3n de Cargas Instant\u00e1neas y Repetitivas<\/em><\/td>\n<\/tr>\n<tr>\n<td width=\"20\">17<\/td>\n<td width=\"200\">Juan Carlos Ramallo<\/td>\n<td><em>El efecto del tama\u00f1o en Estructuras de Hormig\u00f3n<\/em><\/td>\n<\/tr>\n<tr>\n<td width=\"20\">18<\/td>\n<td width=\"200\">Francisco Ram\u00f3n Segura<\/td>\n<td><em>Microzonificaci\u00f3n S\u00edsmica de la Ciudad de San Miguel de Tucum\u00e1n<\/em><\/td>\n<\/tr>\n<tr>\n<td width=\"20\">19<\/td>\n<td width=\"200\">Domingo Sfer<\/td>\n<td><em>Distribuci\u00f3n Transversal de Cargas en Tableros de Vigas en Puentes Carreteros<\/em><\/td>\n<\/tr>\n<\/tbody>\n<\/table>\n<p>&nbsp;<\/p>\n<p><strong>MAGISTER IV (1993-1995)<\/strong><span style=\"line-height: 1.5;\">\u00a0<\/span><\/p>\n<table style=\"height: 118px;\" width=\"999\">\n<tbody>\n<tr>\n<td width=\"20\"><\/td>\n<td width=\"258\"><strong>Alumnos<\/strong><\/td>\n<td width=\"668\"><strong>T\u00edtulo Tesis<\/strong><\/td>\n<\/tr>\n<tr>\n<td width=\"20\">20<\/td>\n<td width=\"258\">Alejandro N\u00e9stor Armando Carosio<\/td>\n<td width=\"668\"><em>Estudio Te\u00f3rico Computacional del Comportamiento Tiempo Dependiente del Hormig\u00f3n<\/em><\/td>\n<\/tr>\n<tr>\n<td width=\"20\">21<\/td>\n<td width=\"258\">Pablo Enrique Mart\u00edn<\/td>\n<td width=\"668\"><em>Estudio Te\u00f3rico del Comportamiento de la Mamposter\u00eda<\/em><\/td>\n<\/tr>\n<\/tbody>\n<\/table>\n<p>&nbsp;<\/p>\n<p><strong>MAGISTER V (1995-1997)<\/strong><span style=\"line-height: 1.5;\">\u00a0<\/span><\/p>\n<table style=\"height: 201px; width: 63.2105%;\" width=\"998\">\n<tbody>\n<tr>\n<td style=\"width: 2.2977%;\" width=\"20\"><\/td>\n<td style=\"width: 20.2797%;\" width=\"200\"><strong>Alumnos<\/strong><\/td>\n<td style=\"width: 76.9231%;\"><strong>T\u00edtulo Tesis<\/strong><\/td>\n<\/tr>\n<tr>\n<td style=\"width: 2.2977%;\" width=\"20\">22<\/td>\n<td style=\"width: 20.2797%;\" width=\"200\">Oscar Dip<\/td>\n<td style=\"width: 76.9231%;\"><a href=\"https:\/\/www.facet.unt.edu.ar\/iest\/wp-content\/uploads\/sites\/22\/2019\/10\/TesisMagisterOscarDip.pdf\" target=\"_blank\" rel=\"noopener noreferrer\"><em>An\u00e1lisis S\u00edsmico de Puentes de Hormig\u00f3n Basado en Desplazamientos<\/em><\/a><\/td>\n<\/tr>\n<tr>\n<td style=\"width: 2.2977%;\" width=\"20\">23<\/td>\n<td style=\"width: 20.2797%;\" width=\"200\">Silvia Beatriz Palazzi<\/td>\n<td style=\"width: 76.9231%;\"><a href=\"https:\/\/www.facet.unt.edu.ar\/iest\/wp-content\/uploads\/sites\/22\/2019\/10\/Tesis_Silvia_Palazzi.pdf\" target=\"_blank\" rel=\"noopener noreferrer\"><em>Mezclas Optimas para la Prefabricaci\u00f3n Industrial de Elementos Estructurales de Hormig\u00f3n<\/em><\/a><\/td>\n<\/tr>\n<tr>\n<td style=\"width: 2.2977%;\" width=\"20\">24<\/td>\n<td style=\"width: 20.2797%;\" width=\"200\">Marta Graciela Amani<\/td>\n<td style=\"width: 76.9231%;\"><a href=\"https:\/\/www.facet.unt.edu.ar\/iest\/wp-content\/uploads\/sites\/22\/2019\/10\/tesis-Marta.pdf\" target=\"_blank\" rel=\"noopener noreferrer\"><em>Dise\u00f1o S\u00edsmico de P\u00f3rticos basado en los Desplazamientos<\/em><\/a><\/td>\n<\/tr>\n<tr>\n<td style=\"width: 2.2977%;\" width=\"20\">25<\/td>\n<td style=\"width: 20.2797%;\" width=\"200\">Mar\u00eda Marcela Nieto<\/td>\n<td style=\"width: 76.9231%;\"><a href=\"https:\/\/www.facet.unt.edu.ar\/iest\/wp-content\/uploads\/sites\/22\/2019\/10\/nieto.pdf\" target=\"_blank\" rel=\"noopener noreferrer\"><em>Teor\u00eda Elastopl\u00e1stica Micropolar de Cosserat para Materiales Cohesivos <\/em><\/a><\/td>\n<\/tr>\n<\/tbody>\n<\/table>\n<p>&nbsp;<\/p>\n<p><strong>MAGISTER VI (1997-1999)<\/strong><span style=\"line-height: 1.5;\">\u00a0<\/span><\/p>\n<table style=\"height: 400px;\" width=\"996\">\n<tbody>\n<tr>\n<td width=\"20\"><\/td>\n<td width=\"200\"><strong>Alumnos<\/strong><\/td>\n<td><strong>T\u00edtulo Tesis<\/strong><\/td>\n<\/tr>\n<tr>\n<td width=\"20\">26<\/td>\n<td width=\"200\">Abel Carlos Jacinto<\/td>\n<td><a href=\"https:\/\/www.facet.unt.edu.ar\/iest\/wp-content\/uploads\/sites\/22\/2019\/10\/Tesis_Jacinto.pdf\" target=\"_blank\" rel=\"noopener noreferrer\"><em>Acci\u00f3n de Cargas Impulsivas sobre Estructuras y Suelos<\/em><\/a><\/td>\n<\/tr>\n<tr>\n<td width=\"20\">27<\/td>\n<td width=\"200\">Ra\u00fal Oscar Curadelli<\/td>\n<td><em>Estudio Te\u00f3rico-Experimental de la Eficiencia de Sistemas de Control de Vibraciones en M\u00e1quinas <\/em><\/td>\n<\/tr>\n<tr>\n<td width=\"20\">28<\/td>\n<td width=\"200\">Ricardo Horacio Lorefice<\/td>\n<td><em>Sobre An\u00e1lisis Computacionales de Procesos de Falla 3D de Estructuras de Hormig\u00f3n <\/em><\/td>\n<\/tr>\n<tr>\n<td width=\"20\">29<\/td>\n<td width=\"200\">Mariela Cordero<\/td>\n<td><a href=\"https:\/\/www.facet.unt.edu.ar\/iest\/wp-content\/uploads\/sites\/22\/2020\/11\/Tesis-Magister-M_Cordero.pdf\" target=\"_blank\" rel=\"noopener noreferrer\"><em>Estudio Te\u00f3rico-Experimental de la Corrosi\u00f3n en Aceros de Elementos Pretensados de Hormig\u00f3n<\/em><\/a><\/td>\n<\/tr>\n<tr>\n<td width=\"20\">30<\/td>\n<td width=\"200\">Mar\u00eda In\u00e9s Montanaro<\/td>\n<td><a href=\"https:\/\/www.facet.unt.edu.ar\/iest\/wp-content\/uploads\/sites\/22\/2020\/11\/tesisMontanaro.pdf\" target=\"_blank\" rel=\"noopener noreferrer\"><em>Eficiencia de Amortiguadores de Masa para Acciones de Viento y Sismo <\/em><\/a><\/td>\n<\/tr>\n<tr>\n<td width=\"20\">31<\/td>\n<td width=\"200\">Mariela Luege<\/td>\n<td><em>Simulaci\u00f3n del Comportamiento de Materiales bajo Cargas Explosivas <\/em><\/td>\n<\/tr>\n<tr>\n<td width=\"20\">32<\/td>\n<td width=\"200\">Sergio Fernando Mohamed<\/td>\n<td><em>An\u00e1lisis del Efecto Tiempo-Dependiente en la Deformaci\u00f3n de Estructuras de Hormig\u00f3n <\/em><\/td>\n<\/tr>\n<tr>\n<td width=\"20\">33<\/td>\n<td width=\"200\">Marcia Beatriz Rizo Patr\u00f3n<\/td>\n<td><em>Modelaci\u00f3n Termo-Qu\u00edmica-Elastopl\u00e1stica para Hormig\u00f3n en Edades Tempranas <\/em><\/td>\n<\/tr>\n<tr>\n<td width=\"20\">34<\/td>\n<td width=\"200\">Domingo Luis Am\u00edn<\/td>\n<td><a href=\"https:\/\/www.facet.unt.edu.ar\/iest\/wp-content\/uploads\/sites\/22\/2019\/10\/Estimaci%C3%B3n-de-la-Resistencia-del-Hormig%C3%B3n-Mediante-END.pdf\" target=\"_blank\" rel=\"noopener noreferrer\"><em>Estimaci\u00f3n de la Resistencia del Hormig\u00f3n mediante Ensayos no Destructivos <\/em><\/a><\/td>\n<\/tr>\n<\/tbody>\n<\/table>\n<p>&nbsp;<\/p>\n<p><strong>MAGISTER VII (1999-2001)<\/strong><span style=\"line-height: 1.5;\">\u00a0<\/span><\/p>\n<table style=\"height: 240px;\" width=\"998\">\n<tbody>\n<tr>\n<td width=\"20\"><\/td>\n<td width=\"200\"><strong>Alumnos<\/strong><\/td>\n<td><strong>T\u00edtulo Tesis<\/strong><\/td>\n<\/tr>\n<tr>\n<td width=\"20\">35<\/td>\n<td width=\"200\">Daniel Enrique Mafud<\/td>\n<td><a href=\"https:\/\/www.facet.unt.edu.ar\/iest\/wp-content\/uploads\/sites\/22\/2019\/10\/Tesis-de-Magister.pdf\" target=\"_blank\" rel=\"noopener noreferrer\"><em>Capacidad Portante de Micropilotes en Suelo cementado<\/em><\/a><\/td>\n<\/tr>\n<tr>\n<td width=\"20\">36<\/td>\n<td width=\"200\">Daniel Ernesto L\u00f3pez<\/td>\n<td><em>Modelo para Hormig\u00f3n Armado con deslizamiento de Armaduras<\/em><\/td>\n<\/tr>\n<tr>\n<td width=\"20\">37<\/td>\n<td width=\"200\">Mar\u00eda In\u00e9s Figueroa<\/td>\n<td><em>Hormigones Expuestos a Altas Temperaturas <\/em><\/td>\n<\/tr>\n<tr>\n<td width=\"20\">38<\/td>\n<td width=\"200\">Gustavo Luis Palazzo<\/td>\n<td><a href=\"https:\/\/www.facet.unt.edu.ar\/iest\/wp-content\/uploads\/sites\/22\/2019\/10\/Palazzo.pdf\" target=\"_blank\" rel=\"noopener noreferrer\"><em>Identificaci\u00f3n del Da\u00f1o Estructural a trav\u00e9s del cambio en las Propiedades Din\u00e1micas<\/em><\/a><\/td>\n<\/tr>\n<tr>\n<td width=\"20\">39<\/td>\n<td width=\"200\">Hugo Daniel Arraya<\/td>\n<td><em>Estudio de agregados para hormigones resistentes a la reacci\u00f3n \u00e1lcali-s\u00edlice<\/em><\/td>\n<\/tr>\n<\/tbody>\n<\/table>\n<p>&nbsp;<\/p>\n<p><strong>MAGISTER VIII (2001-2003)<\/strong><span style=\"line-height: 1.5;\">\u00a0<\/span><\/p>\n<table style=\"height: 240px; width: 996px;\">\n<tbody>\n<tr>\n<td style=\"width: 20px;\"><\/td>\n<td style=\"width: 200px;\"><strong>Alumnos<\/strong><\/td>\n<td style=\"width: 756px;\"><strong>T\u00edtulo Tesis<\/strong><\/td>\n<\/tr>\n<tr>\n<td style=\"width: 20px;\">40<\/td>\n<td style=\"width: 200px;\">Mauricio Sebasti\u00e1n Schmitz<\/td>\n<td style=\"width: 756px;\"><a href=\"https:\/\/www.facet.unt.edu.ar\/iest\/wp-content\/uploads\/sites\/22\/2019\/10\/ProyTes2-1.pdf\" target=\"_blank\" rel=\"noopener noreferrer\"><em>Optimizaci\u00f3n de Refuerzos Met\u00e1licos para Vigas de Hormig\u00f3n Armado<\/em><\/a><\/td>\n<\/tr>\n<tr>\n<td style=\"width: 20px;\">41<\/td>\n<td style=\"width: 200px;\">Javier Ignacio Ezeberry<\/td>\n<td style=\"width: 756px;\"><em>Determinaci\u00f3n Din\u00e1mica de la Integridad de Pilotes<\/em><\/td>\n<\/tr>\n<tr>\n<td style=\"width: 20px;\">42<\/td>\n<td style=\"width: 200px;\">Ahmad Eduardo Guennam<\/td>\n<td style=\"width: 756px;\"><em><a href=\"https:\/\/www.facet.unt.edu.ar\/iest\/wp-content\/uploads\/sites\/22\/2015\/12\/Ahmad_Eduardo_Guennam_Magister2005.pdf\" target=\"_blank\" rel=\"noopener noreferrer\">Modelo para Compuestos Piezoel\u00e9ctricos Utilizados en Control Activo<\/a><\/em><\/td>\n<\/tr>\n<tr>\n<td style=\"width: 20px;\">43<\/td>\n<td style=\"width: 200px;\">Viviana Carolina Rougier<\/td>\n<td style=\"width: 756px;\"><em><a href=\"https:\/\/www.facet.unt.edu.ar\/iest\/wp-content\/uploads\/sites\/22\/2016\/05\/Tesis-Magister-V.-Rougier.pdf\" target=\"_blank\" rel=\"noopener noreferrer\">Confinamiento de Columnas de Hormig\u00f3n con Materiales Compuestos<\/a><\/em><\/td>\n<\/tr>\n<tr>\n<td style=\"width: 20px;\">44<\/td>\n<td style=\"width: 200px;\">Hern\u00e1n Guillermo Kunert<\/td>\n<td style=\"width: 756px;\"><a href=\"https:\/\/www.facet.unt.edu.ar\/iest\/wp-content\/uploads\/sites\/22\/2019\/10\/Tesis-Magister-H-Kunert-8-8-7.pdf\" target=\"_blank\" rel=\"noopener noreferrer\"><em>Determinaci\u00f3n del Da\u00f1o en Puentes a trav\u00e9s del cambio en las Propiedades Din\u00e1micas<\/em><\/a><\/td>\n<\/tr>\n<\/tbody>\n<\/table>\n<p>&nbsp;<\/p>\n<p><strong>MAGISTER IX (2003-2005)<\/strong><span style=\"line-height: 1.5;\">\u00a0<\/span><\/p>\n<table style=\"height: 81px;\" width=\"998\">\n<tbody>\n<tr>\n<td width=\"20\"><\/td>\n<td width=\"200\"><strong>Alumnos<\/strong><\/td>\n<td><strong>T\u00edtulo Tesis<\/strong><\/td>\n<\/tr>\n<tr>\n<td width=\"20\">45<\/td>\n<td width=\"200\">Mario Toledo<\/td>\n<td><em>Modelo Para Compuestos Laminados Con Fibras<\/em><\/td>\n<\/tr>\n<\/tbody>\n<\/table>\n<p>&nbsp;<\/p>\n<p><strong>MAGISTER X (2005-2007)<\/strong><span style=\"line-height: 1.5;\">\u00a0<\/span><\/p>\n<table style=\"height: 118px;\" width=\"995\">\n<tbody>\n<tr>\n<td width=\"20\"><\/td>\n<td width=\"200\"><strong>Alumnos<\/strong><\/td>\n<td><strong>T\u00edtulo Tesis<\/strong><\/td>\n<\/tr>\n<tr>\n<td width=\"20\">46<\/td>\n<td width=\"200\">Facundo Bellomo<\/td>\n<td><em>Estudio de Estructuras de Materiales Compuestos de Matriz Elastom\u00e9rica Reforzada, Sometidos a Grandes Deformaciones<\/em><\/td>\n<\/tr>\n<tr>\n<td width=\"20\">47<\/td>\n<td width=\"200\">Jos\u00e9 An\u00edbal Saracho<\/td>\n<td><a href=\"https:\/\/www.facet.unt.edu.ar\/iest\/wp-content\/uploads\/sites\/22\/2021\/03\/Tesis-Saracho.pdf\" target=\"_blank\" rel=\"noopener noreferrer\"><em>Evaluaci\u00f3n de Puentes<\/em><\/a><\/td>\n<\/tr>\n<\/tbody>\n<\/table>\n<p>&nbsp;<\/p>\n<p><strong>MAGISTER XI (2007-2009)<\/strong><span style=\"line-height: 1.5;\">\u00a0<\/span><\/p>\n<table style=\"height: 120px;\" width=\"997\">\n<tbody>\n<tr>\n<td width=\"20\"><\/td>\n<td width=\"200\"><strong>Alumnos<\/strong><\/td>\n<td><strong>T\u00edtulo Tesis<\/strong><\/td>\n<\/tr>\n<tr>\n<td width=\"20\">48<\/td>\n<td width=\"200\">Ferm\u00edn Otero<\/td>\n<td><em>Da\u00f1o en Compuestos laminados<\/em><\/td>\n<\/tr>\n<tr>\n<td width=\"20\">49<\/td>\n<td width=\"200\">Jos\u00e9 Luis Guti\u00e9rrez<\/td>\n<td><a href=\"https:\/\/www.facet.unt.edu.ar\/iest\/wp-content\/uploads\/sites\/22\/2019\/10\/Nudos-Ing.-Guti%C3%A9rrez.pdf\" target=\"_blank\" rel=\"noopener noreferrer\"><em>Evaluaci\u00f3n de p\u00f3rticos de hormig\u00f3n con deficiencia de armado en nudos<\/em><\/a><\/td>\n<\/tr>\n<\/tbody>\n<\/table>\n<p>&nbsp;<\/p>\n<p><strong>MAGISTER XII (2009-2011)<\/strong><span style=\"line-height: 1.5;\">\u00a0<\/span><\/p>\n<p>&nbsp;<\/p>\n<table style=\"height: 132px; width: 85.8924%;\" width=\"999\">\n<tbody>\n<tr style=\"height: 33px;\">\n<td style=\"height: 33px;\" width=\"20\"><\/td>\n<td style=\"height: 33px;\" width=\"200\"><strong>Alumnos<\/strong><\/td>\n<td style=\"height: 33px;\"><strong>T\u00edtulo Tesis<\/strong><\/td>\n<\/tr>\n<tr style=\"height: 33px;\">\n<td style=\"height: 33px;\" width=\"20\">50<\/td>\n<td style=\"height: 33px;\" width=\"200\">Daniela Micaela Scotta<\/td>\n<td style=\"height: 33px;\"><a href=\"https:\/\/www.facet.unt.edu.ar\/iest\/wp-content\/uploads\/sites\/22\/2019\/10\/Tesis-v8r5.pdf\" target=\"_blank\" rel=\"noopener noreferrer\"><em>Capacidad Residual de Elementos de Hormig\u00f3n Armado sometidos a Cargas C\u00edclicas Reversibles<\/em><\/a><\/td>\n<\/tr>\n<tr style=\"height: 33px;\">\n<td style=\"height: 33px;\" width=\"20\">51<\/td>\n<td style=\"height: 33px;\" width=\"200\">Jos\u00e9 Mendez<\/td>\n<td style=\"height: 33px;\"><a href=\"https:\/\/www.facet.unt.edu.ar\/iest\/wp-content\/uploads\/sites\/22\/2020\/09\/Tesis_Mendez.pdf\" target=\"_blank\" rel=\"noopener noreferrer\"><em>Evaluaci\u00f3n de la vulnerabilidad s\u00edsmica de puentes existentes de Hormig\u00f3n Armado<\/em><\/a><\/td>\n<\/tr>\n<tr style=\"height: 33px;\">\n<td style=\"height: 33px;\" width=\"20\">52<\/td>\n<td style=\"height: 33px;\" width=\"200\">H\u00e9ctor Ignacio Astorga<\/td>\n<td style=\"height: 33px;\"><a href=\"https:\/\/www.facet.unt.edu.ar\/iest\/wp-content\/uploads\/sites\/22\/2021\/03\/20210325-TESIS-ASTORGA.pdf\" target=\"_blank\" rel=\"noopener noreferrer\"><em> Respuesta 2-d de suelos de la ciudad de Salta ante acci\u00f3n s\u00edsmica<\/em><\/a><\/td>\n<\/tr>\n<\/tbody>\n<\/table>\n<p>&nbsp;<\/p>\n<p><strong>MAGISTER XIII\u00a0(2011-2013)<\/strong><span style=\"line-height: 1.5;\">\u00a0<\/span><\/p>\n<table style=\"height: 80px;\" width=\"999\">\n<tbody>\n<tr>\n<td width=\"20\"><\/td>\n<td width=\"200\"><strong>Alumnos<\/strong><\/td>\n<td><strong>T\u00edtulo Tesis<\/strong><\/td>\n<\/tr>\n<tr>\n<td width=\"20\">53<\/td>\n<td width=\"200\">Pablo M. Barlek Mendoza<\/td>\n<td><em><a href=\"https:\/\/www.facet.unt.edu.ar\/iest\/wp-content\/uploads\/sites\/22\/2016\/05\/PabloBarlek-Capacidad-S\u00edsmica-Residual-de-Columnas-de-H\u00baA\u00ba-V-Final.pdf\" target=\"_blank\" rel=\"noopener noreferrer\">Capacidad s\u00edsmica residual de columnas de hormig\u00f3n armado<\/a><\/em><\/td>\n<\/tr>\n<\/tbody>\n<\/table>\n<p>&nbsp;<\/p>\n<p><strong>MAGISTER XIV (2013-2015)<\/strong><span style=\"line-height: 1.5;\">\u00a0<\/span><\/p>\n<table style=\"height: 80px;\" width=\"999\">\n<tbody>\n<tr>\n<td width=\"20\"><\/td>\n<td width=\"200\"><strong>Alumnos<\/strong><\/td>\n<td><strong>T\u00edtulo Tesis<\/strong><\/td>\n<\/tr>\n<tr>\n<td width=\"20\">54<\/td>\n<td width=\"200\">Fabian Fiengo Perez<\/td>\n<td><em><a href=\"https:\/\/www.facet.unt.edu.ar\/iest\/wp-content\/uploads\/sites\/22\/2015\/01\/TESIS_MAGISTER_FIENGO-PEREZ-FABIAN.pdf\" target=\"_blank\" rel=\"noopener noreferrer\">An\u00e1lisis num\u00e9rico computacional del punzonado en losas de H\u00baA\u00ba reforzado con fibras<\/a><\/em><\/td>\n<\/tr>\n<tr>\n<td width=\"20\">55<\/td>\n<td width=\"200\">Mat\u00edas Fern\u00e1ndez Hurst<\/td>\n<td><em><a href=\"https:\/\/www.facet.unt.edu.ar\/iest\/wp-content\/uploads\/sites\/22\/2015\/01\/Tesis_Fern\u00e1ndez-Hurst-Mat\u00edas.pdf\" target=\"_blank\" rel=\"noopener noreferrer\">Determinaci\u00f3n de integridad en pilotes con cabezal hormigonados in-situ<\/a><\/em><\/td>\n<\/tr>\n<\/tbody>\n<\/table>\n<p>&nbsp;<\/p>\n<p><strong>MAGISTER XV (2016-2018)<\/strong><span style=\"line-height: 1.5;\">\u00a0<\/span><\/p>\n<p>&nbsp;<\/p>\n<table style=\"height: 87px; width: 85.8924%;\" width=\"999\">\n<tbody>\n<tr style=\"height: 21px;\">\n<td style=\"height: 21px;\" width=\"20\"><\/td>\n<td style=\"height: 21px;\" width=\"200\"><strong>Alumnos<\/strong><\/td>\n<td style=\"height: 21px;\"><strong>T\u00edtulo Tesis<\/strong><\/td>\n<\/tr>\n<tr style=\"height: 45px;\">\n<td style=\"height: 45px;\" width=\"20\">56<\/td>\n<td style=\"height: 45px;\" width=\"200\">Eduardo Daniel Farf\u00e1n Dur\u00e1n<\/td>\n<td style=\"height: 45px;\"><a href=\"https:\/\/www.facet.unt.edu.ar\/iest\/wp-content\/uploads\/sites\/22\/2021\/02\/Tesis-de-Maestria-Daniel-Farfan.pdf\" target=\"_blank\" rel=\"noopener noreferrer\"><em>Evaluaci\u00f3n num\u00e9rica de la reparaci\u00f3n de pilas de puentes con hormig\u00f3n reforzado con fibras<\/em><\/a><\/td>\n<\/tr>\n<tr style=\"height: 45px;\">\n<td style=\"height: 45px;\" width=\"20\">57<\/td>\n<td style=\"height: 45px;\" width=\"200\">Sado Abdelhamid<\/td>\n<td style=\"height: 45px;\"><a href=\"https:\/\/www.facet.unt.edu.ar\/iest\/wp-content\/uploads\/sites\/22\/2022\/03\/Abdelhamid_VF.pdf\" target=\"_blank\" rel=\"noopener\"><i>Biocombustibles: factores que inciden en la calidad de la briqueta<\/i><\/a><\/td>\n<\/tr>\n<\/tbody>\n<\/table>\n","protected":false},"excerpt":{"rendered":"<p>MAGISTER I (1986-1988)\u00a0 Alumnos T\u00edtulo Tesis 1 Ricardo Daniel Ambrosini An\u00e1lisis Din\u00e1mico de Estructuras de Pared Delgada y Secci\u00f3n Abierta en el Dominio de la Frecuencia 2 Jos\u00e9 Rodolfo Barlek Comportamiento hasta Rotura de Elementos Flexados de Hormig\u00f3n Parcialmente Pretensado 3 Graciela Nora Doz Influencia del Confinamiento en la Respuesta Est\u00e1tica de Vigas de Hormig\u00f3n [&hellip;]<\/p>\n","protected":false},"author":20,"featured_media":0,"parent":145,"menu_order":3,"comment_status":"closed","ping_status":"closed","template":"","meta":[],"_links":{"self":[{"href":"https:\/\/www.facet.unt.edu.ar\/iest\/wp-json\/wp\/v2\/pages\/266"}],"collection":[{"href":"https:\/\/www.facet.unt.edu.ar\/iest\/wp-json\/wp\/v2\/pages"}],"about":[{"href":"https:\/\/www.facet.unt.edu.ar\/iest\/wp-json\/wp\/v2\/types\/page"}],"author":[{"embeddable":true,"href":"https:\/\/www.facet.unt.edu.ar\/iest\/wp-json\/wp\/v2\/users\/20"}],"replies":[{"embeddable":true,"href":"https:\/\/www.facet.unt.edu.ar\/iest\/wp-json\/wp\/v2\/comments?post=266"}],"version-history":[{"count":42,"href":"https:\/\/www.facet.unt.edu.ar\/iest\/wp-json\/wp\/v2\/pages\/266\/revisions"}],"predecessor-version":[{"id":2864,"href":"https:\/\/www.facet.unt.edu.ar\/iest\/wp-json\/wp\/v2\/pages\/266\/revisions\/2864"}],"up":[{"embeddable":true,"href":"https:\/\/www.facet.unt.edu.ar\/iest\/wp-json\/wp\/v2\/pages\/145"}],"wp:attachment":[{"href":"https:\/\/www.facet.unt.edu.ar\/iest\/wp-json\/wp\/v2\/media?parent=266"}],"curies":[{"name":"wp","href":"https:\/\/api.w.org\/{rel}","templated":true}]}}