{"id":2716,"date":"2021-02-19T23:28:28","date_gmt":"2021-02-20T02:28:28","guid":{"rendered":"https:\/\/www.facet.unt.edu.ar\/iest\/?page_id=2716"},"modified":"2026-02-06T19:13:21","modified_gmt":"2026-02-06T22:13:21","slug":"dinamica-estructural-ii-2","status":"publish","type":"page","link":"https:\/\/www.facet.unt.edu.ar\/iest\/docencia\/lista-de-materias-para-el-curso-de-estudios\/dinamica-estructural-ii-2\/","title":{"rendered":"Din\u00e1mica Estructural II"},"content":{"rendered":"<div id=\"MainFeature\">\n<p style=\"text-align: center;\"><strong>MAESTRIA EN INGENIERIA ESTRUCTURAL Y\u00a0DOCTORADO EN INGENIERIA <\/strong><br \/>\nInstituto de Estructuras, Facultad de Ciencias Exactas y Tecnolog\u00eda &#8211; UNT<\/p>\n<h2 style=\"text-align: center;\">Din\u00e1mica Estructural II<\/h2>\n<p><strong>Curso Fundamental Obligatorio<\/strong><\/p>\n<p><strong>Responsable:<\/strong> <a href=\"https:\/\/www.facet.unt.edu.ar\/iest\/integrantes\/ramallo-carlos\/\">Dr. Ing J. C. Ramallo<\/a>, Mg. Ing. O. Dip, <a href=\"https:\/\/www.facet.unt.edu.ar\/iest\/integrantes\/araoz-gabriel\/\">Dr. Ing. G. Ar\u00e1oz<\/a><\/p>\n<p><strong>Duraci\u00f3n:<\/strong> 40 horas.<\/p>\n<h2>Contenidos M\u00ednimos<\/h2>\n<p style=\"text-align: justify;\">Sistemas continuos: Vibraciones Libres. M\u00e9todo de superposici\u00f3n modal, m\u00e9todo de la rigidez din\u00e1mica. An\u00e1lisis s\u00edsmico determin\u00edstico: Espectros de respuesta, sistemas de n grados de libertad, an\u00e1lisis modal paso a paso, an\u00e1lisis modal espectral, an\u00e1lisis no-lineal. Interacci\u00f3n suelo-estructura, modelos aproximados.<\/p>\n<h2>Bibliograf\u00eda<\/h2>\n<ul>\n<li>Biggs J.M. Introduction to Structural Dynamics. McGraw-Hill, Inc., 1964<\/li>\n<li>Clough R.W. and Penzien J.Dynamics of Structures. McGraw-Hill, Inc., Second Edition,1993.<\/li>\n<li>Chopra A. Dynamics of Structures. Theory and Applications to Earthquake Engineering. Pearson-Prentice Hall. Third Edition, 2007.<\/li>\n<li>Hurty W.C. and Rubinstein M.F. Dynamics of Structures. Prentice-Hall, Inc.1964<\/li>\n<li>Meirovitch Elements of Vibration Analysis. McGraw-Hill, Inc., 1986<\/li>\n<li>Paz M. and Leigh Structural Dynamics: Theory and Computation. Kluwer Academic Publishers. Fifth Edition, 2004.<\/li>\n<li>Paz M. International Handbook of Earthquake Engineering Codes, Programs, and Examples. Chapman &amp; Hall, Inc., 1994.<\/li>\n<\/ul>\n<\/div>\n","protected":false},"excerpt":{"rendered":"<p>MAESTRIA EN INGENIERIA ESTRUCTURAL Y\u00a0DOCTORADO EN INGENIERIA Instituto de Estructuras, Facultad de Ciencias Exactas y Tecnolog\u00eda &#8211; UNT Din\u00e1mica Estructural II Curso Fundamental Obligatorio Responsable: Dr. Ing J. C. Ramallo, Mg. Ing. O. Dip, Dr. Ing. G. Ar\u00e1oz Duraci\u00f3n: 40 horas. Contenidos M\u00ednimos Sistemas continuos: Vibraciones Libres. M\u00e9todo de superposici\u00f3n modal, m\u00e9todo de la rigidez [&hellip;]<\/p>\n","protected":false},"author":20,"featured_media":0,"parent":274,"menu_order":7,"comment_status":"closed","ping_status":"closed","template":"","meta":[],"_links":{"self":[{"href":"https:\/\/www.facet.unt.edu.ar\/iest\/wp-json\/wp\/v2\/pages\/2716"}],"collection":[{"href":"https:\/\/www.facet.unt.edu.ar\/iest\/wp-json\/wp\/v2\/pages"}],"about":[{"href":"https:\/\/www.facet.unt.edu.ar\/iest\/wp-json\/wp\/v2\/types\/page"}],"author":[{"embeddable":true,"href":"https:\/\/www.facet.unt.edu.ar\/iest\/wp-json\/wp\/v2\/users\/20"}],"replies":[{"embeddable":true,"href":"https:\/\/www.facet.unt.edu.ar\/iest\/wp-json\/wp\/v2\/comments?post=2716"}],"version-history":[{"count":2,"href":"https:\/\/www.facet.unt.edu.ar\/iest\/wp-json\/wp\/v2\/pages\/2716\/revisions"}],"predecessor-version":[{"id":3157,"href":"https:\/\/www.facet.unt.edu.ar\/iest\/wp-json\/wp\/v2\/pages\/2716\/revisions\/3157"}],"up":[{"embeddable":true,"href":"https:\/\/www.facet.unt.edu.ar\/iest\/wp-json\/wp\/v2\/pages\/274"}],"wp:attachment":[{"href":"https:\/\/www.facet.unt.edu.ar\/iest\/wp-json\/wp\/v2\/media?parent=2716"}],"curies":[{"name":"wp","href":"https:\/\/api.w.org\/{rel}","templated":true}]}}