{"id":272,"date":"2015-01-18T03:14:41","date_gmt":"2015-01-18T06:14:41","guid":{"rendered":"https:\/\/www.facet.unt.edu.ar\/iest\/?page_id=272"},"modified":"2026-02-07T07:01:30","modified_gmt":"2026-02-07T10:01:30","slug":"profesores-del-curso-de-estudios","status":"publish","type":"page","link":"https:\/\/www.facet.unt.edu.ar\/iest\/docencia\/profesores-del-curso-de-estudios\/","title":{"rendered":"Profesores del Curso de Estudios"},"content":{"rendered":"<p>Las distintas materias del curso de estudio estar\u00e1n a cargo de profesores con amplia experiencia en investigaci\u00f3n y docencia de posgrado. Entre ellos, se cuentan profesores de otras universidades nacionales e invitados especiales de universidades extranjeras.<\/p>\n<p>&nbsp;<\/p>\n<p style=\"text-align: left;\" align=\"center\"><strong>DOCENTES ESTABLES<\/strong><\/p>\n<table style=\"width: 95%; border-collapse: collapse; height: 504px;\" border=\"1\">\n<tbody>\n<tr style=\"height: 24px;\">\n<td style=\"text-align: center; width: 35%; height: 24px;\"><strong><em>NOMBRE<\/em><\/strong><\/td>\n<td style=\"text-align: center; width: 30%; height: 24px;\"><strong><em>POSGRADO<\/em><\/strong><\/td>\n<td style=\"text-align: center; width: 30%; height: 24px;\"><strong><em>UNIVERSIDAD<\/em><\/strong><\/td>\n<\/tr>\n<tr style=\"height: 24px;\">\n<td style=\"height: 24px;\">1. <a href=\"https:\/\/www.facet.unt.edu.ar\/iest\/integrantes\/almenar-martin\/\">Dr. Ing. ALMENAR, Mart\u00edn<\/a><\/td>\n<td style=\"height: 24px;\">Univ. Nac. Tucum\u00e1n (Argentina)<\/td>\n<td style=\"height: 24px;\">Univ. Nac. Tucum\u00e1n (Argentina)<\/td>\n<\/tr>\n<tr style=\"height: 24px;\">\n<td style=\"height: 24px;\">2. <a href=\"https:\/\/www.facet.unt.edu.ar\/iest\/integrantes\/araoz-gabriel\/\">Dr. Ing. ARAOZ, Gabriel<\/a><\/td>\n<td style=\"height: 24px;\">Univ. Nac. Tucum\u00e1n (Argentina)<\/td>\n<td style=\"height: 24px;\">Univ. Nac. Tucum\u00e1n (Argentina)<\/td>\n<\/tr>\n<tr style=\"height: 24px;\">\n<td style=\"height: 24px;\">3. Dr. Ing. DAZIANO, Alejandra<\/td>\n<td style=\"height: 24px;\">Univ. Nac. Tucum\u00e1n (Argentina)<\/td>\n<td style=\"height: 24px;\">Univ. Nac. Tucum\u00e1n (Argentina)<\/td>\n<\/tr>\n<tr style=\"height: 24px;\">\n<td style=\"height: 24px;\">4. <a href=\"https:\/\/www.facet.unt.edu.ar\/iest\/integrantes\/dip-oscar\/\">Mg. Ing. DIP, Oscar<\/a><\/td>\n<td style=\"height: 24px;\">Univ. Nac. Tucum\u00e1n (Argentina)<\/td>\n<td style=\"height: 24px;\">Univ. Nac. Tucum\u00e1n (Argentina)<\/td>\n<\/tr>\n<tr style=\"height: 24px;\">\n<td style=\"height: 24px;\">5. Dr. Ing. ETSE, Guillermo<\/td>\n<td style=\"height: 24px;\">Univ. Karlsruhe (Alemania)<\/td>\n<td style=\"height: 24px;\">Univ. Nac. Tucum\u00e1n (Argentina)<\/td>\n<\/tr>\n<tr style=\"height: 24px;\">\n<td style=\"height: 24px;\">6. Mg. Lic. FERNANDEZ, Patricia<\/td>\n<td style=\"height: 24px;\">Univ. Nac. Tucum\u00e1n (Argentina)<\/td>\n<td style=\"height: 24px;\">Univ. Nac. Tucum\u00e1n (Argentina)<\/td>\n<\/tr>\n<tr style=\"height: 24px;\">\n<td style=\"height: 24px;\">7. Ing. GIACCIO, Graciela<\/td>\n<td style=\"height: 24px;\">Univ. Nac. La Plata (Argentina)<\/td>\n<td style=\"height: 24px;\">Univ. Nac. La Plata (Argentina)<\/td>\n<\/tr>\n<tr style=\"height: 24px;\">\n<td style=\"height: 24px;\">8. Dr. Ing. GUENNAM, Eduardo<\/td>\n<td style=\"height: 24px;\">Univ. Nac. Tucum\u00e1n (Argentina)<\/td>\n<td style=\"height: 24px;\">Univ. Nac. Tucum\u00e1n (Argentina)<\/td>\n<\/tr>\n<tr style=\"height: 24px;\">\n<td style=\"height: 24px;\">9. <a href=\"https:\/\/www.facet.unt.edu.ar\/iest\/integrantes\/gutierrez-sergio-e\/\">Mg. Ing. GUTIERREZ, Sergio<\/a><\/td>\n<td style=\"height: 24px;\">Univ. Nac. Tucum\u00e1n (Argentina)<\/td>\n<td style=\"height: 24px;\">Univ. Nac. Tucum\u00e1n (Argentina)<\/td>\n<\/tr>\n<tr style=\"height: 24px;\">\n<td style=\"height: 24px;\">10. <a href=\"https:\/\/www.facet.unt.edu.ar\/iest\/integrantes\/isla-facundo\/\">Dr. Ing. ISLA, Facundo<\/a><\/td>\n<td style=\"height: 24px;\">Univ. Nac. Tucum\u00e1n (Argentina)<\/td>\n<td style=\"height: 24px;\">Univ. Nac. Tucum\u00e1n (Argentina)<\/td>\n<\/tr>\n<tr style=\"height: 24px;\">\n<td style=\"height: 24px;\">11. <a href=\"https:\/\/www.facet.unt.edu.ar\/iest\/integrantes\/jacinto-abel-c\/\">Dr. Ing. JACINTO, Abel<\/a><\/td>\n<td style=\"height: 24px;\">Univ. Pol. Catalu\u00f1a (Espa\u00f1a)<\/td>\n<td style=\"height: 24px;\">Univ. Nac. Tucum\u00e1n (Argentina)<\/td>\n<\/tr>\n<tr style=\"height: 24px;\">\n<td style=\"height: 24px;\">12. <a href=\"https:\/\/www.facet.unt.edu.ar\/iest\/integrantes\/luccioni-bibiana-maria\/\">Dr. Ing. LUCCIONI, Bibiana<\/a><\/td>\n<td style=\"height: 24px;\">Univ. Nac. Tucum\u00e1n (Argentina)<\/td>\n<td style=\"height: 24px;\">Univ. Nac. Tucum\u00e1n (Argentina)<\/td>\n<\/tr>\n<tr style=\"height: 24px;\">\n<td style=\"height: 24px;\">13. Mg. Lic. LUCCIONI, Griselda<\/td>\n<td style=\"height: 24px;\">Univ. Nac. Tucum\u00e1n (Argentina)<\/td>\n<td style=\"height: 24px;\">Univ. Nac. Tucum\u00e1n (Argentina)<\/td>\n<\/tr>\n<tr style=\"height: 24px;\">\n<td style=\"height: 24px;\">14. Dr. Ing. M\u00d6LLER, Oscar<\/td>\n<td style=\"height: 24px;\">Univ. Nac. Rosario (Argentina)<\/td>\n<td style=\"height: 24px;\">Univ. Nac. Rosario (Argentina)<\/td>\n<\/tr>\n<tr style=\"height: 24px;\">\n<td style=\"height: 24px;\">15. Dr. Ing. NALLIM, Liz<\/td>\n<td style=\"height: 24px;\">Univ. Nac. Salta (Argentina)<\/td>\n<td style=\"height: 24px;\">Univ. Nac. Salta (Argentina)<\/td>\n<\/tr>\n<tr style=\"height: 24px;\">\n<td style=\"height: 24px;\">16. <a href=\"https:\/\/www.facet.unt.edu.ar\/iest\/integrantes\/perez-gustavo-ariel\/\">Dr. Ing. PEREZ, Gustavo<\/a><\/td>\n<td style=\"height: 24px;\">Univ. Pol. Catalu\u00f1a (Espa\u00f1a)<\/td>\n<td style=\"height: 24px;\">Univ. Nac. Tucum\u00e1n (Argentina)<\/td>\n<\/tr>\n<tr style=\"height: 24px;\">\n<td style=\"height: 24px;\">17. <a href=\"https:\/\/www.facet.unt.edu.ar\/iest\/integrantes\/ramallo-carlos\/\">Dr. Ing. RAMALLO, Juan Carlos<\/a><\/td>\n<td style=\"height: 24px;\">Univ. Nac. Tucum\u00e1n (Argentina)<\/td>\n<td style=\"height: 24px;\">Univ. Nac. Tucum\u00e1n (Argentina)<\/td>\n<\/tr>\n<tr style=\"height: 24px;\">\n<td style=\"height: 24px;\">18. <a href=\"https:\/\/www.facet.unt.edu.ar\/iest\/integrantes\/sfer-domingo\/\">Dr. Ing. SFER, Domingo<\/a><\/td>\n<td style=\"height: 24px;\">Univ. Nac. Tucum\u00e1n (Argentina)<\/td>\n<td style=\"height: 24px;\">Univ. Nac. Tucum\u00e1n (Argentina)<\/td>\n<\/tr>\n<tr style=\"height: 24px;\">\n<td style=\"height: 24px;\">19. Dr. Ing. VRECH, Sonia<\/td>\n<td style=\"height: 24px;\">Univ. Nac. Tucum\u00e1n (Argentina)<\/td>\n<td style=\"height: 24px;\">Univ. Nac. Tucum\u00e1n (Argentina)<\/td>\n<\/tr>\n<tr style=\"height: 24px;\">\n<td style=\"height: 24px;\">20. Dr. Ing. ZERBINO, Ra\u00fal<\/td>\n<td style=\"height: 24px;\">Univ. Nac. La Plata (Argentina)<\/td>\n<td style=\"height: 24px;\">Univ. Nac. La Plata (Argentina)<\/td>\n<\/tr>\n<\/tbody>\n<\/table>\n<p style=\"text-align: left;\" align=\"center\"><strong>DOCENTES INVITADOS<\/strong><\/p>\n<table style=\"width: 95%; border-collapse: collapse;\" border=\"1\">\n<tbody>\n<tr>\n<td style=\"text-align: center; width: 35%;\"><strong><em>NOMBRE<\/em><\/strong><\/td>\n<td style=\"text-align: center; width: 30%;\"><strong><em>POSGRADO<\/em><\/strong><\/td>\n<td style=\"text-align: center; width: 30%;\"><strong><em>UNIVERSIDAD<\/em><\/strong><\/td>\n<\/tr>\n<tr>\n<td>1. Dr. Ing. AMBROSINI, Daniel<\/td>\n<td>Univ. Nac. Tucum\u00e1n (Argentina)<\/td>\n<td>Univ. Nac. Cuyo (Argentina)<\/td>\n<\/tr>\n<tr>\n<td>2. Dr. Ing. CUDMANI, Roberto<\/td>\n<td>Univ. de Munich (Alemania)<\/td>\n<td>Univ. de Munich (Alemania)<\/td>\n<\/tr>\n<tr>\n<td>3. Dr. Ing. GODOY, Luis<\/td>\n<td>Univ. of London (Reino Unido)<\/td>\n<td>Univ. Nac. C\u00f3rdoba (Argentina)<\/td>\n<\/tr>\n<tr>\n<td>4. Dr. Ing. MARTIN, Pablo<\/td>\n<td>Univ. Nac. Tucum\u00e1n (Argentina)<\/td>\n<td>Univ. Nac. Cuyo (Argentina)<\/td>\n<\/tr>\n<tr>\n<td>5. Dr. Ing. OLLER, Sergio<\/td>\n<td>Univ. Pol. Catalu\u00f1a (Espa\u00f1a)<\/td>\n<td>Univ. Pol. Catalu\u00f1a (Espa\u00f1a)<\/td>\n<\/tr>\n<tr>\n<td>6. Dr. Ing. PALAZZO, Gustavo<\/td>\n<td>Univ. Nac. Tucum\u00e1n (Argentina)<\/td>\n<td>U.T.N. Mendoza (Argentina)<\/td>\n<\/tr>\n<\/tbody>\n<\/table>\n","protected":false},"excerpt":{"rendered":"<p>Las distintas materias del curso de estudio estar\u00e1n a cargo de profesores con amplia experiencia en investigaci\u00f3n y docencia de posgrado. Entre ellos, se cuentan profesores de otras universidades nacionales e invitados especiales de universidades extranjeras. &nbsp; DOCENTES ESTABLES NOMBRE POSGRADO UNIVERSIDAD 1. Dr. Ing. ALMENAR, Mart\u00edn Univ. Nac. Tucum\u00e1n (Argentina) Univ. Nac. Tucum\u00e1n (Argentina) [&hellip;]<\/p>\n","protected":false},"author":20,"featured_media":0,"parent":145,"menu_order":7,"comment_status":"closed","ping_status":"closed","template":"","meta":[],"_links":{"self":[{"href":"https:\/\/www.facet.unt.edu.ar\/iest\/wp-json\/wp\/v2\/pages\/272"}],"collection":[{"href":"https:\/\/www.facet.unt.edu.ar\/iest\/wp-json\/wp\/v2\/pages"}],"about":[{"href":"https:\/\/www.facet.unt.edu.ar\/iest\/wp-json\/wp\/v2\/types\/page"}],"author":[{"embeddable":true,"href":"https:\/\/www.facet.unt.edu.ar\/iest\/wp-json\/wp\/v2\/users\/20"}],"replies":[{"embeddable":true,"href":"https:\/\/www.facet.unt.edu.ar\/iest\/wp-json\/wp\/v2\/comments?post=272"}],"version-history":[{"count":39,"href":"https:\/\/www.facet.unt.edu.ar\/iest\/wp-json\/wp\/v2\/pages\/272\/revisions"}],"predecessor-version":[{"id":3170,"href":"https:\/\/www.facet.unt.edu.ar\/iest\/wp-json\/wp\/v2\/pages\/272\/revisions\/3170"}],"up":[{"embeddable":true,"href":"https:\/\/www.facet.unt.edu.ar\/iest\/wp-json\/wp\/v2\/pages\/145"}],"wp:attachment":[{"href":"https:\/\/www.facet.unt.edu.ar\/iest\/wp-json\/wp\/v2\/media?parent=272"}],"curies":[{"name":"wp","href":"https:\/\/api.w.org\/{rel}","templated":true}]}}