{"id":274,"date":"2015-01-18T03:16:08","date_gmt":"2015-01-18T06:16:08","guid":{"rendered":"https:\/\/www.facet.unt.edu.ar\/iest\/?page_id=274"},"modified":"2026-02-07T06:38:27","modified_gmt":"2026-02-07T09:38:27","slug":"lista-de-materias-para-el-curso-de-estudios","status":"publish","type":"page","link":"https:\/\/www.facet.unt.edu.ar\/iest\/docencia\/lista-de-materias-para-el-curso-de-estudios\/","title":{"rendered":"Lista de Materias para el Curso de Estudios"},"content":{"rendered":"<p>Para el per\u00edodo 2026-2028, la lista de materias disponibles y la carga horaria correspondiente son las siguientes:<\/p>\n<p>&nbsp;<\/p>\n<table>\n<tbody>\n<tr>\n<td style=\"border-color: #ffffff; width: 420px;\"><strong>I- Materias Instrumentales Obligatorias<\/strong><\/td>\n<td style=\"border-color: #ffffff; text-align: left;\">Horas<\/td>\n<td style=\"border-color: #ffffff; padding-left: 30px; text-align: left;\">Responsable<\/td>\n<\/tr>\n<tr>\n<td style=\"border-color: #ffffff; width: 420px; padding-left: 30px;\">1. <a title=\"An\u00e1lisis Matricial de Estructuras\" href=\"https:\/\/www.facet.unt.edu.ar\/iest\/docencia\/lista-de-materias-para-el-curso-de-estudios\/analisis-matricial-de-estructuras\/\">An\u00e1lisis Matricial de Estructuras<\/a><\/td>\n<td style=\"border-color: #ffffff; text-align: left;\">20<\/td>\n<td style=\"border-color: #ffffff; padding-left: 30px; text-align: left;\">Mg. Ing. Guti\u00e9rrez | Dr. Almenar<\/td>\n<\/tr>\n<tr>\n<td style=\"border-color: #ffffff; width: 420px; padding-left: 30px;\">2. <a href=\"https:\/\/www.facet.unt.edu.ar\/iest\/docencia\/lista-de-materias-para-el-curso-de-estudios\/matematica-para-ingenieros\/\">Matem\u00e1tica para Ingenieros<\/a><\/td>\n<td style=\"border-color: #ffffff; text-align: left;\">60<\/td>\n<td style=\"border-color: #ffffff; padding-left: 30px; text-align: left;\">Dra. Pradolini | Dr. Berra<\/td>\n<\/tr>\n<tr>\n<td style=\"border-color: #ffffff; width: 420px; padding-left: 30px;\">3. <a title=\"C\u00e1lculo Num\u00e9rico\" href=\"https:\/\/www.facet.unt.edu.ar\/iest\/docencia\/lista-de-materias-para-el-curso-de-estudios\/calculo-numerico\/\">C\u00e1lculo Num\u00e9rico<\/a><\/td>\n<td style=\"border-color: #ffffff; text-align: left;\">80<\/td>\n<td style=\"border-color: #ffffff; padding-left: 30px; text-align: left;\">Mg. Lic. P. Fern\u00e1ndez | Mg. Lic. G. Luccioni | Dr. E. Guennam<\/td>\n<\/tr>\n<\/tbody>\n<\/table>\n<p>&nbsp;<\/p>\n<table>\n<tbody>\n<tr>\n<td style=\"border-color: #ffffff; width: 420px;\"><strong>II &#8211; Materias Fundamentales Obligatorias<\/strong><\/td>\n<td style=\"border-color: #ffffff; text-align: left;\">Horas<\/td>\n<td style=\"border-color: #ffffff; padding-left: 30px; text-align: left;\">Responsable<\/td>\n<\/tr>\n<tr>\n<td style=\"border-color: #ffffff; width: 420px; padding-left: 30px;\">4. <a href=\"https:\/\/www.facet.unt.edu.ar\/iest\/docencia\/lista-de-materias-para-el-curso-de-estudios\/mecanica-de-los-solidos\/\">Mec\u00e1nica de los S\u00f3lidos I<\/a><\/td>\n<td style=\"border-color: #ffffff; text-align: left;\">40<\/td>\n<td style=\"border-color: #ffffff; padding-left: 30px; text-align: left;\">Dr. Luccioni<\/td>\n<\/tr>\n<tr>\n<td style=\"border-color: #ffffff; width: 420px; padding-left: 30px;\">5. <a href=\"https:\/\/www.facet.unt.edu.ar\/iest\/docencia\/lista-de-materias-para-el-curso-de-estudios\/mecanica-de-los-solidos-ii\/\">Mec\u00e1nica de los S\u00f3lidos II<\/a><\/td>\n<td style=\"border-color: #ffffff; text-align: left;\">40<\/td>\n<td style=\"border-color: #ffffff; padding-left: 30px; text-align: left;\">Dr. Luccioni<\/td>\n<\/tr>\n<tr>\n<td style=\"border-color: #ffffff; width: 420px; padding-left: 30px;\">6. <a title=\"M\u00e9todos Num\u00e9rico-Computacionales I\" href=\"https:\/\/www.facet.unt.edu.ar\/iest\/docencia\/lista-de-materias-para-el-curso-de-estudios\/metodos-numerico-computacionales-i\/\">M\u00e9todos Num\u00e9ricos-Computacionales I<\/a><\/td>\n<td style=\"border-color: #ffffff; text-align: left;\">60<\/td>\n<td style=\"border-color: #ffffff; padding-left: 30px; text-align: left;\">Dr. Etse | Dr. Vrech<\/td>\n<\/tr>\n<tr>\n<td style=\"border-color: #ffffff; width: 420px; padding-left: 30px;\">7. <a title=\"Din\u00e1mica Estructural I\" href=\"https:\/\/www.facet.unt.edu.ar\/iest\/docencia\/lista-de-materias-para-el-curso-de-estudios\/dinamica-estructural-i\/\">Din\u00e1mica Estructural I<\/a><\/td>\n<td style=\"border-color: #ffffff; text-align: left;\">40<\/td>\n<td style=\"border-color: #ffffff; padding-left: 30px; text-align: left;\">Dr. Ramallo | Mg. Ing. Dip | Dr. Ar\u00e1oz<\/td>\n<\/tr>\n<tr>\n<td style=\"border-color: #ffffff; width: 420px; padding-left: 30px;\">8. <a title=\"Din\u00e1mica Estructural II\" href=\"https:\/\/www.facet.unt.edu.ar\/iest\/docencia\/lista-de-materias-para-el-curso-de-estudios\/dinamica-estructural-ii\/\">Din\u00e1mica Estructural II<\/a><\/td>\n<td style=\"border-color: #ffffff; text-align: left;\">40<\/td>\n<td style=\"border-color: #ffffff; padding-left: 30px; text-align: left;\">Dr. Ramallo | Mg. Ing. Dip | Dr. Ar\u00e1oz<\/td>\n<\/tr>\n<tr>\n<td style=\"border-color: #ffffff; width: 420px; padding-left: 30px;\">9. <a title=\"Modelaci\u00f3n Constitutiva I\" href=\"https:\/\/www.facet.unt.edu.ar\/iest\/docencia\/lista-de-materias-para-el-curso-de-estudios\/modelacion-constitutiva-i\/\">Modelaci\u00f3n Constitutiva I<\/a><\/td>\n<td style=\"border-color: #ffffff; text-align: left;\">40<\/td>\n<td style=\"border-color: #ffffff; padding-left: 30px; text-align: left;\">Dr. Luccioni | Dr. Isla<\/td>\n<\/tr>\n<tr>\n<td style=\"border-color: #ffffff; width: 420px; padding-left: 30px;\">10. <a title=\"Modelaci\u00f3n Constitutiva II\" href=\"https:\/\/www.facet.unt.edu.ar\/iest\/docencia\/lista-de-materias-para-el-curso-de-estudios\/modelacion-constitutiva-ii\/\">Modelaci\u00f3n Constitutiva II<\/a><\/td>\n<td style=\"border-color: #ffffff; text-align: left;\">40<\/td>\n<td style=\"border-color: #ffffff; padding-left: 30px; text-align: left;\">Dr. Luccioni | Dr. Isla<\/td>\n<\/tr>\n<tr>\n<td style=\"border-color: #ffffff; width: 420px; padding-left: 30px;\">11. <a title=\"Mec\u00e1nica Experimental\" href=\"https:\/\/www.facet.unt.edu.ar\/iest\/docencia\/lista-de-materias-para-el-curso-de-estudios\/mecanica-experimental\/\">Mec\u00e1nica Experimental<\/a><\/td>\n<td style=\"border-color: #ffffff; text-align: left;\">40<\/td>\n<td style=\"border-color: #ffffff; padding-left: 30px; text-align: left;\">Dr. Sfer | Dr. Isla<\/td>\n<\/tr>\n<\/tbody>\n<\/table>\n<p>&nbsp;<\/p>\n<table>\n<tbody>\n<tr>\n<td style=\"border-color: #ffffff; width: 420px;\"><strong>III &#8211; Materias Especializadas Electivas<\/strong><\/td>\n<td style=\"border-color: #ffffff; text-align: left;\">Horas<\/td>\n<td style=\"border-color: #ffffff; padding-left: 30px; text-align: left;\">Responsable<\/td>\n<\/tr>\n<tr>\n<td style=\"border-color: #ffffff; width: 420px; padding-left: 30px;\">12. <a title=\"Seguridad de las Estructuras\" href=\"https:\/\/www.facet.unt.edu.ar\/iest\/docencia\/lista-de-materias-para-el-curso-de-estudios\/seguridad-de-las-estructuras\/\">Seguridad de las Estructuras<\/a><\/td>\n<td style=\"border-color: #ffffff; text-align: left;\">40<\/td>\n<td style=\"border-color: #ffffff; padding-left: 30px; text-align: left;\">Dr. M\u00f6ller<\/td>\n<\/tr>\n<tr>\n<td style=\"border-color: #ffffff; width: 420px; padding-left: 30px;\">13. <a title=\"Dise\u00f1o de Experimentos y An\u00e1lisis de Datos\" href=\"https:\/\/www.facet.unt.edu.ar\/iest\/docencia\/lista-de-materias-para-el-curso-de-estudios\/diseno-de-experimentos-y-analisis-de-datos\/\">Dise\u00f1o de Experimentos y An\u00e1lisis de Datos<\/a><\/td>\n<td style=\"border-color: #ffffff; text-align: left;\">40<\/td>\n<td style=\"border-color: #ffffff; padding-left: 30px; text-align: left;\">Dr. Lic. A. Sfer<\/td>\n<\/tr>\n<tr>\n<td style=\"border-color: #ffffff; width: 420px; padding-left: 30px;\">14. <a title=\"Temas Especiales de Hormig\u00f3n Armado y Pretensado\" href=\"https:\/\/www.facet.unt.edu.ar\/iest\/docencia\/lista-de-materias-para-el-curso-de-estudios\/temas-especiales-de-hormigon-armado-y-pretensado\/\">Temas Especiales de Hormig\u00f3n Armado y Pretensado<\/a><\/td>\n<td style=\"border-color: #ffffff; text-align: left;\">40<\/td>\n<td style=\"border-color: #ffffff; padding-left: 30px; text-align: left;\">Dr. P\u00e9rez | Dr. Daziano<\/td>\n<\/tr>\n<tr>\n<td style=\"border-color: #ffffff; width: 420px; padding-left: 30px;\">15. <a title=\"Din\u00e1mica Estructural III\" href=\"https:\/\/www.facet.unt.edu.ar\/iest\/docencia\/lista-de-materias-para-el-curso-de-estudios\/modelacion-constitutiva-iii\/\">Din\u00e1mica Estructural III<\/a><\/td>\n<td style=\"border-color: #ffffff; text-align: left;\">40<\/td>\n<td style=\"border-color: #ffffff; padding-left: 30px; text-align: left;\">Dr. Ambrosini<\/td>\n<\/tr>\n<tr>\n<td style=\"border-color: #ffffff; width: 420px; padding-left: 30px;\">16. <a href=\"https:\/\/www.facet.unt.edu.ar\/iest\/docencia\/lista-de-materias-para-el-curso-de-estudios\/metodos-numerico-computacionales-ii\/\">M\u00e9todos Num\u00e9ricos-Computacionales II<\/a><\/td>\n<td style=\"border-color: #ffffff; text-align: left;\">40<\/td>\n<td style=\"border-color: #ffffff; padding-left: 30px; text-align: left;\">Dr. Etse<\/td>\n<\/tr>\n<tr>\n<td style=\"border-color: #ffffff; width: 420px; padding-left: 30px;\">17. <a href=\"https:\/\/www.facet.unt.edu.ar\/iest\/docencia\/lista-de-materias-para-el-curso-de-estudios\/modelacion-constitutiva-iii\/\">Modelaci\u00f3n Constitutiva III<\/a><\/td>\n<td style=\"border-color: #ffffff; text-align: left;\">40<\/td>\n<td style=\"border-color: #ffffff; padding-left: 30px; text-align: left;\">Dr. Oller<\/td>\n<\/tr>\n<tr>\n<td style=\"border-color: #ffffff; width: 420px; padding-left: 30px;\">18. <a title=\"Inestabilidad\" href=\"https:\/\/www.facet.unt.edu.ar\/iest\/docencia\/lista-de-materias-para-el-curso-de-estudios\/inestabilidad\/\">Inestabilidad<\/a><\/td>\n<td style=\"border-color: #ffffff; text-align: left;\">40<\/td>\n<td style=\"border-color: #ffffff; padding-left: 30px; text-align: left;\">Dr. Godoy<\/td>\n<\/tr>\n<tr>\n<td style=\"border-color: #ffffff; width: 420px; padding-left: 30px;\">19. <a title=\"Temas Especiales de M\u00e9canica de los Suelos\" href=\"https:\/\/www.facet.unt.edu.ar\/iest\/docencia\/lista-de-materias-para-el-curso-de-estudios\/temas-especiales-de-mecanica-de-los-suelos\/\">Temas Especiales de Mec\u00e1nica de los Suelos<\/a><\/td>\n<td style=\"border-color: #ffffff; text-align: left;\">40<\/td>\n<td style=\"border-color: #ffffff; padding-left: 30px; text-align: left;\">Dr. Jacinto<\/td>\n<\/tr>\n<tr>\n<td style=\"border-color: #ffffff; width: 420px; padding-left: 30px;\">20. <a title=\"Temas Especiales de Tecnolog\u00eda de los Materiales\" href=\"https:\/\/www.facet.unt.edu.ar\/iest\/docencia\/lista-de-materias-para-el-curso-de-estudios\/temas-especiales-de-tecnologia-de-los-materiales\/\">Temas Especiales de Tecnolog\u00eda de los Materiales<\/a><\/td>\n<td style=\"border-color: #ffffff; text-align: left;\">20<\/td>\n<td style=\"border-color: #ffffff; padding-left: 30px; text-align: left;\">Dr. Zerbino | Ing. Giaccio<\/td>\n<\/tr>\n<tr>\n<td style=\"border-color: #ffffff; width: 420px; padding-left: 30px;\">21. <a title=\"Patolog\u00eda de Estructuras\" href=\"https:\/\/www.facet.unt.edu.ar\/iest\/docencia\/lista-de-materias-para-el-curso-de-estudios\/patologia-de-estructuras\/\">Patolog\u00eda de Estructuras<\/a><\/td>\n<td style=\"border-color: #ffffff; text-align: left;\">20<\/td>\n<td style=\"border-color: #ffffff; padding-left: 30px; text-align: left;\">Mg. Ing. Dip | Dr. Sfer<\/td>\n<\/tr>\n<\/tbody>\n<\/table>\n","protected":false},"excerpt":{"rendered":"<p>Para el per\u00edodo 2026-2028, la lista de materias disponibles y la carga horaria correspondiente son las siguientes: &nbsp; I- Materias Instrumentales Obligatorias Horas Responsable 1. An\u00e1lisis Matricial de Estructuras 20 Mg. Ing. Guti\u00e9rrez | Dr. Almenar 2. Matem\u00e1tica para Ingenieros 60 Dra. Pradolini | Dr. Berra 3. C\u00e1lculo Num\u00e9rico 80 Mg. Lic. P. Fern\u00e1ndez | [&hellip;]<\/p>\n","protected":false},"author":20,"featured_media":0,"parent":145,"menu_order":6,"comment_status":"closed","ping_status":"closed","template":"","meta":[],"_links":{"self":[{"href":"https:\/\/www.facet.unt.edu.ar\/iest\/wp-json\/wp\/v2\/pages\/274"}],"collection":[{"href":"https:\/\/www.facet.unt.edu.ar\/iest\/wp-json\/wp\/v2\/pages"}],"about":[{"href":"https:\/\/www.facet.unt.edu.ar\/iest\/wp-json\/wp\/v2\/types\/page"}],"author":[{"embeddable":true,"href":"https:\/\/www.facet.unt.edu.ar\/iest\/wp-json\/wp\/v2\/users\/20"}],"replies":[{"embeddable":true,"href":"https:\/\/www.facet.unt.edu.ar\/iest\/wp-json\/wp\/v2\/comments?post=274"}],"version-history":[{"count":35,"href":"https:\/\/www.facet.unt.edu.ar\/iest\/wp-json\/wp\/v2\/pages\/274\/revisions"}],"predecessor-version":[{"id":3166,"href":"https:\/\/www.facet.unt.edu.ar\/iest\/wp-json\/wp\/v2\/pages\/274\/revisions\/3166"}],"up":[{"embeddable":true,"href":"https:\/\/www.facet.unt.edu.ar\/iest\/wp-json\/wp\/v2\/pages\/145"}],"wp:attachment":[{"href":"https:\/\/www.facet.unt.edu.ar\/iest\/wp-json\/wp\/v2\/media?parent=274"}],"curies":[{"name":"wp","href":"https:\/\/api.w.org\/{rel}","templated":true}]}}