{"id":2882,"date":"2022-08-09T22:11:43","date_gmt":"2022-08-10T01:11:43","guid":{"rendered":"https:\/\/www.facet.unt.edu.ar\/iest\/?page_id=2882"},"modified":"2025-09-23T21:59:32","modified_gmt":"2025-09-24T00:59:32","slug":"modelos-para-simular-el-comportamiento-de-nuevos-materiales","status":"publish","type":"page","link":"https:\/\/www.facet.unt.edu.ar\/iest\/modelos-para-simular-el-comportamiento-de-nuevos-materiales\/","title":{"rendered":""},"content":{"rendered":"<p><strong>MODELOS PARA SIMULAR EL COMPORTAMIENTO DE NUEVOS MATERIALES COMPUESTOS (PIP CONICET)<\/strong><\/p>\n<p><em>MODELS TO SIMULATE THE BEHAVIOR OF NEW COMPOSITE MATERIALS<\/em><\/p>\n<p><strong>Director:<\/strong> <a title=\"Dra. Ing. Bibiana Luccioni\" href=\"https:\/\/www.facet.unt.edu.ar\/iest\/integrantes\/luccioni-bibiana-maria\/\">Dra. Ing. Bibiana Luccioni<\/a><\/p>\n<p><strong>Periodo de Ejecuci\u00f3n:<\/strong> 01\/12\/2021 &#8211; 31\/12\/2026<\/p>\n<p><a href=\"#GRUPO%20DE%20INVESTIGACI\u00d3N\">Ver Grupo de investigaci\u00f3n<\/a><\/p>\n<p><strong>Palabras Clave:<\/strong> Compuestos &#8211; Simulaci\u00f3n num\u00e9rica &#8211; Modelos constitutivos<br \/>\n<strong>Disciplinas Desagregadas:<\/strong> INGENIER\u00cdA-CIVIL \/ INGENIER\u00cdA-MEC\u00c1NICA<br \/>\n<strong>Campos de Aplicaci\u00f3n:<\/strong> Otros campos &#8211; Espacio &#8211; Veh\u00edculos y proyectos<\/p>\n<p><strong>Resumen:<\/strong><\/p>\n<p style=\"text-align: justify;\">Actualmente, en muchos campos de la ingenier\u00eda, aeron\u00e1utica, civil, biomec\u00e1nica, entre otros, se busca lograr estructuras y piezas esbeltas y muy resistentes para reducir el da\u00f1o y aumentar la seguridad. Esto ha llevado, por un lado, al desarrollo de nuevos materiales compuestos y, por otro lado, al desarrollo de modelos num\u00e9ricos que permitan dise\u00f1ar eficientemente las piezas construidas con esos materiales.<\/p>\n<p style=\"text-align: justify;\">La adecuada utilizaci\u00f3n de estos materiales compuestos requiere conocer y poder modelar con precisi\u00f3n su comportamiento, que incluye anisotrop\u00eda y procesos de falla que no son habituales en materiales tradicionales, como la p\u00e9rdida de adherencia entre las diferentes componentes del compuesto, que conduce a una reducci\u00f3n local de resistencia y rigidez y puede inducir a una falla estructural global.<\/p>\n<p style=\"text-align: justify;\">Este proyecto tiene por objetivo general formular modelos para el an\u00e1lisis del comportamiento de estructuras de materiales compuestos que se usan en la actualidad: compuestos reforzados con tejidos (composite-fabrics), compuestos con fibras cortas como los hormigones de altas prestaciones con fibras, compuestos piezoel\u00e9ctricos, laminados y compuestos en general.<\/p>\n<p style=\"text-align: justify;\">Se espera desarrollar herramientas num\u00e9ricas eficientes que permitan simular el comportamiento de estos materiales incluyendo de manera adecuada la cinem\u00e1tica de los compuestos, as\u00ed como los diferentes grados de acoplamiento y fen\u00f3menos no lineales, considerando la respuesta estructural a cargas est\u00e1ticas, din\u00e1micas, acciones t\u00e9rmicas y, en particular, acciones extremas. Las herramientas de c\u00e1lculo desarrolladas ser\u00e1n \u00fatiles para el an\u00e1lisis, dise\u00f1o, optimizaci\u00f3n de estructuras o elementos construidos o reforzados con estos materiales.<\/p>\n<p style=\"text-align: justify;\">\n<table style=\"border-collapse: collapse; width: 100%;\" border=\"1\">\n<tbody>\n<tr>\n<td style=\"width: 25%; background-color: #343538; text-align: center; vertical-align: middle;\"><span style=\"color: #ffffff;\">Apellido y Nombre<\/span><\/td>\n<td style=\"width: 25%; background-color: #343538; text-align: center; vertical-align: middle;\"><span style=\"color: #ffffff;\">Rol<\/span><\/td>\n<td style=\"width: 25%; background-color: #343538; text-align: center; vertical-align: middle;\"><span style=\"color: #ffffff;\">Horas<\/span><\/td>\n<td style=\"width: 25%; background-color: #343538; text-align: center; vertical-align: middle;\"><span style=\"color: #ffffff;\">Lugar de trabajo<\/span><\/td>\n<\/tr>\n<tr>\n<td>OLLER, SERGIO HORACIO<\/td>\n<td style=\"text-align: center;\">Investigador<\/td>\n<td style=\"text-align: center;\">\u2013<\/td>\n<td style=\"text-align: center;\">CONICET<\/td>\n<\/tr>\n<tr>\n<td>NALLIM, LIZ<\/td>\n<td style=\"text-align: center;\">Investigador<\/td>\n<td style=\"text-align: center;\">\u2013<\/td>\n<td style=\"text-align: center;\">UNT-FACET<\/td>\n<\/tr>\n<tr>\n<td>OLLER, SERGIO ALEJANDRO<\/td>\n<td style=\"text-align: center;\">Investigador<\/td>\n<td style=\"text-align: center;\">\u2013<\/td>\n<td style=\"text-align: center;\">CONICET<\/td>\n<\/tr>\n<tr>\n<td>ISLA, FACUNDO<\/td>\n<td style=\"text-align: center;\">Investigador<\/td>\n<td style=\"text-align: center;\">\u2013<\/td>\n<td style=\"text-align: center;\">UNT-FACET<\/td>\n<\/tr>\n<tr>\n<td>GUENNAM, AHMAD EDUARDO<\/td>\n<td style=\"text-align: center;\">Investigador<\/td>\n<td style=\"text-align: center;\">\u2013<\/td>\n<td style=\"text-align: center;\">UNT-FACET<\/td>\n<\/tr>\n<tr>\n<td>ARGA\u00d1ARAZ SAENZ, PAULA LUCIANA<\/td>\n<td style=\"text-align: center;\">Becaria<\/td>\n<td style=\"text-align: center;\">\u2013<\/td>\n<td style=\"text-align: center;\">UNT-FACET<\/td>\n<\/tr>\n<tr>\n<td>BIANCHI, SEBASTI\u00c1N EDUARDO<\/td>\n<td style=\"text-align: center;\">Becario<\/td>\n<td style=\"text-align: center;\">\u2013<\/td>\n<td style=\"text-align: center;\">UNT-FACET<\/td>\n<\/tr>\n<\/tbody>\n<\/table>\n","protected":false},"excerpt":{"rendered":"<p>MODELOS PARA SIMULAR EL COMPORTAMIENTO DE NUEVOS MATERIALES COMPUESTOS (PIP CONICET) MODELS TO SIMULATE THE BEHAVIOR OF NEW COMPOSITE MATERIALS Director: Dra. Ing. Bibiana Luccioni Periodo de Ejecuci\u00f3n: 01\/12\/2021 &#8211; 31\/12\/2026 Ver Grupo de investigaci\u00f3n Palabras Clave: Compuestos &#8211; Simulaci\u00f3n num\u00e9rica &#8211; Modelos constitutivos Disciplinas Desagregadas: INGENIER\u00cdA-CIVIL \/ INGENIER\u00cdA-MEC\u00c1NICA Campos de Aplicaci\u00f3n: Otros campos &#8211; [&hellip;]<\/p>\n","protected":false},"author":101037,"featured_media":0,"parent":0,"menu_order":0,"comment_status":"closed","ping_status":"closed","template":"","meta":[],"_links":{"self":[{"href":"https:\/\/www.facet.unt.edu.ar\/iest\/wp-json\/wp\/v2\/pages\/2882"}],"collection":[{"href":"https:\/\/www.facet.unt.edu.ar\/iest\/wp-json\/wp\/v2\/pages"}],"about":[{"href":"https:\/\/www.facet.unt.edu.ar\/iest\/wp-json\/wp\/v2\/types\/page"}],"author":[{"embeddable":true,"href":"https:\/\/www.facet.unt.edu.ar\/iest\/wp-json\/wp\/v2\/users\/101037"}],"replies":[{"embeddable":true,"href":"https:\/\/www.facet.unt.edu.ar\/iest\/wp-json\/wp\/v2\/comments?post=2882"}],"version-history":[{"count":6,"href":"https:\/\/www.facet.unt.edu.ar\/iest\/wp-json\/wp\/v2\/pages\/2882\/revisions"}],"predecessor-version":[{"id":3110,"href":"https:\/\/www.facet.unt.edu.ar\/iest\/wp-json\/wp\/v2\/pages\/2882\/revisions\/3110"}],"wp:attachment":[{"href":"https:\/\/www.facet.unt.edu.ar\/iest\/wp-json\/wp\/v2\/media?parent=2882"}],"curies":[{"name":"wp","href":"https:\/\/api.w.org\/{rel}","templated":true}]}}