{"id":2889,"date":"2022-08-09T22:37:12","date_gmt":"2022-08-10T01:37:12","guid":{"rendered":"https:\/\/www.facet.unt.edu.ar\/iest\/?page_id=2889"},"modified":"2022-08-09T22:37:12","modified_gmt":"2022-08-10T01:37:12","slug":"modelos-para-simular-el-comportamiento-de-nuevos-materiales-compuestos","status":"publish","type":"page","link":"https:\/\/www.facet.unt.edu.ar\/iest\/modelos-para-simular-el-comportamiento-de-nuevos-materiales-compuestos\/","title":{"rendered":"Modelos para simular el comportamiento de nuevos materiales compuestos"},"content":{"rendered":"<p><strong>MATERIALES COMPUESTOS BAJO ACCIONES DIN\u00c1MICAS (PIUNT 26\/E623)<\/strong><\/p>\n<p><strong>Director: OLLER, Sergio<\/strong><\/p>\n<p><strong>Co-Director: <a title=\"Dr. Ing. Luccioni Bibiana Maria\" href=\"https:\/\/www.facet.unt.edu.ar\/iest\/integrantes\/luccioni-bibiana-maria\/\">LUCCIONI Bibiana Maria<\/a><\/strong><\/p>\n<p><strong>Periodo de Ejecuci\u00f3n:<\/strong> Inicio 2021 &#8211; Finalizaci\u00f3n 2024<\/p>\n<p><a href=\"#GRUPO%20DE INVESTIGACI\u00d3N\">Ver Grupo de investigaci\u00f3n<\/a><\/p>\n<p><strong>Resumen:<\/strong><\/p>\n<p>Actualmente, en muchos campos de la ingenier\u00eda, aeron\u00e1utica, civil, biomec\u00e1nica, entre otros, se busca lograrestructuras y piezas esbeltas y muy resistentes para reducir el da\u00f1o y aumentar la seguridad. Esto ha llevado, porun lado, al desarrollo de nuevos materiales compuestos y, por otro lado, al desarrollo de modelos num\u00e9ricos quepermitan dise\u00f1ar eficientemente las piezas construidas con esos materiales. La adecuada utilizaci\u00f3n de estos materialescompuestos requiere conocer y poder modelar con precisi\u00f3n su comportamiento, que incluye anisotrop\u00eda y procesos defalla que no son habituales en materiales tradicionales, como la p\u00e9rdida de adherencia entre las diferentes componentesdel compuesto, que conduce a una reducci\u00f3n local de resistencia y rigidez y puede inducir a una falla estructuralglobal. Este proyecto tiene por objetivo general formular modelos para el an\u00e1lisis del comportamiento de estructurasde materiales compuestos que se usan en la actualidad: compuestos reforzados con tejidos (composite-frabrics),compuestos con fibras cortas como los hormigones de altas prestaciones con fibras, compuestos piezoel\u00e9ctricos,laminados y compuestos en general. Se espera desarrollar herramientas num\u00e9ricas eficientes que permitan simular elcomportamiento de estos materiales incluyendo de manera adecuada la cinem\u00e1tica de los compuestos, as\u00ed como losdiferentes grados de acoplamiento y fen\u00f3menos no lineales, considerando la respuesta estructural a cargas est\u00e1ticas,din\u00e1micas, acciones t\u00e9rmicas y, en particular, acciones extremas. Las herramientas de c\u00e1lculo desarrolladas ser\u00e1n \u00fatilespara el an\u00e1lisis, dise\u00f1o, optimizaci\u00f3n de estructuras o elementos construidos o reforzados con estos materiales.<\/p>\n<p style=\"text-align: justify;\"><a id=\"GRUPO DE INVESTIGACI\u00d3N\"><\/a><span style=\"color: #ffffff;\">facu<\/span><\/p>\n<p>&nbsp;<\/p>\n<table style=\"height: 300px;\">\n<tbody>\n<tr style=\"height: 40px;\">\n<td style=\"width: 677.153px; height: 40px; background-color: #343538; text-align: left; vertical-align: middle;\" colspan=\"4\">\n<h3 style=\"padding-left: 30px;\"><span style=\"color: #ffffff;\">GRUPO DE INVESTIGACI\u00d3N<\/span><\/h3>\n<\/td>\n<\/tr>\n<tr style=\"height: 20px;\">\n<td style=\"width: 677.153px; height: 20px; border-color: #ffffff; text-align: center; vertical-align: middle;\" colspan=\"4\"><\/td>\n<\/tr>\n<tr style=\"height: 40px;\">\n<td style=\"width: 192.708px; height: 40px; background-color: #343538; text-align: center; vertical-align: middle;\"><span style=\"color: #ffffff;\">Apellido y Nombre<\/span><\/td>\n<td style=\"width: 170.486px; height: 40px; background-color: #343538; text-align: center; vertical-align: middle;\"><span style=\"color: #ffffff;\">Rol<\/span><\/td>\n<td style=\"width: 144.931px; height: 40px; background-color: #343538; text-align: center; vertical-align: middle;\"><span style=\"color: #ffffff;\">Horas<\/span><\/td>\n<td style=\"width: 153.819px; height: 40px; background-color: #343538; text-align: center; vertical-align: middle;\"><span style=\"color: #ffffff;\">Lugar de trabajo<\/span><\/td>\n<\/tr>\n<tr style=\"height: 40px;\">\n<td style=\"width: 192.708px; height: 40px; text-align: left; vertical-align: middle;\">Nallim, Liz Graciela<\/td>\n<td style=\"width: 170.486px; height: 40px; vertical-align: middle; text-align: center;\">Investigador<\/td>\n<td style=\"width: 144.931px; height: 40px; vertical-align: middle; text-align: center;\">50<\/td>\n<td style=\"width: 153.819px; height: 40px; vertical-align: middle; text-align: center;\">UNSA<\/td>\n<\/tr>\n<tr style=\"height: 40px;\">\n<td style=\"width: 192.708px; height: 40px; text-align: left; vertical-align: middle;\">Ruano sandoval, Gonzalo<\/td>\n<td style=\"width: 170.486px; height: 40px; vertical-align: middle; text-align: center;\">Investigador<\/td>\n<td style=\"width: 144.931px; height: 40px; vertical-align: middle; text-align: center;\">80<\/td>\n<td style=\"width: 153.819px; height: 40px; vertical-align: middle; text-align: center;\">UNSA<\/td>\n<\/tr>\n<tr style=\"height: 40px;\">\n<td style=\"width: 192.708px; height: 40px; text-align: left; vertical-align: middle;\">Bellomo, Facundo<\/td>\n<td style=\"width: 170.486px; height: 40px; vertical-align: middle; text-align: center;\">Investigador<\/td>\n<td style=\"width: 144.931px; height: 40px; vertical-align: middle; text-align: center;\">80<\/td>\n<td style=\"width: 153.819px; height: 40px; vertical-align: middle; text-align: center;\">UNSA<\/td>\n<\/tr>\n<tr style=\"height: 40px;\">\n<td style=\"width: 192.708px; height: 40px; text-align: left; vertical-align: middle;\">Sanchez, Ezequiel<\/td>\n<td style=\"width: 170.486px; height: 40px; vertical-align: middle; text-align: center;\">Becario<\/td>\n<td style=\"width: 144.931px; height: 40px; vertical-align: middle; text-align: center;\">60<\/td>\n<td style=\"width: 153.819px; height: 40px; vertical-align: middle; text-align: center;\">UNSA<\/td>\n<\/tr>\n<tr style=\"height: 40px;\">\n<td style=\"width: 192.708px; height: 40px; text-align: left; vertical-align: middle;\">Oller, Sergio<\/td>\n<td style=\"width: 170.486px; height: 40px; vertical-align: middle; text-align: center;\">Investigador<\/td>\n<td style=\"width: 144.931px; height: 40px; vertical-align: middle; text-align: center;\">\u00a050<\/td>\n<td style=\"width: 153.819px; height: 40px; vertical-align: middle; text-align: center;\">UNSA<\/td>\n<\/tr>\n<tr style=\"height: 40px;\">\n<td style=\"width: 192.708px; height: 40px; text-align: left; vertical-align: middle;\">Gonzales, Jos\u00e9<\/td>\n<td style=\"width: 170.486px; height: 40px; vertical-align: middle; text-align: center;\">Becario<\/td>\n<td style=\"width: 144.931px; height: 40px; vertical-align: middle; text-align: center;\">60<\/td>\n<td style=\"width: 153.819px; height: 40px; vertical-align: middle; text-align: center;\">UNSA<\/td>\n<\/tr>\n<tr style=\"height: 40px;\">\n<td style=\"width: 192.708px; height: 40px; text-align: left; vertical-align: middle;\">Ruiz, \u00c1lvaro<\/td>\n<td style=\"width: 170.486px; height: 40px; vertical-align: middle; text-align: center;\">Becario<\/td>\n<td style=\"width: 144.931px; height: 40px; vertical-align: middle; text-align: center;\">60<\/td>\n<td style=\"width: 153.819px; height: 40px; vertical-align: middle; text-align: center;\">UNSA<\/td>\n<\/tr>\n<tr style=\"height: 40px;\">\n<td style=\"width: 192.708px; height: 40px; text-align: left; vertical-align: middle;\">Bienchi, Sebansti\u00e1n<\/td>\n<td style=\"width: 170.486px; height: 40px; vertical-align: middle; text-align: center;\">Becario<\/td>\n<td style=\"width: 144.931px; height: 40px; vertical-align: middle; text-align: center;\">80<\/td>\n<td style=\"width: 153.819px; height: 40px; vertical-align: middle; text-align: center;\">UNT-FACET<\/td>\n<\/tr>\n<tr style=\"height: 40px;\">\n<td style=\"width: 192.708px; height: 40px; text-align: left; vertical-align: middle;\">Luccioni, Bibiana<\/td>\n<td style=\"width: 170.486px; height: 40px; vertical-align: middle; text-align: center;\">Co-Titular<\/td>\n<td style=\"width: 144.931px; height: 40px; vertical-align: middle; text-align: center;\">80<\/td>\n<td style=\"width: 153.819px; height: 40px; vertical-align: middle; text-align: center;\">UNT-FACET<\/td>\n<\/tr>\n<tr style=\"height: 40px;\">\n<td style=\"width: 192.708px; height: 40px; text-align: left; vertical-align: middle;\">Arga\u00f1araz Saenz, Paula Luciana<\/td>\n<td style=\"width: 170.486px; height: 40px; vertical-align: middle; text-align: center;\">Becario<\/td>\n<td style=\"width: 144.931px; height: 40px; vertical-align: middle; text-align: center;\">80<\/td>\n<td style=\"width: 153.819px; height: 40px; vertical-align: middle; text-align: center;\">UNT-FACET<\/td>\n<\/tr>\n<tr style=\"height: 40px;\">\n<td style=\"width: 192.708px; height: 40px; text-align: left; vertical-align: middle;\">Isla, Facundo<\/td>\n<td style=\"width: 170.486px; height: 40px; vertical-align: middle; text-align: center;\">Investigador<\/td>\n<td style=\"width: 144.931px; height: 40px; vertical-align: middle; text-align: center;\">80<\/td>\n<td style=\"width: 153.819px; height: 40px; vertical-align: middle; text-align: center;\">UNT-FACET<\/td>\n<\/tr>\n<tr style=\"height: 40px;\">\n<td style=\"width: 192.708px; height: 40px; text-align: left; vertical-align: middle;\">Guennam, Ahmad Eduardo<\/td>\n<td style=\"width: 170.486px; height: 40px; vertical-align: middle; text-align: center;\">Investigador<\/td>\n<td style=\"width: 144.931px; height: 40px; vertical-align: middle; text-align: center;\">60<\/td>\n<td style=\"width: 153.819px; height: 40px; vertical-align: middle; text-align: center;\">UNT-FACET<\/td>\n<\/tr>\n<\/tbody>\n<\/table>\n<p>&nbsp;<\/p>\n","protected":false},"excerpt":{"rendered":"<p>MATERIALES COMPUESTOS BAJO ACCIONES DIN\u00c1MICAS (PIUNT 26\/E623) Director: OLLER, Sergio Co-Director: LUCCIONI Bibiana Maria Periodo de Ejecuci\u00f3n: Inicio 2021 &#8211; Finalizaci\u00f3n 2024 Ver Grupo de investigaci\u00f3n Resumen: Actualmente, en muchos campos de la ingenier\u00eda, aeron\u00e1utica, civil, biomec\u00e1nica, entre otros, se busca lograrestructuras y piezas esbeltas y muy resistentes para reducir el da\u00f1o y aumentar la [&hellip;]<\/p>\n","protected":false},"author":101037,"featured_media":0,"parent":0,"menu_order":0,"comment_status":"closed","ping_status":"closed","template":"","meta":[],"_links":{"self":[{"href":"https:\/\/www.facet.unt.edu.ar\/iest\/wp-json\/wp\/v2\/pages\/2889"}],"collection":[{"href":"https:\/\/www.facet.unt.edu.ar\/iest\/wp-json\/wp\/v2\/pages"}],"about":[{"href":"https:\/\/www.facet.unt.edu.ar\/iest\/wp-json\/wp\/v2\/types\/page"}],"author":[{"embeddable":true,"href":"https:\/\/www.facet.unt.edu.ar\/iest\/wp-json\/wp\/v2\/users\/101037"}],"replies":[{"embeddable":true,"href":"https:\/\/www.facet.unt.edu.ar\/iest\/wp-json\/wp\/v2\/comments?post=2889"}],"version-history":[{"count":1,"href":"https:\/\/www.facet.unt.edu.ar\/iest\/wp-json\/wp\/v2\/pages\/2889\/revisions"}],"predecessor-version":[{"id":2890,"href":"https:\/\/www.facet.unt.edu.ar\/iest\/wp-json\/wp\/v2\/pages\/2889\/revisions\/2890"}],"wp:attachment":[{"href":"https:\/\/www.facet.unt.edu.ar\/iest\/wp-json\/wp\/v2\/media?parent=2889"}],"curies":[{"name":"wp","href":"https:\/\/api.w.org\/{rel}","templated":true}]}}