{"id":292,"date":"2015-01-18T04:06:39","date_gmt":"2015-01-18T07:06:39","guid":{"rendered":"https:\/\/www.facet.unt.edu.ar\/iest\/?page_id=292"},"modified":"2021-02-19T23:21:24","modified_gmt":"2021-02-20T02:21:24","slug":"analisis-matricial-de-estructuras","status":"publish","type":"page","link":"https:\/\/www.facet.unt.edu.ar\/iest\/docencia\/lista-de-materias-para-el-curso-de-estudios\/analisis-matricial-de-estructuras\/","title":{"rendered":"An\u00e1lisis Matricial de Estructuras"},"content":{"rendered":"<div id=\"MainFeature\">\n<p style=\"text-align: center;\"><strong>MAESTRIA EN INGENIERIA ESTRUCTURAL Y\u00a0DOCTORADO EN INGENIERIA <\/strong><br \/>\nInstituto de Estructuras, Facultad de Ciencias Exactas y Tecnolog\u00eda &#8211; UNT<\/p>\n<h2 style=\"text-align: center;\">An\u00e1lisis Matricial de Estructuras<\/h2>\n<p><strong>Curso Instrumental Obligatorio<\/strong><\/p>\n<p><strong>Responsable:<\/strong> <a title=\"Mg. Ing. Guti\u00e9rrez Sergio E.\" href=\"https:\/\/www.facet.unt.edu.ar\/iest\/integrantes\/gutierrez-sergio-e\/\">Mg. Ing. Guti\u00e9rrez<\/a>, <a href=\"https:\/\/www.facet.unt.edu.ar\/iest\/integrantes\/almenar-martin\/\">Dr. Almenar<\/a><\/p>\n<p><strong>Duraci\u00f3n:<\/strong> 20 horas.<\/p>\n<h2>Contenidos M\u00ednimos<\/h2>\n<p style=\"text-align: justify;\">Introducci\u00f3n de los m\u00e9todos matriciales en ingenier\u00eda. Introducci\u00f3n al \u00c1lgebra matricial. Definiciones b\u00e1sicas. Operaciones fundamentales. Introducci\u00f3n al an\u00e1lisis matricial de estructuras. An\u00e1lisis matricial de sistemas reticulados. M\u00e9todo de la rigidez directa. Sistemas aporticados planos y espaciales. Condiciones de borde. Cargas por temperatura y corrimiento de apoyos. Aplicaciones con programas y programaci\u00f3n de sistemas estructurales de barra.<\/p>\n<h2>Bibliograf\u00eda<\/h2>\n<ul>\n<li>Brebbia C. and Ferrante A.J.. Computational Methods for the Solution of Engineering Problems.. Pentech Press Limited, 1978.<\/li>\n<li>Ern A., Guermond, J , Theory and Practice of Finite Elements. Springer USA. 2010<\/li>\n<li>Fenner, Roger T. Finite Element Methods for Engineers. Imperial College Press. 1996.<\/li>\n<li>Gal\u00edndez E.. An\u00e1lisis Matricial de Estructuras de Barras. Fac. de Ciencias Exactas y Tecnolog\u00eda, 1988.<\/li>\n<li>Introduction to Matrix Methods of Structural Analysis. McGraw-Hill. Inc., 1966.<\/li>\n<li>Matlab para Ingenieros. Manual. 2018.<\/li>\n<li>Theory of Matrix Structural Analysis. McGraw-Hill, Inc., 1968.<\/li>\n<li>Weaver, Jr. Computer Programs for Structural Analysis. Van Nostrand Company, 1967.<\/li>\n<\/ul>\n<\/div>\n","protected":false},"excerpt":{"rendered":"<p>MAESTRIA EN INGENIERIA ESTRUCTURAL Y\u00a0DOCTORADO EN INGENIERIA Instituto de Estructuras, Facultad de Ciencias Exactas y Tecnolog\u00eda &#8211; UNT An\u00e1lisis Matricial de Estructuras Curso Instrumental Obligatorio Responsable: Mg. Ing. Guti\u00e9rrez, Dr. Almenar Duraci\u00f3n: 20 horas. Contenidos M\u00ednimos Introducci\u00f3n de los m\u00e9todos matriciales en ingenier\u00eda. Introducci\u00f3n al \u00c1lgebra matricial. Definiciones b\u00e1sicas. Operaciones fundamentales. Introducci\u00f3n al an\u00e1lisis matricial [&hellip;]<\/p>\n","protected":false},"author":20,"featured_media":0,"parent":274,"menu_order":0,"comment_status":"closed","ping_status":"closed","template":"","meta":[],"_links":{"self":[{"href":"https:\/\/www.facet.unt.edu.ar\/iest\/wp-json\/wp\/v2\/pages\/292"}],"collection":[{"href":"https:\/\/www.facet.unt.edu.ar\/iest\/wp-json\/wp\/v2\/pages"}],"about":[{"href":"https:\/\/www.facet.unt.edu.ar\/iest\/wp-json\/wp\/v2\/types\/page"}],"author":[{"embeddable":true,"href":"https:\/\/www.facet.unt.edu.ar\/iest\/wp-json\/wp\/v2\/users\/20"}],"replies":[{"embeddable":true,"href":"https:\/\/www.facet.unt.edu.ar\/iest\/wp-json\/wp\/v2\/comments?post=292"}],"version-history":[{"count":9,"href":"https:\/\/www.facet.unt.edu.ar\/iest\/wp-json\/wp\/v2\/pages\/292\/revisions"}],"predecessor-version":[{"id":2712,"href":"https:\/\/www.facet.unt.edu.ar\/iest\/wp-json\/wp\/v2\/pages\/292\/revisions\/2712"}],"up":[{"embeddable":true,"href":"https:\/\/www.facet.unt.edu.ar\/iest\/wp-json\/wp\/v2\/pages\/274"}],"wp:attachment":[{"href":"https:\/\/www.facet.unt.edu.ar\/iest\/wp-json\/wp\/v2\/media?parent=292"}],"curies":[{"name":"wp","href":"https:\/\/api.w.org\/{rel}","templated":true}]}}