{"id":2925,"date":"2022-08-25T11:09:43","date_gmt":"2022-08-25T14:09:43","guid":{"rendered":"https:\/\/www.facet.unt.edu.ar\/iest\/?page_id=2925"},"modified":"2025-09-23T21:52:19","modified_gmt":"2025-09-24T00:52:19","slug":"formulacion-energetica","status":"publish","type":"page","link":"https:\/\/www.facet.unt.edu.ar\/iest\/formulacion-energetica\/","title":{"rendered":""},"content":{"rendered":"<p><strong>FORMULACI\u00d3N ENERG\u00c9TICA Y SIMULACI\u00d3N NUM\u00c9RICA DE PROCESOS MULTI-F\u00cdSICOS EN LA FRACTURA HIDR\u00c1ULICA DE MATERIALES POROSOS SATURADOS (PIUNT)<\/strong><\/p>\n<p><em>ENERGY FORMULATION AND NUMERICAL SIMULATION OF MULTI-PHYSICS PROCESSES IN HYDRAULIC FRACTURE OF SATURATED POROUS MATERIALS<\/em><\/p>\n<p><strong>Director:<\/strong> <a title=\"Dra. Mariela Luege\" href=\"https:\/\/catedras.facet.unt.edu.ar\/compsci\/mluege\/\">Dra. Mariela Luege<\/a><br \/>\n<strong>Co-Director:<\/strong> ORLANDO, Antonio<\/p>\n<p><strong>Periodo de Ejecuci\u00f3n:<\/strong> 02\/01\/2023 &#8211; 31\/12\/2026<\/p>\n<p><a href=\"#GRUPO%20DE%20INVESTIGACI\u00d3N\">Ver Grupo de investigaci\u00f3n<\/a><\/p>\n<p><strong>Resumen:<\/strong><\/p>\n<p style=\"text-align: justify;\">La fractura hidr\u00e1ulica es una t\u00e9cnica de perforaci\u00f3n usada para la extracci\u00f3n de gas y petr\u00f3leo de formaciones del subsuelo con baja porosidad y permeabilidad. Este proceso busca aumentar la permeabilidad de la formaci\u00f3n rocosa inyectando un fluido a alta velocidad y presi\u00f3n, generando as\u00ed un entramado de fisuras conjuntamente a la difusi\u00f3n de material permeable, llamado agente de sost\u00e9n o proppant con la funci\u00f3n de estabilizar las fisuras creadas.<br \/>\nActualmente es la tecnolog\u00eda con mayor impacto sobre la industria de producci\u00f3n de hidrocarburos, dado que ha permitido en el 2018 la independizaci\u00f3n energ\u00e9tica de EEUU. La Argentina tiene grandes yacimientos de hidrocarburos no convencionales, sin embargo, solo las cuencas de Neuqu\u00e9n Vaca Muerta y Los Molles, han sido parcialmente utilizadas.<br \/>\nA pesar de ser indudable la importancia de llevar a cabo programas de exploraci\u00f3n que conlleven la realizaci\u00f3n de pozos horizontales y verticales in situ, operaciones claramente muy costosas, los modelos f\u00edsicos y m\u00e9todos num\u00e9ricos para simulaciones a gran escala de yacimientos, representan una herramienta invalorable para el dise\u00f1o de procesos de fractura.<br \/>\nDichas simulaciones permiten potenciar el rendimiento del yacimiento y evitar futuros problemas especialmente en lo que respecta al tema ambiental. La aparici\u00f3n de fisuras no controladas es un hecho de extrema gravedad que puede provocar la conexi\u00f3n del estrato de inter\u00e9s con acu\u00edferos naturales y, por consiguiente, contaminar el agua del mismo.<br \/>\nEl objetivo general de este proyecto es por lo tanto el desarrollo de un modelo num\u00e9rico del proceso de fractura en un medio poroso saturado que tenga en cuenta: i) la nucleaci\u00f3n y evoluci\u00f3n de topolog\u00edas complejas de fracturas sin conocer a priori sus posibles patrones; ii) el transporte de fluidos y el transporte del proppant; y iii) sus interacciones con el proceso de fisuraci\u00f3n.<br \/>\nAdem\u00e1s de aplicar y desarrollar m\u00e9todos num\u00e9ricos avanzados para la simulaci\u00f3n de problemas de gran escala y la publicaci\u00f3n de art\u00edculos en revistas internacionales, nuestra meta es desarrollar un simulador num\u00e9rico del proceso de fractura hidr\u00e1ulica para yacimientos no convencionales que se base en modelos computacionales f\u00edsico y matem\u00e1ticamente consistentes, de manera de reproducir la compleja f\u00edsica involucrada e integrar as\u00ed el conocimiento cient\u00edfico y tecnol\u00f3gico en la descripci\u00f3n de los fen\u00f3menos y procesos que puedan originarse en la aplicaci\u00f3n de esta tecnolog\u00eda.<\/p>\n<table style=\"border-collapse: collapse; width: 100%;\" border=\"1\">\n<tbody>\n<tr>\n<td style=\"width: 25%; background-color: #343538; text-align: center; vertical-align: middle;\"><span style=\"color: #ffffff;\">Apellido y Nombre<\/span><\/td>\n<td style=\"width: 25%; background-color: #343538; text-align: center; vertical-align: middle;\"><span style=\"color: #ffffff;\">Rol<\/span><\/td>\n<td style=\"width: 25%; background-color: #343538; text-align: center; vertical-align: middle;\"><span style=\"color: #ffffff;\">Horas<\/span><\/td>\n<td style=\"width: 25%; background-color: #343538; text-align: center; vertical-align: middle;\"><span style=\"color: #ffffff;\">Lugar de trabajo<\/span><\/td>\n<\/tr>\n<tr>\n<td>CAMPRA, AGUSTINA MARIA<\/td>\n<td style=\"text-align: center;\">Investigador<\/td>\n<td style=\"text-align: center;\">20<\/td>\n<td style=\"text-align: center;\">UNT-FACET<\/td>\n<\/tr>\n<tr>\n<td>GORENA, JOEL FERNANDO<\/td>\n<td style=\"text-align: center;\">Investigador<\/td>\n<td style=\"text-align: center;\">10<\/td>\n<td style=\"text-align: center;\">UNT-FACET<\/td>\n<\/tr>\n<tr>\n<td>GUERRERO, JOS\u00c9 FACUNDO<\/td>\n<td style=\"text-align: center;\">Investigador<\/td>\n<td style=\"text-align: center;\">10<\/td>\n<td style=\"text-align: center;\">UNT-FACET<\/td>\n<\/tr>\n<tr>\n<td>LORETTO, LOURDES<\/td>\n<td style=\"text-align: center;\">Investigador<\/td>\n<td style=\"text-align: center;\">6<\/td>\n<td style=\"text-align: center;\">UNT-FACET<\/td>\n<\/tr>\n<tr>\n<td>MARTINEZ, JOSE ALEJANDRO<\/td>\n<td style=\"text-align: center;\">Investigador<\/td>\n<td style=\"text-align: center;\">10<\/td>\n<td style=\"text-align: center;\">UNT-FACET<\/td>\n<\/tr>\n<tr>\n<td>MORENO, PABLO NICOL\u00c1S<\/td>\n<td style=\"text-align: center;\">Investigador<\/td>\n<td style=\"text-align: center;\">10<\/td>\n<td style=\"text-align: center;\">UNT-FACET<\/td>\n<\/tr>\n<tr>\n<td>ORLANDO, ANTONIO<\/td>\n<td style=\"text-align: center;\">Co-Titular<\/td>\n<td style=\"text-align: center;\">20<\/td>\n<td style=\"text-align: center;\">UNT-FACET<\/td>\n<\/tr>\n<\/tbody>\n<\/table>\n","protected":false},"excerpt":{"rendered":"<p>FORMULACI\u00d3N ENERG\u00c9TICA Y SIMULACI\u00d3N NUM\u00c9RICA DE PROCESOS MULTI-F\u00cdSICOS EN LA FRACTURA HIDR\u00c1ULICA DE MATERIALES POROSOS SATURADOS (PIUNT) ENERGY FORMULATION AND NUMERICAL SIMULATION OF MULTI-PHYSICS PROCESSES IN HYDRAULIC FRACTURE OF SATURATED POROUS MATERIALS Director: Dra. Mariela Luege Co-Director: ORLANDO, Antonio Periodo de Ejecuci\u00f3n: 02\/01\/2023 &#8211; 31\/12\/2026 Ver Grupo de investigaci\u00f3n Resumen: La fractura hidr\u00e1ulica es una [&hellip;]<\/p>\n","protected":false},"author":101037,"featured_media":0,"parent":0,"menu_order":0,"comment_status":"closed","ping_status":"closed","template":"","meta":[],"_links":{"self":[{"href":"https:\/\/www.facet.unt.edu.ar\/iest\/wp-json\/wp\/v2\/pages\/2925"}],"collection":[{"href":"https:\/\/www.facet.unt.edu.ar\/iest\/wp-json\/wp\/v2\/pages"}],"about":[{"href":"https:\/\/www.facet.unt.edu.ar\/iest\/wp-json\/wp\/v2\/types\/page"}],"author":[{"embeddable":true,"href":"https:\/\/www.facet.unt.edu.ar\/iest\/wp-json\/wp\/v2\/users\/101037"}],"replies":[{"embeddable":true,"href":"https:\/\/www.facet.unt.edu.ar\/iest\/wp-json\/wp\/v2\/comments?post=2925"}],"version-history":[{"count":5,"href":"https:\/\/www.facet.unt.edu.ar\/iest\/wp-json\/wp\/v2\/pages\/2925\/revisions"}],"predecessor-version":[{"id":3106,"href":"https:\/\/www.facet.unt.edu.ar\/iest\/wp-json\/wp\/v2\/pages\/2925\/revisions\/3106"}],"wp:attachment":[{"href":"https:\/\/www.facet.unt.edu.ar\/iest\/wp-json\/wp\/v2\/media?parent=2925"}],"curies":[{"name":"wp","href":"https:\/\/api.w.org\/{rel}","templated":true}]}}