{"id":2929,"date":"2022-08-25T11:29:00","date_gmt":"2022-08-25T14:29:00","guid":{"rendered":"https:\/\/www.facet.unt.edu.ar\/iest\/?page_id=2929"},"modified":"2022-08-25T11:35:08","modified_gmt":"2022-08-25T14:35:08","slug":"diseno-y-evaluacion-de-danos-e-integridad-de-tanques-para-almacenamiento-de-petroleo-frente-a-acciones-extremas","status":"publish","type":"page","link":"https:\/\/www.facet.unt.edu.ar\/iest\/diseno-y-evaluacion-de-danos-e-integridad-de-tanques-para-almacenamiento-de-petroleo-frente-a-acciones-extremas\/","title":{"rendered":"Dise\u00f1o y evaluaci\u00f3n de da\u00f1os e integridad de tanques para almacenamiento de petr\u00f3leo frente a acciones extremas\u00a0"},"content":{"rendered":"<p><strong>Dise\u00f1o y evaluaci\u00f3n de da\u00f1os e integridad de tanques para almacenamiento de petr\u00f3leo frente a acciones extremas\u00a0<\/strong><\/p>\n<p><strong>Directores: LUCCIONI, Bibiana Mar\u00eda y Dodoy, Luis Augusto<\/strong><\/p>\n<p><a href=\"#GRUPO%20DE INVESTIGACI\u00d3N\">Ver Grupo de investigaci\u00f3n<\/a><\/p>\n<p><strong>Resumen:<\/strong><\/p>\n<p style=\"text-align: justify;\">El almacenamiento de fluidos tiene vital importancia en la industria de hidrocarburos en la regi\u00f3n del Comahue, tanto para almacenar petr\u00f3leo crudo como combustible en zonas de producci\u00f3n o refiner\u00edas. Los tanques met\u00e1licos utilizados para tal fin est\u00e1n expuestos a agentes naturales como el viento y accidentes, como incendios y explosiones, que producen da\u00f1os directos a la infraestructura y ocasionan derrames que pueden dar lugar a otros accidentes y desencadenar una falla en cadena. Como consecuencia, se producen dificultades econ\u00f3micas (costo de la infraestructura), operacionales de la industria (incapacidad de operar la planta), ambientales (contaminaci\u00f3n de suelo y acu\u00edferos), sociales, y otras. Este proyecto se focaliza en los efectos de viento, fuego y explosiones sobre los tanques de almacenamiento de petr\u00f3leo y derivados. El trabajo se realiza en forma num\u00e9rica, investigando la respuesta estructural de los tanques con el fin de evaluar da\u00f1os para las acciones consideradas. En particular, para viento se evaluar\u00e1n curvas de fragilidad en base a la probabilidad de alcanzar un determinado nivel de da\u00f1o para una medida de amenaza considerada. Para las acciones de fuego y explosiones se plantea evaluar la integridad de los tanques caracterizando los da\u00f1os mediante modelos num\u00e9ricos, considerando no linealidad geom\u00e9trica y de material. La distribuci\u00f3n de temperaturas sobre los tanques por acci\u00f3n de fuego se modela mediante transferencia de calor o modelos simplificados, mientras que para explosiones se usar\u00e1n modelos de la fuente y sus caracter\u00edsticas que permiten obtener las presiones din\u00e1micas sobre el tanque evaluando el comportamiento estructural con modelos acoplados de la explosi\u00f3n y la estructura (hidro-c\u00f3digos). El estudio se completa con una evaluaci\u00f3n de los criterios de dise\u00f1o existentes para c\u00e1scaras met\u00e1licas en el contexto de la comunidad europea. La tem\u00e1tica de trabajo est\u00e1 dirigida al desarrollo e investigaci\u00f3n aplicada con impacto en las industrias regionales pretendiendo generar recomendaciones que contribuyan a la seguridad de estructuras existentes. El proyecto tiene un fuerte componente en el trabajo interdisciplinario entre los diferentes nodos, orientado a una transferencia al medio del conocimiento generado y favoreciendo la formaci\u00f3n de recursos humanos.<\/p>\n<p style=\"text-align: justify;\"><a id=\"GRUPO DE INVESTIGACI\u00d3N\"><\/a><span style=\"color: #ffffff;\">facu<\/span><\/p>\n<p>&nbsp;<\/p>\n<p><strong>Investigadores la la UNC, de la UNCo y de la UNT<\/strong><\/p>\n","protected":false},"excerpt":{"rendered":"<p>Dise\u00f1o y evaluaci\u00f3n de da\u00f1os e integridad de tanques para almacenamiento de petr\u00f3leo frente a acciones extremas\u00a0 Directores: LUCCIONI, Bibiana Mar\u00eda y Dodoy, Luis Augusto Ver Grupo de investigaci\u00f3n Resumen: El almacenamiento de fluidos tiene vital importancia en la industria de hidrocarburos en la regi\u00f3n del Comahue, tanto para almacenar petr\u00f3leo crudo como combustible en [&hellip;]<\/p>\n","protected":false},"author":101037,"featured_media":0,"parent":0,"menu_order":0,"comment_status":"closed","ping_status":"closed","template":"","meta":[],"_links":{"self":[{"href":"https:\/\/www.facet.unt.edu.ar\/iest\/wp-json\/wp\/v2\/pages\/2929"}],"collection":[{"href":"https:\/\/www.facet.unt.edu.ar\/iest\/wp-json\/wp\/v2\/pages"}],"about":[{"href":"https:\/\/www.facet.unt.edu.ar\/iest\/wp-json\/wp\/v2\/types\/page"}],"author":[{"embeddable":true,"href":"https:\/\/www.facet.unt.edu.ar\/iest\/wp-json\/wp\/v2\/users\/101037"}],"replies":[{"embeddable":true,"href":"https:\/\/www.facet.unt.edu.ar\/iest\/wp-json\/wp\/v2\/comments?post=2929"}],"version-history":[{"count":5,"href":"https:\/\/www.facet.unt.edu.ar\/iest\/wp-json\/wp\/v2\/pages\/2929\/revisions"}],"predecessor-version":[{"id":2936,"href":"https:\/\/www.facet.unt.edu.ar\/iest\/wp-json\/wp\/v2\/pages\/2929\/revisions\/2936"}],"wp:attachment":[{"href":"https:\/\/www.facet.unt.edu.ar\/iest\/wp-json\/wp\/v2\/media?parent=2929"}],"curies":[{"name":"wp","href":"https:\/\/api.w.org\/{rel}","templated":true}]}}