{"id":298,"date":"2015-01-18T04:09:21","date_gmt":"2015-01-18T07:09:21","guid":{"rendered":"https:\/\/www.facet.unt.edu.ar\/iest\/?page_id=298"},"modified":"2026-02-06T19:12:53","modified_gmt":"2026-02-06T22:12:53","slug":"dinamica-estructural-i","status":"publish","type":"page","link":"https:\/\/www.facet.unt.edu.ar\/iest\/docencia\/lista-de-materias-para-el-curso-de-estudios\/dinamica-estructural-i\/","title":{"rendered":"Din\u00e1mica Estructural I"},"content":{"rendered":"<div id=\"MainFeature\">\n<p style=\"text-align: center;\"><strong>MAESTRIA EN INGENIERIA ESTRUCTURAL Y\u00a0DOCTORADO EN INGENIERIA <\/strong><br \/>\nInstituto de Estructuras, Facultad de Ciencias Exactas y Tecnolog\u00eda &#8211; UNT<\/p>\n<h2 style=\"text-align: center;\">Din\u00e1mica Estructural I<\/h2>\n<p><strong>Curso Fundamental Obligatorio<\/strong><\/p>\n<p><strong>Responsable:<\/strong> <a href=\"https:\/\/www.facet.unt.edu.ar\/iest\/integrantes\/ramallo-carlos\/\">Dr. Ing J. C. Ramallo<\/a>, Mg. Ing. O. Dip, <a href=\"https:\/\/www.facet.unt.edu.ar\/iest\/integrantes\/araoz-gabriel\/\">Dr. Ing. G. Ar\u00e1oz<\/a><\/p>\n<p><strong>Duraci\u00f3n:<\/strong> 40 horas.<\/p>\n<h2>Contenidos M\u00ednimos<\/h2>\n<p style=\"text-align: justify;\">Ecuaciones de movimiento. Sistemas de un grado de libertad: Vibraciones libres y vibraciones forzadas. Sistemas de varios grados de libertad: Vibraciones libres, modos naturales de vibraci\u00f3n, vibraciones forzadas, m\u00e9todo de superposici\u00f3n modal, integraci\u00f3n directa de las ecuaciones de movimiento.<\/p>\n<h2>Bibliograf\u00eda<\/h2>\n<ul>\n<li>Biggs J.M. Introduction to Structural Dynamics. McGraw-Hill, Inc., 1964<\/li>\n<li>Clough R.W. and Penzien J.Dynamics of Structures. McGraw-Hill, Inc., Second Edition,1993.<\/li>\n<li>Chopra A. Dynamics of Structures. Theory and Applications to Earthquake Engineering. Pearson-Prentice Hall. Third Edition, 2007.<\/li>\n<li>Hurty W.C. and Rubinstein M.F. Dynamics of Structures. Prentice-Hall, Inc.1964<\/li>\n<li>Meirovitch Elements of Vibration Analysis. McGraw-Hill, Inc., 1986<\/li>\n<li>Paz M. and Leigh Structural Dynamics: Theory and Computation. Kluwer Academic Publishers. Fifth Edition, 2004.<\/li>\n<li>Paz M. International Handbook of Earthquake Engineering Codes, Programs, and Examples. Chapman &amp; Hall, Inc., 1994.<\/li>\n<\/ul>\n<\/div>\n","protected":false},"excerpt":{"rendered":"<p>MAESTRIA EN INGENIERIA ESTRUCTURAL Y\u00a0DOCTORADO EN INGENIERIA Instituto de Estructuras, Facultad de Ciencias Exactas y Tecnolog\u00eda &#8211; UNT Din\u00e1mica Estructural I Curso Fundamental Obligatorio Responsable: Dr. Ing J. C. Ramallo, Mg. Ing. O. Dip, Dr. Ing. G. Ar\u00e1oz Duraci\u00f3n: 40 horas. Contenidos M\u00ednimos Ecuaciones de movimiento. Sistemas de un grado de libertad: Vibraciones libres y [&hellip;]<\/p>\n","protected":false},"author":20,"featured_media":0,"parent":274,"menu_order":6,"comment_status":"closed","ping_status":"closed","template":"","meta":[],"_links":{"self":[{"href":"https:\/\/www.facet.unt.edu.ar\/iest\/wp-json\/wp\/v2\/pages\/298"}],"collection":[{"href":"https:\/\/www.facet.unt.edu.ar\/iest\/wp-json\/wp\/v2\/pages"}],"about":[{"href":"https:\/\/www.facet.unt.edu.ar\/iest\/wp-json\/wp\/v2\/types\/page"}],"author":[{"embeddable":true,"href":"https:\/\/www.facet.unt.edu.ar\/iest\/wp-json\/wp\/v2\/users\/20"}],"replies":[{"embeddable":true,"href":"https:\/\/www.facet.unt.edu.ar\/iest\/wp-json\/wp\/v2\/comments?post=298"}],"version-history":[{"count":7,"href":"https:\/\/www.facet.unt.edu.ar\/iest\/wp-json\/wp\/v2\/pages\/298\/revisions"}],"predecessor-version":[{"id":3156,"href":"https:\/\/www.facet.unt.edu.ar\/iest\/wp-json\/wp\/v2\/pages\/298\/revisions\/3156"}],"up":[{"embeddable":true,"href":"https:\/\/www.facet.unt.edu.ar\/iest\/wp-json\/wp\/v2\/pages\/274"}],"wp:attachment":[{"href":"https:\/\/www.facet.unt.edu.ar\/iest\/wp-json\/wp\/v2\/media?parent=298"}],"curies":[{"name":"wp","href":"https:\/\/api.w.org\/{rel}","templated":true}]}}