{"id":300,"date":"2015-01-18T04:10:31","date_gmt":"2015-01-18T07:10:31","guid":{"rendered":"https:\/\/www.facet.unt.edu.ar\/iest\/?page_id=300"},"modified":"2026-02-07T06:33:07","modified_gmt":"2026-02-07T09:33:07","slug":"mecanica-de-los-solidos","status":"publish","type":"page","link":"https:\/\/www.facet.unt.edu.ar\/iest\/docencia\/lista-de-materias-para-el-curso-de-estudios\/mecanica-de-los-solidos\/","title":{"rendered":"Mec\u00e1nica de los S\u00f3lidos I"},"content":{"rendered":"<div id=\"MainFeature\">\n<p style=\"text-align: center;\"><strong>MAESTRIA EN INGENIERIA ESTRUCTURAL Y\u00a0DOCTORADO EN INGENIERIA <\/strong><br \/>\nInstituto de Estructuras, Facultad de Ciencias Exactas y Tecnolog\u00eda &#8211; UNT<\/p>\n<h2 style=\"text-align: center;\">Mec\u00e1nica de los S\u00f3lidos I<\/h2>\n<p><strong>Curso Fundamental Obligatorio<\/strong><\/p>\n<p><strong>Responsable:<\/strong> <a title=\"Dr. Ing. Luccioni Bibiana Maria\" href=\"https:\/\/www.facet.unt.edu.ar\/iest\/integrantes\/luccioni-bibiana-maria\/\">Dr. Ing. Bibiana Luccioni<\/a><\/p>\n<p><strong>Duraci\u00f3n:<\/strong> 40 horas.<\/p>\n<h2>Contenidos M\u00ednimos<\/h2>\n<p style=\"text-align: justify;\">An\u00e1lisis Tensorial. Tensiones. Deformaciones. Ecuaci\u00f3n de continuidad. Ecuaci\u00f3n de Movimiento. Momento de la cantidad de movimiento. Primera y Segunda Ley de la Termodin\u00e1mica. Potenciales termodin\u00e1micos. Relaci\u00f3n tensi\u00f3n-deformaci\u00f3n para materiales el\u00e1sticos is\u00f3tropos. Problemas de contorno. Principio de Saint Venant. Equilibrio y unicidad de las soluciones.<\/p>\n<h2>Bibliograf\u00eda<\/h2>\n<ul>\n<li>Dym C. L., Shames I. H., \u201cSolid Mechanics: A Variational Approach\u201d, Mc. Graw- Hill, 1973.Fung Y.C., Foundations of Solids Mechanics, Prentice Hall, 1965<\/li>\n<li>Fung Y. C., \u201cClassical and Computational Solid Mechanics (Advanced Series in Engineering Science)&#8221;, World Scientific Publishing, 2005.<\/li>\n<li>Malvern L.E., Introduction to the Mechanics of Continuous Medium, Prentice Hall, USA, 1969.<\/li>\n<li>Maugin G. A., \u201cThe Thermomechanics of Plasticity and Fracture\u201d, Camb. Univ.Press, 1992.<\/li>\n<li>Shames I., \u201cMechanics of Deformable Solids\u201d, Prentice-Hall, Inc., 1964.<\/li>\n<\/ul>\n<\/div>\n","protected":false},"excerpt":{"rendered":"<p>MAESTRIA EN INGENIERIA ESTRUCTURAL Y\u00a0DOCTORADO EN INGENIERIA Instituto de Estructuras, Facultad de Ciencias Exactas y Tecnolog\u00eda &#8211; UNT Mec\u00e1nica de los S\u00f3lidos I Curso Fundamental Obligatorio Responsable: Dr. Ing. Bibiana Luccioni Duraci\u00f3n: 40 horas. Contenidos M\u00ednimos An\u00e1lisis Tensorial. Tensiones. Deformaciones. Ecuaci\u00f3n de continuidad. Ecuaci\u00f3n de Movimiento. Momento de la cantidad de movimiento. Primera y Segunda [&hellip;]<\/p>\n","protected":false},"author":20,"featured_media":0,"parent":274,"menu_order":3,"comment_status":"closed","ping_status":"closed","template":"","meta":[],"_links":{"self":[{"href":"https:\/\/www.facet.unt.edu.ar\/iest\/wp-json\/wp\/v2\/pages\/300"}],"collection":[{"href":"https:\/\/www.facet.unt.edu.ar\/iest\/wp-json\/wp\/v2\/pages"}],"about":[{"href":"https:\/\/www.facet.unt.edu.ar\/iest\/wp-json\/wp\/v2\/types\/page"}],"author":[{"embeddable":true,"href":"https:\/\/www.facet.unt.edu.ar\/iest\/wp-json\/wp\/v2\/users\/20"}],"replies":[{"embeddable":true,"href":"https:\/\/www.facet.unt.edu.ar\/iest\/wp-json\/wp\/v2\/comments?post=300"}],"version-history":[{"count":13,"href":"https:\/\/www.facet.unt.edu.ar\/iest\/wp-json\/wp\/v2\/pages\/300\/revisions"}],"predecessor-version":[{"id":3163,"href":"https:\/\/www.facet.unt.edu.ar\/iest\/wp-json\/wp\/v2\/pages\/300\/revisions\/3163"}],"up":[{"embeddable":true,"href":"https:\/\/www.facet.unt.edu.ar\/iest\/wp-json\/wp\/v2\/pages\/274"}],"wp:attachment":[{"href":"https:\/\/www.facet.unt.edu.ar\/iest\/wp-json\/wp\/v2\/media?parent=300"}],"curies":[{"name":"wp","href":"https:\/\/api.w.org\/{rel}","templated":true}]}}