{"id":302,"date":"2015-01-18T04:11:34","date_gmt":"2015-01-18T07:11:34","guid":{"rendered":"https:\/\/www.facet.unt.edu.ar\/iest\/?page_id=302"},"modified":"2021-02-20T01:07:02","modified_gmt":"2021-02-20T04:07:02","slug":"metodos-numerico-computacionales-i","status":"publish","type":"page","link":"https:\/\/www.facet.unt.edu.ar\/iest\/docencia\/lista-de-materias-para-el-curso-de-estudios\/metodos-numerico-computacionales-i\/","title":{"rendered":"M\u00e9todos Num\u00e9rico-Computacionales I"},"content":{"rendered":"<div id=\"MainFeature\">\n<p style=\"text-align: center;\"><strong>MAESTRIA EN INGENIERIA ESTRUCTURAL Y\u00a0DOCTORADO EN INGENIERIA <\/strong><br \/>\nInstituto de Estructuras, Facultad de Ciencias Exactas y Tecnolog\u00eda &#8211; UNT<\/p>\n<h2 style=\"text-align: center;\">M\u00e9todos Num\u00e9rico-Computacionales I<\/h2>\n<p><strong>Curso Fundamental Obligatorio<\/strong><\/p>\n<p><strong>Responsable:<\/strong> Dr. Ing. Guillermo Etse, Dr. Ing. S. Vrech.<\/p>\n<p><strong>Duraci\u00f3n:<\/strong> 60 horas.<\/p>\n<h2>Contenidos M\u00ednimos<\/h2>\n<p style=\"text-align: justify;\">La mec\u00e1nica del continuo. Formulaciones diferenciales. Formulaciones integrales: principios f\u00edsicos globales, principios variacionales. El m\u00e9todo de las diferencias finitas : Propiedades generales, errores, problemas de valores de contorno, aplicaciones. M\u00e9todo de los residuos ponderados y variacionales. El m\u00e9todo de elementos finitos. Formulaci\u00f3n de elementos finitos basada en campos de desplazamientos. Partici\u00f3n del dominio, interpolaci\u00f3n local, ensamble, condiciones de contorno. Criterios de convergencia. Errores. Elementos isoparam\u00e9tricos y mixtos. Implementaci\u00f3n num\u00e9rica.<\/p>\n<h2>Bibliograf\u00eda<\/h2>\n<ul>\n<li>Bathe, K.J., \u201cFinite Element Procedures in Engineering Analysis\u201d. Prentice Hall, Engelwoods Cliffs, J., 1982.<\/li>\n<li>Crisfield M. Finite Elements and Solution Procedures for Structural Analysis, Vol I: Linear Analysis, Pineridge Press, Swansea, U.\u00a0K., 1986.<\/li>\n<li>Felippa C. Apuntes de Clases de Cursos de Postgrado \u201cFinite Element Method. Linear Analysis\u201dde la Universidad de Colorado en Boulder.<\/li>\n<li>Hugues T.J.R. The Finite Element Method -Linear Static and Dynamic Finite Element Analysis: Prentice-Hall, 1987.<\/li>\n<li>Zienkiewicz, O.C. El M\u00e9todo de los Elementos Finitos Parte I y II. Mc Graw-Hill, 1980.<\/li>\n<\/ul>\n<\/div>\n","protected":false},"excerpt":{"rendered":"<p>MAESTRIA EN INGENIERIA ESTRUCTURAL Y\u00a0DOCTORADO EN INGENIERIA Instituto de Estructuras, Facultad de Ciencias Exactas y Tecnolog\u00eda &#8211; UNT M\u00e9todos Num\u00e9rico-Computacionales I Curso Fundamental Obligatorio Responsable: Dr. Ing. Guillermo Etse, Dr. Ing. S. Vrech. Duraci\u00f3n: 60 horas. Contenidos M\u00ednimos La mec\u00e1nica del continuo. Formulaciones diferenciales. Formulaciones integrales: principios f\u00edsicos globales, principios variacionales. El m\u00e9todo de las [&hellip;]<\/p>\n","protected":false},"author":20,"featured_media":0,"parent":274,"menu_order":5,"comment_status":"closed","ping_status":"closed","template":"","meta":[],"_links":{"self":[{"href":"https:\/\/www.facet.unt.edu.ar\/iest\/wp-json\/wp\/v2\/pages\/302"}],"collection":[{"href":"https:\/\/www.facet.unt.edu.ar\/iest\/wp-json\/wp\/v2\/pages"}],"about":[{"href":"https:\/\/www.facet.unt.edu.ar\/iest\/wp-json\/wp\/v2\/types\/page"}],"author":[{"embeddable":true,"href":"https:\/\/www.facet.unt.edu.ar\/iest\/wp-json\/wp\/v2\/users\/20"}],"replies":[{"embeddable":true,"href":"https:\/\/www.facet.unt.edu.ar\/iest\/wp-json\/wp\/v2\/comments?post=302"}],"version-history":[{"count":6,"href":"https:\/\/www.facet.unt.edu.ar\/iest\/wp-json\/wp\/v2\/pages\/302\/revisions"}],"predecessor-version":[{"id":2769,"href":"https:\/\/www.facet.unt.edu.ar\/iest\/wp-json\/wp\/v2\/pages\/302\/revisions\/2769"}],"up":[{"embeddable":true,"href":"https:\/\/www.facet.unt.edu.ar\/iest\/wp-json\/wp\/v2\/pages\/274"}],"wp:attachment":[{"href":"https:\/\/www.facet.unt.edu.ar\/iest\/wp-json\/wp\/v2\/media?parent=302"}],"curies":[{"name":"wp","href":"https:\/\/api.w.org\/{rel}","templated":true}]}}