{"id":304,"date":"2015-01-18T04:12:28","date_gmt":"2015-01-18T07:12:28","guid":{"rendered":"https:\/\/www.facet.unt.edu.ar\/iest\/?page_id=304"},"modified":"2021-02-20T01:05:21","modified_gmt":"2021-02-20T04:05:21","slug":"modelacion-constitutiva-i","status":"publish","type":"page","link":"https:\/\/www.facet.unt.edu.ar\/iest\/docencia\/lista-de-materias-para-el-curso-de-estudios\/modelacion-constitutiva-i\/","title":{"rendered":"Modelaci\u00f3n Constitutiva I"},"content":{"rendered":"<div id=\"MainFeature\">\n<p style=\"text-align: center;\"><strong>MAESTRIA EN INGENIERIA ESTRUCTURAL Y\u00a0DOCTORADO EN INGENIERIA <\/strong><br \/>\nInstituto de Estructuras, Facultad de Ciencias Exactas y Tecnolog\u00eda &#8211; UNT<\/p>\n<h2 style=\"text-align: center;\">Modelaci\u00f3n Constitutiva I<\/h2>\n<p><strong>Curso Fundamental Obligatorio<\/strong><\/p>\n<p><strong>Responsable:<\/strong> <a title=\"Dr. Ing. Luccioni Bibiana Maria\" href=\"https:\/\/www.facet.unt.edu.ar\/iest\/integrantes\/luccioni-bibiana-maria\/\">Dr. Ing. Luccioni\u00a0Bibiana Mar\u00eda<\/a>, <a title=\"Dr. Ing. Isla Facundo\" href=\"https:\/\/www.facet.unt.edu.ar\/iest\/integrantes\/isla-facundo\/\">Dr. Ing. Isla Facundo<\/a><\/p>\n<p><strong>Duraci\u00f3n:<\/strong> 40 horas.<\/p>\n<h2>Contenidos M\u00ednimos<\/h2>\n<p style=\"text-align: justify;\">Ecuaciones Constitutivas. Materiales ideales. Clasificaci\u00f3n general de los modelos constitutivos. Fenomenolog\u00eda de las deformaciones pl\u00e1sticas. Teor\u00eda incremental de la plasticidad. Superficie de fluencia y superficie de carga pl\u00e1stica. Condiciones de carga\/descarga. Regla de flujo pl\u00e1stico. Postulados de estabilidad de Drucker. Axioma de la M\u00e1xima Disipaci\u00f3n Pl\u00e1stica. Teoremas fundamentales. Variables generalizadas. Imlementaci\u00f3n num\u00e9rica de modelos elastopl\u00e1sticos.<\/p>\n<h2>Bibliograf\u00eda<\/h2>\n<ul>\n<li>Chen, W.F., Plasticity in Reinforced Concrete, Mc Graw Hill, 1982.<\/li>\n<li>Crisfield, Non Linear Finite Element Analysis of Solids and Structures, Vol. I y II, John Willey &amp; Sons, England, 1991.<\/li>\n<li>Desai, Constitutive Laws for Engineering Materials with Emphasis in Geological Materials, Prentice Hall, 1984.<\/li>\n<li>Fung Y.C., Foundations of Solids Mechanics, Prentice Hall, 1965<\/li>\n<li>Hill, R., The Mathematical Theory Of Plasticity, Oxford university Press, Ely House, London, 1967.<\/li>\n<li>Hinton y Owen, Finite Elements in Plasticity, Pineridge Press Limited, Swansea, 1980.<\/li>\n<li>Johnson, W. and Mellor P.B., Engineering Plasticity, Van Nostrand Reinhold London, 1973.<\/li>\n<li>Kachanov, L.M., Fundamentals of the Theory of Plasticity, Mir Publishers, 1974<\/li>\n<li>Kojic M., Bathe k. J., Inelastic Analysis of Solids and Structures, Computational Fluid and Solid Mechanics, Springer, 2005.<\/li>\n<li>Lemaitre J., Chaboche J.L., Mechanics of Solids Materials, Cambridge University Press, 2000.<\/li>\n<li>Lubliner, J., Plasticity Theory, Mc. Millan Publishing U.S.A., 1990.<\/li>\n<li>Malvern, Introduction to the Mechanics of Continuous Medium, Prentice Hall, USA, 1969.<\/li>\n<li>Maugin G.A., The Thermomechanics of Plasticity and Fracture, Cambridge University Press, 1992.<\/li>\n<li>Oller S., Fractura Mec\u00e1nica. Un enfoque global, CIMNE, Barcelona, Espa\u00f1a, 2001.<\/li>\n<li>Simo and Hughes, Computational Inelasticity, Interdisciplinary Applied mathematics, Springer, 1997<\/li>\n<\/ul>\n<\/div>\n","protected":false},"excerpt":{"rendered":"<p>MAESTRIA EN INGENIERIA ESTRUCTURAL Y\u00a0DOCTORADO EN INGENIERIA Instituto de Estructuras, Facultad de Ciencias Exactas y Tecnolog\u00eda &#8211; UNT Modelaci\u00f3n Constitutiva I Curso Fundamental Obligatorio Responsable: Dr. Ing. Luccioni\u00a0Bibiana Mar\u00eda, Dr. Ing. Isla Facundo Duraci\u00f3n: 40 horas. Contenidos M\u00ednimos Ecuaciones Constitutivas. Materiales ideales. Clasificaci\u00f3n general de los modelos constitutivos. Fenomenolog\u00eda de las deformaciones pl\u00e1sticas. Teor\u00eda incremental [&hellip;]<\/p>\n","protected":false},"author":20,"featured_media":0,"parent":274,"menu_order":8,"comment_status":"closed","ping_status":"closed","template":"","meta":[],"_links":{"self":[{"href":"https:\/\/www.facet.unt.edu.ar\/iest\/wp-json\/wp\/v2\/pages\/304"}],"collection":[{"href":"https:\/\/www.facet.unt.edu.ar\/iest\/wp-json\/wp\/v2\/pages"}],"about":[{"href":"https:\/\/www.facet.unt.edu.ar\/iest\/wp-json\/wp\/v2\/types\/page"}],"author":[{"embeddable":true,"href":"https:\/\/www.facet.unt.edu.ar\/iest\/wp-json\/wp\/v2\/users\/20"}],"replies":[{"embeddable":true,"href":"https:\/\/www.facet.unt.edu.ar\/iest\/wp-json\/wp\/v2\/comments?post=304"}],"version-history":[{"count":10,"href":"https:\/\/www.facet.unt.edu.ar\/iest\/wp-json\/wp\/v2\/pages\/304\/revisions"}],"predecessor-version":[{"id":2767,"href":"https:\/\/www.facet.unt.edu.ar\/iest\/wp-json\/wp\/v2\/pages\/304\/revisions\/2767"}],"up":[{"embeddable":true,"href":"https:\/\/www.facet.unt.edu.ar\/iest\/wp-json\/wp\/v2\/pages\/274"}],"wp:attachment":[{"href":"https:\/\/www.facet.unt.edu.ar\/iest\/wp-json\/wp\/v2\/media?parent=304"}],"curies":[{"name":"wp","href":"https:\/\/api.w.org\/{rel}","templated":true}]}}