{"id":306,"date":"2015-01-18T04:13:09","date_gmt":"2015-01-18T07:13:09","guid":{"rendered":"https:\/\/www.facet.unt.edu.ar\/iest\/?page_id=306"},"modified":"2026-02-06T19:12:07","modified_gmt":"2026-02-06T22:12:07","slug":"mecanica-experimental","status":"publish","type":"page","link":"https:\/\/www.facet.unt.edu.ar\/iest\/docencia\/lista-de-materias-para-el-curso-de-estudios\/mecanica-experimental\/","title":{"rendered":"Mec\u00e1nica Experimental"},"content":{"rendered":"<div id=\"MainFeature\">\n<p style=\"text-align: center;\"><strong>MAESTRIA EN INGENIERIA ESTRUCTURAL Y\u00a0DOCTORADO EN INGENIERIA <\/strong><br \/>\nInstituto de Estructuras, Facultad de Ciencias Exactas y Tecnolog\u00eda &#8211; UNT<\/p>\n<h2 style=\"text-align: center;\">Mec\u00e1nica Experimental<\/h2>\n<p><strong>Curso Fundamental Obligatorio<\/strong><\/p>\n<p><strong>Responsable:<\/strong> <a href=\"https:\/\/www.facet.unt.edu.ar\/iest\/integrantes\/sfer-domingo\/\">Dr. Ing. Domingo Sfer<\/a>, <a title=\"Dr. Ing. Isla Facundo\" href=\"https:\/\/www.facet.unt.edu.ar\/iest\/integrantes\/isla-facundo\/\">Dr. Ing. Facundo Isla<\/a><\/p>\n<p><strong>Duraci\u00f3n:<\/strong> 40 horas.<\/p>\n<h2>Contenidos M\u00ednimos<\/h2>\n<p style=\"text-align: justify;\">An\u00e1lisis Experimental de Tensiones. Conceptos Fundamentales en la Medici\u00f3n de Experimental: Longitud base. Sensibilidad de deformaci\u00f3n. Sensibilidad espec\u00edfica de deformaci\u00f3n. Reproducibilidad. Precisi\u00f3n de la medici\u00f3n. Exactitud. Rango. Determinaciones panor\u00e1micas o de campo y determinaciones puntuales. Errores. Extensometr\u00eda. Distintos tipos de sensores. Puentes de medici\u00f3n. Equipos de adquisici\u00f3n de datos. Procesamiento, registro y graficaci\u00f3n de se\u00f1ales. Control de ensayos. Ensayos de caracterizaci\u00f3n material. Dise\u00f1o de ensayos. Auscultaci\u00f3n de Obras Civiles.<\/p>\n<h2>Bibliograf\u00eda<\/h2>\n<ul>\n<li>Durelli, A.J. \u201cApplied Stress Analysis\u201d. Civil Engineering and Engineering Mechanics Series. Prentice Hall, International, Inc. (1967). U.S.A.<\/li>\n<li>Sabnis, G.M., Harris, H.G., White, R.N., Mirza, M.S. \u201cStructural Modeling and Experimental Techniques\u201d. Prentice Hall, International, Inc. (1983). S.A.<\/li>\n<li>Coker &amp; Filon. \u201cA Treatise on Photoelasticity\u201d. Cambridge University Press (1957). S.A.<\/li>\n<li>Doyle J. Experimental Stress Analysis, John Wiley and Sons Ltd., Inglaterra 2004.<\/li>\n<li>Dally J. and Riley W. Experimental Stress Analysis, , Mc Graw Hill, USA, 1991.<\/li>\n<li>Frocht, M.M. \u201cPhotoelasticity\u201d, Vol.I and Vol. II. John Wiley and Sons., Inc. (1954). S.A.<\/li>\n<li>Hossdorf, H. \u201cModel Analysis of Structures\u201d. Van Nostrand Reinhold Company. U.S.A. (1971).<\/li>\n<li>Bridgman P. W. Dimensional Analysis, Yale University Press, (1963).<\/li>\n<li>Henry L. Langhaar , Dimensional Analysis and Theory of Models, Krieger Publishing Company, 1980.<\/li>\n<li>Hoffmann, An Introduction to Measurements using Strain gages, Hottinger Baldwin Messtechnik GmbH, Darmstadt, 1989.<\/li>\n<\/ul>\n<\/div>\n","protected":false},"excerpt":{"rendered":"<p>MAESTRIA EN INGENIERIA ESTRUCTURAL Y\u00a0DOCTORADO EN INGENIERIA Instituto de Estructuras, Facultad de Ciencias Exactas y Tecnolog\u00eda &#8211; UNT Mec\u00e1nica Experimental Curso Fundamental Obligatorio Responsable: Dr. Ing. Domingo Sfer, Dr. Ing. Facundo Isla Duraci\u00f3n: 40 horas. Contenidos M\u00ednimos An\u00e1lisis Experimental de Tensiones. Conceptos Fundamentales en la Medici\u00f3n de Experimental: Longitud base. Sensibilidad de deformaci\u00f3n. Sensibilidad espec\u00edfica [&hellip;]<\/p>\n","protected":false},"author":20,"featured_media":0,"parent":274,"menu_order":10,"comment_status":"closed","ping_status":"closed","template":"","meta":[],"_links":{"self":[{"href":"https:\/\/www.facet.unt.edu.ar\/iest\/wp-json\/wp\/v2\/pages\/306"}],"collection":[{"href":"https:\/\/www.facet.unt.edu.ar\/iest\/wp-json\/wp\/v2\/pages"}],"about":[{"href":"https:\/\/www.facet.unt.edu.ar\/iest\/wp-json\/wp\/v2\/types\/page"}],"author":[{"embeddable":true,"href":"https:\/\/www.facet.unt.edu.ar\/iest\/wp-json\/wp\/v2\/users\/20"}],"replies":[{"embeddable":true,"href":"https:\/\/www.facet.unt.edu.ar\/iest\/wp-json\/wp\/v2\/comments?post=306"}],"version-history":[{"count":10,"href":"https:\/\/www.facet.unt.edu.ar\/iest\/wp-json\/wp\/v2\/pages\/306\/revisions"}],"predecessor-version":[{"id":3155,"href":"https:\/\/www.facet.unt.edu.ar\/iest\/wp-json\/wp\/v2\/pages\/306\/revisions\/3155"}],"up":[{"embeddable":true,"href":"https:\/\/www.facet.unt.edu.ar\/iest\/wp-json\/wp\/v2\/pages\/274"}],"wp:attachment":[{"href":"https:\/\/www.facet.unt.edu.ar\/iest\/wp-json\/wp\/v2\/media?parent=306"}],"curies":[{"name":"wp","href":"https:\/\/api.w.org\/{rel}","templated":true}]}}