{"id":308,"date":"2015-01-18T04:14:23","date_gmt":"2015-01-18T07:14:23","guid":{"rendered":"https:\/\/www.facet.unt.edu.ar\/iest\/?page_id=308"},"modified":"2021-02-20T01:10:39","modified_gmt":"2021-02-20T04:10:39","slug":"seguridad-de-las-estructuras","status":"publish","type":"page","link":"https:\/\/www.facet.unt.edu.ar\/iest\/docencia\/lista-de-materias-para-el-curso-de-estudios\/seguridad-de-las-estructuras\/","title":{"rendered":"Seguridad de las Estructuras"},"content":{"rendered":"<div id=\"MainFeature\">\n<p style=\"text-align: center;\"><strong>MAESTRIA EN INGENIERIA ESTRUCTURAL Y\u00a0DOCTORADO EN INGENIERIA <\/strong><br \/>\nInstituto de Estructuras, Facultad de Ciencias Exactas y Tecnolog\u00eda &#8211; UNT<\/p>\n<h2 style=\"text-align: center;\">Seguridad de las Estructuras<\/h2>\n<p><strong>Curso Especializado Electivo<\/strong><\/p>\n<p><strong>Responsable:<\/strong> Dr. Ing. Oscar M\u00f6ller<\/p>\n<p><strong>Duraci\u00f3n:<\/strong> 40 horas.<\/p>\n<h2>Contenidos M\u00ednimos<\/h2>\n<p style=\"text-align: justify;\">Evaluaci\u00f3n de la confiabilidad de estructuras. Incertidumbres. Teor\u00eda de la confiabilidad estructural. Clasificaci\u00f3n de m\u00e9todos de confiabilidad estructural. Fundamentos de la teor\u00eda de probabilidades. Conceptos generales. Variables aleatorias. Vectores aleatorios. Procesos estoc\u00e1sticos. M\u00e9todos de evaluaci\u00f3n de la probabilidad de falla. M\u00e9todos de segundo momento y transformaci\u00f3n. M\u00e9todos de integraci\u00f3n y simulaci\u00f3n. L\u00edmites de la probabilidad de falla para sistemas estructurales. Problemas dependientes del tiempo. Aproximaci\u00f3n de la respuesta estructural. M\u00e9todo de la superficie de respuesta. M\u00e9todo de interpolaci\u00f3n local. M\u00e9todo de redes neuronales. Probabilidad de falla de sistemas lineales bajo vibraciones aleatorias. Respuesta estoc\u00e1stica de sistemas lineales. Modelo de la estructura. Evaluaci\u00f3n de la solicitaci\u00f3n. Evaluaci\u00f3n de la resistencia. C\u00e1lculo de la probabilidad de falla. Calibraci\u00f3n de c\u00f3digos. Generalidades. Formatos determin\u00edsticos de verificaci\u00f3n de la seguridad. Relaci\u00f3n entre los coeficientes parciales y la evaluaci\u00f3n de la probabilidad de falla. Procedimiento general para la determinaci\u00f3n de los coeficientes parciales. Aplicaci\u00f3n: calibraci\u00f3n de c\u00f3digo sismorresistente. Generalizaci\u00f3n del proceso de calibraci\u00f3n. Aplicaciones. Vulnerabilidad s\u00edsmica de estructuras: una aproximaci\u00f3n probabil\u00edstica usando redes neuronales. Confiabilidad de sistemas estructurales bajo acciones s\u00edsmicas, utilizando diferentes aproximaciones de la respuesta no lineal. Confiabilidad de p\u00f3rticos sismorresistentes utilizando redes neuronales con diferentes estrategias de entrenamiento.<\/p>\n<h2>Bibliograf\u00eda<\/h2>\n<ul>\n<li>Ang, A. A-S, Tang, W.H. Probability Concepts in Engineering Planning and Design. Vol.I: Basic Principles (1975), Vol.II: Decision, Risk, and Reliability. (1984) John Wiley and Sons, Inc.<\/li>\n<li>Clough, R.W, Penzien, J. (1975). Dynamics of Structures. McGraw-Hill.<\/li>\n<li>Ditlevsen, O., Madsen, H.O. (1996). Structural Reliability Methods. John Wiley &amp; Sons.<\/li>\n<li>Foschi, R.O., Folz, B., Yao, F., Li, H. (1998). \u201cSoftware RELAN: Reliability analysis\u201d. Department of Civil Engineering, University of British Columbia, Vancouver, Canada.<\/li>\n<li>Grandhi, R., Canfield, R.A., Choi, S-K. (2007). Reliability-based Structural Design, Springer Verlag.<\/li>\n<li>Hurtado, J. (2004). Structural Reliability \u2013 Statistical Learning Perspectives. Lectura Notes in Applied and Computational Mechanics, Vol.17, Springer Verlag.<\/li>\n<li>Lin, Y.K. (1967). Probabilistic Theory of Structural Dynamics. Mc Graw-Hill.<\/li>\n<li>Madsen, H.O., Krenk, S., Lind, N.C. (1986). Method of Structural Safety, Prentice-Hall,Inc.<\/li>\n<li>Melchers, R.E., Beck, A.T. (2018). Structural Reliability: Analysis and Prediction, 3<sup>rd<\/sup> Edition, John Wiley &amp; Sons.<\/li>\n<li>M\u00f6ller, O. (1989). \u201cDise\u00f1o probabil\u00edstico de estructuras para dep\u00f3sitos de agua elevados solicitados por acci\u00f3n s\u00edsmica\u201d. Tesis de Magister en Ingenier\u00eda Estructural, Universidad Nacional de Rosario.<\/li>\n<li>M\u00f6ller, O. (2001). \u201cMetodolog\u00eda para evaluaci\u00f3n de la probabilidad de falla de estructuras sismorresistentes y calibraci\u00f3n de c\u00f3digos\u201d. Tesis de Doctorado en Ingenier\u00eda, Universidad Nacional de Rosario.<\/li>\n<li>M\u00f6ller, O. (2012). \u201cSeguridad de las Estructuras\u201d. Apunte para el curso de Posgrado<\/li>\n<li>Nowak, A.S., Collins, K.R. (2012). Reliability of Structures, Second Edition, CRC Press Book. Taylor &amp; Francis Group.<\/li>\n<li>Newland, D.E. (1975). Random Vibration and Spectral Analysis. Longman Group Ltd. London.<\/li>\n<li>Thoft Christensen, P., Baker, M.J. (1982). Structural Reliability Theory and Its Applications. Springer Verlag, Berlin Heidelberg, New York.<\/li>\n<\/ul>\n<\/div>\n","protected":false},"excerpt":{"rendered":"<p>MAESTRIA EN INGENIERIA ESTRUCTURAL Y\u00a0DOCTORADO EN INGENIERIA Instituto de Estructuras, Facultad de Ciencias Exactas y Tecnolog\u00eda &#8211; UNT Seguridad de las Estructuras Curso Especializado Electivo Responsable: Dr. Ing. Oscar M\u00f6ller Duraci\u00f3n: 40 horas. Contenidos M\u00ednimos Evaluaci\u00f3n de la confiabilidad de estructuras. Incertidumbres. Teor\u00eda de la confiabilidad estructural. Clasificaci\u00f3n de m\u00e9todos de confiabilidad estructural. Fundamentos de [&hellip;]<\/p>\n","protected":false},"author":20,"featured_media":0,"parent":274,"menu_order":11,"comment_status":"closed","ping_status":"closed","template":"","meta":[],"_links":{"self":[{"href":"https:\/\/www.facet.unt.edu.ar\/iest\/wp-json\/wp\/v2\/pages\/308"}],"collection":[{"href":"https:\/\/www.facet.unt.edu.ar\/iest\/wp-json\/wp\/v2\/pages"}],"about":[{"href":"https:\/\/www.facet.unt.edu.ar\/iest\/wp-json\/wp\/v2\/types\/page"}],"author":[{"embeddable":true,"href":"https:\/\/www.facet.unt.edu.ar\/iest\/wp-json\/wp\/v2\/users\/20"}],"replies":[{"embeddable":true,"href":"https:\/\/www.facet.unt.edu.ar\/iest\/wp-json\/wp\/v2\/comments?post=308"}],"version-history":[{"count":5,"href":"https:\/\/www.facet.unt.edu.ar\/iest\/wp-json\/wp\/v2\/pages\/308\/revisions"}],"predecessor-version":[{"id":2773,"href":"https:\/\/www.facet.unt.edu.ar\/iest\/wp-json\/wp\/v2\/pages\/308\/revisions\/2773"}],"up":[{"embeddable":true,"href":"https:\/\/www.facet.unt.edu.ar\/iest\/wp-json\/wp\/v2\/pages\/274"}],"wp:attachment":[{"href":"https:\/\/www.facet.unt.edu.ar\/iest\/wp-json\/wp\/v2\/media?parent=308"}],"curies":[{"name":"wp","href":"https:\/\/api.w.org\/{rel}","templated":true}]}}