{"id":315,"date":"2015-01-18T04:21:45","date_gmt":"2015-01-18T07:21:45","guid":{"rendered":"https:\/\/www.facet.unt.edu.ar\/iest\/?page_id=315"},"modified":"2021-02-20T01:13:10","modified_gmt":"2021-02-20T04:13:10","slug":"metodos-numerico-computacionales-ii","status":"publish","type":"page","link":"https:\/\/www.facet.unt.edu.ar\/iest\/docencia\/lista-de-materias-para-el-curso-de-estudios\/metodos-numerico-computacionales-ii\/","title":{"rendered":"M\u00e9todos Num\u00e9rico-Computacionales II"},"content":{"rendered":"<div id=\"MainFeature\">\n<p style=\"text-align: center;\"><strong>MAESTRIA EN INGENIERIA ESTRUCTURAL Y\u00a0DOCTORADO EN INGENIERIA <\/strong><br \/>\nInstituto de Estructuras, Facultad de Ciencias Exactas y Tecnolog\u00eda &#8211; UNT<\/p>\n<h2 style=\"text-align: center;\">M\u00e9todos Num\u00e9rico-Computacionales II<\/h2>\n<p><strong>Curso Especializado Electivo<\/strong><\/p>\n<p><strong>Responsable:<\/strong> Dr. Ing. G. Etse<\/p>\n<p><strong>Duraci\u00f3n:<\/strong> 40 horas.<\/p>\n<h2>Contenidos M\u00ednimos<\/h2>\n<p style=\"text-align: justify;\">Tratamiento de problemas est\u00e1ticos no-lineales con el M\u00e9todo de Elementos Finitos. No linealidad constitutiva y geom\u00e9trica. M\u00e9todos de soluci\u00f3n. Criterios de convergencia. Estructura de un programa no lineal de elementos finitos. Integraci\u00f3n de la ecuaci\u00f3n constitutiva. Formulaciones para Grandes deformaciones y su implementaci\u00f3n en el M\u00e9todo de Elementos Finitos. Soluci\u00f3n de problemas din\u00e1micos no-lineales con el m\u00e9todo de elementos finitos. Integraci\u00f3n en el tiempo de la ecuaci\u00f3n diferencial del movimiento. Estabilidad en la soluci\u00f3n. An\u00e1lisis de Transferencia de Calor: Ecuaciones fundamentales del problema. Ecuaciones incrementales. Discretizaci\u00f3n de elementos finitos y ecuaciones de transferencia de calor.<\/p>\n<h2>Bibliograf\u00eda<\/h2>\n<ul>\n<li>Bathe, K.J., \u201cFinite Element Procedures in Engineering Analysis\u201d. Prentice Hall, Engelwoods Cliffs, J., 1982.<\/li>\n<li>Crisfield, M. \u201cNon linear Finite Element Analysis of Solids and Structures\u201d. Vol. 2. Advanced Topics. Wiley. 1997.<\/li>\n<li>Hughes, T. \u201cThe Finite Element Method\u201d. Linear Static and Dynamic. Prentice-Hall. 1987.<\/li>\n<li>Zienkiewicz, O., R. Taylor. \u201cEl M\u00e9todo de los Elementos Finitos\u201d. Mec\u00e1nica de S\u00f3lidos y Fluidos. Din\u00e1mica y No linealidad. Vol. 2. Barcelona. Espa\u00f1a. 1994.<\/li>\n<li>Felippa, C. Apuntes de Clases de Cursos de Postgrado \u201cFinite Element Method. Linear Analysis\u201dde la Universidad de Colorado en Boulder.<\/li>\n<li>Hinton y Owen, Finite Elements in Plasticity, Pineridge Press Limited, Swansea, 1980.<\/li>\n<li>Simo and Hughes, Computational Inelasticity, Interdisciplinary Applied mathematics, Springer, 1997.<\/li>\n<li>Lewis R.W., Morgan K., Thomas H.R., Seetharamu, The Finite Element Method in Heat transfer Analysis, John Wiley &amp;sons, England, 1996.<\/li>\n<\/ul>\n<\/div>\n","protected":false},"excerpt":{"rendered":"<p>MAESTRIA EN INGENIERIA ESTRUCTURAL Y\u00a0DOCTORADO EN INGENIERIA Instituto de Estructuras, Facultad de Ciencias Exactas y Tecnolog\u00eda &#8211; UNT M\u00e9todos Num\u00e9rico-Computacionales II Curso Especializado Electivo Responsable: Dr. Ing. G. Etse Duraci\u00f3n: 40 horas. Contenidos M\u00ednimos Tratamiento de problemas est\u00e1ticos no-lineales con el M\u00e9todo de Elementos Finitos. No linealidad constitutiva y geom\u00e9trica. M\u00e9todos de soluci\u00f3n. Criterios de [&hellip;]<\/p>\n","protected":false},"author":20,"featured_media":0,"parent":274,"menu_order":15,"comment_status":"closed","ping_status":"closed","template":"","meta":[],"_links":{"self":[{"href":"https:\/\/www.facet.unt.edu.ar\/iest\/wp-json\/wp\/v2\/pages\/315"}],"collection":[{"href":"https:\/\/www.facet.unt.edu.ar\/iest\/wp-json\/wp\/v2\/pages"}],"about":[{"href":"https:\/\/www.facet.unt.edu.ar\/iest\/wp-json\/wp\/v2\/types\/page"}],"author":[{"embeddable":true,"href":"https:\/\/www.facet.unt.edu.ar\/iest\/wp-json\/wp\/v2\/users\/20"}],"replies":[{"embeddable":true,"href":"https:\/\/www.facet.unt.edu.ar\/iest\/wp-json\/wp\/v2\/comments?post=315"}],"version-history":[{"count":8,"href":"https:\/\/www.facet.unt.edu.ar\/iest\/wp-json\/wp\/v2\/pages\/315\/revisions"}],"predecessor-version":[{"id":2776,"href":"https:\/\/www.facet.unt.edu.ar\/iest\/wp-json\/wp\/v2\/pages\/315\/revisions\/2776"}],"up":[{"embeddable":true,"href":"https:\/\/www.facet.unt.edu.ar\/iest\/wp-json\/wp\/v2\/pages\/274"}],"wp:attachment":[{"href":"https:\/\/www.facet.unt.edu.ar\/iest\/wp-json\/wp\/v2\/media?parent=315"}],"curies":[{"name":"wp","href":"https:\/\/api.w.org\/{rel}","templated":true}]}}