{"id":320,"date":"2015-01-18T04:25:19","date_gmt":"2015-01-18T07:25:19","guid":{"rendered":"https:\/\/www.facet.unt.edu.ar\/iest\/?page_id=320"},"modified":"2021-02-20T01:12:09","modified_gmt":"2021-02-20T04:12:09","slug":"temas-especiales-de-hormigon-armado-y-pretensado","status":"publish","type":"page","link":"https:\/\/www.facet.unt.edu.ar\/iest\/docencia\/lista-de-materias-para-el-curso-de-estudios\/temas-especiales-de-hormigon-armado-y-pretensado\/","title":{"rendered":"Temas Especiales de Hormig\u00f3n Armado y Pretensado"},"content":{"rendered":"<div id=\"MainFeature\">\n<p style=\"text-align: center;\"><strong>MAESTRIA EN INGENIERIA ESTRUCTURAL Y\u00a0DOCTORADO EN INGENIERIA <\/strong><br \/>\nInstituto de Estructuras, Facultad de Ciencias Exactas y Tecnolog\u00eda &#8211; UNT<\/p>\n<h2 style=\"text-align: center;\">Temas Especiales de Hormig\u00f3n Armado y Pretensado<\/h2>\n<p><strong>Curso Especializado Electivo<\/strong><\/p>\n<p><strong>Responsable:<\/strong> <a title=\"PEREZ Gustavo Ariel\" href=\"https:\/\/www.facet.unt.edu.ar\/iest\/integrantes\/perez-gustavo-ariel\/\">Dr. Ing. Gustavo P\u00e9rez<\/a>, <a href=\"https:\/\/www.facet.unt.edu.ar\/iest\/integrantes\/daziano-maria-alejandra\/\">Dr. Ing. M.A. Daziano<\/a><\/p>\n<p><strong>Duraci\u00f3n:<\/strong> 40 horas.<\/p>\n<h2>Contenidos M\u00ednimos<\/h2>\n<p style=\"text-align: justify;\">Introducci\u00f3n al Problema no lineal. No linealidad material. No linealidad f\u00edsica. Comportamiento instant\u00e1neo y diferido de los materiales. Fluencia lenta y retracci\u00f3n del hormig\u00f3n. Relajaci\u00f3n del acero de pretensado. Modelos reol\u00f3gicos. An\u00e1lisis seccional. Diagramas momento-curvatura. Estrategias de an\u00e1lisis no lineal. An\u00e1lisis de estructuras de barras: M\u00e9todo de los elementos finitos. Implementaci\u00f3n computacional. M\u00e9todo matricial generalizado. An\u00e1lisis en el tiempo. Procesos constructivos evolutivos.<\/p>\n<h2>Bibliograf\u00eda<\/h2>\n<ul>\n<li>Chen, W.F., Plasticity in Reinforced Concrete, Mc Graw Hill, 1982.<\/li>\n<li>Climent Molins \u201cUn model per l&#8217;an\u00e0lisi del comportament resistent de construccions de ma\u00e7oneria\u201d, Tesis Doctoral, Departamento de Ingenier\u00eda de la Construcci\u00f3n, E.T.S.I.C.C.P.B., Universidad Polit\u00e9cnica de Catalu\u00f1a, 2003.<\/li>\n<li>Crisfield, Non Linear Finite Element Analysis of Solids and Structures, John Willey &amp; Sons, England, 1991.<\/li>\n<li>Cruz P., Mar\u00ed A., Roca P. \u201cNonlinear Time-Dependent Analysis of Segmentally Constructed Structures\u201d, Structural Engineering Journal, ASCE, Vol. 124, no.3, March, pp. 278-287, 1988.<\/li>\n<li>Cruz, P. \u201cUn modelo para el an\u00e1lisis no lineal y diferido de estructuras de hormig\u00f3n y acero construidas evolutivamente\u201d, Tesis Doctoral, Departamento de Ingenier\u00eda de la Construcci\u00f3n, E.T.S.I.C.C.P.B., Universidad Polit\u00e9cnica de Catalu\u00f1a, 1994.<\/li>\n<li>Mar\u00ed, A.R. \u201cNumerical Simulation of the Segmental Construction of Three Dimensional Concrete Frames\u201d. Engineering structures, Vol. 22, Issue 6; P\u00e0gs. 585-596, 2000.<\/li>\n<li>Mar\u00ed. A.R. \u201cManual del usuario del Programa CONS\u201d. Comunicaci\u00f3n personal. Departamento de Ingeniar\u00eda de la Construcci\u00f3n. Universitat Polit\u00e9cnica de Catalunya, 1996.<\/li>\n<li>Murcia J. \u201cAn\u00e1lisis Aproximado en el Tiempo de Secciones de Hormig\u00f3n Armado en Servicio. Propuesta de un Nuevo Factor de C\u00e1lculo de Flechas Diferidas\u201d, Hormig\u00f3n y Acero, no. 181, p\u00e1g. 9-17, 1991.<\/li>\n<li>P\u00e9rez G.A., Bellomo F., Mar\u00ed A.R., \u201cRefuerzo de P\u00f3rticos de Hormig\u00f3n Armado para mejorar su Capacidad Sismorresistente\u201d, VII Encuentro de Investigadores y Profesionales Argentinos de la Construcci\u00f3n EIPAC 2007, 15 al 18 de Mayo de 2007 \u2013 Salta.<\/li>\n<li>P\u00e9rez G.A., Mar\u00ed A.R., Danesi R.F. \u201cEstudio experimental y num\u00e9rico del comportamiento de puentes prefabricados monoviga bajo cargas de servicio\u201d, ATEP, Hormig\u00f3n y Acero, n\u00ba211, pp 97-108, 1999.<\/li>\n<\/ul>\n<\/div>\n","protected":false},"excerpt":{"rendered":"<p>MAESTRIA EN INGENIERIA ESTRUCTURAL Y\u00a0DOCTORADO EN INGENIERIA Instituto de Estructuras, Facultad de Ciencias Exactas y Tecnolog\u00eda &#8211; UNT Temas Especiales de Hormig\u00f3n Armado y Pretensado Curso Especializado Electivo Responsable: Dr. Ing. Gustavo P\u00e9rez, Dr. Ing. M.A. Daziano Duraci\u00f3n: 40 horas. Contenidos M\u00ednimos Introducci\u00f3n al Problema no lineal. No linealidad material. No linealidad f\u00edsica. Comportamiento instant\u00e1neo [&hellip;]<\/p>\n","protected":false},"author":20,"featured_media":0,"parent":274,"menu_order":13,"comment_status":"closed","ping_status":"closed","template":"","meta":[],"_links":{"self":[{"href":"https:\/\/www.facet.unt.edu.ar\/iest\/wp-json\/wp\/v2\/pages\/320"}],"collection":[{"href":"https:\/\/www.facet.unt.edu.ar\/iest\/wp-json\/wp\/v2\/pages"}],"about":[{"href":"https:\/\/www.facet.unt.edu.ar\/iest\/wp-json\/wp\/v2\/types\/page"}],"author":[{"embeddable":true,"href":"https:\/\/www.facet.unt.edu.ar\/iest\/wp-json\/wp\/v2\/users\/20"}],"replies":[{"embeddable":true,"href":"https:\/\/www.facet.unt.edu.ar\/iest\/wp-json\/wp\/v2\/comments?post=320"}],"version-history":[{"count":7,"href":"https:\/\/www.facet.unt.edu.ar\/iest\/wp-json\/wp\/v2\/pages\/320\/revisions"}],"predecessor-version":[{"id":2774,"href":"https:\/\/www.facet.unt.edu.ar\/iest\/wp-json\/wp\/v2\/pages\/320\/revisions\/2774"}],"up":[{"embeddable":true,"href":"https:\/\/www.facet.unt.edu.ar\/iest\/wp-json\/wp\/v2\/pages\/274"}],"wp:attachment":[{"href":"https:\/\/www.facet.unt.edu.ar\/iest\/wp-json\/wp\/v2\/media?parent=320"}],"curies":[{"name":"wp","href":"https:\/\/api.w.org\/{rel}","templated":true}]}}