{"id":322,"date":"2015-01-18T04:26:32","date_gmt":"2015-01-18T07:26:32","guid":{"rendered":"https:\/\/www.facet.unt.edu.ar\/iest\/?page_id=322"},"modified":"2021-02-20T01:11:04","modified_gmt":"2021-02-20T04:11:04","slug":"diseno-de-experimentos-y-analisis-de-datos","status":"publish","type":"page","link":"https:\/\/www.facet.unt.edu.ar\/iest\/docencia\/lista-de-materias-para-el-curso-de-estudios\/diseno-de-experimentos-y-analisis-de-datos\/","title":{"rendered":"Dise\u00f1o de Experimentos y An\u00e1lisis de Datos"},"content":{"rendered":"<div id=\"MainFeature\">\n<p style=\"text-align: center;\"><strong>MAESTRIA EN INGENIERIA ESTRUCTURAL Y\u00a0DOCTORADO EN INGENIERIA <\/strong><br \/>\nInstituto de Estructuras, Facultad de Ciencias Exactas y Tecnolog\u00eda &#8211; UNT<\/p>\n<h2 style=\"text-align: center;\">Dise\u00f1o de Experimentos y An\u00e1lisis de Datos<\/h2>\n<p><strong>Curso Especializado Electivo<\/strong><\/p>\n<p><strong>Responsable:<\/strong> Dr. Lic. Ana Mar\u00eda Sfer<\/p>\n<p><strong>Duraci\u00f3n:<\/strong> 40 horas.<\/p>\n<h2>Contenidos M\u00ednimos<\/h2>\n<p style=\"text-align: justify;\">Estad\u00edstica. Etapas de un estudio estad\u00edstico. El papel del dise\u00f1o experimental. Poblaci\u00f3n y muestra. Sesgo de muestreo. M\u00e9todos de muestreo. Estimaci\u00f3n, errores de estimaci\u00f3n. Intervalos de confianza. Determinaci\u00f3n del tama\u00f1o muestral. Contraste de hip\u00f3tesis para una y dos poblaciones. Comparaci\u00f3n de m\u00e1s de dos poblaciones. Comparaciones m\u00faltiples. Dise\u00f1o de experimentos. An\u00e1lisis de regresi\u00f3n.<\/p>\n<h2>Bibliograf\u00eda<\/h2>\n<ul>\n<li>Box, E. P., Hunter, W.G., Hunter, J.S. Estad\u00edstica para Investigadores. Revert\u00e9, 2008.<\/li>\n<li>Kish, Leslie. Muestreo de encuestas. Editorial Trillas. (1979).<\/li>\n<li>Miller y Freund. Probabilidad y Estad\u00edstica para ingenieros. Prentice-Hall Hispanoamericana (1997)<\/li>\n<li>Pe\u00f1a, Daniel. Estad\u00edstica Modelos y M\u00e9todos 2. Modelos y Series Temporales. Alianza Universidad Textos (2000).<\/li>\n<li>Pe\u00f1a y Romo. Introducci\u00f3n a la Estad\u00edstica para Ciencias Sociales. McGraw-Hill. Interamericana de Espa\u00f1a (1997).<\/li>\n<li>Smith, Peter. Into Statistics. Springer (1998).<\/li>\n<li>Walpole, Myers y Myers. Probabilidad y Estad\u00edstica para Ingenieros. Prentice Hispanoamericana, S.A., 1998.<\/li>\n<\/ul>\n<\/div>\n","protected":false},"excerpt":{"rendered":"<p>MAESTRIA EN INGENIERIA ESTRUCTURAL Y\u00a0DOCTORADO EN INGENIERIA Instituto de Estructuras, Facultad de Ciencias Exactas y Tecnolog\u00eda &#8211; UNT Dise\u00f1o de Experimentos y An\u00e1lisis de Datos Curso Especializado Electivo Responsable: Dr. Lic. Ana Mar\u00eda Sfer Duraci\u00f3n: 40 horas. Contenidos M\u00ednimos Estad\u00edstica. Etapas de un estudio estad\u00edstico. El papel del dise\u00f1o experimental. Poblaci\u00f3n y muestra. Sesgo de [&hellip;]<\/p>\n","protected":false},"author":20,"featured_media":0,"parent":274,"menu_order":12,"comment_status":"closed","ping_status":"closed","template":"","meta":[],"_links":{"self":[{"href":"https:\/\/www.facet.unt.edu.ar\/iest\/wp-json\/wp\/v2\/pages\/322"}],"collection":[{"href":"https:\/\/www.facet.unt.edu.ar\/iest\/wp-json\/wp\/v2\/pages"}],"about":[{"href":"https:\/\/www.facet.unt.edu.ar\/iest\/wp-json\/wp\/v2\/types\/page"}],"author":[{"embeddable":true,"href":"https:\/\/www.facet.unt.edu.ar\/iest\/wp-json\/wp\/v2\/users\/20"}],"replies":[{"embeddable":true,"href":"https:\/\/www.facet.unt.edu.ar\/iest\/wp-json\/wp\/v2\/comments?post=322"}],"version-history":[{"count":4,"href":"https:\/\/www.facet.unt.edu.ar\/iest\/wp-json\/wp\/v2\/pages\/322\/revisions"}],"predecessor-version":[{"id":2740,"href":"https:\/\/www.facet.unt.edu.ar\/iest\/wp-json\/wp\/v2\/pages\/322\/revisions\/2740"}],"up":[{"embeddable":true,"href":"https:\/\/www.facet.unt.edu.ar\/iest\/wp-json\/wp\/v2\/pages\/274"}],"wp:attachment":[{"href":"https:\/\/www.facet.unt.edu.ar\/iest\/wp-json\/wp\/v2\/media?parent=322"}],"curies":[{"name":"wp","href":"https:\/\/api.w.org\/{rel}","templated":true}]}}