{"id":326,"date":"2015-01-18T04:28:19","date_gmt":"2015-01-18T07:28:19","guid":{"rendered":"https:\/\/www.facet.unt.edu.ar\/iest\/?page_id=326"},"modified":"2021-02-20T01:14:01","modified_gmt":"2021-02-20T04:14:01","slug":"inestabilidad","status":"publish","type":"page","link":"https:\/\/www.facet.unt.edu.ar\/iest\/docencia\/lista-de-materias-para-el-curso-de-estudios\/inestabilidad\/","title":{"rendered":"Inestabilidad"},"content":{"rendered":"<div id=\"MainFeature\">\n<p style=\"text-align: center;\"><strong>MAESTRIA EN INGENIERIA ESTRUCTURAL Y\u00a0DOCTORADO EN INGENIERIA <\/strong><br \/>\nInstituto de Estructuras, Facultad de Ciencias Exactas y Tecnolog\u00eda &#8211; UNT<\/p>\n<h2 style=\"text-align: center;\">Inestabilidad<\/h2>\n<p><strong>Curso Especializado Electivo<\/strong><\/p>\n<p><strong>Responsable:<\/strong> Dr. Ing. Luis Godoy<\/p>\n<p><strong>Duraci\u00f3n:<\/strong> 40 horas.<\/p>\n<h2>Contenidos M\u00ednimos<\/h2>\n<p style=\"text-align: justify;\">Conceptos fundamentales de equilibrio y estabilidad de sistemas. Energ\u00eda potencial en sistemas con no linealidad geom\u00e9trica. T\u00e9cnicas de perturbaci\u00f3n en sistemas no lineales. Perturbaciones regulares, degeneradas y singulares, t\u00e9cnicas de substituci\u00f3n expl\u00edcita, t\u00e9cnicas de diferenciaci\u00f3n impl\u00edcita. Estudio de la estabilidad de sistemas: Definici\u00f3n de estabilidad, estabilidad de estados cr\u00edticos, estados postcr\u00edticos, condiciones de bifurcaci\u00f3n, sensibilidad a imperfecciones.<\/p>\n<h2>Bibliograf\u00eda<\/h2>\n<ul>\n<li>Godoy, L. (1999) Theory of Elastic Stability: Analysis and Sensitivity, Taylor and Francis, Philadelphia, PA.<\/li>\n<li>Thompson, J. M. T. &amp; Hunt, G. W. (1973) A General Theory of Elastic Stability, Wiley, London.<\/li>\n<li>Croll, J. G. A. &amp; Walker, A. C. (1972) Elements of Structural Stability, Macmillan, London.<\/li>\n<li>El Naschie, M. S. (1990) Stress, Stability and Chaos: An Energy Approach, McGraw-Hill, London.<\/li>\n<\/ul>\n<\/div>\n","protected":false},"excerpt":{"rendered":"<p>MAESTRIA EN INGENIERIA ESTRUCTURAL Y\u00a0DOCTORADO EN INGENIERIA Instituto de Estructuras, Facultad de Ciencias Exactas y Tecnolog\u00eda &#8211; UNT Inestabilidad Curso Especializado Electivo Responsable: Dr. Ing. Luis Godoy Duraci\u00f3n: 40 horas. Contenidos M\u00ednimos Conceptos fundamentales de equilibrio y estabilidad de sistemas. Energ\u00eda potencial en sistemas con no linealidad geom\u00e9trica. T\u00e9cnicas de perturbaci\u00f3n en sistemas no lineales. [&hellip;]<\/p>\n","protected":false},"author":20,"featured_media":0,"parent":274,"menu_order":17,"comment_status":"closed","ping_status":"closed","template":"","meta":[],"_links":{"self":[{"href":"https:\/\/www.facet.unt.edu.ar\/iest\/wp-json\/wp\/v2\/pages\/326"}],"collection":[{"href":"https:\/\/www.facet.unt.edu.ar\/iest\/wp-json\/wp\/v2\/pages"}],"about":[{"href":"https:\/\/www.facet.unt.edu.ar\/iest\/wp-json\/wp\/v2\/types\/page"}],"author":[{"embeddable":true,"href":"https:\/\/www.facet.unt.edu.ar\/iest\/wp-json\/wp\/v2\/users\/20"}],"replies":[{"embeddable":true,"href":"https:\/\/www.facet.unt.edu.ar\/iest\/wp-json\/wp\/v2\/comments?post=326"}],"version-history":[{"count":5,"href":"https:\/\/www.facet.unt.edu.ar\/iest\/wp-json\/wp\/v2\/pages\/326\/revisions"}],"predecessor-version":[{"id":2778,"href":"https:\/\/www.facet.unt.edu.ar\/iest\/wp-json\/wp\/v2\/pages\/326\/revisions\/2778"}],"up":[{"embeddable":true,"href":"https:\/\/www.facet.unt.edu.ar\/iest\/wp-json\/wp\/v2\/pages\/274"}],"wp:attachment":[{"href":"https:\/\/www.facet.unt.edu.ar\/iest\/wp-json\/wp\/v2\/media?parent=326"}],"curies":[{"name":"wp","href":"https:\/\/api.w.org\/{rel}","templated":true}]}}