{"id":332,"date":"2015-01-18T04:32:39","date_gmt":"2015-01-18T07:32:39","guid":{"rendered":"https:\/\/www.facet.unt.edu.ar\/iest\/?page_id=332"},"modified":"2021-02-20T00:15:15","modified_gmt":"2021-02-20T03:15:15","slug":"temas-especiales-de-tecnologia-de-los-materiales","status":"publish","type":"page","link":"https:\/\/www.facet.unt.edu.ar\/iest\/docencia\/lista-de-materias-para-el-curso-de-estudios\/temas-especiales-de-tecnologia-de-los-materiales\/","title":{"rendered":"Temas Especiales de Tecnolog\u00eda de los Materiales"},"content":{"rendered":"<div id=\"MainFeature\">\n<p style=\"text-align: center;\"><strong>MAESTRIA EN INGENIERIA ESTRUCTURAL Y\u00a0DOCTORADO EN INGENIERIA <\/strong><br \/>\nInstituto de Estructuras, Facultad de Ciencias Exactas y Tecnolog\u00eda &#8211; UNT<\/p>\n<h2 style=\"text-align: center;\">Temas Especiales de Tecnolog\u00eda de los Materiales<\/h2>\n<p><strong>Curso Especializado Electivo<\/strong><\/p>\n<p><strong>Responsable:<\/strong> Dr. Ing. Ra\u00fal Zerbino, Ing. G. Giaccio<\/p>\n<p><strong>Duraci\u00f3n:<\/strong> 20 horas.<\/p>\n<h2>Contenidos M\u00ednimos<\/h2>\n<p style=\"text-align: justify;\">Avances en tecnolog\u00eda del hormig\u00f3n. Estructura, propiedades y comportamiento del hormig\u00f3n. Hormigones de alta resistencia Hormigones reforzados con fibras. Hormigones autocompactables. Nuevos compuestos reforzados con fibras.<\/p>\n<h2>Bibliograf\u00eda<\/h2>\n<ul>\n<li>Mindess y J.F. Young. &#8220;Concrete&#8221;. Prentice- Hall Inc. Englewood. Clipfs. New Jersey 007632. 1981.<\/li>\n<li>Mindess, J.F. Young y D. Darwin. &#8220;Concrete&#8221;, Prentice- Hall Inc. 2003<\/li>\n<li>Mehta y P. Monteiro. &#8220;Concreto Estructura, propiedades y Materiales&#8221;. IMCYC. Avda. Insurgentes Sur 1846. Col. Florida, M\u00e9xico. DF Cp 01030. 1998.<\/li>\n<li>Kumar Mehta, Paulo J. M. Monteiro \u201cConcrete: Microstructure, Properties, and Materials\u201d Department of Civil and Environmental Engineering Univ. of California at Berkeley, Third Edition, McGraw-Hill. 2006.<\/li>\n<li>Giovambattista, A.: HORMIGON materiales, vida \u00fatil y criterios de conformidad y su consideraci\u00f3n en el reglamento CIRSOC 201-2005, Ed. INTI CIRSOC, Buenos Aires, 2011, ISBN 978-950-532-153-7, p 386<\/li>\n<li>Portland Cement Association \u201cDise\u00f1o y control de mezclas de concreto\u201d.<\/li>\n<li>Asociaci\u00f3n Argentina de Tecnolog\u00eda del Hormig\u00f3n \u201cHormigones Especiales\u201d Ed. E. Irassar, AATH, Argentina. ISBN 987-21660-0-5.<\/li>\n<li>G.M. van Mier \u201cFracture processes of concrete\u201d CRC Press, Inc. 2000 Corporate Blvd. NW, Boca Raton, Florida. ISBN: 0-8493-9123-7<\/li>\n<\/ul>\n<\/div>\n","protected":false},"excerpt":{"rendered":"<p>MAESTRIA EN INGENIERIA ESTRUCTURAL Y\u00a0DOCTORADO EN INGENIERIA Instituto de Estructuras, Facultad de Ciencias Exactas y Tecnolog\u00eda &#8211; UNT Temas Especiales de Tecnolog\u00eda de los Materiales Curso Especializado Electivo Responsable: Dr. Ing. Ra\u00fal Zerbino, Ing. G. Giaccio Duraci\u00f3n: 20 horas. Contenidos M\u00ednimos Avances en tecnolog\u00eda del hormig\u00f3n. Estructura, propiedades y comportamiento del hormig\u00f3n. Hormigones de alta [&hellip;]<\/p>\n","protected":false},"author":20,"featured_media":0,"parent":274,"menu_order":19,"comment_status":"closed","ping_status":"closed","template":"","meta":[],"_links":{"self":[{"href":"https:\/\/www.facet.unt.edu.ar\/iest\/wp-json\/wp\/v2\/pages\/332"}],"collection":[{"href":"https:\/\/www.facet.unt.edu.ar\/iest\/wp-json\/wp\/v2\/pages"}],"about":[{"href":"https:\/\/www.facet.unt.edu.ar\/iest\/wp-json\/wp\/v2\/types\/page"}],"author":[{"embeddable":true,"href":"https:\/\/www.facet.unt.edu.ar\/iest\/wp-json\/wp\/v2\/users\/20"}],"replies":[{"embeddable":true,"href":"https:\/\/www.facet.unt.edu.ar\/iest\/wp-json\/wp\/v2\/comments?post=332"}],"version-history":[{"count":5,"href":"https:\/\/www.facet.unt.edu.ar\/iest\/wp-json\/wp\/v2\/pages\/332\/revisions"}],"predecessor-version":[{"id":2750,"href":"https:\/\/www.facet.unt.edu.ar\/iest\/wp-json\/wp\/v2\/pages\/332\/revisions\/2750"}],"up":[{"embeddable":true,"href":"https:\/\/www.facet.unt.edu.ar\/iest\/wp-json\/wp\/v2\/pages\/274"}],"wp:attachment":[{"href":"https:\/\/www.facet.unt.edu.ar\/iest\/wp-json\/wp\/v2\/media?parent=332"}],"curies":[{"name":"wp","href":"https:\/\/api.w.org\/{rel}","templated":true}]}}