{"id":334,"date":"2015-01-18T04:33:24","date_gmt":"2015-01-18T07:33:24","guid":{"rendered":"https:\/\/www.facet.unt.edu.ar\/iest\/?page_id=334"},"modified":"2021-02-20T00:17:22","modified_gmt":"2021-02-20T03:17:22","slug":"patologia-de-estructuras","status":"publish","type":"page","link":"https:\/\/www.facet.unt.edu.ar\/iest\/docencia\/lista-de-materias-para-el-curso-de-estudios\/patologia-de-estructuras\/","title":{"rendered":"Patolog\u00eda de Estructuras"},"content":{"rendered":"<div id=\"MainFeature\">\n<p style=\"text-align: center;\"><strong>MAESTRIA EN INGENIERIA ESTRUCTURAL Y\u00a0DOCTORADO EN INGENIERIA <\/strong><br \/>\nInstituto de Estructuras, Facultad de Ciencias Exactas y Tecnolog\u00eda &#8211; UNT<\/p>\n<h2 style=\"text-align: center;\">Patolog\u00eda de Estructuras<\/h2>\n<p><strong>Seminario Electivo<\/strong><\/p>\n<p><strong>Responsable:<\/strong> <a href=\"https:\/\/www.facet.unt.edu.ar\/iest\/integrantes\/dip-oscar\/\">Mg. Ing. O. Dip<\/a>, <a href=\"https:\/\/www.facet.unt.edu.ar\/iest\/integrantes\/sfer-domingo\/\">Dr. Ing. D. Sfer<\/a><\/p>\n<p><strong>Duraci\u00f3n:<\/strong> 20 horas.<\/p>\n<h2>Contenidos M\u00ednimos<\/h2>\n<p style=\"text-align: justify;\">Definici\u00f3n de patolog\u00eda. Etapas de un estudio de patolog\u00eda estructural. Patolog\u00edas en estructuras de hormig\u00f3n. Informaci\u00f3n estad\u00edstica sobre da\u00f1os. Da\u00f1os t\u00edpicos en las fases de: proyecto, ejecuci\u00f3n, uso y mantenimiento. Consideraciones especiales sobre la durabilidad. Da\u00f1os debidos a fallas en los materiales. Mecanismos de da\u00f1o del hormig\u00f3n. Fisuraci\u00f3n del hormig\u00f3n. Tipos de fisuras, sus causas e identificaci\u00f3n. Corrosi\u00f3n en aceros. Planificaci\u00f3n de una investigaci\u00f3n. Principales determinaciones experimentales. Prospecci\u00f3n de armaduras. Determinaci\u00f3n de las caracter\u00edsticas del hormig\u00f3n. Ensayo de probetas para resistencias actuales y potenciales. Rango y precisi\u00f3n de los ensayos. Ensayos no destructivos: escler\u00f3metro, ultrasonido, extracci\u00f3n de insertos (CAPO test), penetraci\u00f3n de insertos (Windsor Probe), pach\u00f3metro, Gamagraf\u00eda, halfcell. Extracci\u00f3n de testigos. T\u00e9cnicas de muestreo. Ensayos de elementos de hormig\u00f3n armado.<\/p>\n<h2>Bibliograf\u00eda<\/h2>\n<ul>\n<li>ATC 3-06 \u201cTentative Provisions for the Development of Seismic Regulations for Buildings\u201d. USGobernment Printing Office, Washington D.C.<\/li>\n<li>BS 1881:Part 203 Non destructive methods of test for concrete, measurement of the velocity of ultrsonic pulses in concrete.<\/li>\n<li>CIRSOC 201: \u201cReglamento Argentino de Estructuras de Hormig\u00f3n\u201d, Julio 2005.<\/li>\n<li>Cook G.K., HinksJ. Appraising Building Deffects: Perspectives on Stability and Hygrothermal Performance, Longman Scientific and Technical 1992.<\/li>\n<li>Red Tem\u00e1tica XV-F-REHABILITAR. \u201cManual de Rehabilitaci\u00f3n de Estructuras de Hormig\u00f3n, Reparaci\u00f3n, Refuerzo y Protecci\u00f3n\u201d. Versi\u00f3n Digital. 2013.<\/li>\n<li>Hobbs, D.W., Alkali-silica Reaction in Concrete, Thomas Telford Publications, 1988.<\/li>\n<li>Kscully, J.C., The Fundamentals of Corrosion, Pergamon Press, 1990.<\/li>\n<li>Priestley y Calvi G.M. Towards A Capacity-Design Assessment Procedure For Reinforced Concrete Frames.<\/li>\n<li>Rodr\u00edguez M. y Park R. Repair And Strengthening of Reinforced Concrete Buildings For Seismic Resistance. Earthquake spectra, 1991, vol.7,no3, pp.439-459.<\/li>\n<li>Tomsett, H.N., The practical use of ultrasonic pulse velocity measurements in the assessment of concrete quality.Magazine of Concrete Research ,Vol. 32 No. 110, pp. 7-16, March 1980<\/li>\n<li>UNIDO\/UNDP PR. RER\/79\/015 \u201cPost Earthquake Damage Evaluation and Strength Assesment of Buildings under Seismic Conditions, Vienna. 1985.<\/li>\n<\/ul>\n<\/div>\n","protected":false},"excerpt":{"rendered":"<p>MAESTRIA EN INGENIERIA ESTRUCTURAL Y\u00a0DOCTORADO EN INGENIERIA Instituto de Estructuras, Facultad de Ciencias Exactas y Tecnolog\u00eda &#8211; UNT Patolog\u00eda de Estructuras Seminario Electivo Responsable: Mg. Ing. O. Dip, Dr. Ing. D. Sfer Duraci\u00f3n: 20 horas. Contenidos M\u00ednimos Definici\u00f3n de patolog\u00eda. Etapas de un estudio de patolog\u00eda estructural. Patolog\u00edas en estructuras de hormig\u00f3n. Informaci\u00f3n estad\u00edstica sobre [&hellip;]<\/p>\n","protected":false},"author":20,"featured_media":0,"parent":274,"menu_order":20,"comment_status":"closed","ping_status":"closed","template":"","meta":[],"_links":{"self":[{"href":"https:\/\/www.facet.unt.edu.ar\/iest\/wp-json\/wp\/v2\/pages\/334"}],"collection":[{"href":"https:\/\/www.facet.unt.edu.ar\/iest\/wp-json\/wp\/v2\/pages"}],"about":[{"href":"https:\/\/www.facet.unt.edu.ar\/iest\/wp-json\/wp\/v2\/types\/page"}],"author":[{"embeddable":true,"href":"https:\/\/www.facet.unt.edu.ar\/iest\/wp-json\/wp\/v2\/users\/20"}],"replies":[{"embeddable":true,"href":"https:\/\/www.facet.unt.edu.ar\/iest\/wp-json\/wp\/v2\/comments?post=334"}],"version-history":[{"count":6,"href":"https:\/\/www.facet.unt.edu.ar\/iest\/wp-json\/wp\/v2\/pages\/334\/revisions"}],"predecessor-version":[{"id":2752,"href":"https:\/\/www.facet.unt.edu.ar\/iest\/wp-json\/wp\/v2\/pages\/334\/revisions\/2752"}],"up":[{"embeddable":true,"href":"https:\/\/www.facet.unt.edu.ar\/iest\/wp-json\/wp\/v2\/pages\/274"}],"wp:attachment":[{"href":"https:\/\/www.facet.unt.edu.ar\/iest\/wp-json\/wp\/v2\/media?parent=334"}],"curies":[{"name":"wp","href":"https:\/\/api.w.org\/{rel}","templated":true}]}}