{"id":523,"date":"2015-01-18T13:43:50","date_gmt":"2015-01-18T16:43:50","guid":{"rendered":"https:\/\/www.facet.unt.edu.ar\/iest\/?page_id=523"},"modified":"2018-03-09T00:41:46","modified_gmt":"2018-03-09T03:41:46","slug":"galindez-enrique","status":"publish","type":"page","link":"https:\/\/www.facet.unt.edu.ar\/iest\/integrantes\/galindez-enrique\/","title":{"rendered":"GALINDEZ Enrique"},"content":{"rendered":"<h2>Mg. Ing. GALINDEZ Enrique Emilio<\/h2>\n<div>\n<table style=\"width: 750px; border-color: #ffffff;\">\n<tbody>\n<tr>\n<td style=\"width: 350px; height: 300px; border-color: #ffffff; vertical-align: middle;\"><img decoding=\"async\" loading=\"lazy\" class=\" size-medium wp-image-951 aligncenter\" src=\"https:\/\/www.facet.unt.edu.ar\/iest\/wp-content\/uploads\/sites\/22\/2015\/02\/egalindez5-300x300.jpg\" alt=\"egalindez5\" width=\"300\" height=\"300\" srcset=\"https:\/\/www.facet.unt.edu.ar\/iest\/wp-content\/uploads\/sites\/22\/2015\/02\/egalindez5.jpg 300w, https:\/\/www.facet.unt.edu.ar\/iest\/wp-content\/uploads\/sites\/22\/2015\/02\/egalindez5-150x150.jpg 150w\" sizes=\"(max-width: 300px) 100vw, 300px\" \/><\/td>\n<td style=\"width: 400px; height: 300px; border-color: #ffffff; vertical-align: top;\">\n<p style=\"padding-left: 30px;\"><span style=\"font-size: 12pt; font-family: 'times new roman', times;\">Instituto de Estructuras \u201cIng. Arturo M. Guzm\u00e1n\u201d<\/span><\/p>\n<p style=\"padding-left: 30px;\"><span style=\"font-size: 12pt; font-family: 'times new roman', times;\"><a href=\"https:\/\/www.facet.unt.edu.ar\/dcyoc\/\" target=\"_blank\" rel=\"noopener\">Dpto. de Construcciones y Obras Civiles<\/a><\/span><\/p>\n<p style=\"padding-left: 30px;\"><span style=\"font-size: 12pt; font-family: 'times new roman', times;\"><a href=\"https:\/\/www.facet.unt.edu.ar\/\" target=\"_blank\" rel=\"noopener\">Facultad de Ciencias Exactas y Tecnolog\u00eda<\/a><\/span><\/p>\n<p style=\"padding-left: 30px;\"><span style=\"font-size: 12pt; font-family: 'times new roman', times;\"><a href=\"http:\/\/www.unt.edu.ar\/\" target=\"_blank\" rel=\"noopener\">Universidad Nacional de Tucum\u00e1n<\/a><\/span><\/p>\n<p style=\"padding-left: 30px;\"><span style=\"font-size: 12pt; font-family: 'times new roman', times;\">Av. Independencia 1800 \u2013 CP 4000<\/span><\/p>\n<p style=\"padding-left: 30px;\"><span style=\"font-size: 12pt; font-family: 'times new roman', times;\">San Miguel de Tucum\u00e1n, Tucum\u00e1n, Argentina<\/span><\/p>\n<p style=\"padding-left: 30px;\"><span style=\"font-size: 12pt; font-family: 'times new roman', times;\">Tel\/Fax Lab.: +54 (0) 381 4364087<\/span><\/p>\n<p style=\"padding-left: 30px;\"><span style=\"font-size: 12pt; font-family: 'times new roman', times;\">e-mail: egalindez@herrera.unt.edu.ar<\/span><\/p>\n<\/td>\n<\/tr>\n<\/tbody>\n<\/table>\n<\/div>\n<p>&nbsp;<\/p>\n<h4>T\u00edtulos<\/h4>\n<ul>\n<li>Ingeniero Civil.<\/li>\n<li>Mag\u00edster en Ingenier\u00eda Civil.<\/li>\n<\/ul>\n<h4>Especialidad<\/h4>\n<ul>\n<li>Ingenier\u00eda Estructural.<\/li>\n<li>Construcciones Sismorresistentes.<\/li>\n<\/ul>\n<h4>Docencia en Grado<\/h4>\n<ul>\n<li>Profesor Titular con Dedicaci\u00f3n Exclusiva en\u00a0Estabilidad I. Carrera de Ingenier\u00eda Civil. Carrera de Ingenier\u00eda Mec\u00e1nica.<\/li>\n<\/ul>\n<h4>Docencia en Posgrado<\/h4>\n<ul>\n<li>Curso de Din\u00e1mica Estructural I en la Maestria de Ingenier\u00eda Estructural y el Doctorado en Ingenier\u00eda. FACET-UNT<\/li>\n<\/ul>\n<h4>Investigaci\u00f3n<\/h4>\n<ul>\n<li>Categor\u00eda II en el Programa Nacional de Incentivo a la Investigaci\u00f3n.<\/li>\n<li>Investigador Responsable del Proyecto PICTO 870 (ANPCyT-UNT).<\/li>\n<\/ul>\n<h4>Gesti\u00f3n<\/h4>\n<ul>\n<li>Director del Instituto de Estructuras \u201cArturo M. Guzm\u00e1n\u201d.<\/li>\n<\/ul>\n","protected":false},"excerpt":{"rendered":"<p>Mg. Ing. GALINDEZ Enrique Emilio Instituto de Estructuras \u201cIng. Arturo M. Guzm\u00e1n\u201d Dpto. de Construcciones y Obras Civiles Facultad de Ciencias Exactas y Tecnolog\u00eda Universidad Nacional de Tucum\u00e1n Av. Independencia 1800 \u2013 CP 4000 San Miguel de Tucum\u00e1n, Tucum\u00e1n, Argentina Tel\/Fax Lab.: +54 (0) 381 4364087 e-mail: egalindez@herrera.unt.edu.ar &nbsp; T\u00edtulos Ingeniero Civil. Mag\u00edster en Ingenier\u00eda [&hellip;]<\/p>\n","protected":false},"author":20,"featured_media":0,"parent":142,"menu_order":0,"comment_status":"closed","ping_status":"closed","template":"","meta":[],"_links":{"self":[{"href":"https:\/\/www.facet.unt.edu.ar\/iest\/wp-json\/wp\/v2\/pages\/523"}],"collection":[{"href":"https:\/\/www.facet.unt.edu.ar\/iest\/wp-json\/wp\/v2\/pages"}],"about":[{"href":"https:\/\/www.facet.unt.edu.ar\/iest\/wp-json\/wp\/v2\/types\/page"}],"author":[{"embeddable":true,"href":"https:\/\/www.facet.unt.edu.ar\/iest\/wp-json\/wp\/v2\/users\/20"}],"replies":[{"embeddable":true,"href":"https:\/\/www.facet.unt.edu.ar\/iest\/wp-json\/wp\/v2\/comments?post=523"}],"version-history":[{"count":39,"href":"https:\/\/www.facet.unt.edu.ar\/iest\/wp-json\/wp\/v2\/pages\/523\/revisions"}],"predecessor-version":[{"id":2008,"href":"https:\/\/www.facet.unt.edu.ar\/iest\/wp-json\/wp\/v2\/pages\/523\/revisions\/2008"}],"up":[{"embeddable":true,"href":"https:\/\/www.facet.unt.edu.ar\/iest\/wp-json\/wp\/v2\/pages\/142"}],"wp:attachment":[{"href":"https:\/\/www.facet.unt.edu.ar\/iest\/wp-json\/wp\/v2\/media?parent=523"}],"curies":[{"name":"wp","href":"https:\/\/api.w.org\/{rel}","templated":true}]}}