{"id":738,"date":"2015-01-23T23:27:37","date_gmt":"2015-01-24T02:27:37","guid":{"rendered":"https:\/\/www.facet.unt.edu.ar\/iest\/?page_id=738"},"modified":"2018-03-09T00:42:18","modified_gmt":"2018-03-09T03:42:18","slug":"saracho-jose-a","status":"publish","type":"page","link":"https:\/\/www.facet.unt.edu.ar\/iest\/integrantes\/saracho-jose-a\/","title":{"rendered":"SARACHO Jose Anibal"},"content":{"rendered":"<h2>Mg. Ing. SARACHO Jose Anibal<\/h2>\n<div>\n<table style=\"width: 750px; border-color: #ffffff;\">\n<tbody>\n<tr>\n<td style=\"width: 350px; height: 300px; border-color: #ffffff; vertical-align: bottom;\"><img decoding=\"async\" loading=\"lazy\" class=\" alignright wp-image-773\" src=\"https:\/\/www.facet.unt.edu.ar\/iest\/wp-content\/uploads\/sites\/22\/2015\/01\/jsaracho2-300x300.jpg\" alt=\"jsaracho2\" width=\"300\" height=\"300\" srcset=\"https:\/\/www.facet.unt.edu.ar\/iest\/wp-content\/uploads\/sites\/22\/2015\/01\/jsaracho2.jpg 300w, https:\/\/www.facet.unt.edu.ar\/iest\/wp-content\/uploads\/sites\/22\/2015\/01\/jsaracho2-150x150.jpg 150w\" sizes=\"(max-width: 300px) 100vw, 300px\" \/><\/td>\n<td style=\"width: 400px; height: 300px; border-color: #ffffff; vertical-align: top;\">\n<p style=\"padding-left: 30px;\"><span style=\"font-size: 12pt; font-family: 'times new roman', times;\">Instituto de Estructuras \u201cIng. Arturo M. Guzm\u00e1n\u201d<\/span><\/p>\n<p style=\"padding-left: 30px;\"><span style=\"font-size: 12pt; font-family: 'times new roman', times;\"><a href=\"https:\/\/www.facet.unt.edu.ar\/\" target=\"_blank\" rel=\"noopener\">Facultad de Ciencias Exactas y Tecnolog\u00eda<\/a><\/span><\/p>\n<p style=\"padding-left: 30px;\"><span style=\"font-size: 12pt; font-family: 'times new roman', times;\"><a href=\"http:\/\/www.unt.edu.ar\/\" target=\"_blank\" rel=\"noopener\">Universidad Nacional de Tucum\u00e1n<\/a><\/span><\/p>\n<p style=\"padding-left: 30px;\"><span style=\"font-size: 12pt; font-family: 'times new roman', times;\">Av. Independencia 1800 \u2013 CP 4000<\/span><\/p>\n<p style=\"padding-left: 30px;\"><span style=\"font-size: 12pt; font-family: 'times new roman', times;\">San Miguel de Tucum\u00e1n, Tucum\u00e1n, Argentina<\/span><\/p>\n<p style=\"padding-left: 30px;\"><span style=\"font-size: 12pt; font-family: 'times new roman', times;\">Tel\/Fax Lab.: +54 (0) 381 4364087<\/span><\/p>\n<p style=\"padding-left: 30px;\"><span style=\"font-size: 12pt; font-family: 'times new roman', times;\">e-mail: joseanibalsaracho@yahoo.com.ar<\/span><\/p>\n<\/td>\n<\/tr>\n<\/tbody>\n<\/table>\n<\/div>\n<div>\n<h2>T\u00edtulos<\/h2>\n<ul>\n<li>T\u00e9cnico Constructor.\u00a0Instituto T\u00e9cnico de la UNT. 1988.<\/li>\n<li>Ingeniero en Construcciones. UTN FRT. 1999.<\/li>\n<li>Ingeniero Civil. UTN FRT. 2006.<\/li>\n<li>Magister en Ingenier\u00eda Estructural. FACET UNT. 2012. Tesis Sobresaliente<\/li>\n<\/ul>\n<h2>Formaci\u00f3n Academica\u00a0en Desarrollo<\/h2>\n<ul>\n<li style=\"font-size: 16px; line-height: 1.5; text-align: justify;\">Tesis de Doctorado: \u201cEvaluaci\u00f3n de la Vulnerabilidad S\u00edsmica de Puentes en Argentina a trav\u00e9s de Curvas de Fragilidad\u201d, conducente al t\u00edtulo de Posgrado de Doctor en Ingenier\u00eda en el Instituto de Estructuras, FACET UNT.<\/li>\n<\/ul>\n<h2>Docencia<\/h2>\n<ul>\n<li style=\"text-align: justify;\"><a href=\"http:\/\/www.frt.utn.edu.ar\/tecnoweb\/imagenes\/file\/civil\/Saracho,%20jose%20anibal.pdf\" target=\"_blank\" rel=\"noopener\">Profesor Adjunto<\/a> con Dedicaci\u00f3n Exclusiva en la C\u00e1tedra \u201cPuentes\u201d. <a href=\"http:\/\/www.frt.utn.edu.ar\/departamentos\/civil\/\" target=\"_blank\" rel=\"noopener\">Ingenier\u00eda Civil<\/a>, <a href=\"http:\/\/www.frt.utn.edu.ar\/\" target=\"_blank\" rel=\"noopener\">UTN FRT<\/a>.<\/li>\n<li style=\"text-align: justify;\"><a href=\"http:\/\/www.frt.utn.edu.ar\/tecnoweb\/imagenes\/file\/civil\/Saracho,%20jose%20anibal.pdf\" target=\"_blank\" rel=\"noopener\">Jefe de Trabajos Pr\u00e1cticos<\/a> en el \u201c<a href=\"http:\/\/www.frt.utn.edu.ar\/tecnoweb\/imagenes\/file\/civil\/laboratorios\/LABORATORIO%20DE%20HIDRAULICA%20Y%20MECANICA%20DE%20LOS%20FLUIDOS.pdf\" target=\"_blank\" rel=\"noopener\">Laboratorio de Hidr\u00e1ulica y Mec\u00e1nica de los Fluidos<\/a>\u201d. <a href=\"http:\/\/www.frt.utn.edu.ar\/departamentos\/civil\/\" target=\"_blank\" rel=\"noopener\">Ingenier\u00eda Civil<\/a>, <a href=\"http:\/\/www.frt.utn.edu.ar\/\" target=\"_blank\" rel=\"noopener\">UTN FRT<\/a>.<\/li>\n<\/ul>\n<h2>Dictado de\u00a0Cursos de Actualizaci\u00f3n Profesional<\/h2>\n<ul>\n<li style=\"text-align: justify;\">Curso de Actualizaci\u00f3n Profesional: \u201cEstructuras de Hormig\u00f3n Pretensado\u201d. 48 hs reloj. UTN FRT. 2012, 2013 y 2014.<\/li>\n<li style=\"text-align: justify;\">Curso de Actualizaci\u00f3n Profesional: \u201cManejo del Programa SAP 2000. An\u00e1lisis Estructural de Puentes por Elementos Finitos\u201d. 72 hs reloj. UTN FRT. 2012, 2013 y 2014.<\/li>\n<li style=\"text-align: justify;\">Curso de Actualizaci\u00f3n Profesional: \u201cHidr\u00e1ulica Fluvial aplicada a Puentes. Modelaci\u00f3n con Software HEC-RAS\u201d. 72 hs reloj. UTN FRT. A dictarse en 2015.<\/li>\n<\/ul>\n<h2>Otras Tareas Academicas<\/h2>\n<ul>\n<li style=\"text-align: justify;\">Jurado en llamado a inscripci\u00f3n de interesados para Profesor Adjunto en la Asignatura V\u00edas de comunicaci\u00f3n II, UTN FRT. 2010.<\/li>\n<li style=\"text-align: justify;\">Direcci\u00f3n del Proyecto Final: \u201cPuente de Superestructura de Hormig\u00f3n Pretensado\u201d. Alumno: Jos\u00e9 David Listelli. UTN FRT. A\u00f1o 2008.<\/li>\n<li style=\"text-align: justify;\">Direcci\u00f3n del Proyecto Final: \u201cPuente sobre el R\u00edo Medina en Ruta Nacional N\u00ba 38\u201d. Alumnos: Jos\u00e9 Luis \u00c1lvarez, Gustavo Gabriel Aisama y V\u00edctor Manuel Salinas. UTN FRT. 2011.<\/li>\n<li style=\"text-align: justify;\">Direcci\u00f3n del Proyecto Final: \u201cEstadio de Futbol\u201d. Alumnos: Juan Marcelo Almaraz y Ra\u00fal Fernando Tetta. UTN FRT. 2011.<\/li>\n<li style=\"text-align: justify;\">Co-Direcci\u00f3n del Proyecto Final: \u201cEstudio Hidrol\u00f3gico e Hidr\u00e1ulico para Puente Carretero en la Localidad de Puerta de Corral Quemado, Departamento de Bel\u00e9n, Provincia de Catamarca\u201d. Alumno: Roque Miguel Herrera. UTN FRT. 2014.<\/li>\n<\/ul>\n<h2>Proyectos de Investigacion<\/h2>\n<ul>\n<li style=\"text-align: justify;\">Proyecto \u201cEvaluaci\u00f3n y Rehabilitaci\u00f3n de Puentes\u201d. UNT. 2004 a 2008 &#8211; 2008 a 2012.<\/li>\n<li style=\"text-align: justify;\">Proyecto \u201cUtilizaci\u00f3n del Bagazo para su aprovechamiento en la industria de la construcci\u00f3n\u201d. UTN FRT.\u00a0 2007 a 2011.<\/li>\n<li style=\"text-align: justify;\">Proyecto \u201cEvaluaci\u00f3n y Rehabilitaci\u00f3n de Puentes\u201d. Proyecto Interinstitucional UTN-UNT. 2012 a 2015.<\/li>\n<li style=\"text-align: justify;\">Proyecto \u201cEvaluaci\u00f3n de la Vulnerabilidad S\u00edsmica de Puentes Existentes\u201d. PICTO-2007-00251. 2012 a 2014.<\/li>\n<\/ul>\n<h2>Distinciones m\u00e1s importantes<\/h2>\n<ul>\n<li style=\"text-align: justify;\">INSTITUTO TECNICO U.N.T.: Premio al mejor egresado. A\u00f1o 1988.<\/li>\n<li style=\"text-align: justify;\">BECA PROMEI de Formaci\u00f3n de Postgrado para Docentes de las Carreras de Ingenier\u00eda. Realizaci\u00f3n de la \u201cMaestr\u00eda en Ingenier\u00eda Estructural\u201d. A\u00f1os 2007 a 2008.<\/li>\n<\/ul>\n<h2>Publicaciones<\/h2>\n<p><strong>Memorias de Congresos Internacionales<\/strong><\/p>\n<ul>\n<li style=\"text-align: justify;\">X Congreso Latinoamericano de Patolog\u00eda de la Construcci\u00f3n. CONPAT 2009\u201d. \u201cEvaluaci\u00f3n y Rehabilitaci\u00f3n de un Puente. Aplicaci\u00f3n de Especificaciones FHWA y AASHTO\u201d. Valparaiso, Chile. 2009.<\/li>\n<li style=\"text-align: justify;\">Congreso Latinoamericano de Patolog\u00eda, Control de Calidad y Rehabilitaci\u00f3n de Estructuras y Construcci\u00f3n. Evaluaci\u00f3n de puentes a trav\u00e9s de indicadores de suficiencia y riesgo\u201d. Asunci\u00f3n, Paraguay. 2010.<\/li>\n<li style=\"text-align: justify;\">XXXIV Jornadas Sudamericanas de Ingenier\u00eda Estructural. \u201cMetodolog\u00edas para la Evaluaci\u00f3n de Puentes a trav\u00e9s de Ensayos de Carga\u201d. San Juan. 2010.<\/li>\n<li style=\"text-align: justify;\">XXXV Jornadas Sudamericanas de Ingenier\u00eda Estructural. \u201cPrincipales Patolog\u00edas en Puentes. Su Consideraci\u00f3n para la Evaluaci\u00f3n\u201d. Rio de Janeiro, Brasil. 2012.<\/li>\n<li style=\"text-align: justify;\">1\u00aa Conferencia Internacional de Puentes. \u201cClasificaci\u00f3n de Puentes en Argentina para la Evaluaci\u00f3n de su Vulnerabilidad S\u00edsmica\u201d. Santiago, Chile. 2014.<\/li>\n<\/ul>\n<p><strong>Memorias de Congresos Nacionales<\/strong><\/p>\n<ul>\n<li style=\"text-align: justify;\">XX Jornadas Argentinas de Ingenier\u00eda Estructural. \u201cEvaluaci\u00f3n y Rehabilitaci\u00f3n de un Puente Met\u00e1lico\u201d. Buenos Aires. 2008.<\/li>\n<li style=\"text-align: justify;\">XV Congreso Argentino de Vialidad y Tr\u00e1nsito. \u201cAplicaci\u00f3n de Especificaciones FHWA-BIRM y AASHTO LRFR para la Evaluaci\u00f3n de Puentes Met\u00e1licos y de Hormig\u00f3n\u201d. Mar del Plata. 2009.<\/li>\n<li style=\"text-align: justify;\">9\u00ba Encuentro de Investigadores y Profesionales Argentinos de la Construcci\u00f3n. \u201cPropuestas para la Evaluaci\u00f3n de Puentes Nacionales\u201d. Salta. 2011.<\/li>\n<li style=\"text-align: justify;\">V Jornadas Acad\u00e9micas de la Red de Vinculaci\u00f3n Tecnol\u00f3gica de Universidades Nacionales. \u201cContribuciones para la Evaluaci\u00f3n de Puentes en Argentina. Una Transferencia de la Universidad a Vialidad Nacional\u201d. C\u00f3rdoba. 2014.<\/li>\n<li style=\"text-align: justify;\">23 Jornadas Argentinas de Ingenier\u00eda Estructural. \u201cRehabilitaci\u00f3n Integral de un Puente Met\u00e1lico\u201d. Buenos Aires. 2014.<\/li>\n<\/ul>\n<p><strong>Revistas<\/strong><\/p>\n<ul>\n<li style=\"text-align: justify;\">\u201cContribuciones para la Evaluaci\u00f3n de Puentes en la Rep\u00fablica Argentina\u201d. Revista Tecnolog\u00eda y Ciencia &#8211; UTN. 2012.<\/li>\n<\/ul>\n<h2>Trabajos de Transferencia<\/h2>\n<ul>\n<li style=\"text-align: justify;\">Entrega formal de las Propuestas para la Evaluaci\u00f3n de Puentes en Argentina al Sr. Jefe del 3er Distrito (Tucum\u00e1n) de la Direcci\u00f3n Nacional de Vialidad, Ing. Jorge Correa, y por su intermedio al Coordinador del Sistema de Gesti\u00f3n de Puentes de la DNV, Ing. Eduardo Alberto Castelli (Expte.: 1242 FS. 206. Abril de 2013). A trav\u00e9s de sucesivas reuniones con el citado Ingeniero Coordinador se tuvo oportunidad de brindar detalles de las contribuciones.<\/li>\n<li style=\"text-align: justify;\">\u201cEvaluaci\u00f3n y Proyecto de Rehabilitaci\u00f3n del Puente de vigas de hormig\u00f3n armado sobre el R\u00edo Pueblo Viejo\u201d. Integrante de equipo. Convenio UNT-DPV. 2005.<\/li>\n<li style=\"text-align: justify;\">\u201cEvaluaci\u00f3n y Proyecto de Rehabilitaci\u00f3n del Puente Met\u00e1lico sobre el R\u00edo Gastona\u201d. Integrante de equipo. Convenio UNT-DNV. 2007.<\/li>\n<li style=\"text-align: justify;\">\u201cEvaluaci\u00f3n y Propuesta de Rehabilitaci\u00f3n Estructural de Templos y Edificios de la Di\u00f3cesis de Catamarca\u201d. Convenio UNT-Episcopado Catamarca. 2007.<\/li>\n<li style=\"text-align: justify;\">\u201cEvaluaci\u00f3n y Propuesta de Refuncionalizaci\u00f3n del Puente en Av. Sarmiento sobre las v\u00edas del Ferrocarril Mitre\u201d. Convenio UNT-Municipalidad de San Miguel de Tucum\u00e1n. 2013.<\/li>\n<\/ul>\n<h2>Tareas de Gesti\u00f3n<\/h2>\n<ul>\n<li style=\"text-align: justify;\">Director del \u00c1rea Estructuras, Departamento Ingenier\u00eda Civil, UTN FRT.<\/li>\n<li style=\"text-align: justify;\">Miembro Sub-Comisi\u00f3n de Autoevaluaci\u00f3n y Acreditaci\u00f3n de la Carrera Ingenier\u00eda Civil, UTN FRT. 2002 y 2003.<\/li>\n<li style=\"text-align: justify;\">Consejero Departamental, UTN FRT. 2010-2012, 2012-2014, 2014-2016.<\/li>\n<li style=\"text-align: justify;\">Coordinador General de la Comisi\u00f3n de Autoevaluaci\u00f3n para Acreditaci\u00f3n de la Carrera Ingenier\u00eda Civil UTN FRT. 2012 y 2013.<\/li>\n<\/ul>\n<h2>Carrera de Investigador<\/h2>\n<ul>\n<li style=\"text-align: justify;\">Investigador categor\u00eda V del Programa de Incentivos (08\/2011).<\/li>\n<li style=\"text-align: justify;\">Desarrollista asociado (rama Investigador tecnol\u00f3gico e ingenier\u00eda de la UTN, Categor\u00eda D \u2013equivalente a categor\u00eda IV-)<\/li>\n<\/ul>\n<h2>Antecedentes Profesionales Espec\u00edficos<\/h2>\n<ul>\n<li style=\"text-align: justify;\">Remodelaci\u00f3n del ex-Hotel Savoy. Honorable C\u00e1mara de Diputados \u2013Direcci\u00f3n de Arquitectura y Urbanismo. A\u00f1o 1990.<\/li>\n<li style=\"text-align: justify;\">Taller y Sal\u00f3n de Ventas LINE UP S.A. Proyecto y C\u00e1lculo de Estructura. A\u00f1o 1997.<\/li>\n<li style=\"text-align: justify;\">Proyecto estructural de la Remodelaci\u00f3n del Banco Asf\u00edn. A\u00f1o 1997.<\/li>\n<li style=\"text-align: justify;\">Playa de Maniobras LINE UP S.A. Av. 1998.<\/li>\n<li style=\"text-align: justify;\">Proyecto estructural para Refacci\u00f3n de Estaci\u00f3n de Servicios. Av. Fco. de Aguirre y Mu\u00f1ecas, S. M. de Tucum\u00e1n. 1998.<\/li>\n<li style=\"text-align: justify;\">Proyecto y Direcci\u00f3n T\u00e9cnica Puente Peatonal y Ciclov\u00eda. 24 de Setiembre esq. Bb\u00e9 Ar\u00e1oz. 1999.<\/li>\n<li style=\"text-align: justify;\">Acceso a Complejo Sarmiento (ex-Termoel\u00e9ctrica).\u00a0 Proyecto de pavimentaci\u00f3n y Muros de Contenci\u00f3n. 1999.<\/li>\n<li style=\"text-align: justify;\">Programa de Mejoramiento Vial. Proyecto Cord\u00f3n Cuneta en calles del municipio. 110 cuadras. 1999.<\/li>\n<li style=\"text-align: justify;\">Nave Industrial EMI. Los Vallistos. Cruz Alta. C\u00e1lculo de Estructura. 2000.<\/li>\n<li style=\"text-align: justify;\">Estudio de anomal\u00edas en fundaci\u00f3n de m\u00e1quinas rotativas Talleres Gr\u00e1ficos \u201cLa Gaceta\u201d. 2000.<\/li>\n<li style=\"text-align: justify;\">Dos puentes\u00a0 sobre el Arroyo Nueva Esperanza, Dpto. Taf\u00ed al sur Ruta Provincial N\u00ba 315. 2000.<\/li>\n<li style=\"text-align: justify;\">Puente sobre R\u00edo Potrero. Dpto. Aconquija Catamarca. 2001<\/li>\n<li style=\"text-align: justify;\">Proyecto ejecutivo Reconstrucci\u00f3n Desembocadura del Canal Norte. 2001.<\/li>\n<li style=\"text-align: justify;\">Proyecto ejecutivo Puente sobre Ruta Provincial N\u00ba 314. Arroyo Taf\u00ed. 2002.<\/li>\n<li style=\"text-align: justify;\">Proyecto estructural en Puente sobre Canal de Riego en Finca Monte Grande. 2.004.<\/li>\n<li style=\"text-align: justify;\">Proyecto ejecutivo \u201cTanque elevado\u201d para Barrio El Gr\u00e1fico II. 2004.<\/li>\n<li style=\"text-align: justify;\">Proyecto ejecutivo de Redes de Agua Potable y Desag\u00fces Cloacales para diversas poblaciones de la provincia. 2004.<\/li>\n<li style=\"text-align: justify;\">Proyecto ejecutivo \u201cColector Troncal Este\u201d.\u00a0 2004.<\/li>\n<li style=\"text-align: justify;\">Estudios de Factibilidad para Provisi\u00f3n de Agua Potable y Desag\u00fces Cloacales. 2004.<\/li>\n<li style=\"text-align: justify;\">Proyecto ejecutivo Puente sobre el R\u00edo Sal\u00ed, Ruta Provincial N\u00ba 305. 2004.<\/li>\n<li style=\"text-align: justify;\">Proyecto estructural Viaducto \u201cEl Fin del mundo\u201d, Ruta Provincial N\u00ba 307. 2005.<\/li>\n<li style=\"text-align: justify;\">Proyecto estructural del Edificio Altos de Alberdi. Calle Catamarca 653. 2005.<\/li>\n<li style=\"text-align: justify;\">Proyecto estructural del Puente sobre el Canal del Este. 2005.<\/li>\n<li style=\"text-align: justify;\">Ensanche de calzada y construcci\u00f3n de veredas en puentes sobre el Canal norte. 2.005.<\/li>\n<li style=\"text-align: justify;\">Proyecto estructural de pasarela peatonal anexada al Puente Ferroviario del Km 123, r\u00edo Lules.\u00a0 2.006.<\/li>\n<li style=\"text-align: justify;\">Proyecto estructural de Cubierta para Packing. Estructura met\u00e1lica y fundaciones. Agua Blanca. 2.008.<\/li>\n<li style=\"text-align: justify;\">Proyecto estructural de Nave para Silos. Estructura met\u00e1lica y fundaciones. Rapelli, Santiago del Estero. 2.009.<\/li>\n<li style=\"text-align: justify;\">Proyecto estructural del Puente sobre Arroyo La Perdiz. El Timb\u00f3. 2009.<\/li>\n<\/ul>\n<h2>Organizaci\u00f3n de Eventos de Ciencia y T\u00e9cnica<\/h2>\n<ul>\n<li style=\"text-align: justify;\">Presidente del Cap\u00edtulo \u201cObras y Proyectos de Ingenier\u00eda\u201d. II Congreso Argentino de Ingenier\u00eda \u2013 CADI 2014.<\/li>\n<li style=\"text-align: justify;\">Evaluador de Trabajos Cient\u00edficos presentados en el CADI 2014.<\/li>\n<li style=\"text-align: justify;\">Coordinador y Moderador de Secci\u00f3n \u201cObras y Proyectos de Ingenier\u00eda\u201d en el CADI 2014.<\/li>\n<\/ul>\n<h2>Conferencista<\/h2>\n<p><strong>Congresos Internacionales<\/strong><\/p>\n<ul>\n<li style=\"text-align: justify;\">\u201cEvaluaci\u00f3n de Puentes a trav\u00e9s de Indicadores de Suficiencia y Riesgo\u201d. ALCONPAT 2010. Asunci\u00f3n, Paraguay. 2010.<\/li>\n<li style=\"text-align: justify;\">\u201cMetodolog\u00edas para la Evaluaci\u00f3n de Puentes a trav\u00e9s de Ensayos de Carga\u201d. XXXIV Jornadas Sudamericanas de Ingenier\u00eda Estructural. San Juan. 2010.<\/li>\n<li style=\"text-align: justify;\">\u201cPrincipales Patolog\u00edas en Puentes. Su Consideraci\u00f3n para la Evaluaci\u00f3n\u201d. XXXV Jornadas Sudamericanas de Ingenier\u00eda Estructural. Rio de janeiro, Brasil. 2012.<\/li>\n<li style=\"text-align: justify;\">\u201cClasificaci\u00f3n de Puentes en Argentina para la Evaluaci\u00f3n de su Vulnerabilidad S\u00edsmica\u201d. 1\u00aa Conferencia Internacional de Puentes. Santiago, Chile. 2014.<\/li>\n<\/ul>\n<p><strong>Congresos Nacionales<\/strong><\/p>\n<ul>\n<li style=\"text-align: justify;\">\u201cEvaluaci\u00f3n y Rehabilitaci\u00f3n de un Puente Met\u00e1lico\u201d. XX Jornadas Argentinas de Ingenier\u00eda Estructural. Buenos Aires. 2008.<\/li>\n<li style=\"text-align: justify;\">\u201cAplicaci\u00f3n de Especificaciones FHWA-BIRM y AASHTO LRFR para la Evaluaci\u00f3n de Puentes Met\u00e1licos y de Hormig\u00f3n\u201d. Mar del Plata. 2009.<\/li>\n<li style=\"text-align: justify;\">\u201cPropuestas para la Evaluaci\u00f3n de Puentes Nacionales\u201d. 9\u00ba EIPAC. Salta. 2011.<\/li>\n<li style=\"text-align: justify;\">\u201cPrincipales patolog\u00edas en puentes. Su consideraci\u00f3n para la evaluaci\u00f3n\u201d. V Congreso Nacional de Estudiantes de Ingenier\u00eda Civil. 2012.<\/li>\n<li style=\"text-align: justify;\">\u201cContribuciones para la Evaluaci\u00f3n de Puentes en Argentina. Una Transferencia de la Universidad a Vialidad Nacional\u201d. V Jornadas Acad\u00e9micas de la Red de Vinculaci\u00f3n Tecnol\u00f3gica de Universidades Nacionales. \u201cContribuciones para la Evaluaci\u00f3n de Puentes en Argentina. C\u00f3rdoba. 2014.<\/li>\n<\/ul>\n<p><strong>Jornadas Locales<\/strong><\/p>\n<ul>\n<li style=\"text-align: justify;\">\u201cHormig\u00f3n Compactado con Rodillos. Su Uso en Presas y Caminos\u201d, UTN FRT. 2000.<\/li>\n<li style=\"text-align: justify;\">\u201cSoftware para Estructuras 3D \u2013 An\u00e1lisis y Dimensionado\u201d, UTN FRT. 2001.<\/li>\n<li style=\"text-align: justify;\">\u201cSistemas de Gesti\u00f3n de Puentes. Evaluaci\u00f3n y Rehabilitaci\u00f3n del Puente Met\u00e1lico sobre el R\u00edo Gastona, Ciudad de Concepci\u00f3n\u201d, UTN FRT. 2008.<\/li>\n<li style=\"text-align: justify;\">\u201cJornadas de Difusi\u00f3n de la Oferta Acad\u00e9mica de la Facultad Regional Tucum\u00e1n, UTN\u201d. UTN FRT. 2009.<\/li>\n<li style=\"text-align: justify;\">\u201cEvaluaci\u00f3n de Puentes a trav\u00e9s de Ensayos de Carga\u201d. Semana de la Ingenier\u00eda. UTN FRT. 2011.<\/li>\n<li style=\"text-align: justify;\">\u00a0\u201cEvaluaci\u00f3n y Rehabilitaci\u00f3n de Puentes\u201d. Semana de la Ingenier\u00eda. UTN FRT. 2012.<\/li>\n<li style=\"text-align: justify;\">\u201cContribuciones para la Evaluaci\u00f3n de Puentes en la Rep\u00fablica Argentina\u201d. Semana de la Ingenier\u00eda. UTN FRT. 2013.<\/li>\n<\/ul>\n<\/div>\n","protected":false},"excerpt":{"rendered":"<p>Mg. Ing. SARACHO Jose Anibal Instituto de Estructuras \u201cIng. Arturo M. Guzm\u00e1n\u201d Facultad de Ciencias Exactas y Tecnolog\u00eda Universidad Nacional de Tucum\u00e1n Av. Independencia 1800 \u2013 CP 4000 San Miguel de Tucum\u00e1n, Tucum\u00e1n, Argentina Tel\/Fax Lab.: +54 (0) 381 4364087 e-mail: joseanibalsaracho@yahoo.com.ar T\u00edtulos T\u00e9cnico Constructor.\u00a0Instituto T\u00e9cnico de la UNT. 1988. Ingeniero en Construcciones. UTN FRT. [&hellip;]<\/p>\n","protected":false},"author":20,"featured_media":0,"parent":142,"menu_order":5,"comment_status":"closed","ping_status":"closed","template":"","meta":[],"_links":{"self":[{"href":"https:\/\/www.facet.unt.edu.ar\/iest\/wp-json\/wp\/v2\/pages\/738"}],"collection":[{"href":"https:\/\/www.facet.unt.edu.ar\/iest\/wp-json\/wp\/v2\/pages"}],"about":[{"href":"https:\/\/www.facet.unt.edu.ar\/iest\/wp-json\/wp\/v2\/types\/page"}],"author":[{"embeddable":true,"href":"https:\/\/www.facet.unt.edu.ar\/iest\/wp-json\/wp\/v2\/users\/20"}],"replies":[{"embeddable":true,"href":"https:\/\/www.facet.unt.edu.ar\/iest\/wp-json\/wp\/v2\/comments?post=738"}],"version-history":[{"count":31,"href":"https:\/\/www.facet.unt.edu.ar\/iest\/wp-json\/wp\/v2\/pages\/738\/revisions"}],"predecessor-version":[{"id":2088,"href":"https:\/\/www.facet.unt.edu.ar\/iest\/wp-json\/wp\/v2\/pages\/738\/revisions\/2088"}],"up":[{"embeddable":true,"href":"https:\/\/www.facet.unt.edu.ar\/iest\/wp-json\/wp\/v2\/pages\/142"}],"wp:attachment":[{"href":"https:\/\/www.facet.unt.edu.ar\/iest\/wp-json\/wp\/v2\/media?parent=738"}],"curies":[{"name":"wp","href":"https:\/\/api.w.org\/{rel}","templated":true}]}}