{"id":972,"date":"2015-02-06T23:54:34","date_gmt":"2015-02-07T02:54:34","guid":{"rendered":"https:\/\/www.facet.unt.edu.ar\/iest\/?page_id=972"},"modified":"2018-03-09T01:01:32","modified_gmt":"2018-03-09T04:01:32","slug":"hormigones-de-altas-y-ultra-altas-prestaciones-reforzados-con-fibras-hibridas-para-estructuras-bajo-cargas-extremas-pict-2013-1740","status":"publish","type":"page","link":"https:\/\/www.facet.unt.edu.ar\/iest\/proyectos\/hormigones-de-altas-y-ultra-altas-prestaciones-reforzados-con-fibras-hibridas-para-estructuras-bajo-cargas-extremas-pict-2013-1740\/","title":{"rendered":"Hormigones de altas y ultra altas prestaciones reforzados con fibras h\u00edbridas para estructuras bajo cargas extremas (PICT-2013-1740)"},"content":{"rendered":"<p><strong>HORMIGONES DE ALTAS Y ULTRA ALTAS PRESTACIONES REFORZADOS CON FIBRAS H\u00cdBRIDAS PARA ESTRUCTURAS BAJO CARGAS EXTREMAS (PICT-2013-1740)<\/strong><\/p>\n<p><strong>Director:<\/strong>\u00a0<a title=\"Dr. Ing. Luccioni Bibiana Maria\" href=\"https:\/\/www.facet.unt.edu.ar\/iest\/integrantes\/luccioni-bibiana-maria\/\">Dr. Ing.\u00a0Luccioni, Bibiana Mar\u00eda<\/a><\/p>\n<p>&nbsp;<\/p>\n<p><strong>Resumen<\/strong><\/p>\n<p style=\"text-align: justify;\">Actualmente se exige que los elementos estructurales puedan soportar cargas est\u00e1ticas m\u00e1s altas con secciones menores. Pero el verdadero desaf\u00edo para las construcciones y materiales lo constituyen las cargas extremas provenientes de accidentes (explosiones,\u00a0fuego), desastres naturales (terremotos, inundaciones, huracanes) y ataques terroristas (explosiones, impacto de alta velocidad,\u00a0proyectiles). Este tipo de cargas supone acciones impulsivas, fuertes presiones y temperaturas elevadas.\u00a0Los Hormigones de Alta\u00a0Resistencia (HAR) y en particular el Hormig\u00f3n de Ultra-Altas Prestaciones (HUAP) aparecen como alternativas para la construcci\u00f3n\u00a0de ese tipo de estructuras. El HUAP es un desarrollo reciente, con resistencias superiores a 150 MPa, una baja porosidad que lleva a\u00a0baja permeabilidad y m\u00e1s alta durabilidad, y especialmente el agregado de fibras d\u00factiles y fibras de alta resistencia (HUAPRF)\u00a0permite reducir la naturaleza fr\u00e1gil del hormig\u00f3n y produce un aumento notable en la capacidad de absorci\u00f3n de energ\u00eda. Debido a\u00a0esta alta resistencia, ductilidad y capacidad de absorci\u00f3n de energ\u00eda es un material muy adecuado para soportar acciones extremas,\u00a0con grandes ventajas respecto al hormig\u00f3n convencional. Con un dise\u00f1o orientado a la aplicaci\u00f3n es un material promisorio para la\u00a0realizaci\u00f3n de estructuras de protecci\u00f3n que ayuden a salvar vidas en casos de desastres. Como el HUAPRF es un material nuevo, los\u00a0resultados disponibles hasta ahora permiten ver sus posibilidades pero se requiere de m\u00e1s investigaci\u00f3n para entender mejor el\u00a0comportamiento y poder cuantificar con mayor precisi\u00f3n las potencialidades de su aplicaci\u00f3n para soportar cargas extremas. Por otro\u00a0lado, la combinaci\u00f3n de alta prestaci\u00f3n con alta eficiencia econ\u00f3mica es a\u00fan dif\u00edcil de lograr. En Argentina son limitados los estudios\u00a0y m\u00e1s a\u00fan las aplicaciones de HAR reforzados con fibras. A la vez no existen antecedentes sobre HUAPRF. El desarrollo de estos\u00a0materiales explorando las alternativas de los materiales disponibles en el mercado constituye un desaf\u00edo importante con impacto\u00a0directo en la industria de la construcci\u00f3n. El objetivo final de este proyecto es desarrollar criterios de dise\u00f1o y aplicaci\u00f3n estructural\u00a0de HUAPRF, de forma tal de lograr bases para una mejor aplicaci\u00f3n y mayor aprovechamiento de las ventajas y alternativas que\u00a0brinda este material para la construcci\u00f3n de estructuras expuestas a acciones extremas y, en particular, para estructuras de protecci\u00f3n.\u00a0El proyecto se desarrolla dentro de un grupo formado por investigadores altamente calificados a nivel nacional e internacional que se\u00a0complementan en los dos aspectos requeridos para abordar el tema.<\/p>\n","protected":false},"excerpt":{"rendered":"<p>HORMIGONES DE ALTAS Y ULTRA ALTAS PRESTACIONES REFORZADOS CON FIBRAS H\u00cdBRIDAS PARA ESTRUCTURAS BAJO CARGAS EXTREMAS (PICT-2013-1740) Director:\u00a0Dr. Ing.\u00a0Luccioni, Bibiana Mar\u00eda &nbsp; Resumen Actualmente se exige que los elementos estructurales puedan soportar cargas est\u00e1ticas m\u00e1s altas con secciones menores. Pero el verdadero desaf\u00edo para las construcciones y materiales lo constituyen las cargas extremas provenientes de [&hellip;]<\/p>\n","protected":false},"author":20,"featured_media":0,"parent":151,"menu_order":13,"comment_status":"closed","ping_status":"closed","template":"","meta":[],"_links":{"self":[{"href":"https:\/\/www.facet.unt.edu.ar\/iest\/wp-json\/wp\/v2\/pages\/972"}],"collection":[{"href":"https:\/\/www.facet.unt.edu.ar\/iest\/wp-json\/wp\/v2\/pages"}],"about":[{"href":"https:\/\/www.facet.unt.edu.ar\/iest\/wp-json\/wp\/v2\/types\/page"}],"author":[{"embeddable":true,"href":"https:\/\/www.facet.unt.edu.ar\/iest\/wp-json\/wp\/v2\/users\/20"}],"replies":[{"embeddable":true,"href":"https:\/\/www.facet.unt.edu.ar\/iest\/wp-json\/wp\/v2\/comments?post=972"}],"version-history":[{"count":5,"href":"https:\/\/www.facet.unt.edu.ar\/iest\/wp-json\/wp\/v2\/pages\/972\/revisions"}],"predecessor-version":[{"id":2054,"href":"https:\/\/www.facet.unt.edu.ar\/iest\/wp-json\/wp\/v2\/pages\/972\/revisions\/2054"}],"up":[{"embeddable":true,"href":"https:\/\/www.facet.unt.edu.ar\/iest\/wp-json\/wp\/v2\/pages\/151"}],"wp:attachment":[{"href":"https:\/\/www.facet.unt.edu.ar\/iest\/wp-json\/wp\/v2\/media?parent=972"}],"curies":[{"name":"wp","href":"https:\/\/api.w.org\/{rel}","templated":true}]}}