{"id":123,"date":"2017-03-20T12:22:37","date_gmt":"2017-03-20T15:22:37","guid":{"rendered":"https:\/\/www.facet.unt.edu.ar\/ingbiomedica\/?page_id=123"},"modified":"2024-03-31T12:44:44","modified_gmt":"2024-03-31T15:44:44","slug":"perfil-del-egresado","status":"publish","type":"page","link":"https:\/\/www.facet.unt.edu.ar\/ingbiomedica\/perfil-del-egresado\/","title":{"rendered":"Perfil del egresado"},"content":{"rendered":"<table style=\"border-collapse: collapse; width: 100.119%; height: 305px;\">\n<tbody>\n<tr>\n<td style=\"width: 100%; text-align: center;\"><iframe loading=\"lazy\" title=\"YouTube video player\" src=\"\/\/www.youtube.com\/embed\/rFvnhjeNFjc?si=K2i69prZWCPSzEy0\" width=\"560\" height=\"315\" frameborder=\"0\" allowfullscreen=\"allowfullscreen\"><\/iframe><\/td>\n<\/tr>\n<\/tbody>\n<\/table>\n<p style=\"text-align: justify;\">Una importante fracci\u00f3n de los avances de la medicina durante la segunda mitad del Siglo XX, se debi\u00f3 a la incorporaci\u00f3n de tecnolog\u00edas basadas en la f\u00edsica, la computaci\u00f3n y la electr\u00f3nica.\u00a0En los Institutos Asistenciales de Alta complejidad, los profesionales de la ingenier\u00eda biom\u00e9dica tienen un lugar en el equipo interdisciplinario de salud y son los responsables de la seguridad y confiabilidad del equipamiento.<\/p>\n<p style=\"text-align: justify;\">Es un profesional que por su formaci\u00f3n en el \u00e1rea de la biolog\u00eda e ingenier\u00eda tiene conocimientos de: los elementos para el dise\u00f1o, an\u00e1lisis y construcci\u00f3n de equipamiento m\u00e9dico; las propiedades f\u00edsicas y f\u00edsico-qu\u00edmicas de materiales tecnol\u00f3gicos de inter\u00e9s biom\u00e9dico y biocompatibles; la estructura y funcionamiento de hospitales de diferente complejidad; la seguridad en el hospital. Para ello, adem\u00e1s de la formaci\u00f3n en el campo de la biolog\u00eda, el profesional de la ingenier\u00eda biom\u00e9dica debe formarse fuertemente en matem\u00e1tica, f\u00edsica, electr\u00f3nica e inform\u00e1tica.<\/p>\n<h4><strong>Perfil del egresado<\/strong><\/h4>\n<ul>\n<li>Servir en la industria, en hospitales, en educaci\u00f3n y en agencias normalizadoras;<\/li>\n<li>Servir de interfase entre \u00e1mbitos de salud y tecnol\u00f3gicos;<\/li>\n<li>Dise\u00f1ar sistemas biom\u00e9dicos que involucren electr\u00f3nica y medicina;<\/li>\n<li>Establecer normas de seguridad para equipos biom\u00e9dicos;<\/li>\n<li>Asesorar en la selecci\u00f3n, adquisici\u00f3n y uso de equipamiento biom\u00e9dico;<\/li>\n<li>Construir equipos y supervisar la construcci\u00f3n de equipos a medida para necesidades m\u00e9dicas espec\u00edficas;<\/li>\n<li>Ser consejero t\u00e9cnico en la venta y \u201cmarketing\u201d de equipos biom\u00e9dicos;<\/li>\n<li>Entrenar a personal t\u00e9cnico, param\u00e9dico y m\u00e9dico en hospitales;<\/li>\n<li>Verificar normas de seguridad biol\u00f3gica, microbiol\u00f3gica, mec\u00e1nica;<\/li>\n<li>Servir de interfase con los f\u00edsico-m\u00e9dicos.<\/li>\n<\/ul>\n<h4><strong>Actividades Profesionales reservadas al t\u00edtulo de Ingeniero Biom\u00e9dico<\/strong><\/h4>\n<p style=\"text-align: justify;\"><strong>1)<\/strong> Realizar y dirigir: estudios de factibilidad, proyectos, dise\u00f1os, construcci\u00f3n, control de calidad, comercializaci\u00f3n, instalaci\u00f3n, puesta en funcionamiento, ensayos, optimizaci\u00f3n, calibraci\u00f3n, mantenimiento y reparaci\u00f3n de:<\/p>\n<p style=\"text-align: justify;\">a) instalaciones, instrumental, equipos, sistemas y partes de sistemas de tecnolog\u00eda biom\u00e9dica, utilizados en el \u00e1rea de la salud humana y animal;<\/p>\n<p style=\"text-align: justify;\">b) instrumental, equipos, sistemas y partes de sistemas utilizados en la adquisici\u00f3n y procesamiento de se\u00f1ales y magnitudes f\u00edsicas o qu\u00edmicas, especialmente aquellas generadas por seres humanos, animales o el medio ambiente;<\/p>\n<p style=\"text-align: justify;\">c) materiales, elementos, componentes, sistemas y partes de sistemas de pr\u00f3tesis, ortesis, \u00f3rganos artificiales, y sistemas de mantenimiento o mejoramiento de la calidad de la vida, utilizables en humanos y animales.<\/p>\n<p style=\"text-align: justify;\"><strong>2)<\/strong> Participar en la elaboraci\u00f3n, modificaci\u00f3n, evaluaci\u00f3n, verificaci\u00f3n de la adecuaci\u00f3n y el cumplimiento de normativas referidas a la seguridad en el uso de:<\/p>\n<p style=\"text-align: justify;\">a) instalaciones, instrumental, equipos, sistemas y partes de sistemas de tecnolog\u00eda biom\u00e9dica, utilizados en el \u00e1rea de la salud humana y animal;<\/p>\n<p style=\"text-align: justify;\">b) instrumental, equipos, sistemas y partes de sistemas utilizados en la adquisici\u00f3n y procesamiento de se\u00f1ales y magnitudes f\u00edsicas o qu\u00edmicas, generadas por seres humanos, animales o el medio ambiente;<\/p>\n<p style=\"text-align: justify;\">c) materiales, elementos, componentes, sistemas y partes de sistemas de pr\u00f3tesis, \u00f3rtesis, \u00f3rganos artificiales y sistemas de mantenimiento o mejoramiento de la calidad de la vida, utilizables en humanos y animales.<\/p>\n<p style=\"text-align: justify;\"><strong>3)<\/strong>\u00a0Realizar y dirigir la planificaci\u00f3n, la organizaci\u00f3n, la verificaci\u00f3n de adecuaci\u00f3n a usos y normas de seguridad, de instalaciones relacionadas con tecnolog\u00eda biom\u00e9dica en unidades hospitalarias, sanatorios, laboratorios cl\u00ednicos y centros de salud o de rehabilitaci\u00f3n, como as\u00ed tambi\u00e9n en el \u00e1mbito de la industria y de los centro de investigaci\u00f3n en los aspectos relacionados con la seguridad en el uso de las radiaciones ionizantes y no ionizantes y riesgo biol\u00f3gico.<\/p>\n<p style=\"text-align: justify;\"><strong>4)<\/strong>\u00a0Asesorar en todos los procesos de elaboraci\u00f3n de programas de compra, redactar normas y pliegos de adquisici\u00f3n, verificar los bienes y\/o insumos adquiridos de equipos, sistemas y partes de sistemas de tecnolog\u00eda biom\u00e9dica, sus complementos y accesorios, instalaciones y dispositivos afines necesarios a sus prop\u00f3sitos.<\/p>\n<p style=\"text-align: justify;\"><strong>5)<\/strong>\u00a0Realizar y dirigir peritajes, arbitrajes y tasaciones en relaci\u00f3n con sistemas de tecnolog\u00eda biom\u00e9dica, sus componentes, accesorios, instalaciones y dispositivos afines necesarios a sus prop\u00f3sitos.<\/p>\n<p style=\"text-align: justify;\"><strong>6)<\/strong>\u00a0Asesorar en cuestiones relacionadas con higiene, seguridad industrial y hospitalaria, contaminaci\u00f3n ambiental, manejo de residuos peligrosos para la vida y el medio ambiente.<\/p>\n<p style=\"text-align: justify;\"><strong>7)<\/strong>\u00a0Capacitar recursos humanos e ingenier\u00eda biom\u00e9dica.<\/p>\n<p style=\"text-align: justify;\"><strong>8)<\/strong>\u00a0Realizar y dirigir programas y tareas de investigaci\u00f3n y desarrollo en ingenier\u00eda biom\u00e9dica.<\/p>\n<p style=\"text-align: center;\"><strong>\u00a0\u27a1 Mir\u00e1 nuestros videos y conoc\u00e9 m\u00e1s del perfil del egresado con testimonios reales:<\/strong><\/p>\n<table style=\"border-collapse: collapse; width: 100%; height: 999px;\">\n<tbody>\n<tr style=\"height: 205px;\">\n<td style=\"width: 50%; text-align: center; height: 205px;\">\n<h6>Experiencias: Dra. Betiana Felice; Esp. Ing. Lucila Figueroa Gallo; Ing. Diego Fern\u00e1ndez<\/h6>\n<p><iframe loading=\"lazy\" title=\"YouTube video player\" src=\"\/\/www.youtube.com\/embed\/S6vuZgZegiM?si=UuAyFFz8bo4WBw9B\" width=\"350\" height=\"197\" frameborder=\"0\" allowfullscreen=\"allowfullscreen\"><\/iframe><\/td>\n<td style=\"width: 50%; text-align: center; height: 205px;\">\n<h6>Experiencias: Ing. Fernando Aschur; Dr. Luciano Sappia; Ing. Milagro Pidutti Hortas<\/h6>\n<p><iframe loading=\"lazy\" title=\"YouTube video player\" src=\"\/\/www.youtube.com\/embed\/cwpf1knKwzE?si=bd6x9NENgDiton9E\" width=\"350\" height=\"197\" frameborder=\"0\" allowfullscreen=\"allowfullscreen\"><\/iframe><\/td>\n<\/tr>\n<tr style=\"height: 188px;\">\n<td style=\"width: 50%; text-align: center; height: 188px;\">\n<h6>Experiencias: Dr. Daniel Farf\u00e1n &#8211; LINTEC<\/h6>\n<p><iframe loading=\"lazy\" title=\"YouTube video player\" src=\"\/\/www.youtube.com\/embed\/QcW45jy-mv8?si=vYdCXncAg6TjevDj\" width=\"350\" height=\"197\" frameborder=\"0\" allowfullscreen=\"allowfullscreen\"><\/iframe><\/td>\n<td style=\"width: 50%; text-align: center; height: 188px;\">\n<h6>Experiencias: Ing. Guadalupe Murga &#8211; SYLVARUM<\/h6>\n<p><iframe loading=\"lazy\" title=\"YouTube video player\" src=\"\/\/www.youtube.com\/embed\/w2xmzZLMPVk?si=1lKdHu3eVUmXCm4Z\" width=\"350\" height=\"197\" frameborder=\"0\" allowfullscreen=\"allowfullscreen\"><\/iframe><\/td>\n<\/tr>\n<tr style=\"height: 24px;\">\n<td style=\"width: 50%; text-align: center; height: 24px;\">\n<h6>Experiencias: Ing. Lucila Figueroa Gallo &#8211; GATEME<\/h6>\n<p><iframe loading=\"lazy\" title=\"YouTube video player\" src=\"\/\/www.youtube.com\/embed\/ZCZbdqOvoDs?si=zs6OwjTcFs4hPq-I\" width=\"350\" height=\"197\" frameborder=\"0\" allowfullscreen=\"allowfullscreen\"><\/iframe><\/td>\n<td style=\"width: 50%; text-align: center; height: 24px;\">\n<h6>Experiencias: Ing. Gerardo Padilla &#8211; LINTEC<\/h6>\n<p><iframe loading=\"lazy\" title=\"YouTube video player\" src=\"\/\/www.youtube.com\/embed\/BiW-ZQ9z4Cg?si=SwlVezRXh8yN7tW8\" width=\"350\" height=\"197\" frameborder=\"0\" allowfullscreen=\"allowfullscreen\"><\/iframe><\/td>\n<\/tr>\n<tr style=\"height: 284px;\">\n<td style=\"width: 50%; text-align: center; height: 284px;\">\n<h6>Experiencias: Ing. Milagros Pidutti Hortas, Ing. Guadalupe Murga e Ing. Marcelo V\u00e1zquez<br \/>\n<iframe loading=\"lazy\" title=\"YouTube video player\" src=\"\/\/www.youtube.com\/embed\/gR6crtQyuT4?si=Lb6P0Nc7Ccwhosf9\" width=\"350\" height=\"197\" frameborder=\"0\" allowfullscreen=\"allowfullscreen\"><\/iframe><\/h6>\n<\/td>\n<td style=\"width: 50%; text-align: center; height: 284px;\">\n<h6>Experiencias: Ing. Milagros Pidutti Hortas e Ing. Paula Feldman (Becas)<\/h6>\n<p><iframe loading=\"lazy\" title=\"YouTube video player\" src=\"\/\/www.youtube.com\/embed\/qwyC0hPVPoA?si=8SOBExMj06Ij1o1-\" width=\"350\" height=\"197\" frameborder=\"0\" allowfullscreen=\"allowfullscreen\"><\/iframe><\/td>\n<\/tr>\n<tr style=\"height: 298px;\">\n<td style=\"width: 50%; text-align: center; height: 298px;\" colspan=\"2\"><iframe loading=\"lazy\" title=\"YouTube video player\" src=\"\/\/www.youtube.com\/embed\/EKl0yKdu56Q?si=WhcGCEVScFIr0F7T\" width=\"480\" height=\"270\" frameborder=\"0\" allowfullscreen=\"allowfullscreen\"><\/iframe><\/p>\n<h6><\/h6>\n<\/td>\n<\/tr>\n<\/tbody>\n<\/table>\n<p>Ver m\u00e1s: Egresados de Tucum\u00e1n (Pr\u00f3ximamente)<br \/>\nVer m\u00e1s: <a href=\"https:\/\/www.instagram.com\/biomedica_copit\/\">Matriculados en ejercicio en Tucum\u00e1n\u00a0<\/a><\/p>\n","protected":false},"excerpt":{"rendered":"<p>Una importante fracci\u00f3n de los avances de la medicina durante la segunda mitad del Siglo XX, se debi\u00f3 a la incorporaci\u00f3n de tecnolog\u00edas basadas en la f\u00edsica, la computaci\u00f3n y la electr\u00f3nica.\u00a0En los Institutos Asistenciales de Alta complejidad, los profesionales de la ingenier\u00eda biom\u00e9dica tienen un lugar en el equipo interdisciplinario de salud y son [&hellip;]<\/p>\n","protected":false},"author":101026,"featured_media":0,"parent":0,"menu_order":0,"comment_status":"closed","ping_status":"closed","template":"","meta":[],"_links":{"self":[{"href":"https:\/\/www.facet.unt.edu.ar\/ingbiomedica\/wp-json\/wp\/v2\/pages\/123"}],"collection":[{"href":"https:\/\/www.facet.unt.edu.ar\/ingbiomedica\/wp-json\/wp\/v2\/pages"}],"about":[{"href":"https:\/\/www.facet.unt.edu.ar\/ingbiomedica\/wp-json\/wp\/v2\/types\/page"}],"author":[{"embeddable":true,"href":"https:\/\/www.facet.unt.edu.ar\/ingbiomedica\/wp-json\/wp\/v2\/users\/101026"}],"replies":[{"embeddable":true,"href":"https:\/\/www.facet.unt.edu.ar\/ingbiomedica\/wp-json\/wp\/v2\/comments?post=123"}],"version-history":[{"count":18,"href":"https:\/\/www.facet.unt.edu.ar\/ingbiomedica\/wp-json\/wp\/v2\/pages\/123\/revisions"}],"predecessor-version":[{"id":450,"href":"https:\/\/www.facet.unt.edu.ar\/ingbiomedica\/wp-json\/wp\/v2\/pages\/123\/revisions\/450"}],"wp:attachment":[{"href":"https:\/\/www.facet.unt.edu.ar\/ingbiomedica\/wp-json\/wp\/v2\/media?parent=123"}],"curies":[{"name":"wp","href":"https:\/\/api.w.org\/{rel}","templated":true}]}}