{"id":125,"date":"2017-03-20T12:22:57","date_gmt":"2017-03-20T15:22:57","guid":{"rendered":"https:\/\/www.facet.unt.edu.ar\/ingbiomedica\/?page_id=125"},"modified":"2017-03-21T11:05:21","modified_gmt":"2017-03-21T14:05:21","slug":"campo-ocupacional","status":"publish","type":"page","link":"https:\/\/www.facet.unt.edu.ar\/ingbiomedica\/campo-ocupacional\/","title":{"rendered":"Campo ocupacional"},"content":{"rendered":"<p>Seg\u00fan el grado de <strong>Ingenier\u00eda Biom\u00e9dica<\/strong> al culminar tus estudios puedes desempe\u00f1arte en:<\/p>\n<p><strong>Servicios en el \u00e1mbito privado:\u00a0<\/strong><\/p>\n<ul>\n<li>Para el dise\u00f1o y fabricaci\u00f3n de equipos biom\u00e9dicos, tales como marcapasos, incubadoras, electrocardi\u00f3grafos, rayos X, resonancia magn\u00e9tica nuclear, c\u00e1maras gamma, tom\u00f3grafos computados, humidificadores, electrobistur\u00edes y otros.<\/li>\n<li>Para conducir empresas que prestan servicios de mantenimiento correctivo y preventivo en equipamiento m\u00e9dico a sistemas de salud p\u00fablica o privados.<\/li>\n<\/ul>\n<p><strong>Servicios de salud:<\/strong><\/p>\n<ul>\n<li>En hospitales, cl\u00ednicas y sanatorios p\u00fablicos y\/o privados, tomando a cargo el mantenimiento del equipamiento m\u00e9dico, el control de los servicios externos relacionados, o la inform\u00e1tica m\u00e9dica.<\/li>\n<li>En el \u00e1mbito gubernamental como consultor sobre tecnolog\u00edas en salud p\u00fablica.<\/li>\n<\/ul>\n<p><strong>\u00c1mbitos educativos:<\/strong><\/p>\n<ul>\n<li>A nivel secundario o terciario ense\u00f1ando introducci\u00f3n a tecnolog\u00edas m\u00e9dicas.<\/li>\n<li>A nivel universitario, como docente\/investigador en carreras de grado.<\/li>\n<li>A nivel de post-grado como docente en Maestr\u00edas y Doctorados en la especialidad.<\/li>\n<\/ul>\n<p><strong>\u00c1mbitos varios:<\/strong><\/p>\n<ul>\n<li>Puede participar en la redacci\u00f3n y\/o adaptaci\u00f3n de normas de seguridad de equipamiento biom\u00e9dico en comisiones como IRAM o equivalentes, entre otras.<\/li>\n<\/ul>\n","protected":false},"excerpt":{"rendered":"<p>Seg\u00fan el grado de Ingenier\u00eda Biom\u00e9dica al culminar tus estudios puedes desempe\u00f1arte en: Servicios en el \u00e1mbito privado:\u00a0 Para el dise\u00f1o y fabricaci\u00f3n de equipos biom\u00e9dicos, tales como marcapasos, incubadoras, electrocardi\u00f3grafos, rayos X, resonancia magn\u00e9tica nuclear, c\u00e1maras gamma, tom\u00f3grafos computados, humidificadores, electrobistur\u00edes y otros. Para conducir empresas que prestan servicios de mantenimiento correctivo y preventivo [&hellip;]<\/p>\n","protected":false},"author":101026,"featured_media":0,"parent":0,"menu_order":0,"comment_status":"closed","ping_status":"closed","template":"","meta":[],"_links":{"self":[{"href":"https:\/\/www.facet.unt.edu.ar\/ingbiomedica\/wp-json\/wp\/v2\/pages\/125"}],"collection":[{"href":"https:\/\/www.facet.unt.edu.ar\/ingbiomedica\/wp-json\/wp\/v2\/pages"}],"about":[{"href":"https:\/\/www.facet.unt.edu.ar\/ingbiomedica\/wp-json\/wp\/v2\/types\/page"}],"author":[{"embeddable":true,"href":"https:\/\/www.facet.unt.edu.ar\/ingbiomedica\/wp-json\/wp\/v2\/users\/101026"}],"replies":[{"embeddable":true,"href":"https:\/\/www.facet.unt.edu.ar\/ingbiomedica\/wp-json\/wp\/v2\/comments?post=125"}],"version-history":[{"count":2,"href":"https:\/\/www.facet.unt.edu.ar\/ingbiomedica\/wp-json\/wp\/v2\/pages\/125\/revisions"}],"predecessor-version":[{"id":179,"href":"https:\/\/www.facet.unt.edu.ar\/ingbiomedica\/wp-json\/wp\/v2\/pages\/125\/revisions\/179"}],"wp:attachment":[{"href":"https:\/\/www.facet.unt.edu.ar\/ingbiomedica\/wp-json\/wp\/v2\/media?parent=125"}],"curies":[{"name":"wp","href":"https:\/\/api.w.org\/{rel}","templated":true}]}}