{"id":186,"date":"2017-03-21T11:42:15","date_gmt":"2017-03-21T14:42:15","guid":{"rendered":"https:\/\/www.facet.unt.edu.ar\/ingbiomedica\/?page_id=186"},"modified":"2021-08-03T20:09:03","modified_gmt":"2021-08-03T23:09:03","slug":"resoluciones-acreditaciones","status":"publish","type":"page","link":"https:\/\/www.facet.unt.edu.ar\/ingbiomedica\/resoluciones-acreditaciones\/","title":{"rendered":"Resoluciones y Acreditaciones"},"content":{"rendered":"<h3>Resoluciones<\/h3>\n<p><a href=\"https:\/\/www.facet.unt.edu.ar\/ingbiomedica\/wp-content\/uploads\/sites\/46\/2021\/08\/Res_1930_19.pdf\">Resoluci\u00f3n 1930-19 Modificaci\u00f3n Reglamento interno (Proyectos de graduaci\u00f3n)<\/a><\/p>\n<p><a href=\"https:\/\/www.facet.unt.edu.ar\/ingbiomedica\/wp-content\/uploads\/sites\/46\/2019\/12\/RES1913-2019.pdf\">Resoluci\u00f3n 1913-19 Env\u00edo obligatorio de memoria final a la Biblioteca Central (Proyectos de graduaci\u00f3n)<\/a><\/p>\n<p><a href=\"https:\/\/www.facet.unt.edu.ar\/ingbiomedica\/wp-content\/uploads\/sites\/46\/2017\/03\/Resoluci\u00f3n-MECyT-1603-04_Ing-Biomedico-Bioingenierio.pdf\">Resoluci\u00f3n MECyT 1603-04 &#8211; Ing Biomedico &#8211; Bioingenierio<\/a><\/p>\n<p><a href=\"https:\/\/www.facet.unt.edu.ar\/ingbiomedica\/wp-content\/uploads\/sites\/46\/2017\/03\/Estandares-CONEAU-Ing-Biomedica.pdf\">Estandares CONEAU &#8211; Ing Biomedica<\/a><\/p>\n<h3>Acreditaciones<\/h3>\n<p><a href=\"https:\/\/www.facet.unt.edu.ar\/ingbiomedica\/wp-content\/uploads\/sites\/46\/2017\/03\/CONEAU_Res142-14E804010413.pdf\">CONEAU_Res142-14E804010413<\/a><\/p>\n<p><a href=\"https:\/\/www.facet.unt.edu.ar\/ingbiomedica\/wp-content\/uploads\/sites\/46\/2017\/03\/CONEAU_Res150-11E80435005_IBIO.pdf\">CONEAU_Res150-11E80435005_IBIO<\/a><\/p>\n<p><a href=\"https:\/\/www.facet.unt.edu.ar\/ingbiomedica\/wp-content\/uploads\/sites\/46\/2017\/03\/CONEAU_Res631-06E80435005.pdf\">CONEAU_Res631-06E80435005<\/a><\/p>\n","protected":false},"excerpt":{"rendered":"<p>Resoluciones Resoluci\u00f3n 1930-19 Modificaci\u00f3n Reglamento interno (Proyectos de graduaci\u00f3n) Resoluci\u00f3n 1913-19 Env\u00edo obligatorio de memoria final a la Biblioteca Central (Proyectos de graduaci\u00f3n) Resoluci\u00f3n MECyT 1603-04 &#8211; Ing Biomedico &#8211; Bioingenierio Estandares CONEAU &#8211; Ing Biomedica Acreditaciones CONEAU_Res142-14E804010413 CONEAU_Res150-11E80435005_IBIO CONEAU_Res631-06E80435005<\/p>\n","protected":false},"author":101026,"featured_media":0,"parent":0,"menu_order":0,"comment_status":"closed","ping_status":"closed","template":"","meta":[],"_links":{"self":[{"href":"https:\/\/www.facet.unt.edu.ar\/ingbiomedica\/wp-json\/wp\/v2\/pages\/186"}],"collection":[{"href":"https:\/\/www.facet.unt.edu.ar\/ingbiomedica\/wp-json\/wp\/v2\/pages"}],"about":[{"href":"https:\/\/www.facet.unt.edu.ar\/ingbiomedica\/wp-json\/wp\/v2\/types\/page"}],"author":[{"embeddable":true,"href":"https:\/\/www.facet.unt.edu.ar\/ingbiomedica\/wp-json\/wp\/v2\/users\/101026"}],"replies":[{"embeddable":true,"href":"https:\/\/www.facet.unt.edu.ar\/ingbiomedica\/wp-json\/wp\/v2\/comments?post=186"}],"version-history":[{"count":13,"href":"https:\/\/www.facet.unt.edu.ar\/ingbiomedica\/wp-json\/wp\/v2\/pages\/186\/revisions"}],"predecessor-version":[{"id":376,"href":"https:\/\/www.facet.unt.edu.ar\/ingbiomedica\/wp-json\/wp\/v2\/pages\/186\/revisions\/376"}],"wp:attachment":[{"href":"https:\/\/www.facet.unt.edu.ar\/ingbiomedica\/wp-json\/wp\/v2\/media?parent=186"}],"curies":[{"name":"wp","href":"https:\/\/api.w.org\/{rel}","templated":true}]}}