{"id":320,"date":"2017-08-03T13:13:23","date_gmt":"2017-08-03T16:13:23","guid":{"rendered":"https:\/\/www.facet.unt.edu.ar\/ingbiomedica\/?page_id=320"},"modified":"2026-03-28T18:01:11","modified_gmt":"2026-03-28T21:01:11","slug":"practicas-profesionales","status":"publish","type":"page","link":"https:\/\/www.facet.unt.edu.ar\/ingbiomedica\/practicas-profesionales\/","title":{"rendered":"Practicas profesionales"},"content":{"rendered":"<h2 style=\"text-align: justify;\"><strong>Pr\u00e1ctica Profesional Supervisada\u00a0<\/strong><\/h2>\n<p style=\"text-align: justify;\">Objetivos: Lograr que el estudiante tome contacto con el \u00e1mbito del ejercicio profesional\/laboral realizando una pr\u00e1ctica profesional supervisada (PPS) en una instituci\u00f3n de salud, empresa u organizaci\u00f3n con vinculaci\u00f3n a la tecnolog\u00eda sanitaria.<\/p>\n<p style=\"text-align: justify;\"><strong>R\u00e9gimen de cursado\/aprobaci\u00f3n:<\/strong><br \/>\nLas PPS se desarrollar\u00e1n en el <span style=\"color: #000000;\"><strong>M\u00f3dulo X <\/strong><\/span>y el alumno deber\u00e1 haber aprobado como <strong><span style=\"color: #000000;\">m\u00ednimo 34 asignaturas<\/span><\/strong> del plan de estudios <strong>y<\/strong> tener regulares todas las asignaturas del <strong>m\u00f3dulo VIII<\/strong> del plan de estudios de la carrera.<\/p>\n<p>El alumno debe inscribirse en el siguiente <a href=\"https:\/\/docs.google.com\/forms\/d\/e\/1FAIpQLSf2u3FUPYSHSXiOIAFErl4PrB4cVxA0FtMPkAmBKM25n7abVQ\/viewform\">formulario de inscripci\u00f3n.\u00a0<\/a><br \/>\nTodas las actividades se realizar\u00e1n bajo supervisi\u00f3n directa de al menos un docente responsable de PPS de la FACET UNT y un responsable directo del lugar de trabajo.<\/p>\n<p><strong>Actividades a Desarrollar:<\/strong><br \/>\n1) Per\u00edodo de adaptaci\u00f3n: Una vez definido el lugar de realizaci\u00f3n de la PPS el alumno debe hacer un reconocimiento durante dos semanas (como m\u00e1ximo) en forma general para determinar c\u00f3mo funciona la empresa, instituci\u00f3n u organizaci\u00f3n. Estar\u00e1 en contacto con un representante de la misma previamente contactado por la Coordinaci\u00f3n de la PPS.<\/p>\n<p style=\"text-align: justify;\">2) Selecci\u00f3n de un \u00e1rea\/tema: Durante el per\u00edodo de adaptaci\u00f3n se identificar\u00e1 un \u00e1rea\/tema de\u00a0 inter\u00e9s, en donde el alumno pueda desarrollar tareas (desarrollo de equipos\/sistema\/software, pruebas, procedimientos, otros) que permitan mejorar o perfeccionar las funciones tanto tecnol\u00f3gicas, administrativas o de gesti\u00f3n de tecnolog\u00edas m\u00e9dicas. Se incluyen dentro de tecnolog\u00edas m\u00e9dicas no s\u00f3lo a equipos m\u00e9dicos sino tambi\u00e9n procesos o procedimientos de manejo de los mismos. Dentro del \u00e1rea se deber\u00e1 elegir un tema espec\u00edfico y acotado sobre el cual trabajar.<\/p>\n<p style=\"text-align: justify;\">En el plazo m\u00e1ximo de dos semanas que dura el per\u00edodo de adaptaci\u00f3n, el alumno presenta a la Empresa\/Instituci\u00f3n y al Coordinador un plan de tareas especificando: 1) Identificaci\u00f3n del problema. 2) Definici\u00f3n de objetivos. 3) Estrategia a seguir para la realizaci\u00f3n del trabajo.<\/p>\n<p style=\"text-align: justify;\">El Coordinador de las PPS designar\u00e1 un Tutor \u2013preferentemente docente del ciclo superior de la carrera\u2013\u00a0 que ser\u00e1 el encargado de supervisar la tarea que realiza el alumno en la empresa\/instituci\u00f3n.<\/p>\n<p style=\"text-align: justify;\">Desarrollo de la tarea: Aprobado el plan de tareas, el alumno inicia la realizaci\u00f3n del trabajo que durar\u00e1 un m\u00ednimo de 200 horas.<\/p>\n<p style=\"text-align: justify;\">El alumno debe elaborar un informe detallado de dichas tareas, preferentemente en forma simult\u00e1nea al desarrollo de las mismas. El mismo debe ser presentado a la empresa\/instituci\u00f3n y al Coordinador como m\u00e1ximo, en un mes de concluida la tarea.<\/p>\n<p style=\"text-align: justify;\">La empresa\/instituci\u00f3n deber\u00e1 elevar una constancia firmada por el representante de la misma que acredite el cumplimiento de la tarea propuesta para la validez de la pr\u00e1ctica en un plazo no superior al mes de concluida la misma.<\/p>\n<h4 style=\"text-align: justify;\">Aprobaci\u00f3n<\/h4>\n<p style=\"text-align: justify;\">El informe final deber\u00e1 ser evaluado por un tribunal constituido por el Coordinador, el Tutor y un docente elegido para tal fin (podr\u00eda ser tambi\u00e9n un representante de la instituci\u00f3n o empresa). Una vez aprobado el informe el alumno ser\u00e1 interrogado oralmente sobre el trabajo realizado.<\/p>\n<h4 style=\"text-align: justify;\">Interpretaci\u00f3n y modificaci\u00f3n del reglamento<\/h4>\n<p style=\"text-align: justify;\">Es competencia de la Comisi\u00f3n Acad\u00e9mica de la carrera de Ingenier\u00eda Biom\u00e9dica: 1) La interpretaci\u00f3n de este reglamento. 2) La decisi\u00f3n de todos los casos no previstos en este reglamento. 3) La autorizaci\u00f3n a excepciones a las normas que el mismo establece. 4) La modificaci\u00f3n de este reglamento.<\/p>\n<p style=\"text-align: justify;\">El contenido de las PPS tienen un todo en com\u00fan con las Pasant\u00edas Educativas &#8211; Ley N\u00b0 26.427.<\/p>\n<p><a href=\"https:\/\/drive.google.com\/drive\/folders\/1qJfOpOHzLWlgZZvbMO-WxKVDaKfsJjE7?usp=drive_link\">Convenios vigentes<\/a><\/p>\n<p><a href=\"https:\/\/docs.google.com\/spreadsheets\/d\/10Qog87i0eyr7e-I_mo5Qj4LUz5lbsvKXyOcp7Y7pasU\/edit?gid=723382057#gid=723382057\">Cupos disponibles<\/a><\/p>\n<p>CONTACTO O CONSULTAS: pps_biomedica@herrera.unt.edu.ar<\/p>\n<p>Si ten\u00e9s alguna duda sobre c\u00f3mo escribir tu informe ingres\u00e1 al siguiente link para el <a href=\"https:\/\/drive.google.com\/file\/d\/18aCsLSSdIgV_5-3kEKAus3ULFTRUEn2-\/view?usp=sharing\">E-BOOK<\/a><br \/>\n<strong>DOCENTES RESPONSABLES:\u00a0<\/strong><\/p>\n<table style=\"border-collapse: collapse; width: 84.9676%; height: 102px;\">\n<tbody>\n<tr style=\"height: 54px;\">\n<td style=\"width: 42.2713%; height: 54px; text-align: center;\"><a href=\"https:\/\/www.facet.unt.edu.ar\/ingbiomedica\/wp-content\/uploads\/sites\/46\/2026\/03\/VIVIANA-1.jpg\"><img decoding=\"async\" loading=\"lazy\" class=\"wp-image-515 aligncenter\" src=\"https:\/\/www.facet.unt.edu.ar\/ingbiomedica\/wp-content\/uploads\/sites\/46\/2026\/03\/VIVIANA-1.jpg\" alt=\"\" width=\"167\" height=\"231\" \/><\/a><strong>Mg. Ing. Viviana I. Rotger<\/strong><br \/>\n(Res &#8211; FACET &#8211; DDA &#8211; 4069\/2024)<\/td>\n<td style=\"width: 46.1737%; height: 54px; text-align: center;\"><a href=\"https:\/\/www.facet.unt.edu.ar\/ingbiomedica\/wp-content\/uploads\/sites\/46\/2026\/03\/Lucila.jpg\"><img decoding=\"async\" loading=\"lazy\" class=\"wp-image-516 aligncenter\" src=\"https:\/\/www.facet.unt.edu.ar\/ingbiomedica\/wp-content\/uploads\/sites\/46\/2026\/03\/Lucila.jpg\" alt=\"\" width=\"180\" height=\"243\" \/><\/a><strong>Esp. Ing. Lucila M. Figueroa Gallo<\/strong><br \/>\n(Res &#8211; FACET &#8211; DDA &#8211; 4069\/2024 y 4360\/2024)<\/td>\n<\/tr>\n<\/tbody>\n<\/table>\n<p>&nbsp;<\/p>\n","protected":false},"excerpt":{"rendered":"<p>Pr\u00e1ctica Profesional Supervisada\u00a0 Objetivos: Lograr que el estudiante tome contacto con el \u00e1mbito del ejercicio profesional\/laboral realizando una pr\u00e1ctica profesional supervisada (PPS) en una instituci\u00f3n de salud, empresa u organizaci\u00f3n con vinculaci\u00f3n a la tecnolog\u00eda sanitaria. R\u00e9gimen de cursado\/aprobaci\u00f3n: Las PPS se desarrollar\u00e1n en el M\u00f3dulo X y el alumno deber\u00e1 haber aprobado como m\u00ednimo [&hellip;]<\/p>\n","protected":false},"author":101026,"featured_media":0,"parent":0,"menu_order":0,"comment_status":"closed","ping_status":"closed","template":"","meta":[],"_links":{"self":[{"href":"https:\/\/www.facet.unt.edu.ar\/ingbiomedica\/wp-json\/wp\/v2\/pages\/320"}],"collection":[{"href":"https:\/\/www.facet.unt.edu.ar\/ingbiomedica\/wp-json\/wp\/v2\/pages"}],"about":[{"href":"https:\/\/www.facet.unt.edu.ar\/ingbiomedica\/wp-json\/wp\/v2\/types\/page"}],"author":[{"embeddable":true,"href":"https:\/\/www.facet.unt.edu.ar\/ingbiomedica\/wp-json\/wp\/v2\/users\/101026"}],"replies":[{"embeddable":true,"href":"https:\/\/www.facet.unt.edu.ar\/ingbiomedica\/wp-json\/wp\/v2\/comments?post=320"}],"version-history":[{"count":13,"href":"https:\/\/www.facet.unt.edu.ar\/ingbiomedica\/wp-json\/wp\/v2\/pages\/320\/revisions"}],"predecessor-version":[{"id":518,"href":"https:\/\/www.facet.unt.edu.ar\/ingbiomedica\/wp-json\/wp\/v2\/pages\/320\/revisions\/518"}],"wp:attachment":[{"href":"https:\/\/www.facet.unt.edu.ar\/ingbiomedica\/wp-json\/wp\/v2\/media?parent=320"}],"curies":[{"name":"wp","href":"https:\/\/api.w.org\/{rel}","templated":true}]}}