{"id":324,"date":"2017-08-03T13:29:31","date_gmt":"2017-08-03T16:29:31","guid":{"rendered":"https:\/\/www.facet.unt.edu.ar\/ingbiomedica\/?page_id=324"},"modified":"2024-12-20T22:04:03","modified_gmt":"2024-12-21T01:04:03","slug":"proyecto-de-graduacion","status":"publish","type":"page","link":"https:\/\/www.facet.unt.edu.ar\/ingbiomedica\/proyecto-de-graduacion\/","title":{"rendered":"Proyecto de Graduaci\u00f3n"},"content":{"rendered":"<p style=\"text-align: justify;\">\u00a1Hola a todos! En este espacio est\u00e1 disponible la informaci\u00f3n sobre el Proyecto de Graduaci\u00f3n (PG) de la carrera Ingenier\u00eda Biom\u00e9dica &#8211; FACET &#8211; UNT. Aqu\u00ed les dejamos algunas preguntas y respuestas frecuentes para orientarlos. <strong>Importante: La \u00fanica informaci\u00f3n v\u00e1lida sobre PG de nuestra carrera est\u00e1 en este dominio. <\/strong><\/p>\n<p style=\"text-align: justify;\"><strong>\u00a0\u27a1 \u00bfCu\u00e1l es el objetivo de esta asignatura?\u00a0<\/strong>Es un requisito obligatorio para la integraci\u00f3n de los conocimientos y habilidades adquiridas durante toda tu carrera en el proceso de formaci\u00f3n profesional.<\/p>\n<p style=\"text-align: justify;\"><strong>\u00a0\u27a1 \u00bfDe qu\u00e9 se trata PG?\u00a0<\/strong>Tu proyecto puede estar orientado a la construcci\u00f3n de nuevo conocimiento o al tratamiento y soluci\u00f3n de un determinado problema, empleando metodolog\u00edas de reconocido valor cient\u00edfico y t\u00e9cnico.<\/p>\n<p style=\"text-align: justify;\"><strong>\u00a0\u27a1 \u00bfDe d\u00f3nde surgen los temas de un PG?\u00a0<\/strong>Los temas podr\u00e1n originarse en propuestas realizadas por alumnos, docentes de la UNT o de otras universidades p\u00fablicas o privadas, en entidades p\u00fablicas o privadas no-universitarias y de com\u00fan acuerdo con el Tutor, Tutor Asociado\/Cotutor y el Profesor Coordinador. El Proyecto de Graduaci\u00f3n debe ser un aporte del alumno en el \u00e1rea de la bioingenier\u00eda, que implique integrar los conocimientos te\u00f3ricos y\/o pr\u00e1cticos adquiridos durante su carrera y los seminarios complementarios. No es requisito que el PG sea una contribuci\u00f3n original al conocimiento cient\u00edfico o tecnol\u00f3gico. Pod\u00e9s consultar la <a href=\"https:\/\/docs.google.com\/spreadsheets\/d\/1DZaLPUSWBt3oVO0-xYjnKmB3X7QWZ2YCbc5C1bFhVl8\/edit?usp=sharing\" target=\"_blank\" rel=\"noopener\">Bolsa de Proyectos<\/a> para saber si hay temas disponibles.<\/p>\n<p style=\"text-align: justify;\"><strong>\u00a0\u27a1 \u00bfCu\u00e1les son los pasos a seguir para realizar un PG?<\/strong><\/p>\n<p style=\"text-align: justify;\">En primer lugar debes cumplir con los requisitos de cr\u00e9ditos aprobados que indica el plan de estudios (Record\u00e1 que nuestro plan est\u00e1 organizado en M\u00f3dulos).<\/p>\n<p><iframe loading=\"lazy\" title=\"YouTube video player\" src=\"\/\/www.youtube.com\/embed\/qCQpgv9PQTA?si=6EX0DnRSqPDlSxpA\" width=\"560\" height=\"315\" frameborder=\"0\" allowfullscreen=\"allowfullscreen\"><\/iframe><\/p>\n<p>Para entender el proceso te dejamos el siguiente video:<\/p>\n<p><iframe loading=\"lazy\" title=\"YouTube video player\" src=\"\/\/www.youtube.com\/embed\/FgKi5irIjLI?si=C6k34l8_XTupTWAU\" width=\"560\" height=\"315\" frameborder=\"0\" allowfullscreen=\"allowfullscreen\"><\/iframe><\/p>\n<p style=\"text-align: justify;\"><strong>\u00a0\u27a1 \u00bfC\u00f3mo contactar a los Coordinadores de PG?<\/strong><\/p>\n<p style=\"text-align: justify;\">Enviando un correo electr\u00f3nico a <a href=\"mailto:pg_biomedica@herrera.unt.edu.ar\" target=\"_blank\" rel=\"noopener\">pg_biomedica@herrera.unt.edu.ar<\/a>.<br \/>\nA partir de 2023 los profesores responsables son:<\/p>\n<table style=\"border-collapse: collapse; width: 100.969%; height: 10px;\">\n<tbody>\n<tr style=\"height: 30px;\">\n<td style=\"width: 16.4766%; text-align: center; height: 10px;\"><a href=\"https:\/\/www.facet.unt.edu.ar\/ingbiomedica\/wp-content\/uploads\/sites\/46\/2024\/03\/11.png\"><img decoding=\"async\" loading=\"lazy\" class=\"alignnone wp-image-463\" src=\"https:\/\/www.facet.unt.edu.ar\/ingbiomedica\/wp-content\/uploads\/sites\/46\/2024\/03\/11.png\" alt=\"\" width=\"124\" height=\"124\" \/><\/a><\/td>\n<td style=\"width: 34.5238%; text-align: center; height: 10px;\"><strong>Dr. Ing. Ferfando Farf\u00e1n<\/strong><\/p>\n<p>Responsable del an\u00e1lisis inicial de los formularios de Proyecto, elaboraci\u00f3n de Brief y pase a Comisi\u00f3n Acad\u00e9mica<\/td>\n<td style=\"width: 12.5955%; text-align: center; height: 10px;\"><a href=\"https:\/\/www.facet.unt.edu.ar\/ingbiomedica\/wp-content\/uploads\/sites\/46\/2024\/03\/16.png\"><img decoding=\"async\" loading=\"lazy\" class=\"alignnone wp-image-468\" src=\"https:\/\/www.facet.unt.edu.ar\/ingbiomedica\/wp-content\/uploads\/sites\/46\/2024\/03\/16.png\" alt=\"\" width=\"121\" height=\"121\" \/><\/a><\/td>\n<td style=\"width: 191.125%; text-align: center; height: 10px;\"><strong>Esp. Ing. Lucila Figueroa Gallo<\/strong><\/p>\n<p>Responsable del talleres complementarios y seguimiento de ejecuci\u00f3n y cierre de PG<\/td>\n<\/tr>\n<\/tbody>\n<\/table>\n<p style=\"text-align: justify;\"><strong>\u00a0\u27a1 Documentaci\u00f3n importante y links de inter\u00e9s<\/strong><\/p>\n<ul style=\"text-align: justify;\">\n<li><a href=\"https:\/\/drive.google.com\/drive\/folders\/1Y7Aei_z-x0R4KryiavQZnb6-fgUKXwQ7\" target=\"_blank\" rel=\"noopener\">Reglamento de la exigencia adicional Proyecto de Graduaci\u00f3n (Alumnos, Tutores y Tribunal)<\/a><\/li>\n<li><a href=\"https:\/\/facetvirtual.facet.unt.edu.ar\/course\/view.php?id=293\" target=\"_blank\" rel=\"noopener\">Aula virtual de Seminarios-Taller Complementarios (Alumnos)\u00a0<\/a><\/li>\n<li><a href=\"https:\/\/docs.google.com\/document\/d\/1DZtWmQHZSSa1bNnw-1t4vamQHyALh-Zd\/edit\" target=\"_blank\" rel=\"noopener\">Formulario de proyecto de graduaci\u00f3n y plantilla de planificaci\u00f3n (Alumnos y Tutores)<\/a><\/li>\n<li><a href=\"https:\/\/docs.google.com\/document\/d\/10obovD4z1utWiKs5WbSM3MRUkIQ2NLfs\/edit?usp=sharing&amp;ouid=105974519589886409649&amp;rtpof=true&amp;sd=true\" target=\"_blank\" rel=\"noopener\">Formato obligatorio de informe final (Alumnos y tutores)<\/a><\/li>\n<li><a href=\"https:\/\/docs.google.com\/document\/d\/1DqBXJ9SodyOFClEOo8Wg9Rm5-Dd6-Jfn\/edit?usp=sharing&amp;ouid=105974519589886409649&amp;rtpof=true&amp;sd=true\" target=\"_blank\" rel=\"noopener\">Indicadores de evaluaci\u00f3n de defensa (Tribunal examinador)<\/a><\/li>\n<li><a href=\"https:\/\/docs.google.com\/document\/d\/1THW8VM9a4fQyal-S1TA5X9EJrlofDoX9\/edit?usp=sharing&amp;ouid=105974519589886409649&amp;rtpof=true&amp;sd=true\" target=\"_blank\" rel=\"noopener\">Modelo de Nota: Pedido de Mesa Examinadora (Tutores y Coord. de Proyectos)<\/a><\/li>\n<li><a href=\"https:\/\/docs.google.com\/forms\/d\/e\/1FAIpQLSetsKEH_fQe8ibc5r7NrHYX_FVsBFFlSCHqg8tfAg7SM9uQNQ\/viewform\" target=\"_blank\" rel=\"noopener\">Formulario para ingresar temas a la Bolsa de Proyectos (Tutores)<\/a><\/li>\n<li><a href=\"https:\/\/docs.google.com\/forms\/d\/e\/1FAIpQLScHvtCDlu_HtSK1nRnrZd2XZV0c7OV4qBsdfViXtjoAETQtDg\/viewform\" target=\"_blank\" rel=\"noopener\">Formulario para informar avances (Tutores)<\/a><\/li>\n<li><a href=\"https:\/\/docs.google.com\/spreadsheets\/d\/1Jr-skA9SgpmOQkp0cZ0nbuJCQEetAhSlfKS95TBagI0\/edit?usp=sharing\">Listado de Proyectos de Graduaci\u00f3n en curso (P\u00fablico)<\/a><\/li>\n<li style=\"text-align: left;\"><a href=\"https:\/\/docs.google.com\/spreadsheets\/d\/1R4dy8LaqRqBlB8ONd3lWbz3M6BEH8gt3EjCehoOAj2E\/edit?gid=0#gid=0\">Egresados y Proyectos finalizados (P\u00fablico)<\/a><\/li>\n<\/ul>\n<h6 style=\"text-align: justify;\"><em>Consultas o inconvenientes con este sitio web comunicar a la administradora enviando un correo electr\u00f3nico: lfigueroagallo@herrera.unt.edu.ar\u00a0<\/em><\/h6>\n","protected":false},"excerpt":{"rendered":"<p>\u00a1Hola a todos! En este espacio est\u00e1 disponible la informaci\u00f3n sobre el Proyecto de Graduaci\u00f3n (PG) de la carrera Ingenier\u00eda Biom\u00e9dica &#8211; FACET &#8211; UNT. Aqu\u00ed les dejamos algunas preguntas y respuestas frecuentes para orientarlos. Importante: La \u00fanica informaci\u00f3n v\u00e1lida sobre PG de nuestra carrera est\u00e1 en este dominio. \u00a0\u27a1 \u00bfCu\u00e1l es el objetivo de [&hellip;]<\/p>\n","protected":false},"author":101026,"featured_media":0,"parent":0,"menu_order":0,"comment_status":"closed","ping_status":"closed","template":"","meta":[],"_links":{"self":[{"href":"https:\/\/www.facet.unt.edu.ar\/ingbiomedica\/wp-json\/wp\/v2\/pages\/324"}],"collection":[{"href":"https:\/\/www.facet.unt.edu.ar\/ingbiomedica\/wp-json\/wp\/v2\/pages"}],"about":[{"href":"https:\/\/www.facet.unt.edu.ar\/ingbiomedica\/wp-json\/wp\/v2\/types\/page"}],"author":[{"embeddable":true,"href":"https:\/\/www.facet.unt.edu.ar\/ingbiomedica\/wp-json\/wp\/v2\/users\/101026"}],"replies":[{"embeddable":true,"href":"https:\/\/www.facet.unt.edu.ar\/ingbiomedica\/wp-json\/wp\/v2\/comments?post=324"}],"version-history":[{"count":35,"href":"https:\/\/www.facet.unt.edu.ar\/ingbiomedica\/wp-json\/wp\/v2\/pages\/324\/revisions"}],"predecessor-version":[{"id":503,"href":"https:\/\/www.facet.unt.edu.ar\/ingbiomedica\/wp-json\/wp\/v2\/pages\/324\/revisions\/503"}],"wp:attachment":[{"href":"https:\/\/www.facet.unt.edu.ar\/ingbiomedica\/wp-json\/wp\/v2\/media?parent=324"}],"curies":[{"name":"wp","href":"https:\/\/api.w.org\/{rel}","templated":true}]}}