{"id":65,"date":"2014-08-04T09:14:33","date_gmt":"2014-08-04T12:14:33","guid":{"rendered":"https:\/\/www.facet.unt.edu.ar\/ingbiomedica\/home\/"},"modified":"2024-03-31T10:14:15","modified_gmt":"2024-03-31T13:14:15","slug":"home","status":"publish","type":"page","link":"https:\/\/www.facet.unt.edu.ar\/ingbiomedica\/","title":{"rendered":"Inicio"},"content":{"rendered":"<div id=\"pl-65\"  class=\"panel-layout\" ><div id=\"pg-65-0\"  class=\"panel-grid panel-no-style\" ><div id=\"pgc-65-0-0\"  class=\"panel-grid-cell\" ><div id=\"panel-65-0-0-0\" class=\"so-panel widget widget_sow-editor panel-first-child\" data-index=\"0\" ><div\n\t\t\t\n\t\t\tclass=\"so-widget-sow-editor so-widget-sow-editor-base\"\n\t\t\t\n\t\t><h3 class=\"widget-title\">Bienvenidos<\/h3>\n<div class=\"siteorigin-widget-tinymce textwidget\">\n\t<p style=\"text-align: justify;\" align=\"justificy\">Bienvenidos al sitio web oficial de la carrera de Ingenier\u00eda Biom\u00e9dica de la Universidad Nacional de Tucum\u00e1n. En este sitio encontrar\u00e1s toda la informaci\u00f3n necesaria sobre la carrera y la Facultad de Ciencias Exactas y Tecnolog\u00eda. Ante cualquier duda, cont\u00e1ctenos.<\/p>\n<\/div>\n<\/div><\/div><div id=\"panel-65-0-0-1\" class=\"so-panel widget widget_sow-editor\" data-index=\"1\" ><div\n\t\t\t\n\t\t\tclass=\"so-widget-sow-editor so-widget-sow-editor-base\"\n\t\t\t\n\t\t><h3 class=\"widget-title\">Un poco de historia<\/h3>\n<div class=\"siteorigin-widget-tinymce textwidget\">\n\t<p style=\"text-align: justify;\" align=\"justificy\">El 10 de marzo de 1998 se realiz\u00f3 la presentaci\u00f3n del proyecto de la nueva carrera de grado en \u201cIngenier\u00eda Biom\u00e9dica\u201d. Dos a\u00f1os m\u00e1s tarde, a partir de junio de 2000 se formaliz\u00f3 el aporte de la Facultad de Medicina (FM). Se replante\u00f3 la propuesta original lleg\u00e1ndose al formato final de la Carrera a trav\u00e9s de una cerrada colaboraci\u00f3n entre el Departamento de Bioingenier\u00eda de FACET y el Instituto de Bioelectr\u00f3nica de FM, es as\u00ed que el 27 de noviembre de 2001 el Consejo Superior de la UNT aprob\u00f3, la creaci\u00f3n de la Carrera de Grado en \u201cIngenier\u00eda Biom\u00e9dica\u201d elevada por la Facultad de Ciencias Exactas y Tecnolog\u00eda en colaboraci\u00f3n con la Facultad de Medicina. El hecho fue hist\u00f3rico y trascendente por ser una carrera fruto del aporte de dos Facultades de la UNT y por representar una opci\u00f3n altamente interdisciplinaria. Se inici\u00f3 el dictado de la misma en marzo de 2002.<\/p>\n<p style=\"text-align: justify;\" align=\"justificy\">Con esta oferta acad\u00e9mica, la UNT fue la primera Universidad Argentina en ofrecer en los tres niveles de formaci\u00f3n en Ingenier\u00eda Biom\u00e9dica\/Bioingenier\u00eda: Grado, Maestr\u00eda y Doctorado.<\/p>\n<p style=\"text-align: justify;\" align=\"justificy\">Desde el a\u00f1o 2005 la carrera particip\u00f3 de la primera y segunda fase de acreditaciones de las carreras de Ingenier\u00eda de la CONEAU y del segundo ciclo de evaluaci\u00f3n de las Ingenier\u00edas, acreditando en las dos fases del primer ciclo por tres a\u00f1os y en el \u00faltimo por seis.<\/p>\n<p style=\"text-align: justify;\" align=\"justificy\">Junto con los requerimientos de la primera fase llego la posibilidad de participar del Proyecto de Mejoramiento de la Ense\u00f1anza en Ingenier\u00eda (PROMEI) que para Ingenier\u00eda Biom\u00e9dica fue el PROMEI II. Este proyecto impuls\u00f3 fuertemente a la carrera permitiendo mejorar e incrementar la planta docente, acondicionar los Laboratorios e incorporar equipamiento para las pr\u00e1cticas de las asignaturas.<\/p>\n<p style=\"text-align: justify;\" align=\"justificy\">Actualmente la carrera cuenta ya con m\u00e1s de 140 egresados todos ubicados en trabajos afines a la carrera en nuestro pa\u00eds y en el exterior.<\/p>\n<\/div>\n<\/div><\/div><div id=\"panel-65-0-0-2\" class=\"so-panel widget widget_media_video panel-last-child\" data-index=\"2\" ><h3 class=\"widget-title\">20 a\u00f1os de Ing. Biom\u00e9dica en Tucum\u00e1n<\/h3><div style=\"width:100%;\" class=\"wp-video\"><!--[if lt IE 9]><script>document.createElement('video');<\/script><![endif]-->\n<video class=\"wp-video-shortcode\" id=\"video-65-1\" preload=\"metadata\" controls=\"controls\"><source type=\"video\/youtube\" src=\"https:\/\/youtu.be\/EKl0yKdu56Q?_=1\" \/><a href=\"https:\/\/youtu.be\/EKl0yKdu56Q\">https:\/\/youtu.be\/EKl0yKdu56Q<\/a><\/video><\/div><\/div><\/div><\/div><div id=\"pg-65-1\"  class=\"panel-grid panel-no-style\" ><div id=\"pgc-65-1-0\"  class=\"panel-grid-cell\" ><div id=\"panel-65-1-0-0\" class=\"so-panel widget widget_circleicon-widget panel-first-child panel-last-child\" data-index=\"3\" >\t\t<div class=\"circle-icon-box circle-icon-position-top circle-icon-hide-box circle-icon-size-small\">\n\t\t\t<div class=\"circle-icon-wrapper\">\n\t\t\t\t<a href=\"https:\/\/www.facet.unt.edu.ar\/\" class=\"link-icon\" target=\"_blank\">\t\t\t\t<div class=\"circle-icon icon-style-set\" style=\"background-image: url(https:\/\/www.facet.unt.edu.ar\/)\">\n\t\t\t\t\t<div class=\"fa fa-university icon-color-set\" ><\/div>\t\t\t\t<\/div>\n\t\t\t\t<\/a>\t\t\t<\/div>\n\n\t\t\t<a href=\"https:\/\/www.facet.unt.edu.ar\/\" class=\"link-title\" target=\"_blank\">\t\t\t<h4 >Sitio Oficial FACET<\/h4>\t\t\t<\/a>\n\t\t\t<p class=\"text\" >FACET<\/p>\t\t\t\t\t\t\t<a href=\"https:\/\/www.facet.unt.edu.ar\/\" class=\"more-button\" target=\"_blank\">M\u00e1s informaci\u00f3n <i><\/i><\/a>\n\t\t\t\t\t<\/div>\n\t\t<\/div><\/div><div id=\"pgc-65-1-1\"  class=\"panel-grid-cell\" ><div id=\"panel-65-1-1-0\" class=\"so-panel widget widget_circleicon-widget panel-first-child panel-last-child\" data-index=\"4\" >\t\t<div class=\"circle-icon-box circle-icon-position-top circle-icon-hide-box circle-icon-size-small\">\n\t\t\t<div class=\"circle-icon-wrapper\">\n\t\t\t\t<a href=\"https:\/\/www.facet.unt.edu.ar\/bioingenieria\/gateme\/\" class=\"link-icon\" target=\"_blank\">\t\t\t\t<div class=\"circle-icon\" >\n\t\t\t\t\t<div class=\"fa fa-stethoscope\" ><\/div>\t\t\t\t<\/div>\n\t\t\t\t<\/a>\t\t\t<\/div>\n\n\t\t\t<a href=\"https:\/\/www.facet.unt.edu.ar\/bioingenieria\/gateme\/\" class=\"link-title\" target=\"_blank\">\t\t\t<h4 >GATEME<\/h4>\t\t\t<\/a>\n\t\t\t<p class=\"text\" >Gabinete de Tecnolog\u00edas M\u00e9dicas<\/p>\t\t\t\t\t\t\t<a href=\"https:\/\/www.facet.unt.edu.ar\/bioingenieria\/gateme\/\" class=\"more-button\" target=\"_blank\">M\u00e1s informaci\u00f3n <i><\/i><\/a>\n\t\t\t\t\t<\/div>\n\t\t<\/div><\/div><div id=\"pgc-65-1-2\"  class=\"panel-grid-cell\" ><div id=\"panel-65-1-2-0\" class=\"so-panel widget widget_circleicon-widget panel-first-child panel-last-child\" data-index=\"5\" >\t\t<div class=\"circle-icon-box circle-icon-position-top circle-icon-hide-box circle-icon-size-small\">\n\t\t\t<div class=\"circle-icon-wrapper\">\n\t\t\t\t\t\t\t\t<div class=\"circle-icon\" >\n\t\t\t\t\t<div class=\"fa fa-bullseye\" ><\/div>\t\t\t\t<\/div>\n\t\t\t\t\t\t\t<\/div>\n\n\t\t\t\t\t\t<h4 >LINTEC<\/h4>\t\t\t\n\t\t\t<p class=\"text\" >Laboratorio de Investigaci\u00f3n en Neurociencias y Tecnolog\u00edas Aplicadas<\/p>\t\t\t\t\t<\/div>\n\t\t<\/div><\/div><div id=\"pgc-65-1-3\"  class=\"panel-grid-cell\" ><div id=\"panel-65-1-3-0\" class=\"so-panel widget widget_circleicon-widget panel-first-child panel-last-child\" data-index=\"6\" >\t\t<div class=\"circle-icon-box circle-icon-position-top circle-icon-hide-box circle-icon-size-small\">\n\t\t\t<div class=\"circle-icon-wrapper\">\n\t\t\t\t\t\t\t\t<div class=\"circle-icon\" >\n\t\t\t\t\t<div class=\"fa fa-medkit\" ><\/div>\t\t\t\t<\/div>\n\t\t\t\t\t\t\t<\/div>\n\n\t\t\t\t\t\t<h4 >Instituto de Bioelectr\u00f3nica<\/h4>\t\t\t\n\t\t\t\t\t\t\t\t<\/div>\n\t\t<\/div><\/div><div id=\"pgc-65-1-4\"  class=\"panel-grid-cell\" ><div id=\"panel-65-1-4-0\" class=\"so-panel widget widget_circleicon-widget panel-first-child panel-last-child\" data-index=\"7\" >\t\t<div class=\"circle-icon-box circle-icon-position-top circle-icon-hide-box circle-icon-size-small\">\n\t\t\t<div class=\"circle-icon-wrapper\">\n\t\t\t\t<a href=\"http:\/\/www.lamein.org\" class=\"link-icon\" target=\"_blank\">\t\t\t\t<div class=\"circle-icon icon-style-set\" style=\"background-image: url(http:\/\/www.lamein.org)\">\n\t\t\t\t\t<div class=\"fa fa-university icon-color-set\" ><\/div>\t\t\t\t<\/div>\n\t\t\t\t<\/a>\t\t\t<\/div>\n\n\t\t\t<a href=\"http:\/\/www.lamein.org\" class=\"link-title\" target=\"_blank\">\t\t\t<h4 >LAMEIN<\/h4>\t\t\t<\/a>\n\t\t\t<p class=\"text\" >Laboratorio de Medios e Interfases<\/p>\t\t\t\t\t\t\t<a href=\"http:\/\/www.lamein.org\" class=\"more-button\" target=\"_blank\">M\u00e1s informaci\u00f3n <i><\/i><\/a>\n\t\t\t\t\t<\/div>\n\t\t<\/div><\/div><\/div><div id=\"pg-65-2\"  class=\"panel-grid panel-no-style\" ><div id=\"pgc-65-2-0\"  class=\"panel-grid-cell\" ><div id=\"panel-65-2-0-0\" class=\"so-panel widget widget_media_video panel-first-child panel-last-child\" data-index=\"8\" ><h3 class=\"widget-title\">\u00a1Conocenos! Hoy: Flor Padilla<\/h3><div style=\"width:100%;\" class=\"wp-video\"><video class=\"wp-video-shortcode\" id=\"video-65-2\" preload=\"metadata\" controls=\"controls\"><source type=\"video\/youtube\" src=\"https:\/\/www.youtube.com\/watch?v=k1qqpbkPy58&#038;_=2\" \/><a href=\"https:\/\/www.youtube.com\/watch?v=k1qqpbkPy58\">https:\/\/www.youtube.com\/watch?v=k1qqpbkPy58<\/a><\/video><\/div><\/div><\/div><div id=\"pgc-65-2-1\"  class=\"panel-grid-cell\" ><div id=\"panel-65-2-1-0\" class=\"so-panel widget widget_media_video panel-first-child panel-last-child\" data-index=\"9\" ><h3 class=\"widget-title\">\u00a1Conocenos! Hoy: Jero Ju\u00e1rez<\/h3><div style=\"width:100%;\" class=\"wp-video\"><video class=\"wp-video-shortcode\" id=\"video-65-3\" preload=\"metadata\" controls=\"controls\"><source type=\"video\/youtube\" src=\"https:\/\/www.youtube.com\/watch?v=Jk1Y4uciBDA&#038;_=3\" \/><a href=\"https:\/\/www.youtube.com\/watch?v=Jk1Y4uciBDA\">https:\/\/www.youtube.com\/watch?v=Jk1Y4uciBDA<\/a><\/video><\/div><\/div><\/div><div id=\"pgc-65-2-2\"  class=\"panel-grid-cell\" ><div id=\"panel-65-2-2-0\" class=\"so-panel widget widget_media_video panel-first-child panel-last-child\" data-index=\"10\" ><h3 class=\"widget-title\">\u00a1Conocenos! Hoy: Gaby Piz\u00e1<\/h3><div style=\"width:100%;\" class=\"wp-video\"><video class=\"wp-video-shortcode\" id=\"video-65-4\" preload=\"metadata\" controls=\"controls\"><source type=\"video\/youtube\" src=\"https:\/\/www.youtube.com\/watch?v=x0UHbTUIlxc&#038;_=4\" \/><a href=\"https:\/\/www.youtube.com\/watch?v=x0UHbTUIlxc\">https:\/\/www.youtube.com\/watch?v=x0UHbTUIlxc<\/a><\/video><\/div><\/div><\/div><div id=\"pgc-65-2-3\"  class=\"panel-grid-cell\" ><div id=\"panel-65-2-3-0\" class=\"so-panel widget widget_media_video panel-first-child panel-last-child\" data-index=\"11\" ><h3 class=\"widget-title\">\u00a1Conocenos! Rossana Madrid<\/h3><div style=\"width:100%;\" class=\"wp-video\"><video class=\"wp-video-shortcode\" id=\"video-65-5\" preload=\"metadata\" controls=\"controls\"><source type=\"video\/youtube\" src=\"https:\/\/www.youtube.com\/watch?v=_o-LaDJ_Nc0&#038;_=5\" \/><a href=\"https:\/\/www.youtube.com\/watch?v=_o-LaDJ_Nc0\">https:\/\/www.youtube.com\/watch?v=_o-LaDJ_Nc0<\/a><\/video><\/div><\/div><\/div><div id=\"pgc-65-2-4\"  class=\"panel-grid-cell\" ><div id=\"panel-65-2-4-0\" class=\"so-panel widget widget_media_video panel-first-child panel-last-child\" data-index=\"12\" ><h3 class=\"widget-title\">FACET: Ing. Biom\u00e9dica<\/h3><div style=\"width:100%;\" class=\"wp-video\"><video class=\"wp-video-shortcode\" id=\"video-65-6\" preload=\"metadata\" controls=\"controls\"><source type=\"video\/youtube\" src=\"https:\/\/www.youtube.com\/watch?v=mpmwlX9cXKc&#038;_=6\" \/><a href=\"https:\/\/www.youtube.com\/watch?v=mpmwlX9cXKc\">https:\/\/www.youtube.com\/watch?v=mpmwlX9cXKc<\/a><\/video><\/div><\/div><\/div><\/div><\/div>","protected":false},"excerpt":{"rendered":"<p>Bienvenidos al sitio web oficial de la carrera de Ingenier\u00eda Biom\u00e9dica de la Universidad Nacional de Tucum\u00e1n. En este sitio encontrar\u00e1s toda la informaci\u00f3n necesaria sobre la carrera y la Facultad de Ciencias Exactas y Tecnolog\u00eda. Ante cualquier duda, cont\u00e1ctenos. El 10 de marzo de 1998 se realiz\u00f3 la presentaci\u00f3n del proyecto de la nueva [&hellip;]<\/p>\n","protected":false},"author":1,"featured_media":0,"parent":0,"menu_order":0,"comment_status":"closed","ping_status":"closed","template":"home-panels.php","meta":[],"_links":{"self":[{"href":"https:\/\/www.facet.unt.edu.ar\/ingbiomedica\/wp-json\/wp\/v2\/pages\/65"}],"collection":[{"href":"https:\/\/www.facet.unt.edu.ar\/ingbiomedica\/wp-json\/wp\/v2\/pages"}],"about":[{"href":"https:\/\/www.facet.unt.edu.ar\/ingbiomedica\/wp-json\/wp\/v2\/types\/page"}],"author":[{"embeddable":true,"href":"https:\/\/www.facet.unt.edu.ar\/ingbiomedica\/wp-json\/wp\/v2\/users\/1"}],"replies":[{"embeddable":true,"href":"https:\/\/www.facet.unt.edu.ar\/ingbiomedica\/wp-json\/wp\/v2\/comments?post=65"}],"version-history":[{"count":15,"href":"https:\/\/www.facet.unt.edu.ar\/ingbiomedica\/wp-json\/wp\/v2\/pages\/65\/revisions"}],"predecessor-version":[{"id":426,"href":"https:\/\/www.facet.unt.edu.ar\/ingbiomedica\/wp-json\/wp\/v2\/pages\/65\/revisions\/426"}],"wp:attachment":[{"href":"https:\/\/www.facet.unt.edu.ar\/ingbiomedica\/wp-json\/wp\/v2\/media?parent=65"}],"curies":[{"name":"wp","href":"https:\/\/api.w.org\/{rel}","templated":true}]}}