{"id":89,"date":"2017-03-08T12:41:29","date_gmt":"2017-03-08T15:41:29","guid":{"rendered":"https:\/\/www.facet.unt.edu.ar\/ingbiomedica\/?page_id=89"},"modified":"2017-08-03T12:48:20","modified_gmt":"2017-08-03T15:48:20","slug":"plan-de-estudios","status":"publish","type":"page","link":"https:\/\/www.facet.unt.edu.ar\/ingbiomedica\/plan-de-estudios\/","title":{"rendered":"Plan de estudios"},"content":{"rendered":"<h2 style=\"text-align: center\"><strong>Estructura Curricular de la Carrera:<\/strong><\/h2>\n<h2 style=\"text-align: center\"><strong>INGENIER\u00cdA BIOM\u00c9DICA<\/strong><\/h2>\n<h3 style=\"text-align: center\"><strong>PLAN DE ESTUDIO \u201cModificaci\u00f3n 2006\u201d<\/strong><\/h3>\n<table width=\"919\">\n<tbody>\n<tr>\n<td width=\"320\"><strong>\u00a0<\/strong><\/td>\n<td width=\"265\"><strong>PRIMER A\u00d1O<\/strong><\/td>\n<td width=\"81\"><strong>\u00a0<\/strong><\/td>\n<td width=\"81\"><strong>\u00a0<\/strong><\/td>\n<td width=\"91\"><strong>\u00a0<\/strong><\/td>\n<td width=\"81\"><\/td>\n<\/tr>\n<tr>\n<td width=\"320\"><strong>M\u00f3dulo I<\/strong><\/td>\n<td width=\"265\"><\/td>\n<td width=\"81\"><\/td>\n<td width=\"81\"><\/td>\n<td width=\"91\"><\/td>\n<td width=\"81\"><\/td>\n<\/tr>\n<tr>\n<td width=\"320\"><strong><em>Cod<\/em><\/strong><\/td>\n<td width=\"265\"><strong><em>Asignatura<\/em><\/strong><\/td>\n<td width=\"81\"><strong><em>HS<\/em><\/strong><\/td>\n<td width=\"81\"><strong><em>HT<\/em><\/strong><\/td>\n<td width=\"91\"><strong><em>R\u00e9gimen<\/em><\/strong><\/td>\n<td width=\"81\"><em><strong>Modalidad<\/strong><\/em><\/td>\n<\/tr>\n<tr>\n<td width=\"320\">TT1<\/td>\n<td width=\"265\">C\u00e1lculo I<\/td>\n<td width=\"81\">6<\/td>\n<td width=\"81\">96<\/td>\n<td width=\"91\">Cuatrimestral<\/td>\n<td width=\"81\">Presencial<\/td>\n<\/tr>\n<tr>\n<td width=\"320\">TT2<\/td>\n<td width=\"265\">\u00c1lgebra y Geometr\u00eda Anal\u00edtica<\/td>\n<td width=\"81\">6<\/td>\n<td width=\"81\">96<\/td>\n<td width=\"91\">Cuatrimestral<\/td>\n<td width=\"81\">Presencial<\/td>\n<\/tr>\n<tr>\n<td width=\"320\">FI1<\/td>\n<td width=\"265\">F\u00edsica I<\/td>\n<td width=\"81\">6<\/td>\n<td width=\"81\">96<\/td>\n<td width=\"91\">Cuatrimestral<\/td>\n<td width=\"81\">Presencial<\/td>\n<\/tr>\n<tr>\n<td width=\"320\">QQA<\/td>\n<td width=\"265\">Fundamentos de Qu\u00edmica General<\/td>\n<td width=\"81\">5<\/td>\n<td width=\"81\">80<\/td>\n<td width=\"91\">Cuatrimestral<\/td>\n<td width=\"81\">Presencial<\/td>\n<\/tr>\n<tr>\n<td width=\"320\"><strong>M\u00f3dulo II<\/strong><\/td>\n<td width=\"265\"><\/td>\n<td width=\"81\"><\/td>\n<td width=\"81\"><\/td>\n<td width=\"91\"><\/td>\n<td width=\"81\"><\/td>\n<\/tr>\n<tr>\n<td width=\"320\"><strong><em>Cod<\/em><\/strong><\/td>\n<td width=\"265\"><strong><em>Asignatura<\/em><\/strong><\/td>\n<td width=\"81\"><strong><em>HS<\/em><\/strong><\/td>\n<td width=\"81\"><strong><em>HT<\/em><\/strong><\/td>\n<td width=\"91\"><strong><em>R\u00e9gimen<\/em><\/strong><\/td>\n<td width=\"81\"><strong><em>Modalidad<\/em><\/strong><\/td>\n<\/tr>\n<tr>\n<td width=\"320\">TT3<\/td>\n<td width=\"265\">C\u00e1lculo II<\/td>\n<td width=\"81\">5<\/td>\n<td width=\"81\">80<\/td>\n<td width=\"91\">Cuatrimestral<\/td>\n<td width=\"81\">Presencial<\/td>\n<\/tr>\n<tr>\n<td width=\"320\">TT4<\/td>\n<td width=\"265\">Elementos de \u00c1lgebra Lineal<\/td>\n<td width=\"81\">5<\/td>\n<td width=\"81\">80<\/td>\n<td width=\"91\">Cuatrimestral<\/td>\n<td width=\"81\">Presencial<\/td>\n<\/tr>\n<tr>\n<td width=\"320\">FI2<\/td>\n<td width=\"265\">F\u00edsica II<\/td>\n<td width=\"81\">6<\/td>\n<td width=\"81\">96<\/td>\n<td width=\"91\">Cuatrimestral<\/td>\n<td width=\"81\">Presencial<\/td>\n<\/tr>\n<tr>\n<td width=\"320\">QQB<\/td>\n<td width=\"265\">Inform\u00e1tica<\/td>\n<td width=\"81\">4<\/td>\n<td width=\"81\">64<\/td>\n<td width=\"91\">Cuatrimestral<\/td>\n<td width=\"81\">Presencial<\/td>\n<\/tr>\n<tr>\n<td width=\"320\">CV1<\/td>\n<td width=\"265\">Sistemas de Representaci\u00f3n<\/td>\n<td width=\"81\">5<\/td>\n<td width=\"81\">80<\/td>\n<td width=\"91\">Cuatrimestral<\/td>\n<td width=\"81\">Presencial<\/td>\n<\/tr>\n<tr>\n<td width=\"320\"><\/td>\n<td width=\"265\"><strong>SEGUNDO A\u00d1O<\/strong><\/td>\n<td width=\"81\"><strong>\u00a0<\/strong><\/td>\n<td width=\"81\"><strong>\u00a0<\/strong><\/td>\n<td width=\"91\"><strong>\u00a0<\/strong><\/td>\n<td width=\"81\"><strong>\u00a0<\/strong><\/td>\n<\/tr>\n<tr>\n<td width=\"320\"><strong>M\u00f3dulo III<\/strong><\/td>\n<td width=\"265\"><strong>\u00a0<\/strong><\/td>\n<td width=\"81\"><\/td>\n<td width=\"81\"><\/td>\n<td width=\"91\"><\/td>\n<td width=\"81\"><\/td>\n<\/tr>\n<tr>\n<td width=\"320\"><em><strong>Cod<\/strong><\/em><\/td>\n<td width=\"265\"><em><strong>Asignatura<\/strong><\/em><\/td>\n<td width=\"81\"><em><strong>HS<\/strong><\/em><\/td>\n<td width=\"81\"><em><strong>HT<\/strong><\/em><\/td>\n<td width=\"91\"><em><strong>R\u00e9gimen<\/strong><\/em><\/td>\n<td width=\"81\"><em><strong>Modalidad<\/strong><\/em><\/td>\n<\/tr>\n<tr>\n<td width=\"320\">TT5<\/td>\n<td width=\"265\">C\u00e1lculo III<\/td>\n<td width=\"81\">6<\/td>\n<td width=\"81\">96<\/td>\n<td width=\"91\">Cuatrimestral<\/td>\n<td width=\"81\">Presencial<\/td>\n<\/tr>\n<tr>\n<td width=\"320\">FI3<\/td>\n<td width=\"265\">F\u00edsica III<\/td>\n<td width=\"81\">8<\/td>\n<td width=\"81\">128<\/td>\n<td width=\"91\">Cuatrimestral<\/td>\n<td width=\"81\">Presencial<\/td>\n<\/tr>\n<tr>\n<td width=\"320\">E10<\/td>\n<td width=\"265\">Circuitos El\u00e9ctricos I<\/td>\n<td width=\"81\">6<\/td>\n<td width=\"81\">96<\/td>\n<td width=\"91\">Cuatrimestral<\/td>\n<td width=\"81\">Presencial<\/td>\n<\/tr>\n<tr>\n<td width=\"320\">Q22<\/td>\n<td width=\"265\">Qu\u00edmica Org\u00e1nica<\/td>\n<td width=\"81\">5<\/td>\n<td width=\"81\">80<\/td>\n<td width=\"91\">Cuatrimestral<\/td>\n<td width=\"81\">Presencial<\/td>\n<\/tr>\n<tr>\n<td width=\"320\">BMA<\/td>\n<td width=\"265\">Anatom\u00eda para Ingenieros<\/td>\n<td width=\"81\">5<\/td>\n<td width=\"81\">80<\/td>\n<td width=\"91\">Cuatrimestral<\/td>\n<td width=\"81\">Presencial<\/td>\n<\/tr>\n<tr>\n<td width=\"320\"><strong>M\u00f3dulo IV<\/strong><\/td>\n<td width=\"265\"><\/td>\n<td width=\"81\"><\/td>\n<td width=\"81\"><\/td>\n<td width=\"91\"><\/td>\n<td width=\"81\"><\/td>\n<\/tr>\n<tr>\n<td width=\"320\"><em><strong>Cod<\/strong><\/em><\/td>\n<td width=\"265\"><em><strong>Asignatura<\/strong><\/em><\/td>\n<td width=\"81\"><em><strong>HS<\/strong><\/em><\/td>\n<td width=\"81\"><em><strong>HT<\/strong><\/em><\/td>\n<td width=\"91\"><em><strong>R\u00e9gimen<\/strong><\/em><\/td>\n<td width=\"81\"><em><strong>Modalidad<\/strong><\/em><\/td>\n<\/tr>\n<tr>\n<td width=\"320\">TT6<\/td>\n<td width=\"265\">C\u00e1lculo IV<\/td>\n<td width=\"81\">6<\/td>\n<td width=\"81\">96<\/td>\n<td width=\"91\">Cuatrimestral<\/td>\n<td width=\"81\">Presencial<\/td>\n<\/tr>\n<tr>\n<td width=\"320\">TT7<\/td>\n<td width=\"265\">Probabilidad y Estad\u00edstica<\/td>\n<td width=\"81\">5<\/td>\n<td width=\"81\">80<\/td>\n<td width=\"91\">Cuatrimestral<\/td>\n<td width=\"81\">Presencial<\/td>\n<\/tr>\n<tr>\n<td width=\"320\">E14<\/td>\n<td width=\"265\">Circuitos El\u00e9ctricos II<\/td>\n<td width=\"81\">6<\/td>\n<td width=\"81\">96<\/td>\n<td width=\"91\">Cuatrimestral<\/td>\n<td width=\"81\">Presencial<\/td>\n<\/tr>\n<tr>\n<td width=\"320\">BMB<\/td>\n<td width=\"265\">Biolog\u00eda para Ingenieros<\/td>\n<td width=\"81\">5<\/td>\n<td width=\"81\">80<\/td>\n<td width=\"91\">Cuatrimestral<\/td>\n<td width=\"81\">Presencial<\/td>\n<\/tr>\n<tr>\n<td width=\"320\">BMC<\/td>\n<td width=\"265\">T\u00e9cnicas y Herramientas de Computaci\u00f3n<\/td>\n<td width=\"81\">4<\/td>\n<td width=\"81\">64<\/td>\n<td width=\"91\">Cuatrimestral<\/td>\n<td width=\"81\">Presencial<\/td>\n<\/tr>\n<tr>\n<td width=\"320\"><\/td>\n<td width=\"265\"><strong>TERCER A\u00d1O<\/strong><\/td>\n<td width=\"81\"><strong>\u00a0<\/strong><\/td>\n<td width=\"81\"><strong>\u00a0<\/strong><\/td>\n<td width=\"91\"><strong>\u00a0<\/strong><\/td>\n<td width=\"81\"><strong>\u00a0<\/strong><\/td>\n<\/tr>\n<tr>\n<td width=\"320\"><strong>M\u00f3dulo V<\/strong><\/td>\n<td width=\"265\"><\/td>\n<td width=\"81\"><\/td>\n<td width=\"81\"><\/td>\n<td width=\"91\"><\/td>\n<td width=\"81\"><\/td>\n<\/tr>\n<tr>\n<td width=\"320\"><em><strong>Cod<\/strong><\/em><\/td>\n<td width=\"265\"><em><strong>Asignatura<\/strong><\/em><\/td>\n<td width=\"81\"><em><strong>HS<\/strong><\/em><\/td>\n<td width=\"81\"><em><strong>HT<\/strong><\/em><\/td>\n<td width=\"91\"><em><strong>R\u00e9gimen<\/strong><\/em><\/td>\n<td width=\"81\"><em><strong>Modalidad<\/strong><\/em><\/td>\n<\/tr>\n<tr>\n<td width=\"320\">EBM<\/td>\n<td width=\"265\">Materiales El\u00e9ctricos<\/td>\n<td width=\"81\">6<\/td>\n<td width=\"81\">96<\/td>\n<td width=\"91\">Cuatrimestral<\/td>\n<td width=\"81\">Presencial<\/td>\n<\/tr>\n<tr>\n<td width=\"320\">E18<\/td>\n<td width=\"265\">Circuitos El\u00e9ctricos III<\/td>\n<td width=\"81\">6<\/td>\n<td width=\"81\">96<\/td>\n<td width=\"91\">Cuatrimestral<\/td>\n<td width=\"81\">Presencial<\/td>\n<\/tr>\n<tr>\n<td width=\"320\">E17<\/td>\n<td width=\"265\">Electr\u00f3nica I<\/td>\n<td width=\"81\">6<\/td>\n<td width=\"81\">96<\/td>\n<td width=\"91\">Cuatrimestral<\/td>\n<td width=\"81\">Presencial<\/td>\n<\/tr>\n<tr>\n<td width=\"320\"><strong>M\u00f3dulo VI<\/strong><\/td>\n<td width=\"265\"><\/td>\n<td width=\"81\"><\/td>\n<td width=\"81\"><\/td>\n<td width=\"91\"><\/td>\n<td width=\"81\"><\/td>\n<\/tr>\n<tr>\n<td width=\"320\"><em><strong>Cod<\/strong><\/em><\/td>\n<td width=\"265\"><em><strong>Asignatura<\/strong><\/em><\/td>\n<td width=\"81\"><em><strong>HS<\/strong><\/em><\/td>\n<td width=\"81\"><em><strong>HT<\/strong><\/em><\/td>\n<td width=\"91\"><em><strong>R\u00e9gimen<\/strong><\/em><\/td>\n<td width=\"81\"><em><strong>Modalidad<\/strong><\/em><\/td>\n<\/tr>\n<tr>\n<td width=\"320\">EBO<\/td>\n<td width=\"265\">Dispositivos Electr\u00f3nicos<\/td>\n<td width=\"81\">6<\/td>\n<td width=\"81\">96<\/td>\n<td width=\"91\">Cuatrimestral<\/td>\n<td width=\"81\">Presencial<\/td>\n<\/tr>\n<tr>\n<td width=\"320\">E23<\/td>\n<td width=\"265\">Electr\u00f3nica II<\/td>\n<td width=\"81\">6<\/td>\n<td width=\"81\">96<\/td>\n<td width=\"91\">Cuatrimestral<\/td>\n<td width=\"81\">Presencial<\/td>\n<\/tr>\n<tr>\n<td width=\"320\">E24<\/td>\n<td width=\"265\">Electr\u00f3nica III<\/td>\n<td width=\"81\">6<\/td>\n<td width=\"81\">96<\/td>\n<td width=\"91\">Cuatrimestral<\/td>\n<td width=\"81\">Presencial<\/td>\n<\/tr>\n<tr>\n<td width=\"320\">ECE<\/td>\n<td width=\"265\">M\u00e9todos Num\u00e9ricos<\/td>\n<td width=\"81\">5<\/td>\n<td width=\"81\">80<\/td>\n<td width=\"91\">Cuatrimestral<\/td>\n<td width=\"81\">Presencial<\/td>\n<\/tr>\n<tr>\n<td width=\"320\">BMD<\/td>\n<td width=\"265\">Fisiolog\u00eda<\/td>\n<td width=\"81\">6<\/td>\n<td width=\"81\">192<\/td>\n<td width=\"91\">Anual<\/td>\n<td width=\"81\">Presencial<\/td>\n<\/tr>\n<tr>\n<td style=\"text-align: center\" colspan=\"6\" width=\"919\"><strong>Exigencias Adicionales<\/strong><\/td>\n<\/tr>\n<tr>\n<td style=\"text-align: center\" colspan=\"6\" width=\"919\">Se pueden realizar entre el m\u00f3dulo I y el VI y sus reg\u00edmenes de aprobaci\u00f3n se establecen por reglamento.<\/td>\n<\/tr>\n<tr>\n<td width=\"320\"><em><strong>Cod<\/strong><\/em><\/td>\n<td width=\"265\"><em><strong>Asignatura<\/strong><\/em><\/td>\n<td width=\"81\"><em><strong>HS<\/strong><\/em><\/td>\n<td width=\"81\"><em><strong>HT<\/strong><\/em><\/td>\n<td width=\"91\"><em><strong>R\u00e9gimen<\/strong><\/em><\/td>\n<td width=\"81\"><em><strong>Modalidad<\/strong><\/em><\/td>\n<\/tr>\n<tr>\n<td width=\"320\">FQF<\/td>\n<td width=\"265\">Idioma Ingl\u00e9s<\/td>\n<td width=\"81\">0<\/td>\n<td width=\"81\">40<\/td>\n<td width=\"91\">Cuatrimestral<\/td>\n<td width=\"81\">Presencial<\/td>\n<\/tr>\n<tr>\n<td width=\"320\">CAB<\/td>\n<td width=\"265\">C\u00e1tedra Abierta<\/td>\n<td width=\"81\">0<\/td>\n<td width=\"81\">15<\/td>\n<td width=\"91\">Cuatrimestral<\/td>\n<td width=\"81\">Presencial<\/td>\n<\/tr>\n<tr>\n<td width=\"320\"><\/td>\n<td width=\"265\"><strong>CUARTO A\u00d1O<\/strong><\/td>\n<td width=\"81\"><strong>\u00a0<\/strong><\/td>\n<td width=\"81\"><strong>\u00a0<\/strong><\/td>\n<td width=\"91\"><strong>\u00a0<\/strong><\/td>\n<td width=\"81\"><strong>\u00a0<\/strong><\/td>\n<\/tr>\n<tr>\n<td width=\"320\"><strong>M\u00f3dulo VII<\/strong><\/td>\n<td width=\"265\"><\/td>\n<td width=\"81\"><\/td>\n<td width=\"81\"><\/td>\n<td width=\"91\"><\/td>\n<td width=\"81\"><\/td>\n<\/tr>\n<tr>\n<td width=\"320\"><em><strong>Cod<\/strong><\/em><\/td>\n<td width=\"265\"><em><strong>Asignatura<\/strong><\/em><\/td>\n<td width=\"81\"><em><strong>HS<\/strong><\/em><\/td>\n<td width=\"81\"><em><strong>HT<\/strong><\/em><\/td>\n<td width=\"91\"><em><strong>R\u00e9gimen<\/strong><\/em><\/td>\n<td width=\"81\"><em><strong>Modalidad<\/strong><\/em><\/td>\n<\/tr>\n<tr>\n<td width=\"320\">BMF<\/td>\n<td width=\"265\">Transductores Biom\u00e9dicos<\/td>\n<td width=\"81\">6<\/td>\n<td width=\"81\">96<\/td>\n<td width=\"91\">Cuatrimestral<\/td>\n<td width=\"81\">Presencial<\/td>\n<\/tr>\n<tr>\n<td width=\"320\"><\/td>\n<td width=\"265\">Instrumentaci\u00f3n Biom\u00e9dica<\/td>\n<td width=\"81\">5<\/td>\n<td width=\"81\">80<\/td>\n<td width=\"91\">Cuatrimestral<\/td>\n<td width=\"81\">Presencial<\/td>\n<\/tr>\n<tr>\n<td width=\"320\"><\/td>\n<td width=\"265\">Ingenier\u00eda Cl\u00ednica I<\/td>\n<td width=\"81\">5<\/td>\n<td width=\"81\">80<\/td>\n<td width=\"91\">Cuatrimestral<\/td>\n<td width=\"81\">Presencial<\/td>\n<\/tr>\n<tr>\n<td width=\"320\"><\/td>\n<td width=\"265\">Inform\u00e1tica M\u00e9dica<\/td>\n<td width=\"81\">6<\/td>\n<td width=\"81\">96<\/td>\n<td width=\"91\">Cuatrimestral<\/td>\n<td width=\"81\">Presencial<\/td>\n<\/tr>\n<tr>\n<td width=\"320\"><strong>M\u00f3dulo VIII<\/strong><\/td>\n<td width=\"265\"><\/td>\n<td width=\"81\"><\/td>\n<td width=\"81\"><\/td>\n<td width=\"91\"><\/td>\n<td width=\"81\"><\/td>\n<\/tr>\n<tr>\n<td width=\"320\"><em><strong>Cod<\/strong><\/em><\/td>\n<td width=\"265\"><em><strong>Asignatura<\/strong><\/em><\/td>\n<td width=\"81\"><em><strong>HS<\/strong><\/em><\/td>\n<td width=\"81\"><em><strong>HT<\/strong><\/em><\/td>\n<td width=\"91\"><em><strong>R\u00e9gimen<\/strong><\/em><\/td>\n<td width=\"81\"><em><strong>Modalidad<\/strong><\/em><\/td>\n<\/tr>\n<tr>\n<td width=\"320\"><\/td>\n<td width=\"265\">Introducci\u00f3n a la Bioingenier\u00eda<\/td>\n<td width=\"81\">6<\/td>\n<td width=\"81\">96<\/td>\n<td width=\"91\">Cuatrimestral<\/td>\n<td width=\"81\">Presencial<\/td>\n<\/tr>\n<tr>\n<td width=\"320\"><\/td>\n<td width=\"265\">Ingenier\u00eda Cl\u00ednica II<\/td>\n<td width=\"81\">5<\/td>\n<td width=\"81\">80<\/td>\n<td width=\"91\">Cuatrimestral<\/td>\n<td width=\"81\">Presencial<\/td>\n<\/tr>\n<tr>\n<td width=\"320\">BMM<\/td>\n<td width=\"265\">Biomateriales<\/td>\n<td width=\"81\">6<\/td>\n<td width=\"81\">96<\/td>\n<td width=\"91\">Cuatrimestral<\/td>\n<td width=\"81\">Presencial<\/td>\n<\/tr>\n<tr>\n<td width=\"320\">BML<\/td>\n<td width=\"265\">Ingenier\u00eda y Medicina Legal<\/td>\n<td width=\"81\">6<\/td>\n<td width=\"81\">96<\/td>\n<td width=\"91\">Cuatrimestral<\/td>\n<td width=\"81\">Presencial<\/td>\n<\/tr>\n<tr>\n<td><\/td>\n<td width=\"265\"><strong>QUINTO A\u00d1O<\/strong><\/td>\n<td width=\"81\"><strong>\u00a0<\/strong><\/td>\n<td width=\"81\"><strong>\u00a0<\/strong><\/td>\n<td width=\"91\"><strong>\u00a0<\/strong><\/td>\n<td width=\"81\"><strong>\u00a0<\/strong><\/td>\n<\/tr>\n<tr>\n<td width=\"320\"><strong>M\u00f3dulo IX<\/strong><\/td>\n<td width=\"265\"><\/td>\n<td width=\"81\"><\/td>\n<td width=\"81\"><\/td>\n<td width=\"91\"><\/td>\n<td width=\"81\"><\/td>\n<\/tr>\n<tr>\n<td width=\"320\"><em><strong>Cod<\/strong><\/em><\/td>\n<td width=\"265\"><em><strong>Asignatura<\/strong><\/em><\/td>\n<td width=\"81\"><em><strong>HS<\/strong><\/em><\/td>\n<td width=\"81\"><em><strong>HT<\/strong><\/em><\/td>\n<td width=\"91\"><em><strong>R\u00e9gimen<\/strong><\/em><\/td>\n<td width=\"81\"><em><strong>Modalidad<\/strong><\/em><\/td>\n<\/tr>\n<tr>\n<td width=\"320\">MCA<\/td>\n<td width=\"265\">Econom\u00eda y Organizaci\u00f3n Industrial<\/td>\n<td width=\"81\">5<\/td>\n<td width=\"81\">80<\/td>\n<td width=\"91\">Cuatrimestral<\/td>\n<td width=\"81\">Presencial<\/td>\n<\/tr>\n<tr>\n<td width=\"320\"><\/td>\n<td width=\"265\">Optativa 1<\/td>\n<td width=\"81\">6<\/td>\n<td width=\"81\">96<\/td>\n<td width=\"91\">Cuatrimestral<\/td>\n<td width=\"81\">Presencial<\/td>\n<\/tr>\n<tr>\n<td width=\"320\"><\/td>\n<td width=\"265\">Optativa 2<\/td>\n<td width=\"81\">6<\/td>\n<td width=\"81\">96<\/td>\n<td width=\"91\">Cuatrimestral<\/td>\n<td width=\"81\">Presencial<\/td>\n<\/tr>\n<tr>\n<td style=\"text-align: center\" colspan=\"6\" width=\"919\">Para hacer las optativas se deben tener el M\u00f3dulo VII y en total 30 asignaturas del plan aprobadas.<\/td>\n<\/tr>\n<tr>\n<td width=\"320\"><strong>M\u00f3dulo X<\/strong><\/td>\n<td width=\"265\"><\/td>\n<td width=\"81\"><\/td>\n<td width=\"81\"><\/td>\n<td width=\"91\"><\/td>\n<td width=\"81\"><\/td>\n<\/tr>\n<tr>\n<td width=\"320\"><em><strong>Cod<\/strong><\/em><\/td>\n<td width=\"265\"><em><strong>Asignatura<\/strong><\/em><\/td>\n<td width=\"81\"><em><strong>HS<\/strong><\/em><\/td>\n<td width=\"81\"><em><strong>HT<\/strong><\/em><\/td>\n<td width=\"91\"><em><strong>R\u00e9gimen<\/strong><\/em><\/td>\n<td width=\"81\"><em><strong>Modalidad<\/strong><\/em><\/td>\n<\/tr>\n<tr>\n<td width=\"320\">BMN<\/td>\n<td width=\"265\">Pr\u00e1ctica Profesional Supervisada<\/td>\n<td width=\"81\">12.50<\/td>\n<td width=\"81\">200<\/td>\n<td width=\"91\">Cuatrimestral<\/td>\n<td width=\"81\">Presencial<\/td>\n<\/tr>\n<tr>\n<td width=\"320\">B98<\/td>\n<td width=\"265\">Proyecto de Graduaci\u00f3n<\/td>\n<td width=\"81\">11.25<\/td>\n<td width=\"81\">360<\/td>\n<td width=\"91\">Anual<\/td>\n<td width=\"81\">Presencial<\/td>\n<\/tr>\n<\/tbody>\n<\/table>\n<p>La Pr\u00e1ctica Profesional Supervisada es una exigencia adicional del plan. Para hacer\u00a0 las PPS se debe tener regular el M\u00f3dulo VIII y sumar 34 asignaturas del plan aprobadas.<\/p>\n<p>Para hacer el Proyecto de Graduaci\u00f3n se deben tener el M\u00f3dulo I a VII aprobados y sumar 34 asignaturas del plan aprobadas. Su r\u00e9gimen de aprobaci\u00f3n se establece por reglamento.<\/p>\n<p><strong>Referencias:<\/strong><\/p>\n<p><strong>Cod<\/strong> = C\u00f3digo<\/p>\n<p><strong>HS<\/strong> = Horas Semanales<\/p>\n<p><strong>HT<\/strong> = Horas Totales<\/p>\n<p>Carga Horaria total del Plan de Estudio \u201cModificaci\u00f3n 2006\u201d: 4199 Hs<\/p>\n<p><strong>T\u00edtulo a otorgar: <\/strong>INGENIERO BIOM\u00c9DICO<\/p>\n<p><strong>Duraci\u00f3n de la Carrera: <\/strong>5 a\u00f1os<\/p>\n","protected":false},"excerpt":{"rendered":"<p>Estructura Curricular de la Carrera: INGENIER\u00cdA BIOM\u00c9DICA PLAN DE ESTUDIO \u201cModificaci\u00f3n 2006\u201d \u00a0 PRIMER A\u00d1O \u00a0 \u00a0 \u00a0 M\u00f3dulo I Cod Asignatura HS HT R\u00e9gimen Modalidad TT1 C\u00e1lculo I 6 96 Cuatrimestral Presencial TT2 \u00c1lgebra y Geometr\u00eda Anal\u00edtica 6 96 Cuatrimestral Presencial FI1 F\u00edsica I 6 96 Cuatrimestral Presencial QQA Fundamentos de Qu\u00edmica General 5 [&hellip;]<\/p>\n","protected":false},"author":101026,"featured_media":0,"parent":0,"menu_order":0,"comment_status":"closed","ping_status":"closed","template":"","meta":[],"_links":{"self":[{"href":"https:\/\/www.facet.unt.edu.ar\/ingbiomedica\/wp-json\/wp\/v2\/pages\/89"}],"collection":[{"href":"https:\/\/www.facet.unt.edu.ar\/ingbiomedica\/wp-json\/wp\/v2\/pages"}],"about":[{"href":"https:\/\/www.facet.unt.edu.ar\/ingbiomedica\/wp-json\/wp\/v2\/types\/page"}],"author":[{"embeddable":true,"href":"https:\/\/www.facet.unt.edu.ar\/ingbiomedica\/wp-json\/wp\/v2\/users\/101026"}],"replies":[{"embeddable":true,"href":"https:\/\/www.facet.unt.edu.ar\/ingbiomedica\/wp-json\/wp\/v2\/comments?post=89"}],"version-history":[{"count":8,"href":"https:\/\/www.facet.unt.edu.ar\/ingbiomedica\/wp-json\/wp\/v2\/pages\/89\/revisions"}],"predecessor-version":[{"id":316,"href":"https:\/\/www.facet.unt.edu.ar\/ingbiomedica\/wp-json\/wp\/v2\/pages\/89\/revisions\/316"}],"wp:attachment":[{"href":"https:\/\/www.facet.unt.edu.ar\/ingbiomedica\/wp-json\/wp\/v2\/media?parent=89"}],"curies":[{"name":"wp","href":"https:\/\/api.w.org\/{rel}","templated":true}]}}