{"id":92,"date":"2017-03-08T12:44:35","date_gmt":"2017-03-08T15:44:35","guid":{"rendered":"https:\/\/www.facet.unt.edu.ar\/ingbiomedica\/?page_id=92"},"modified":"2026-03-28T18:09:46","modified_gmt":"2026-03-28T21:09:46","slug":"institucional","status":"publish","type":"page","link":"https:\/\/www.facet.unt.edu.ar\/ingbiomedica\/institucional\/","title":{"rendered":"Autoridades"},"content":{"rendered":"<h3>Direcci\u00f3n de Carrera<\/h3>\n<p style=\"padding-left: 60px;\">Directora: Mg. Viviana I. Rotger<\/p>\n<h3>Comisi\u00f3n Acad\u00e9mica de la Carrera de Ingenier\u00eda Biom\u00e9dica<\/h3>\n<ul>\n<li>\n<h5>Por los Profesores Titulares y Asociados<\/h5>\n<\/li>\n<\/ul>\n<p style=\"padding-left: 60px;\"><strong>Titulares<\/strong><br \/>\nDr. Antonio Orlando (Dpto. de Bioingenier\u00eda, FACET)<br \/>\nDr. Fernando Farf\u00e1n (Dpto. de Bioingenier\u00eda, FACET)<\/p>\n<p style=\"padding-left: 60px;\"><strong>Suplentes<\/strong><br \/>\nIng. Marcelo V\u00e1zquez (Dpto. de Bioingenier\u00eda, FACET)<br \/>\nVacante<\/p>\n<ul>\n<li>\n<h5>Por los Profesores Adjuntos<\/h5>\n<\/li>\n<\/ul>\n<p style=\"padding-left: 60px;\"><strong>Titulares<\/strong><br \/>\nEsp. Ing. Lucila M. Figueroa Gallo (Dpto. de Bioingenier\u00eda, FACET)<br \/>\nMg. Ing. Luis A. Rocha (Dpto. de Bioingenier\u00eda, FACET)<\/p>\n<p style=\"padding-left: 60px;\"><strong>Suplentes<\/strong><br \/>\nVacante<br \/>\nVacante<\/p>\n<ul>\n<li>\n<h5>Por los Docentes Jefe de Trabajos Pr\u00e1cticos y Auxiliares Graduados<\/h5>\n<\/li>\n<\/ul>\n<p style=\"padding-left: 60px;\"><strong>Titulares<\/strong><br \/>\nIng. Cecilia Alejandra Jerez Fanciotti (Dpto. de F\u00edsica, FACET)<br \/>\nDra. Ana L\u00eda Albarrac\u00edn (Depto. Bioingenier\u00eda, FACET)<\/p>\n<p style=\"padding-left: 60px;\"><strong>Suplentes<\/strong><br \/>\nVacante<br \/>\nVacante<\/p>\n<ul>\n<li>Por los Alumnos resultaron electos por sus compa\u00f1eros<\/li>\n<\/ul>\n<p style=\"padding-left: 60px;\"><strong>Titular:<\/strong> Srta. Milagros Fern\u00e1ndez Jure<br \/>\n<strong>Suplente:<\/strong> Sr. Jos\u00e9 Benedek<\/p>\n<p><a href=\"https:\/\/drive.google.com\/file\/d\/1nhiiAj51wEzIwk0-MQQ8kCreFxiRbhOm\/view?usp=drive_link\">LINK: Resoluci\u00f3n Comisi\u00f3n Acad\u00e9mica Hasta 30 Junio 2026<\/a><\/p>\n<div class=\"yj6qo ajU\">\n<div id=\":85\" class=\"ajR\"><img decoding=\"async\" class=\"ajT\" src=\"https:\/\/ssl.gstatic.com\/ui\/v1\/icons\/mail\/images\/cleardot.gif\" \/><\/div>\n<\/div>\n","protected":false},"excerpt":{"rendered":"<p>Direcci\u00f3n de Carrera Directora: Mg. Viviana I. Rotger Comisi\u00f3n Acad\u00e9mica de la Carrera de Ingenier\u00eda Biom\u00e9dica Por los Profesores Titulares y Asociados Titulares Dr. Antonio Orlando (Dpto. de Bioingenier\u00eda, FACET) Dr. Fernando Farf\u00e1n (Dpto. de Bioingenier\u00eda, FACET) Suplentes Ing. Marcelo V\u00e1zquez (Dpto. de Bioingenier\u00eda, FACET) Vacante Por los Profesores Adjuntos Titulares Esp. Ing. Lucila M. [&hellip;]<\/p>\n","protected":false},"author":101026,"featured_media":0,"parent":0,"menu_order":0,"comment_status":"closed","ping_status":"closed","template":"","meta":[],"_links":{"self":[{"href":"https:\/\/www.facet.unt.edu.ar\/ingbiomedica\/wp-json\/wp\/v2\/pages\/92"}],"collection":[{"href":"https:\/\/www.facet.unt.edu.ar\/ingbiomedica\/wp-json\/wp\/v2\/pages"}],"about":[{"href":"https:\/\/www.facet.unt.edu.ar\/ingbiomedica\/wp-json\/wp\/v2\/types\/page"}],"author":[{"embeddable":true,"href":"https:\/\/www.facet.unt.edu.ar\/ingbiomedica\/wp-json\/wp\/v2\/users\/101026"}],"replies":[{"embeddable":true,"href":"https:\/\/www.facet.unt.edu.ar\/ingbiomedica\/wp-json\/wp\/v2\/comments?post=92"}],"version-history":[{"count":16,"href":"https:\/\/www.facet.unt.edu.ar\/ingbiomedica\/wp-json\/wp\/v2\/pages\/92\/revisions"}],"predecessor-version":[{"id":520,"href":"https:\/\/www.facet.unt.edu.ar\/ingbiomedica\/wp-json\/wp\/v2\/pages\/92\/revisions\/520"}],"wp:attachment":[{"href":"https:\/\/www.facet.unt.edu.ar\/ingbiomedica\/wp-json\/wp\/v2\/media?parent=92"}],"curies":[{"name":"wp","href":"https:\/\/api.w.org\/{rel}","templated":true}]}}