{"id":1058,"date":"2013-12-17T18:54:02","date_gmt":"2013-12-17T21:54:02","guid":{"rendered":"https:\/\/www.facet.unt.edu.ar\/ingcomputacion\/?page_id=1058"},"modified":"2022-11-12T12:19:24","modified_gmt":"2022-11-12T15:19:24","slug":"enlaces-2","status":"publish","type":"page","link":"https:\/\/www.facet.unt.edu.ar\/ingcomputacion\/enlaces-2\/","title":{"rendered":"Enlaces"},"content":{"rendered":"<ul>\n<li><a href=\"https:\/\/www.facebook.com\/groups\/grupo.ingcomputacion\/\" target=\"_blank\" rel=\"noopener\">Grupo de Facebook de Estudiantes y Graduados de Ingenier\u00eda en Computaci\u00f3n<\/a><\/li>\n<\/ul>\n<p style=\"padding-left: 30px;\">Creado con el objetivo de motivar a Estudiantes y Graduados a participar en el progreso de la carrera a trav\u00e9s del aporte de ideas, brindando un espacio de debate sobre las ideas, actividades y eventos propuestos por los mismos.<\/p>\n<ul>\n<li><a href=\"https:\/\/www.facebook.com\/groups\/217680875024649\/\" target=\"_blank\" rel=\"noopener\">Grupo de Facebook de Egresados\u00a0de\u00a0Ingenier\u00eda en Computaci\u00f3n<\/a><\/li>\n<\/ul>\n<p style=\"padding-left: 30px;\">Creado con el objetivo de brindar un espacio donde los Egresados puedan compartir dudas, consultas y oportunidades laborales, entre otras cosas.<\/p>\n<ul>\n<li><a href=\"http:\/\/www.linkedin.com\/groups?gid=3954140\" target=\"_blank\" rel=\"noopener\">Grupo de LinkedIn de Ingenier\u00eda en Computaci\u00f3n<\/a><\/li>\n<\/ul>\n<p style=\"padding-left: 30px;\">Creado con el objetivo de compartir ideas y experiencias en una red de colaboraci\u00f3n profesional. El grupo funciona como una bolsa de trabajo virtual, donde reclutadores de diversas empresas e instituciones se suscriben para explorar el perfil de los alumnos de nuestra carrera en busca de profesionales que puedan satisfacer sus necesidades.<\/p>\n<ul>\n<li><a href=\"https:\/\/www.facebook.com\/pages\/Ingenier%C3%ADa-en-Computaci%C3%B3n-UNT\/243127282538931\" target=\"_blank\" rel=\"noopener\">P\u00e1gina de Facebook de Ingenier\u00eda en Computaci\u00f3n<\/a><\/li>\n<li><a href=\"https:\/\/www.instagram.com\/ingcomputacionunt\/?igshid=YmMyMTA2M2Y%3D\" target=\"_blank\" rel=\"noopener\">Perfil de Instagran de Ingenier\u00eda en Computaci\u00f3n<\/a><\/li>\n<li><a href=\"https:\/\/www.youtube.com\/channel\/UChujGFDs3aK52EHGZi0kheA\" target=\"_blank\" rel=\"noopener\">Canal de Youtube de Ingenier\u00eda en Computaci\u00f3n<\/a><\/li>\n<\/ul>\n<p style=\"padding-left: 30px;\">Perfiles creados con el objetivo de mantener a los estudiantes informados con las \u00faltimas novedades sobre la Carrera de Ingenier\u00eda en Computaci\u00f3n.<\/p>\n","protected":false},"excerpt":{"rendered":"<p>Grupo de Facebook de Estudiantes y Graduados de Ingenier\u00eda en Computaci\u00f3n Creado con el objetivo de motivar a Estudiantes y Graduados a participar en el progreso de la carrera a trav\u00e9s del aporte de ideas, brindando un espacio de debate sobre las ideas, actividades y eventos propuestos por los mismos. Grupo de Facebook de Egresados\u00a0de\u00a0Ingenier\u00eda [&hellip;]<\/p>\n","protected":false},"author":7,"featured_media":0,"parent":0,"menu_order":13,"comment_status":"closed","ping_status":"closed","template":"templates\/template-full-notitle.php","meta":[],"_links":{"self":[{"href":"https:\/\/www.facet.unt.edu.ar\/ingcomputacion\/wp-json\/wp\/v2\/pages\/1058"}],"collection":[{"href":"https:\/\/www.facet.unt.edu.ar\/ingcomputacion\/wp-json\/wp\/v2\/pages"}],"about":[{"href":"https:\/\/www.facet.unt.edu.ar\/ingcomputacion\/wp-json\/wp\/v2\/types\/page"}],"author":[{"embeddable":true,"href":"https:\/\/www.facet.unt.edu.ar\/ingcomputacion\/wp-json\/wp\/v2\/users\/7"}],"replies":[{"embeddable":true,"href":"https:\/\/www.facet.unt.edu.ar\/ingcomputacion\/wp-json\/wp\/v2\/comments?post=1058"}],"version-history":[{"count":6,"href":"https:\/\/www.facet.unt.edu.ar\/ingcomputacion\/wp-json\/wp\/v2\/pages\/1058\/revisions"}],"predecessor-version":[{"id":2110,"href":"https:\/\/www.facet.unt.edu.ar\/ingcomputacion\/wp-json\/wp\/v2\/pages\/1058\/revisions\/2110"}],"wp:attachment":[{"href":"https:\/\/www.facet.unt.edu.ar\/ingcomputacion\/wp-json\/wp\/v2\/media?parent=1058"}],"curies":[{"name":"wp","href":"https:\/\/api.w.org\/{rel}","templated":true}]}}