{"id":1191,"date":"2014-03-31T18:58:24","date_gmt":"2014-03-31T21:58:24","guid":{"rendered":"https:\/\/www.facet.unt.edu.ar\/ingcomputacion\/?page_id=1191"},"modified":"2018-05-16T12:03:19","modified_gmt":"2018-05-16T15:03:19","slug":"equipamiento-principal-lab-de-microprocesadores","status":"publish","type":"page","link":"https:\/\/www.facet.unt.edu.ar\/ingcomputacion\/equipamiento-principal-lab-de-microprocesadores\/","title":{"rendered":"Equipamiento Principal &#8211; Lab. de Microprocesadores"},"content":{"rendered":"<h3>Equipamiento Principal &#8211; Lab. de Microprocesadores<\/h3>\n<ul>\n<li>3 PC Compatible, procesador Celeron 430 de 1,80 MHz, 1 GByte de RAM y 160 GBytes de Disco.<\/li>\n<li>1\u00a0Osciloscopio Digital doble canal, 60 Mhz, 1 GSa\/s, GW-Instek GDS-2062.<\/li>\n<li>1 Mult\u00edmetro digital UNI-T UT58D.<\/li>\n<li>1\u00a0Microscopio USB 2 Mpixels \u2013 200X.<\/li>\n<li>2\u00a0Interface OS-BDM Electrocomponentes R(S)_POD para programaci\u00f3n de micro controladores Freescale HCS908 y ColdFire V1.<\/li>\n<li>2\u00a0Interface BDM P&amp;E Micro USB Multilink para programaci\u00f3n de micro controladores Freescale HCS908 y ColdFire V1.<\/li>\n<li>2\u00a0Interface MON-08 Electrocomponentes E-FLASH08 para programaci\u00f3n de micro controladores Freescale HC08.<\/li>\n<li>1\u00a0Interface de programaci\u00f3n P&amp;E USB Multilink Universal para HCS908, ColdFire V1, V2, V3, V4 Y ARM Kinetis.<\/li>\n<li>2\u00a0Kit Electrocomponentes EDUKIT para evaluaci\u00f3n, desarrollo r\u00e1pido y pr\u00e1cticas de laboratorio en micro controladores Freescale 9S08QE128.<\/li>\n<li>1\u00a0Kit P&amp;E Micro TOWER CN128 para evaluaci\u00f3n, desarrollo r\u00e1pido y pr\u00e1cticas de laboratorio en micro controladores Freescale ColdFire MCF51CN128.<\/li>\n<li>2\u00a0Kit de Evaluacion Tower con procesadores K60, K70 y K25, Placas de conectividad, Placas de Almacenamiento, Placas de prototipado rapido y Pantalla de LCD color sensibles al tacto.<\/li>\n<li>2\u00a0Placas Freedom KRDM-K20D50M para desarrollo rapido y practicas en procesadores ARM Kinetis K20 .<\/li>\n<li>2\u00a0Placas Freedom KRDM-KL25Z para desarrollo rapido y practicas en procesadores ARM Kinetis KL25.<\/li>\n<li>4\u00a0Placas Freedom KRDM-KE02Z para desarrollo rapido y practicas en procesadores ARM Kinetis KE02.<\/li>\n<li>1\u00a0Placa Raspberri Pi para desarrollo rapido y practicas en Linux Ebebido.<\/li>\n<li>45\u00a0Placas EDU-CIAA-NXP .<\/li>\n<li>28\u00a0Placas poncho educativas para EDU-CIAA-NXP .<\/li>\n<li>15 Placas poncho de comunicaciones para EDU-CIAA-NXP.<\/li>\n<li>5\u00a0Placas poncho sistema de alarma para EDU-CIAA-NXP .<\/li>\n<li>1\u00a0Estaci\u00f3n de soldado con punta tipo l\u00e1piz y tobera de aire caliente Hony 908.<\/li>\n<li>2\u00a0Estaci\u00f3n de soldado con punta tipo l\u00e1piz Hony 936A.<\/li>\n<li>10\u00a0Banco de trabajo con alzada y bandeja porta teclado, de madera de 1,20 x 0,70 x 1,30 metros.<\/li>\n<\/ul>\n","protected":false},"excerpt":{"rendered":"<p>Equipamiento Principal &#8211; Lab. de Microprocesadores 3 PC Compatible, procesador Celeron 430 de 1,80 MHz, 1 GByte de RAM y 160 GBytes de Disco. 1\u00a0Osciloscopio Digital doble canal, 60 Mhz, 1 GSa\/s, GW-Instek GDS-2062. 1 Mult\u00edmetro digital UNI-T UT58D. 1\u00a0Microscopio USB 2 Mpixels \u2013 200X. 2\u00a0Interface OS-BDM Electrocomponentes R(S)_POD para programaci\u00f3n de micro controladores Freescale [&hellip;]<\/p>\n","protected":false},"author":7,"featured_media":0,"parent":0,"menu_order":0,"comment_status":"closed","ping_status":"closed","template":"templates\/template-full-notitle.php","meta":[],"_links":{"self":[{"href":"https:\/\/www.facet.unt.edu.ar\/ingcomputacion\/wp-json\/wp\/v2\/pages\/1191"}],"collection":[{"href":"https:\/\/www.facet.unt.edu.ar\/ingcomputacion\/wp-json\/wp\/v2\/pages"}],"about":[{"href":"https:\/\/www.facet.unt.edu.ar\/ingcomputacion\/wp-json\/wp\/v2\/types\/page"}],"author":[{"embeddable":true,"href":"https:\/\/www.facet.unt.edu.ar\/ingcomputacion\/wp-json\/wp\/v2\/users\/7"}],"replies":[{"embeddable":true,"href":"https:\/\/www.facet.unt.edu.ar\/ingcomputacion\/wp-json\/wp\/v2\/comments?post=1191"}],"version-history":[{"count":4,"href":"https:\/\/www.facet.unt.edu.ar\/ingcomputacion\/wp-json\/wp\/v2\/pages\/1191\/revisions"}],"predecessor-version":[{"id":1804,"href":"https:\/\/www.facet.unt.edu.ar\/ingcomputacion\/wp-json\/wp\/v2\/pages\/1191\/revisions\/1804"}],"wp:attachment":[{"href":"https:\/\/www.facet.unt.edu.ar\/ingcomputacion\/wp-json\/wp\/v2\/media?parent=1191"}],"curies":[{"name":"wp","href":"https:\/\/api.w.org\/{rel}","templated":true}]}}