{"id":1199,"date":"2014-03-31T18:58:52","date_gmt":"2014-03-31T21:58:52","guid":{"rendered":"https:\/\/www.facet.unt.edu.ar\/ingcomputacion\/?page_id=1199"},"modified":"2014-03-31T18:58:52","modified_gmt":"2014-03-31T21:58:52","slug":"equipamiento-principal-lab-de-fisica","status":"publish","type":"page","link":"https:\/\/www.facet.unt.edu.ar\/ingcomputacion\/equipamiento-principal-lab-de-fisica\/","title":{"rendered":"Equipamiento Principal &#8211; Lab. de F\u00edsica"},"content":{"rendered":"<h3>Equipamiento Principal &#8211; Lab. de F\u00edsica<\/h3>\n<ul>\n<li>2 Sistema determinaci\u00f3n e\/m PASCO<\/li>\n<li>2 Puentes de impedancia<\/li>\n<li>1 Lanza Proyectiles para ca\u00edda libre PASCO<\/li>\n<li>2 Redes de difracci\u00f3n<\/li>\n<li>3 Sistema de \u00f3ptica b\u00e1sica PASCO<\/li>\n<li>1 Modelo \u00f3ptico Ojo Humano PASCO<\/li>\n<li>1 Determinaci\u00f3n Equivalente Mec\u00e1nico<\/li>\n<li>20 Resistencias<\/li>\n<li>1 Juego de 6 lentes PASCO<\/li>\n<li>1 Accesorios para lanza proyectiles PASCO<\/li>\n<li>5 T\u00e9ster Digital para determinaci\u00f3n V, I, C , L y T<\/li>\n<li>5 Dens\u00edmetros<\/li>\n<li>1 Termostato<\/li>\n<li>2 Picn\u00f3metros<\/li>\n<li>1 Interfase de sensores digitales PASCO<\/li>\n<li>1 Ranuras y Diafragmas PASCO<\/li>\n<li>6 Generadores de pulsos<\/li>\n<li>7 Capacitores<\/li>\n<li>2 Bobinas<\/li>\n<li>2 Circuitos oscilantes<\/li>\n<li>1\u00a0Dispositivo de medici\u00f3n\u00a0E\/M<\/li>\n<li>8 Osciloscopios<\/li>\n<li>2 Elementos para difracci\u00f3n e interferencia (apertura\u00a0circulares, rectangulares, rendijas, dos, tres,\u00a0n-rendijas igualmente espaciadas, para analizar la\u00a0funci\u00f3n de interferencia, arreglo cuadrado y triangular\u00a0de rendijas, etc.)<\/li>\n<li>2 Mesas de fuerzas<\/li>\n<li>1 Calibre para \u00f3ptica PASCO<\/li>\n<li>10 L\u00e1mparas de gases (H, CO2, Ne. Ar, Kr, Na, etc.), para\u00a0analizar los\u00a0espectros de emisi\u00f3n<\/li>\n<li>17 Calibres<\/li>\n<li>2 L\u00e1seres<\/li>\n<li>13 Tornillos Microm\u00e9tricos y Vernier<\/li>\n<li>6 Cron\u00f3metros<\/li>\n<li>2 Generadores de pulsos<\/li>\n<li>10 Term\u00f3metros<\/li>\n<li>1 Balanza digital 200g Resoluci\u00f2n 1 g OHAUS<\/li>\n<li>8 Espejos<\/li>\n<li>1 Sistema para estudio de fuerzas centr\u00edfugas PASCO<\/li>\n<li>3 Goni\u00f3metros<\/li>\n<li>5 Soportes para oscilaciones libres y amortiguadas<\/li>\n<li>3 Sistema de Optica Basica, Pasco\u00a0(juego de lentes \u2013\u00a0banco \u00f3ptico\u00a0\u2013\u00a0fuentes de luz\u00a0blanca y laser,\u00a0prisma, lente cil\u00edndrica, espejos, pantalla, mesa\u00a0graduada angular)<\/li>\n<li>2 Juego de Bobinas y Nicleos para Induccion,\u00a0Pasco<\/li>\n<li>10 Lentes<\/li>\n<li>1 Lanza proyectiles para tiro oblicuo PASCO<\/li>\n<li>2 Interfase SW 500 p\/puerto serie y accesorios PASCO<\/li>\n<li>1 Esfer\u00f3metro<\/li>\n<li>2 Ca\u00edda libre<\/li>\n<li>2 Escalas patrones<\/li>\n<li>2 Elasticidad<\/li>\n<li>2 Mom. de inercia<\/li>\n<li>2 Mom. angular<\/li>\n<li>5 Bancos \u00f3pticos<\/li>\n<li>2 Ranura de Apertura \u00f3ptica<\/li>\n<li>6 Lentes<\/li>\n<li>9 Fuentes de luz<\/li>\n<li>2 Osciloscopios<\/li>\n<li>3 Espectr\u00f3metros y l\u00e1mparas de gases (H, CO2, Ne. Ar,\u00a0Kr, Na, etc.), para analizar los espectros de emisi\u00f3n<\/li>\n<li>2 Prismas de Refracci\u00f3n<\/li>\n<li>10 Calor\u00edmetros<\/li>\n<li>3 Cron\u00f3metros<\/li>\n<li>8 Tornillos Microm\u00e9tricos y Vernier<\/li>\n<li>3 Escalas patrones<\/li>\n<li>10 Balanzas<\/li>\n<li>1 Termocuplas<\/li>\n<li>8 Viscos\u00edmetros<\/li>\n<li>1 Man\u00f3metros<\/li>\n<li>17 Resistencias variables<\/li>\n<li>2 Puntas Hall<\/li>\n<li>5 Yugos magn\u00e9ticos<\/li>\n<li>1 Interfer\u00f3metros (Michelson , Fabry-Perrot)<\/li>\n<li>1 Determinaci\u00f3n cp\/cv<\/li>\n<li>2 Resistencias variables<\/li>\n<li>5 Microscopios y lupas<\/li>\n<li>1 Determinaci\u00f3n Equivalente Mec\u00e1nico<\/li>\n<li>4 Puentes de impedancia<\/li>\n<li>15 Fuentes de corriente y de tensi\u00f3n<\/li>\n<li>4 Reglas graduadas<\/li>\n<li>1 Generadores de pulsos<\/li>\n<li>5\u00a0Instrumentos de medici\u00f3n\u00a0ca<\/li>\n<li>7 Capacitores<\/li>\n<li>10 Galvan\u00f3metros<\/li>\n<li>13 Amper\u00edmetros<\/li>\n<\/ul>\n","protected":false},"excerpt":{"rendered":"<p>Equipamiento Principal &#8211; Lab. de F\u00edsica 2 Sistema determinaci\u00f3n e\/m PASCO 2 Puentes de impedancia 1 Lanza Proyectiles para ca\u00edda libre PASCO 2 Redes de difracci\u00f3n 3 Sistema de \u00f3ptica b\u00e1sica PASCO 1 Modelo \u00f3ptico Ojo Humano PASCO 1 Determinaci\u00f3n Equivalente Mec\u00e1nico 20 Resistencias 1 Juego de 6 lentes PASCO 1 Accesorios para lanza proyectiles [&hellip;]<\/p>\n","protected":false},"author":7,"featured_media":0,"parent":0,"menu_order":0,"comment_status":"closed","ping_status":"closed","template":"templates\/template-full-notitle.php","meta":[],"_links":{"self":[{"href":"https:\/\/www.facet.unt.edu.ar\/ingcomputacion\/wp-json\/wp\/v2\/pages\/1199"}],"collection":[{"href":"https:\/\/www.facet.unt.edu.ar\/ingcomputacion\/wp-json\/wp\/v2\/pages"}],"about":[{"href":"https:\/\/www.facet.unt.edu.ar\/ingcomputacion\/wp-json\/wp\/v2\/types\/page"}],"author":[{"embeddable":true,"href":"https:\/\/www.facet.unt.edu.ar\/ingcomputacion\/wp-json\/wp\/v2\/users\/7"}],"replies":[{"embeddable":true,"href":"https:\/\/www.facet.unt.edu.ar\/ingcomputacion\/wp-json\/wp\/v2\/comments?post=1199"}],"version-history":[{"count":2,"href":"https:\/\/www.facet.unt.edu.ar\/ingcomputacion\/wp-json\/wp\/v2\/pages\/1199\/revisions"}],"predecessor-version":[{"id":1211,"href":"https:\/\/www.facet.unt.edu.ar\/ingcomputacion\/wp-json\/wp\/v2\/pages\/1199\/revisions\/1211"}],"wp:attachment":[{"href":"https:\/\/www.facet.unt.edu.ar\/ingcomputacion\/wp-json\/wp\/v2\/media?parent=1199"}],"curies":[{"name":"wp","href":"https:\/\/api.w.org\/{rel}","templated":true}]}}