{"id":1201,"date":"2014-03-31T18:58:03","date_gmt":"2014-03-31T21:58:03","guid":{"rendered":"https:\/\/www.facet.unt.edu.ar\/ingcomputacion\/?page_id=1201"},"modified":"2014-03-31T18:58:03","modified_gmt":"2014-03-31T21:58:03","slug":"equipamiento-principal-lab-de-quimica","status":"publish","type":"page","link":"https:\/\/www.facet.unt.edu.ar\/ingcomputacion\/equipamiento-principal-lab-de-quimica\/","title":{"rendered":"Equipamiento Principal &#8211; Lab. de Qu\u00edmica"},"content":{"rendered":"<h3>Equipamiento Principal &#8211; Lab. de Qu\u00edmica<\/h3>\n<ul>\n<li>3 Balanzas semianal\u00edtica<\/li>\n<li>3\u00a0Balanzas\u00a0anal\u00edtica<\/li>\n<li>2\u00a0Destiladores de agua<\/li>\n<li>3 Balanzas granataria<\/li>\n<li>1 Espectrofot\u00f3metro<\/li>\n<li>4 Conduct\u00edmetros t\u00e9rmicos digitales<\/li>\n<li>4 pHmetros termicos digitales<\/li>\n<li>2 Destilador electrico<\/li>\n<li>1\u00a0Ba\u00f1o mar\u00eda\u00a0electrico<\/li>\n<li>5 pHmetro<\/li>\n<li>3 Conductimetro<\/li>\n<li>2 PC<\/li>\n<li>1\u00a0Fotocolor\u00edmetro junior<\/li>\n<li>1\u00a0Bar\u00f3metro de Fortin<\/li>\n<li>3\u00a0Balanza de precisi\u00f3n<\/li>\n<li>2 Refract\u00f3metro<\/li>\n<li>3 Term\u00f3metros diferenciales<\/li>\n<li>1 Estufa Fal electrica<\/li>\n<\/ul>\n","protected":false},"excerpt":{"rendered":"<p>Equipamiento Principal &#8211; Lab. de Qu\u00edmica 3 Balanzas semianal\u00edtica 3\u00a0Balanzas\u00a0anal\u00edtica 2\u00a0Destiladores de agua 3 Balanzas granataria 1 Espectrofot\u00f3metro 4 Conduct\u00edmetros t\u00e9rmicos digitales 4 pHmetros termicos digitales 2 Destilador electrico 1\u00a0Ba\u00f1o mar\u00eda\u00a0electrico 5 pHmetro 3 Conductimetro 2 PC 1\u00a0Fotocolor\u00edmetro junior 1\u00a0Bar\u00f3metro de Fortin 3\u00a0Balanza de precisi\u00f3n 2 Refract\u00f3metro 3 Term\u00f3metros diferenciales 1 Estufa Fal electrica<\/p>\n","protected":false},"author":7,"featured_media":0,"parent":0,"menu_order":0,"comment_status":"closed","ping_status":"closed","template":"templates\/template-full-notitle.php","meta":[],"_links":{"self":[{"href":"https:\/\/www.facet.unt.edu.ar\/ingcomputacion\/wp-json\/wp\/v2\/pages\/1201"}],"collection":[{"href":"https:\/\/www.facet.unt.edu.ar\/ingcomputacion\/wp-json\/wp\/v2\/pages"}],"about":[{"href":"https:\/\/www.facet.unt.edu.ar\/ingcomputacion\/wp-json\/wp\/v2\/types\/page"}],"author":[{"embeddable":true,"href":"https:\/\/www.facet.unt.edu.ar\/ingcomputacion\/wp-json\/wp\/v2\/users\/7"}],"replies":[{"embeddable":true,"href":"https:\/\/www.facet.unt.edu.ar\/ingcomputacion\/wp-json\/wp\/v2\/comments?post=1201"}],"version-history":[{"count":2,"href":"https:\/\/www.facet.unt.edu.ar\/ingcomputacion\/wp-json\/wp\/v2\/pages\/1201\/revisions"}],"predecessor-version":[{"id":1215,"href":"https:\/\/www.facet.unt.edu.ar\/ingcomputacion\/wp-json\/wp\/v2\/pages\/1201\/revisions\/1215"}],"wp:attachment":[{"href":"https:\/\/www.facet.unt.edu.ar\/ingcomputacion\/wp-json\/wp\/v2\/media?parent=1201"}],"curies":[{"name":"wp","href":"https:\/\/api.w.org\/{rel}","templated":true}]}}