{"id":1411,"date":"2014-04-08T22:09:59","date_gmt":"2014-04-09T01:09:59","guid":{"rendered":"https:\/\/www.facet.unt.edu.ar\/ingcomputacion\/?page_id=1411"},"modified":"2022-10-30T18:36:47","modified_gmt":"2022-10-30T21:36:47","slug":"sitios-de-catedras","status":"publish","type":"page","link":"https:\/\/www.facet.unt.edu.ar\/ingcomputacion\/carrera\/sitios-de-catedras\/","title":{"rendered":"Sitios de C\u00e1tedras"},"content":{"rendered":"<div id=\"pl-1411\"  class=\"panel-layout\" ><div id=\"pg-1411-0\"  class=\"panel-grid panel-no-style\" ><div id=\"pgc-1411-0-0\"  class=\"panel-grid-cell\" ><div id=\"panel-1411-0-0-0\" class=\"so-panel widget widget_origin_list panel-first-child panel-last-child\" data-index=\"0\" ><div class=\"origin-widget origin-widget-list origin-widget-list-simple-charcoal\"><ul>\n<li><a href=\"https:\/\/facetvirtual.facet.unt.edu.ar\/course\/view.php?id=54\" target=\"_blank\">Administraci\u00f3n de Proyectos<\/a><\/li>\n<li><a href=\"http:\/\/www.facetvirtual.unt.edu.ar\/course\/view.php?id=51\" target=\"_blank\">\u00c1lgebra y Geometr\u00eda Anal\u00edtica<\/a><\/li>\n<li><a href=\"https:\/\/microprocesadores.unt.edu.ar\/arqcom\/\" target=\"_blank\">Arquitectura de Computadoras<\/a><\/li>\n<li><a href=\"http:\/\/catedras.facet.unt.edu.ar\/bd\" target=\"_blank\">Bases de Datos<\/a><\/li>\n<li><a href=\"http:\/\/www.facetvirtual.unt.edu.ar\/enrol\/index.php?id=96\" target=\"_blank\">C\u00e1lculo I<\/a><\/li>\n<li><a href=\"http:\/\/www.facetvirtual.unt.edu.ar\/enrol\/index.php?id=97\" target=\"_blank\">C\u00e1lculo II<\/a><\/li>\n<li><a href=\"http:\/\/catedras.facet.unt.edu.ar\/calculoiii\" target=\"_blank\">C\u00e1lculo III<\/a><\/li>\n<li><a href=\"http:\/\/www.facetvirtual.unt.edu.ar\/course\/view.php?id=214\" target=\"_blank\">C\u00e1lculo IV<\/a><\/li>\n<li><a href=\"http:\/\/www.facetvirtual.unt.edu.ar\/enrol\/index.php?id=210\" target=\"_blank\">Circuitos El\u00e9ctricos I<\/a><\/li>\n<li><a href=\"http:\/\/www.facetvirtual.unt.edu.ar\/course\/view.php?id=112\" target=\"_blank\">Dise\u00f1o L\u00f3gico I<\/a><\/li>\n<li><a href=\"www.catedras.facet.unt.edu.ar\/e1\" target=\"_blank\">Electr\u00f3nica I<\/a><\/li>\n<li><a href=\"http:\/\/www.facetvirtual.unt.edu.ar\/course\/view.php?id=52\" target=\"_blank\">Elementos de \u00c1lgebra Lineal<\/a><\/li>\n<li><a href=\"http:\/\/www.facetvirtual.unt.edu.ar\/enrol\/index.php?id=239\" target=\"_blank\">Estructura de Datos y Algoritmos<\/a><\/li>\n<li><a href=\"http:\/\/www.catedrafisicaexperimentaluno.ecaths.com\/index.php\" target=\"_blank\">Fisica I y II<\/a><\/li>\n<li><a href=\"http:\/\/www.facetvirtual.unt.edu.ar\/enrol\/index.php?id=40\" target=\"_blank\">F\u00edsica III<\/a><\/li>\n<li><a href=\"https:\/\/facetvirtual.facet.unt.edu.ar\/course\/view.php?id=444\" target=\"_blank\">Fundamentos de Qu\u00edmica General<\/a><\/li>\n<li><a href=\"http:\/\/catedras.facet.unt.edu.ar\/fundamentosredes\" target=\"_blank\">Fundamentos de Redes de Computadoras<\/a><\/li>\n<li><a href=\"www.catedras.facet.unt.edu.ar\/ft\" target=\"_blank\">Fundamentos de Telecomunicaciones<\/a><\/li>\n<li><a href=\"https:\/\/facetvirtual.facet.unt.edu.ar\/course\/view.php?id=95\" target=\"_blank\">Gesti\u00f3n Ambiental, Salud Ocupacional y Seguridad<\/a><\/li>\n<\/ul>\n<p>&nbsp;<\/p>\n<\/div><\/div><\/div><div id=\"pgc-1411-0-1\"  class=\"panel-grid-cell\" ><div id=\"panel-1411-0-1-0\" class=\"so-panel widget widget_origin_list panel-first-child panel-last-child\" data-index=\"1\" ><div class=\"origin-widget origin-widget-list origin-widget-list-simple-charcoal\"><ul>\n<li><a href=\"https:\/\/catedras.facet.unt.edu.ar\/gti\" target=\"_blank\">Gesti\u00f3n de Tecnolog\u00edas de la Informaci\u00f3n<\/a><\/li>\n<li><a href=\"https:\/\/facetvirtual.facet.unt.edu.ar\/course\/view.php?id=191\" target=\"_blank\">Inform\u00e1tica<\/a><\/li>\n<li><a href=\"https:\/\/catedras.facet.unt.edu.ar\/ingsoftware\" target=\"_blank\">Ingenier\u00eda de Software I<\/a><\/li>\n<li><a href=\"http:\/\/catedras.facet.unt.edu.ar\/intar\" target=\"_blank\">Inteligencia Artificial<\/a><\/li>\n<li><a href=\"https:\/\/catedras.facet.unt.edu.ar\/ingsoftware\" target=\"_blank\">Laboratorio de Bases de Datos<\/a><\/li>\n<li><a href=\"http:\/\/catedras.facet.unt.edu.ar\/lad\" target=\"_blank\">L\u00f3gica y \u00c1lgebra Discreta<\/a><\/li>\n<li><a href=\"https:\/\/facetvirtual.facet.unt.edu.ar\/course\/view.php?id=91\" target=\"_blank\">Materiales y Dispositivos Electr\u00f3nicos<\/a><\/li>\n<li><a href=\"https:\/\/facetvirtual.facet.unt.edu.ar\/course\/view.php?id=39\" target=\"_blank\">M\u00e9todos Num\u00e9ricos<\/a><\/li>\n<li><a href=\"https:\/\/facetvirtual.facet.unt.edu.ar\/course\/view.php?id=129\" target=\"_blank\">Probabilidad y Estad\u00edstica<\/a><\/li>\n<li><a href=\"https:\/\/facetvirtual.facet.unt.edu.ar\/course\/view.php?id=16\" target=\"_blank\">Procesamiento Digital de Se\u00f1ales<\/a><\/li>\n<li><a href=\"https:\/\/facetvirtual.facet.unt.edu.ar\/course\/view.php?id=127\" target=\"_blank\">Programaci\u00f3n I<\/a><\/li>\n<li><a href=\"https:\/\/catedras.facet.unt.edu.ar\/prog2\/\" target=\"_blank\">Programaci\u00f3n II<\/a><\/li>\n<li><a href=\"https:\/\/catedras.facet.unt.edu.ar\/tcpip\/\" target=\"_blank\">Protocolos de Comunicaci\u00f3n TCP\/IP<\/a><\/li>\n<li><a href=\"https:\/\/catedras.facet.unt.edu.ar\/wan\/\" target=\"_blank\">Redes de Area Extendida<\/a><\/li>\n<li><a href=\"http:\/\/microprocesadores.unt.edu.ar\/procesadores\" target=\"_blank\">Sistemas con Microprocesadores y Microcontroladores<\/a><\/li>\n<li><a href=\"https:\/\/facetvirtual.facet.unt.edu.ar\/course\/view.php?id=106\" target=\"_blank\">Sistemas de Representaci\u00f3n<\/a><\/li>\n<li><a href=\"https:\/\/catedras.facet.unt.edu.ar\/sistemasoperativos\" target=\"_blank\">Sistemas Operativos<\/a><\/li>\n<li><a href=\"http:\/\/www.facetvirtual.unt.edu.ar\/course\/view.php?id=57\" target=\"_blank\">Taller de Legislaci\u00f3n y Organizaciones<\/a><\/li>\n<li><a href=\"https:\/\/microprocesadores.unt.edu.ar\/transmision\/\" target=\"_blank\">Transmisi\u00f3n de Datos<\/a><\/li>\n<\/ul>\n<p>&nbsp;<\/p>\n<\/div><\/div><\/div><\/div><\/div>","protected":false},"excerpt":{"rendered":"<p>Administraci\u00f3n de Proyectos \u00c1lgebra y Geometr\u00eda Anal\u00edtica Arquitectura de Computadoras Bases de Datos C\u00e1lculo I C\u00e1lculo II C\u00e1lculo III C\u00e1lculo IV Circuitos El\u00e9ctricos I Dise\u00f1o L\u00f3gico I Electr\u00f3nica I Elementos de \u00c1lgebra Lineal Estructura de Datos y Algoritmos Fisica I y II F\u00edsica III Fundamentos de Qu\u00edmica General Fundamentos de Redes de Computadoras Fundamentos de [&hellip;]<\/p>\n","protected":false},"author":7,"featured_media":0,"parent":165,"menu_order":4,"comment_status":"closed","ping_status":"closed","template":"templates\/template-full.php","meta":[],"_links":{"self":[{"href":"https:\/\/www.facet.unt.edu.ar\/ingcomputacion\/wp-json\/wp\/v2\/pages\/1411"}],"collection":[{"href":"https:\/\/www.facet.unt.edu.ar\/ingcomputacion\/wp-json\/wp\/v2\/pages"}],"about":[{"href":"https:\/\/www.facet.unt.edu.ar\/ingcomputacion\/wp-json\/wp\/v2\/types\/page"}],"author":[{"embeddable":true,"href":"https:\/\/www.facet.unt.edu.ar\/ingcomputacion\/wp-json\/wp\/v2\/users\/7"}],"replies":[{"embeddable":true,"href":"https:\/\/www.facet.unt.edu.ar\/ingcomputacion\/wp-json\/wp\/v2\/comments?post=1411"}],"version-history":[{"count":42,"href":"https:\/\/www.facet.unt.edu.ar\/ingcomputacion\/wp-json\/wp\/v2\/pages\/1411\/revisions"}],"predecessor-version":[{"id":1989,"href":"https:\/\/www.facet.unt.edu.ar\/ingcomputacion\/wp-json\/wp\/v2\/pages\/1411\/revisions\/1989"}],"up":[{"embeddable":true,"href":"https:\/\/www.facet.unt.edu.ar\/ingcomputacion\/wp-json\/wp\/v2\/pages\/165"}],"wp:attachment":[{"href":"https:\/\/www.facet.unt.edu.ar\/ingcomputacion\/wp-json\/wp\/v2\/media?parent=1411"}],"curies":[{"name":"wp","href":"https:\/\/api.w.org\/{rel}","templated":true}]}}