{"id":1643,"date":"2014-07-31T10:11:55","date_gmt":"2014-07-31T13:11:55","guid":{"rendered":"https:\/\/www.facet.unt.edu.ar\/ingcomputacion\/home\/"},"modified":"2023-04-20T01:05:30","modified_gmt":"2023-04-20T04:05:30","slug":"home","status":"publish","type":"page","link":"https:\/\/www.facet.unt.edu.ar\/ingcomputacion\/","title":{"rendered":"Home"},"content":{"rendered":"<div id=\"pl-1643\"  class=\"panel-layout\" ><div id=\"pg-1643-0\"  class=\"panel-grid panel-no-style\" ><div id=\"pgc-1643-0-0\"  class=\"panel-grid-cell\" ><div id=\"panel-1643-0-0-0\" class=\"so-panel widget widget_text panel-first-child panel-last-child\" data-index=\"0\" >\t\t\t<div class=\"textwidget\"><p align=\"justify\">El Ingeniero en Computaci\u00f3n tiene una formaci\u00f3n que permite adaptarse continuamente a los cambios tecnol\u00f3gicos que se vieron en los \u00faltimos a\u00f1os dentro de la inform\u00e1tica y computaci\u00f3n, de tal manera de nunca quedar obsoletos con el paso de los a\u00f1os. La formaci\u00f3n integral abarca conocimientos amplios para dise\u00f1ar y realizar sistemas de software (como bases de datos, aplicaciones web) y de hardware (como computadoras, tel\u00e9fonos inteligentes) y realizar la vinculaci\u00f3n de esos sistemas a trav\u00e9s de redes de interconexi\u00f3n (como redes wifi, internet).<\/p>\n<p align=\"justify\">La s\u00f3lida formaci\u00f3n en ciencias b\u00e1sicas, software, hardware y comunicaciones, complementada con temas de econom\u00eda y gesti\u00f3n de empresas, en un \u00e1mbito de trabajo en equipo, permite generar profesionales creativos e innovadores, capaces de liderar las nuevas soluciones que la sociedad y el pa\u00eds necesitan.<br \/>\nLa carrera de Ingenier\u00eda en Computaci\u00f3n est\u00e1 estructurada en 10 m\u00f3dulos cuatrimestrales (2 m\u00f3dulos por a\u00f1o), lo que permite poder obtener el t\u00edtulo de ingeniero en 5 a\u00f1os reales. El cuerpo docente est\u00e1 integrado por profesores altamente calificados, de gran trayectoria en el medio y muchos de ellos con estudios de postgrado en reconocidas universidades nacionales y extranjeras.<\/p>\n<p>&nbsp;<\/p>\n<p>M\u00e1s informaci\u00f3n\u00a0de la carrera en nuestras redes sociales:<\/p>\n<p><a href=\"https:\/\/youtube.com\/channel\/UChujGFDs3aK52EHGZi0kheA\"><img decoding=\"async\" loading=\"lazy\" class=\"alignnone wp-image-2011\" src=\"https:\/\/www.facet.unt.edu.ar\/ingcomputacion\/wp-content\/uploads\/sites\/10\/2022\/10\/youtube.png\" alt=\"\" width=\"50\" height=\"50\" \/>\u00a0\u00a0 \u00a0 \u00a0<\/a><a href=\"https:\/\/instagram.com\/ingcomputacionunt?igshid=YmMyMTA2M2Y=\"><img decoding=\"async\" loading=\"lazy\" class=\"alignnone wp-image-2010\" src=\"https:\/\/www.facet.unt.edu.ar\/ingcomputacion\/wp-content\/uploads\/sites\/10\/2022\/10\/insta.png\" alt=\"\" width=\"44\" height=\"44\" \/>\u00a0 \u00a0\u00a0\u00a0\u00a0<\/a><a href=\"https:\/\/www.facebook.com\/ingcomputacionunt\"><img decoding=\"async\" loading=\"lazy\" class=\"alignnone wp-image-2009\" src=\"https:\/\/www.facet.unt.edu.ar\/ingcomputacion\/wp-content\/uploads\/sites\/10\/2022\/10\/face.png\" alt=\"\" width=\"44\" height=\"44\" \/><\/a><\/p>\n<\/div>\n\t\t<\/div><\/div><\/div><\/div>","protected":false},"excerpt":{"rendered":"<p>El Ingeniero en Computaci\u00f3n tiene una formaci\u00f3n que permite adaptarse continuamente a los cambios tecnol\u00f3gicos que se vieron en los \u00faltimos a\u00f1os dentro de la inform\u00e1tica y computaci\u00f3n, de tal manera de nunca quedar obsoletos con el paso de los a\u00f1os. La formaci\u00f3n integral abarca conocimientos amplios para dise\u00f1ar y realizar sistemas de software (como [&hellip;]<\/p>\n","protected":false},"author":7,"featured_media":0,"parent":0,"menu_order":0,"comment_status":"closed","ping_status":"closed","template":"home-panels.php","meta":[],"_links":{"self":[{"href":"https:\/\/www.facet.unt.edu.ar\/ingcomputacion\/wp-json\/wp\/v2\/pages\/1643"}],"collection":[{"href":"https:\/\/www.facet.unt.edu.ar\/ingcomputacion\/wp-json\/wp\/v2\/pages"}],"about":[{"href":"https:\/\/www.facet.unt.edu.ar\/ingcomputacion\/wp-json\/wp\/v2\/types\/page"}],"author":[{"embeddable":true,"href":"https:\/\/www.facet.unt.edu.ar\/ingcomputacion\/wp-json\/wp\/v2\/users\/7"}],"replies":[{"embeddable":true,"href":"https:\/\/www.facet.unt.edu.ar\/ingcomputacion\/wp-json\/wp\/v2\/comments?post=1643"}],"version-history":[{"count":8,"href":"https:\/\/www.facet.unt.edu.ar\/ingcomputacion\/wp-json\/wp\/v2\/pages\/1643\/revisions"}],"predecessor-version":[{"id":2136,"href":"https:\/\/www.facet.unt.edu.ar\/ingcomputacion\/wp-json\/wp\/v2\/pages\/1643\/revisions\/2136"}],"wp:attachment":[{"href":"https:\/\/www.facet.unt.edu.ar\/ingcomputacion\/wp-json\/wp\/v2\/media?parent=1643"}],"curies":[{"name":"wp","href":"https:\/\/api.w.org\/{rel}","templated":true}]}}