{"id":2126,"date":"2023-03-29T09:45:51","date_gmt":"2023-03-29T12:45:51","guid":{"rendered":"https:\/\/www.facet.unt.edu.ar\/ingcomputacion\/?page_id=2126"},"modified":"2025-06-30T13:11:55","modified_gmt":"2025-06-30T16:11:55","slug":"modelos-de-notas-e-informes","status":"publish","type":"page","link":"https:\/\/www.facet.unt.edu.ar\/ingcomputacion\/modelos-de-notas-e-informes\/","title":{"rendered":"Modelos de notas e informes"},"content":{"rendered":"<h3>Trabajo de Graduaci\u00f3n<\/h3>\n<p>Pedido de aprobaci\u00f3n del Trabajo de Graduaci\u00f3n: <a href=\"https:\/\/www.facet.unt.edu.ar\/ingcomputacion\/wp-content\/uploads\/sites\/10\/2023\/03\/ANEXO_I.pdf\">Anexo I<\/a><\/p>\n<p>Ficha de evaluaci\u00f3n de Seminario de Avance: <a href=\"https:\/\/www.facet.unt.edu.ar\/ingcomputacion\/wp-content\/uploads\/sites\/10\/2023\/03\/ANEXO_III.pdf\">Anexo III<\/a><\/p>\n<p>Ficha de presentaci\u00f3n del Trabajo de Graduaci\u00f3n (pedido de mesa de examen): <a href=\"https:\/\/www.facet.unt.edu.ar\/ingcomputacion\/wp-content\/uploads\/sites\/10\/2023\/03\/ANEXO_IV.pdf\">Anexo IV<\/a><\/p>\n<p>&nbsp;<\/p>\n<h3>Pr\u00e1ctica Profesional Supervisada (PPS)<\/h3>\n<p>Ficha de Admisi\u00f3n: <a href=\"https:\/\/docs.google.com\/document\/d\/1bPSETOSKC21hQg2Re2HO9LUemT57w2Vqg30a3b6RXbw\" target=\"_blank\" rel=\"noopener\">Anexo I<\/a><\/p>\n<p>Informe de PPS: <a href=\"https:\/\/docs.google.com\/document\/d\/1fuCEqB1SWuwOnHjLyqgRH2dg1jW-vOsNHc1hUgAh1fo\">Anexo II<\/a><\/p>\n<p><a href=\"https:\/\/docs.google.com\/document\/d\/1YvX6Qsn8ij9bwg37aMdc1pxo1KkC-W030KF0JfVG3To\" target=\"_blank\" rel=\"noopener\">Nota del Tutor docente por la Universidad<\/a><\/p>\n<p><a href=\"https:\/\/docs.google.com\/document\/d\/1Cgh3S5QWx3OxQ4FcstgDPm2LUnluqe4OZb7YmoZ3qQA\" target=\"_blank\" rel=\"noopener\">Nota del Tutor por la Empresa<\/a><\/p>\n<p><a href=\"https:\/\/docs.google.com\/document\/d\/18-y63MXRhaYp8WLQb1QRrYv8kRJuHwXrJBMLY5ELOvk\" target=\"_blank\" rel=\"noopener\">Solicitud de validaci\u00f3n de un trabajo como PPS<\/a><\/p>\n","protected":false},"excerpt":{"rendered":"<p>Trabajo de Graduaci\u00f3n Pedido de aprobaci\u00f3n del Trabajo de Graduaci\u00f3n: Anexo I Ficha de evaluaci\u00f3n de Seminario de Avance: Anexo III Ficha de presentaci\u00f3n del Trabajo de Graduaci\u00f3n (pedido de mesa de examen): Anexo IV &nbsp; Pr\u00e1ctica Profesional Supervisada (PPS) Ficha de Admisi\u00f3n: Anexo I Informe de PPS: Anexo II Nota del Tutor docente por [&hellip;]<\/p>\n","protected":false},"author":7,"featured_media":0,"parent":0,"menu_order":0,"comment_status":"closed","ping_status":"closed","template":"","meta":[],"_links":{"self":[{"href":"https:\/\/www.facet.unt.edu.ar\/ingcomputacion\/wp-json\/wp\/v2\/pages\/2126"}],"collection":[{"href":"https:\/\/www.facet.unt.edu.ar\/ingcomputacion\/wp-json\/wp\/v2\/pages"}],"about":[{"href":"https:\/\/www.facet.unt.edu.ar\/ingcomputacion\/wp-json\/wp\/v2\/types\/page"}],"author":[{"embeddable":true,"href":"https:\/\/www.facet.unt.edu.ar\/ingcomputacion\/wp-json\/wp\/v2\/users\/7"}],"replies":[{"embeddable":true,"href":"https:\/\/www.facet.unt.edu.ar\/ingcomputacion\/wp-json\/wp\/v2\/comments?post=2126"}],"version-history":[{"count":8,"href":"https:\/\/www.facet.unt.edu.ar\/ingcomputacion\/wp-json\/wp\/v2\/pages\/2126\/revisions"}],"predecessor-version":[{"id":2298,"href":"https:\/\/www.facet.unt.edu.ar\/ingcomputacion\/wp-json\/wp\/v2\/pages\/2126\/revisions\/2298"}],"wp:attachment":[{"href":"https:\/\/www.facet.unt.edu.ar\/ingcomputacion\/wp-json\/wp\/v2\/media?parent=2126"}],"curies":[{"name":"wp","href":"https:\/\/api.w.org\/{rel}","templated":true}]}}