{"id":227,"date":"2013-10-03T00:31:29","date_gmt":"2013-10-03T03:31:29","guid":{"rendered":"http:\/\/www1.herrera.unt.edu.ar\/faceyt\/ingcomputacion\/?page_id=227"},"modified":"2018-05-17T08:25:05","modified_gmt":"2018-05-17T11:25:05","slug":"laboratorios","status":"publish","type":"page","link":"https:\/\/www.facet.unt.edu.ar\/ingcomputacion\/laboratorios\/","title":{"rendered":"Laboratorios"},"content":{"rendered":"<ul>\n<li><a href=\"https:\/\/www.facet.unt.edu.ar\/ingcomputacion\/laboratorios\/laboratorio-de-redes\/\" target=\"_blank\" rel=\"noopener\">Laboratorio de Redes<\/a><\/li>\n<li><a href=\"https:\/\/www.facet.unt.edu.ar\/ingcomputacion\/laboratorios\/laboratorio-de-inteligencia-artificial\/\" target=\"_blank\" rel=\"noopener\">Laboratorio de Inteligencia Artificial<\/a><\/li>\n<li><a href=\"https:\/\/www.facet.unt.edu.ar\/ingcomputacion\/laboratorios\/laboratorio-de-procesamiento-digital-de-la-informacion\/\" target=\"_blank\" rel=\"noopener\">Laboratorio de Procesamiento Digital de Informaci\u00f3n<\/a><\/li>\n<li><a href=\"https:\/\/www.facet.unt.edu.ar\/ingcomputacion\/laboratorios\/laboratorio-de-microprocesadores\/\" target=\"_blank\" rel=\"noopener\">Laboratorio de Microprocesadores<\/a><\/li>\n<li><a href=\"https:\/\/www.facet.unt.edu.ar\/ingcomputacion\/laboratorios\/gabinete-de-informatica-i\/\" target=\"_blank\" rel=\"noopener\">Gabinete de Computaci\u00f3n I<\/a><\/li>\n<li><a href=\"https:\/\/www.facet.unt.edu.ar\/ingcomputacion\/laboratorios\/gabinete-de-informatica-ii\/\" target=\"_blank\" rel=\"noopener\">Laboratorio de Software<\/a><\/li>\n<li><a href=\"https:\/\/www.facet.unt.edu.ar\/ingcomputacion\/laboratorios\/laboratorio-docente-de-electronica\/\" target=\"_blank\" rel=\"noopener\">Laboratorio Docente de Electr\u00f3nica<\/a><\/li>\n<li><a href=\"https:\/\/www.facet.unt.edu.ar\/ingcomputacion\/laboratorios\/laboratorio-de-fisica\/\" target=\"_blank\" rel=\"noopener\">Laboratorio de F\u00edsica<\/a><\/li>\n<\/ul>\n","protected":false},"excerpt":{"rendered":"<p>Laboratorio de Redes Laboratorio de Inteligencia Artificial Laboratorio de Procesamiento Digital de Informaci\u00f3n Laboratorio de Microprocesadores Gabinete de Computaci\u00f3n I Laboratorio de Software Laboratorio Docente de Electr\u00f3nica Laboratorio de F\u00edsica<\/p>\n","protected":false},"author":7,"featured_media":0,"parent":0,"menu_order":6,"comment_status":"closed","ping_status":"closed","template":"templates\/template-full-notitle.php","meta":[],"_links":{"self":[{"href":"https:\/\/www.facet.unt.edu.ar\/ingcomputacion\/wp-json\/wp\/v2\/pages\/227"}],"collection":[{"href":"https:\/\/www.facet.unt.edu.ar\/ingcomputacion\/wp-json\/wp\/v2\/pages"}],"about":[{"href":"https:\/\/www.facet.unt.edu.ar\/ingcomputacion\/wp-json\/wp\/v2\/types\/page"}],"author":[{"embeddable":true,"href":"https:\/\/www.facet.unt.edu.ar\/ingcomputacion\/wp-json\/wp\/v2\/users\/7"}],"replies":[{"embeddable":true,"href":"https:\/\/www.facet.unt.edu.ar\/ingcomputacion\/wp-json\/wp\/v2\/comments?post=227"}],"version-history":[{"count":6,"href":"https:\/\/www.facet.unt.edu.ar\/ingcomputacion\/wp-json\/wp\/v2\/pages\/227\/revisions"}],"predecessor-version":[{"id":1818,"href":"https:\/\/www.facet.unt.edu.ar\/ingcomputacion\/wp-json\/wp\/v2\/pages\/227\/revisions\/1818"}],"wp:attachment":[{"href":"https:\/\/www.facet.unt.edu.ar\/ingcomputacion\/wp-json\/wp\/v2\/media?parent=227"}],"curies":[{"name":"wp","href":"https:\/\/api.w.org\/{rel}","templated":true}]}}