{"id":2379,"date":"2026-05-14T10:41:38","date_gmt":"2026-05-14T13:41:38","guid":{"rendered":"https:\/\/www.facet.unt.edu.ar\/ingcomputacion\/?page_id=2379"},"modified":"2026-05-15T10:04:11","modified_gmt":"2026-05-15T13:04:11","slug":"ingresantes","status":"publish","type":"page","link":"https:\/\/www.facet.unt.edu.ar\/ingcomputacion\/ingresantes\/","title":{"rendered":"Ingresantes"},"content":{"rendered":"<div id=\"pl-2379\"  class=\"panel-layout\" ><div id=\"pg-2379-0\"  class=\"panel-grid panel-no-style\" ><div id=\"pgc-2379-0-0\"  class=\"panel-grid-cell\" ><div id=\"panel-2379-0-0-0\" class=\"so-panel widget widget_sow-editor panel-first-child panel-last-child\" data-index=\"0\" ><div\n\t\t\t\n\t\t\tclass=\"so-widget-sow-editor so-widget-sow-editor-base\"\n\t\t\t\n\t\t>\n<div class=\"siteorigin-widget-tinymce textwidget\">\n\t<p><img decoding=\"async\" loading=\"lazy\" class=\"aligncenter wp-image-2384\" src=\"https:\/\/www.facet.unt.edu.ar\/ingcomputacion\/wp-content\/uploads\/sites\/10\/2026\/05\/Un-mundo-de-posibilidades.png\" alt=\"\" width=\"1108\" height=\"541\"><\/p>\n<p>&nbsp;<\/p>\n<p>&nbsp;<\/p>\n<table style=\"border-collapse: collapse; width: 100%; height: 516px;\">\n<tbody>\n<tr style=\"height: 500px;\">\n<td style=\"width: 50%; height: 259px; border-style: hidden; text-align: center; vertical-align: top;\"><img decoding=\"async\" loading=\"lazy\" class=\"wp-image-2387 aligncenter\" src=\"https:\/\/www.facet.unt.edu.ar\/ingcomputacion\/wp-content\/uploads\/sites\/10\/2026\/05\/Los-ejes-de-la-carrera.png\" alt=\"\" width=\"500\" height=\"500\"><\/td>\n<td style=\"width: 50%; height: 259px; border-style: hidden; text-align: center; vertical-align: top;\"><img decoding=\"async\" loading=\"lazy\" class=\"wp-image-2389 aligncenter\" src=\"https:\/\/www.facet.unt.edu.ar\/ingcomputacion\/wp-content\/uploads\/sites\/10\/2026\/05\/Plan-de-estudios-simplificado.png\" alt=\"\" width=\"537\" height=\"500\"><\/td>\n<\/tr>\n<tr style=\"height: 16px;\">\n<td style=\"width: 50%; border-style: hidden; vertical-align: top; height: 10px; text-align: center;\">Los ejes de la carrera y conceptos involucrados.<\/td>\n<td style=\"width: 50%; border-style: hidden; vertical-align: top; height: 10px; text-align: center;\">Plan de estudios simplificado y ordenado por \u00e1rea.<\/td>\n<\/tr>\n<\/tbody>\n<\/table>\n<p>&nbsp;<\/p>\n<p><strong>Actividades extracurriculares:<\/strong><\/p>\n<ul>\n<li>Charlas y talleres gratuitos.<\/li>\n<li>Proyectos de investigaci\u00f3n y desarrollo tecnol\u00f3gico.<\/li>\n<li>Viajes a congresos.<\/li>\n<li>Actividades recreativas.<\/li>\n<\/ul>\n<\/div>\n<\/div><\/div><\/div><\/div><\/div>","protected":false},"excerpt":{"rendered":"<p>&nbsp;&nbsp;Los ejes de la carrera y conceptos involucrados.Plan de estudios simplificado y ordenado por \u00e1rea.&nbsp;Actividades extracurriculares:Charlas y talleres gratuitos.Proyectos de investigaci\u00f3n y desarrollo tecnol\u00f3gico.Viajes a congresos.Actividades recreativas.<\/p>\n","protected":false},"author":7,"featured_media":0,"parent":0,"menu_order":0,"comment_status":"closed","ping_status":"closed","template":"","meta":[],"_links":{"self":[{"href":"https:\/\/www.facet.unt.edu.ar\/ingcomputacion\/wp-json\/wp\/v2\/pages\/2379"}],"collection":[{"href":"https:\/\/www.facet.unt.edu.ar\/ingcomputacion\/wp-json\/wp\/v2\/pages"}],"about":[{"href":"https:\/\/www.facet.unt.edu.ar\/ingcomputacion\/wp-json\/wp\/v2\/types\/page"}],"author":[{"embeddable":true,"href":"https:\/\/www.facet.unt.edu.ar\/ingcomputacion\/wp-json\/wp\/v2\/users\/7"}],"replies":[{"embeddable":true,"href":"https:\/\/www.facet.unt.edu.ar\/ingcomputacion\/wp-json\/wp\/v2\/comments?post=2379"}],"version-history":[{"count":25,"href":"https:\/\/www.facet.unt.edu.ar\/ingcomputacion\/wp-json\/wp\/v2\/pages\/2379\/revisions"}],"predecessor-version":[{"id":2417,"href":"https:\/\/www.facet.unt.edu.ar\/ingcomputacion\/wp-json\/wp\/v2\/pages\/2379\/revisions\/2417"}],"wp:attachment":[{"href":"https:\/\/www.facet.unt.edu.ar\/ingcomputacion\/wp-json\/wp\/v2\/media?parent=2379"}],"curies":[{"name":"wp","href":"https:\/\/api.w.org\/{rel}","templated":true}]}}