{"id":238,"date":"2013-10-03T00:47:24","date_gmt":"2013-10-03T03:47:24","guid":{"rendered":"http:\/\/www1.herrera.unt.edu.ar\/faceyt\/ingcomputacion\/?page_id=238"},"modified":"2015-11-30T21:38:46","modified_gmt":"2015-12-01T00:38:46","slug":"reglamentos","status":"publish","type":"page","link":"https:\/\/www.facet.unt.edu.ar\/ingcomputacion\/carrera\/reglamentos\/","title":{"rendered":"Reglamentos"},"content":{"rendered":"<p><a title=\"Plan de Estudio 2005 Modificado\" href=\"https:\/\/www.facet.unt.edu.ar\/ingcomputacion\/wp-content\/uploads\/sites\/10\/2013\/10\/Resoluci\u00f3n-Modificaci\u00f3n-Plan-Computaci\u00f3n-2005.pdf\" target=\"_blank\">Plan de Estudio 2005\u00a0Modificado<\/a><\/p>\n<p><a title=\"RegTG\" href=\"https:\/\/www.facet.unt.edu.ar\/ingcomputacion\/wp-content\/uploads\/sites\/10\/2015\/11\/Nuevo-Reglamento-Trabajos-de-Graduacion-2015.pdf\" target=\"_blank\">Reglamento Trabajo de Graduaci\u00f3n<\/a><\/p>\n<p><a title=\"RegPPS\" href=\"https:\/\/www.facet.unt.edu.ar\/ingcomputacion\/wp-content\/uploads\/sites\/10\/2014\/12\/Nuevo-Reglamento-PPS.pdf\" target=\"_blank\">Reglamento de Pr\u00e1cticas Profesionales Supervisadas<\/a><\/p>\n<p><a href=\"https:\/\/www.facet.unt.edu.ar\/ingcomputacion\/wp-content\/uploads\/sites\/10\/2013\/10\/Reglamento-Prueba-de-Suficiencia-de-Ingles.pdf\" target=\"_blank\">Reglamento de Prueba de Suficiencia de Ingl\u00e9s<\/a><\/p>\n<p>&nbsp;<\/p>\n<p>&nbsp;<\/p>\n","protected":false},"excerpt":{"rendered":"<p>Plan de Estudio 2005\u00a0Modificado Reglamento Trabajo de Graduaci\u00f3n Reglamento de Pr\u00e1cticas Profesionales Supervisadas Reglamento de Prueba de Suficiencia de Ingl\u00e9s &nbsp; &nbsp;<\/p>\n","protected":false},"author":7,"featured_media":0,"parent":165,"menu_order":5,"comment_status":"closed","ping_status":"closed","template":"templates\/template-full-notitle.php","meta":[],"_links":{"self":[{"href":"https:\/\/www.facet.unt.edu.ar\/ingcomputacion\/wp-json\/wp\/v2\/pages\/238"}],"collection":[{"href":"https:\/\/www.facet.unt.edu.ar\/ingcomputacion\/wp-json\/wp\/v2\/pages"}],"about":[{"href":"https:\/\/www.facet.unt.edu.ar\/ingcomputacion\/wp-json\/wp\/v2\/types\/page"}],"author":[{"embeddable":true,"href":"https:\/\/www.facet.unt.edu.ar\/ingcomputacion\/wp-json\/wp\/v2\/users\/7"}],"replies":[{"embeddable":true,"href":"https:\/\/www.facet.unt.edu.ar\/ingcomputacion\/wp-json\/wp\/v2\/comments?post=238"}],"version-history":[{"count":12,"href":"https:\/\/www.facet.unt.edu.ar\/ingcomputacion\/wp-json\/wp\/v2\/pages\/238\/revisions"}],"predecessor-version":[{"id":1714,"href":"https:\/\/www.facet.unt.edu.ar\/ingcomputacion\/wp-json\/wp\/v2\/pages\/238\/revisions\/1714"}],"up":[{"embeddable":true,"href":"https:\/\/www.facet.unt.edu.ar\/ingcomputacion\/wp-json\/wp\/v2\/pages\/165"}],"wp:attachment":[{"href":"https:\/\/www.facet.unt.edu.ar\/ingcomputacion\/wp-json\/wp\/v2\/media?parent=238"}],"curies":[{"name":"wp","href":"https:\/\/api.w.org\/{rel}","templated":true}]}}