{"id":47,"date":"2013-10-02T22:51:07","date_gmt":"2013-10-02T22:51:07","guid":{"rendered":"http:\/\/www1.herrera.unt.edu.ar\/faceyt\/ingcomputacion\/?page_id=47"},"modified":"2024-08-29T21:19:41","modified_gmt":"2024-08-30T00:19:41","slug":"autoridades","status":"publish","type":"page","link":"https:\/\/www.facet.unt.edu.ar\/ingcomputacion\/autoridades\/","title":{"rendered":"Autoridades"},"content":{"rendered":"<h1>Director de Carrera<\/h1>\n<p><a href=\"mailto:evolentini@herrera.unt.edu.ar\"><span style=\"font-size: 14pt;\">Ing. Esteban Volentini<\/span><\/a><\/p>\n<h1>Comisi\u00f3n Acad\u00e9mica<\/h1>\n<h2><span style=\"font-size: 12pt;\"><strong>Representantes por los Profesores Titulares y Asociados<\/strong><\/span><\/h2>\n<ul>\n<li><span style=\"font-size: 12pt;\"><a href=\"mailto:lnieto@herrera.unt.edu.ar\">Ing.Luis NIETO PE\u00d1ALVER<\/a>\u00a0(Titular)<\/span><\/li>\n<li><a href=\"fnader@herrera.unt.edu.ar\">Ing.Fernando Miguel NADER<\/a> (Titular)<\/li>\n<li><span style=\"font-size: 12pt;\"><span style=\"font-size: 12pt;\"><a href=\"gjuarez@herrera.unt.edu.ar\">Ing Gustavo Eduardo JU\u00c1REZ<\/a> <\/span><\/span><span style=\"font-size: 12pt;\">(Suplente)<\/span><\/li>\n<\/ul>\n<h2><span style=\"font-size: 12pt;\"><strong>Representantes por los Profesores Adjuntos<\/strong><\/span><\/h2>\n<ul>\n<li><span style=\"font-size: 12pt;\"><a href=\"mailto:calbaca@herrera.unt.edu.ar\">Ing. Carlos Albaca Parav\u00e1n<\/a> (Titular)<\/span><\/li>\n<li><span style=\"font-size: 12pt;\"><span style=\"font-size: 12pt;\"><a href=\"mailto:fmenendez@herrera.unt.edu.ar\">Ing. Franco Daniel Men\u00e9ndez<\/a> (Titular)<\/span><\/span><\/li>\n<li><a href=\"godstrcil@herrera.unt.edu.ar\">Ing. Gabriela ODSTRCIL<\/a> (Suplente)<\/li>\n<\/ul>\n<h2><span style=\"font-size: 12pt;\"><strong>Representantes por los Auxiliares Docentes Graduados<\/strong><\/span><\/h2>\n<ul>\n<li><span style=\"font-size: 12pt;\"><a href=\"mailto:esemola@herrera.unt.edu.ar\">Ing. Enzo Andr\u00e9 S\u00e9mola<\/a> (Titular)<\/span><\/li>\n<li><a href=\"eamusa@herrera.unt.edu.ar\">Ing. Ezequiel Alberto MUSA<\/a> <span style=\"font-size: 12pt;\">(Titular)<\/span><\/li>\n<\/ul>\n<h2><span style=\"font-size: 12pt;\"><strong>Representante estudiantil<\/strong><\/span><\/h2>\n<ul>\n<li>Lucas GUTIERREZ (Titular)<\/li>\n<li>Martina RUBIO (Suplente)<\/li>\n<\/ul>\n<p>&nbsp;<\/p>\n","protected":false},"excerpt":{"rendered":"<p>Director de Carrera Ing. Esteban Volentini Comisi\u00f3n Acad\u00e9mica Representantes por los Profesores Titulares y Asociados Ing.Luis NIETO PE\u00d1ALVER\u00a0(Titular) Ing.Fernando Miguel NADER (Titular) Ing Gustavo Eduardo JU\u00c1REZ (Suplente) Representantes por los Profesores Adjuntos Ing. Carlos Albaca Parav\u00e1n (Titular) Ing. Franco Daniel Men\u00e9ndez (Titular) Ing. Gabriela ODSTRCIL (Suplente) Representantes por los Auxiliares Docentes Graduados Ing. Enzo Andr\u00e9 [&hellip;]<\/p>\n","protected":false},"author":7,"featured_media":0,"parent":0,"menu_order":3,"comment_status":"closed","ping_status":"closed","template":"templates\/template-full-notitle.php","meta":[],"_links":{"self":[{"href":"https:\/\/www.facet.unt.edu.ar\/ingcomputacion\/wp-json\/wp\/v2\/pages\/47"}],"collection":[{"href":"https:\/\/www.facet.unt.edu.ar\/ingcomputacion\/wp-json\/wp\/v2\/pages"}],"about":[{"href":"https:\/\/www.facet.unt.edu.ar\/ingcomputacion\/wp-json\/wp\/v2\/types\/page"}],"author":[{"embeddable":true,"href":"https:\/\/www.facet.unt.edu.ar\/ingcomputacion\/wp-json\/wp\/v2\/users\/7"}],"replies":[{"embeddable":true,"href":"https:\/\/www.facet.unt.edu.ar\/ingcomputacion\/wp-json\/wp\/v2\/comments?post=47"}],"version-history":[{"count":24,"href":"https:\/\/www.facet.unt.edu.ar\/ingcomputacion\/wp-json\/wp\/v2\/pages\/47\/revisions"}],"predecessor-version":[{"id":2223,"href":"https:\/\/www.facet.unt.edu.ar\/ingcomputacion\/wp-json\/wp\/v2\/pages\/47\/revisions\/2223"}],"wp:attachment":[{"href":"https:\/\/www.facet.unt.edu.ar\/ingcomputacion\/wp-json\/wp\/v2\/media?parent=47"}],"curies":[{"name":"wp","href":"https:\/\/api.w.org\/{rel}","templated":true}]}}