{"id":595,"date":"2013-11-15T18:11:22","date_gmt":"2013-11-15T21:11:22","guid":{"rendered":"http:\/\/www1.herrera.unt.edu.ar\/faceyt\/ingcomputacion\/?page_id=595"},"modified":"2025-08-20T10:33:57","modified_gmt":"2025-08-20T13:33:57","slug":"plan-de-asignaturas-correlativas","status":"publish","type":"page","link":"https:\/\/www.facet.unt.edu.ar\/ingcomputacion\/carrera\/plan-de-asignaturas-correlativas\/","title":{"rendered":"Plan de Asignaturas Correlativas"},"content":{"rendered":"<h1 style=\"text-align: left;\" align=\"center\"><\/h1>\n<table style=\"width: 100%;\" border=\"1\">\n<thead>\n<tr>\n<td style=\"text-align: center; background-color: #343538;\" align=\"center\" valign=\"middle\"><span style=\"color: #ffffff;\"><strong> Asignatura<\/strong><\/span><\/td>\n<td style=\"text-align: center; background-color: #343538;\" align=\"center\" valign=\"middle\"><span style=\"color: #ffffff;\"><strong> Correlativas para cursar (Regulares)<\/strong><\/span><\/td>\n<td style=\"text-align: center; background-color: #343538;\" align=\"center\" valign=\"middle\"><span style=\"color: #ffffff;\"><strong> Correlativas para aprobar (Aprobadas)<\/strong><\/span><\/td>\n<\/tr>\n<\/thead>\n<tbody>\n<tr>\n<td style=\"text-align: center; background-color: #343538;\" align=\"center\" valign=\"middle\"><span style=\"color: #ffffff;\"><strong> Modulo I<\/strong><\/span><\/td>\n<td style=\"text-align: center;\"><\/td>\n<td style=\"text-align: center;\"><\/td>\n<\/tr>\n<tr>\n<td style=\"text-align: center;\">C\u00e1lculo I<\/td>\n<td style=\"text-align: center;\">S\/C<\/td>\n<td style=\"text-align: center;\">S\/C<\/td>\n<\/tr>\n<tr>\n<td style=\"text-align: center;\">\u00c1lgebra y Geometr\u00eda Anal\u00edtica<\/td>\n<td style=\"text-align: center;\">S\/C<\/td>\n<td style=\"text-align: center;\">S\/C<\/td>\n<\/tr>\n<tr>\n<td style=\"text-align: center;\">F\u00edsica I<\/td>\n<td style=\"text-align: center;\">S\/C<\/td>\n<td style=\"text-align: center;\">S\/C<\/td>\n<\/tr>\n<tr>\n<td style=\"text-align: center;\">Fundamentos de Qu\u00edmica General<\/td>\n<td style=\"text-align: center;\">S\/C<\/td>\n<td style=\"text-align: center;\">S\/C<\/td>\n<\/tr>\n<tr>\n<td style=\"text-align: center; background-color: #343538;\"><strong><span style=\"color: #ffffff;\">Modulo<br \/>\n2<\/span><\/strong><\/td>\n<td><\/td>\n<td style=\"text-align: center;\"><\/td>\n<\/tr>\n<tr>\n<td style=\"text-align: center;\">C\u00e1lculo II<\/td>\n<td style=\"text-align: center;\">C\u00e1lculo I<\/td>\n<td style=\"text-align: center;\">C\u00e1lculo I<\/td>\n<\/tr>\n<tr>\n<td style=\"text-align: center;\">Elementos de \u00c1lgebra Lineal<\/td>\n<td style=\"text-align: center;\">\u00c1lgebra y Geometr\u00eda Anal\u00edtica<\/td>\n<td style=\"text-align: center;\">\u00c1lgebra y Geometr\u00eda Anal\u00edtica<\/td>\n<\/tr>\n<tr>\n<td style=\"text-align: center;\">F\u00edsica II<\/td>\n<td style=\"text-align: center;\">F\u00edsica I, C\u00e1lculo I<\/td>\n<td style=\"text-align: center;\">F\u00edsica I, C\u00e1lculo I<\/td>\n<\/tr>\n<tr>\n<td style=\"text-align: center;\">Inform\u00e1tica<\/td>\n<td style=\"text-align: center;\">\u00c1lgebra y Geometr\u00eda Anal\u00edtica,<br \/>\nC\u00e1lculo I<\/td>\n<td style=\"text-align: center;\">\u00c1lgebra y Geometr\u00eda Anal\u00edtica,<br \/>\nC\u00e1lculo I<\/td>\n<\/tr>\n<tr>\n<td style=\"text-align: center;\">Sistemas de Representaci\u00f3n<\/td>\n<td style=\"text-align: center;\">S\/C<\/td>\n<td style=\"text-align: center;\">S\/C<\/td>\n<\/tr>\n<tr>\n<td style=\"text-align: center; background-color: #343538;\"><strong><span style=\"color: #ffffff;\"> Modulo<br \/>\n3<\/span><\/strong><\/td>\n<td><\/td>\n<td><\/td>\n<\/tr>\n<tr>\n<td style=\"text-align: center;\">C\u00e1lculo III<\/td>\n<td style=\"text-align: center;\">C\u00e1lculo II, Elementos de \u00c1lgebra Lineal<\/td>\n<td style=\"text-align: center;\">C\u00e1lculo II, Elementos de \u00c1lgebra Lineal<\/td>\n<\/tr>\n<tr>\n<td style=\"text-align: center;\">Circuitos El\u00e9ctricos I<\/td>\n<td style=\"text-align: center;\">F\u00edsica I, C\u00e1lculo I, \u00c1lgebra y Geometr\u00eda Anal\u00edtica, C\u00e1lculo II, Elementos de \u00c1lgebra Lineal<\/td>\n<td style=\"text-align: center;\">F\u00edsica III, C\u00e1lculo II, Elementos de \u00c1lgebra Lineal, \u00c1lgebra y Geometr\u00eda Anal\u00edtica, C\u00e1lculo I, F\u00edsica I<\/td>\n<\/tr>\n<tr>\n<td style=\"text-align: center;\">F\u00edsica III<\/td>\n<td style=\"text-align: center;\">F\u00edsica II, C\u00e1lculo II, Fundamentos de Qu\u00edmica General<\/td>\n<td style=\"text-align: center;\">F\u00edsica II, C\u00e1lculo II, Fundamentos de Qu\u00edmica General<\/td>\n<\/tr>\n<tr>\n<td style=\"text-align: center;\">Programaci\u00f3n I<\/td>\n<td style=\"text-align: center;\">Inform\u00e1tica, \u00c1lgebra y Geometr\u00eda Anal\u00edtica, C\u00e1lculo I<\/td>\n<td style=\"text-align: center;\">Inform\u00e1tica, \u00c1lgebra y Geometr\u00eda Anal\u00edtica, C\u00e1lculo I<\/td>\n<\/tr>\n<tr>\n<td style=\"text-align: center; background-color: #343538;\"><strong><span style=\"color: #ffffff;\">Modulo<br \/>\n4<\/span><\/strong><\/td>\n<td style=\"text-align: center;\"><\/td>\n<td style=\"text-align: center;\"><\/td>\n<\/tr>\n<tr>\n<td style=\"text-align: center;\">C\u00e1lculo IV<\/td>\n<td style=\"text-align: center;\">C\u00e1lculo III<\/td>\n<td style=\"text-align: center;\">C\u00e1lculo III<\/td>\n<\/tr>\n<tr>\n<td style=\"text-align: center;\">Programaci\u00f3n II<\/td>\n<td style=\"text-align: center;\">Programaci\u00f3n I<\/td>\n<td style=\"text-align: center;\">Programaci\u00f3n I<\/td>\n<\/tr>\n<tr>\n<td style=\"text-align: center;\">Probabilidad y Estad\u00edstica<\/td>\n<td style=\"text-align: center;\">C\u00e1lculo III<\/td>\n<td style=\"text-align: center;\">C\u00e1lculo III<\/td>\n<\/tr>\n<tr>\n<td style=\"text-align: center;\">Electr\u00f3nica I<\/td>\n<td style=\"text-align: center;\">Circuitos El\u00e9ctricos I, Elementos de \u00c1lgebra Lineal, C\u00e1lculo III<\/td>\n<td style=\"text-align: center;\">Circuitos El\u00e9ctricos I, Elementos de \u00c1lgebra Lineal, C\u00e1lculo III<\/td>\n<\/tr>\n<tr>\n<td style=\"text-align: center;\">L\u00f3gica y \u00c1lgebra Discreta<\/td>\n<td style=\"text-align: center;\">Programaci\u00f3n I<\/td>\n<td style=\"text-align: center;\">Programaci\u00f3n I<\/td>\n<\/tr>\n<tr>\n<td style=\"text-align: center;\">Estructuras de Datos y Algoritmos<\/td>\n<td style=\"text-align: center;\">Programaci\u00f3n II<\/td>\n<td style=\"text-align: center;\">Programaci\u00f3n II<\/td>\n<\/tr>\n<tr>\n<td style=\"text-align: center;\">Dise\u00f1o L\u00f3gico I<\/td>\n<td style=\"text-align: center;\">Electr\u00f3nica I<\/td>\n<td style=\"text-align: center;\">Electr\u00f3nica I<\/td>\n<\/tr>\n<tr>\n<td style=\"text-align: center;\">Materiales y Dispositivos Electr\u00f3nicos<\/td>\n<td style=\"text-align: center;\">Electr\u00f3nica I, F\u00edsica III, C\u00e1lculo III, Fundamentos de Qu\u00edmica General<\/td>\n<td style=\"text-align: center;\">Electr\u00f3nica I, F\u00edsica III, C\u00e1lculo III, Fundamentos de Qu\u00edmica General<\/td>\n<\/tr>\n<tr>\n<td style=\"text-align: center; background-color: #343538;\"><strong><span style=\"color: #ffffff;\">Modulo<br \/>\n6<\/span><\/strong><\/td>\n<td style=\"text-align: center;\"><\/td>\n<td style=\"text-align: center;\"><\/td>\n<\/tr>\n<tr>\n<td style=\"text-align: center;\">Sistemas con Microprocesadores y Microcontroladores<\/td>\n<td style=\"text-align: center;\">Electr\u00f3nica I, Dise\u00f1o L\u00f3gico I, Estructuras de Datos y Algoritmos<\/td>\n<td style=\"text-align: center;\">Electr\u00f3nica I, Dise\u00f1o L\u00f3gico I, Estructuras de Datos y Algoritmos<\/td>\n<\/tr>\n<tr>\n<td style=\"text-align: center;\">Fundamentos de Redes de Computadoras<\/td>\n<td style=\"text-align: center;\">Programaci\u00f3n II<\/td>\n<td style=\"text-align: center;\">Programaci\u00f3n II<\/td>\n<\/tr>\n<tr>\n<td style=\"text-align: center;\">M\u00e9todos Num\u00e9ricos<\/td>\n<td style=\"text-align: center;\">Programaci\u00f3n II, C\u00e1lculo IV, Probabilidad y Estad\u00edstica<\/td>\n<td style=\"text-align: center;\">Programaci\u00f3n II, C\u00e1lculo IV, Probabilidad y Estad\u00edstica<\/td>\n<\/tr>\n<tr>\n<td style=\"text-align: center;\">Bases de Datos<\/td>\n<td style=\"text-align: center;\">Estructuras de Datos y Algoritmos, L\u00f3gica y \u00c1lgebra Discreta<\/td>\n<td style=\"text-align: center;\">Estructuras de Datos y Algoritmos, L\u00f3gica y \u00c1lgebra Discreta<\/td>\n<\/tr>\n<tr>\n<td style=\"text-align: center; background-color: #343538;\"><strong><span style=\"color: #ffffff;\">Modulo<br \/>\n7<\/span><\/strong><\/td>\n<td style=\"text-align: center;\"><\/td>\n<td style=\"text-align: center;\"><\/td>\n<\/tr>\n<tr>\n<td style=\"text-align: center;\">Arquitectura de Computadoras<\/td>\n<td style=\"text-align: center;\">Sistemas con Microprocesadores y Microcontroladores, Probabilidad y Estad\u00edstica, Prueba de Suficiencia<br \/>\nen Ingl\u00e9s<\/td>\n<td style=\"text-align: center;\">Sistemas con Microprocesadores y Microcontroladores, Probabilidad y Estad\u00edstica, Prueba de Suficiencia<br \/>\nen Ingl\u00e9s<\/td>\n<\/tr>\n<tr>\n<td style=\"text-align: center;\">Fundamentos de Telecomunicaciones<\/td>\n<td style=\"text-align: center;\">Procesamiento Digital de Se\u00f1ales<\/td>\n<td style=\"text-align: center;\">Procesamiento Digital de Se\u00f1ales<\/td>\n<\/tr>\n<tr>\n<td style=\"text-align: center;\">Ingenier\u00eda de Software I<\/td>\n<td style=\"text-align: center;\">Bases de Datos<\/td>\n<td style=\"text-align: center;\">Bases de Datos<\/td>\n<\/tr>\n<tr>\n<td style=\"text-align: center;\">Inteligencia Artificial<\/td>\n<td style=\"text-align: center;\">Bases de Datos<\/td>\n<td style=\"text-align: center;\">Bases de Datos<\/td>\n<\/tr>\n<tr>\n<td style=\"text-align: center; background-color: #343538;\"><strong><span style=\"color: #ffffff;\"> Modulo<br \/>\n8<\/span><\/strong><\/td>\n<td style=\"text-align: center;\"><\/td>\n<td style=\"text-align: center;\"><\/td>\n<\/tr>\n<tr>\n<td style=\"text-align: center;\">Taller de Legislaci\u00f3n y Organizaciones<\/td>\n<td style=\"text-align: center;\">25 materias del plan<\/td>\n<td style=\"text-align: center;\">25 materias del plan<\/td>\n<\/tr>\n<tr>\n<td style=\"text-align: center;\">Sistemas Operativos<\/td>\n<td style=\"text-align: center;\">Arquitectura de Computadoras<\/td>\n<td style=\"text-align: center;\">Arquitectura de Computadoras<\/td>\n<\/tr>\n<tr>\n<td style=\"text-align: center;\">Transmisi\u00f3n de Datos<\/td>\n<td style=\"text-align: center;\">Sistemas con Microprocesadores y Microcontroladores<\/td>\n<td style=\"text-align: center;\">Sistemas con Microprocesadores y Microcontroladores<\/td>\n<\/tr>\n<tr>\n<td style=\"text-align: center;\">Protocolos de Comunicaci\u00f3n TCP\/IP<\/td>\n<td style=\"text-align: center;\">Fundamentos de Redes de Computadoras<\/td>\n<td style=\"text-align: center;\">Fundamentos de Redes de Computadoras<\/td>\n<\/tr>\n<tr>\n<td style=\"text-align: center; background-color: #343538;\"><strong><span style=\"color: #ffffff;\"> Modulo 9<\/span><\/strong><\/td>\n<td style=\"text-align: center;\"><\/td>\n<td style=\"text-align: center;\"><\/td>\n<\/tr>\n<tr>\n<td style=\"text-align: center;\">Laboratorio de Bases de Datos<\/td>\n<td style=\"text-align: center;\">Bases de Datos, Ingenier\u00eda de Software I, Prueba de Suficiencia en Ingl\u00e9s<\/td>\n<td style=\"text-align: center;\">Bases de Datos, Ingenier\u00eda de Software I, Prueba de Suficiencia en Ingl\u00e9s<\/td>\n<\/tr>\n<tr>\n<td style=\"text-align: center;\">Redes de \u00c1rea Extendida<\/td>\n<td style=\"text-align: center;\">Protocolos de Comunicaci\u00f3n TCP\/IP, Prueba de Suficiencia en Ingl\u00e9s<\/td>\n<td style=\"text-align: center;\">Protocolos de Comunicaci\u00f3n TCP\/IP, Prueba de Suficiencia en Ingl\u00e9s<\/td>\n<\/tr>\n<tr>\n<td style=\"text-align: center;\">Procesamiento Digital de Se\u00f1ales<\/td>\n<td style=\"text-align: center;\">Electr\u00f3nica I<\/td>\n<td style=\"text-align: center;\">Electr\u00f3nica I<\/td>\n<\/tr>\n<tr>\n<td style=\"text-align: center;\">Gesti\u00f3n de Tecnolog\u00eda de la Informaci\u00f3n<\/td>\n<td style=\"text-align: center;\">29 materias aprobadas<\/td>\n<td style=\"text-align: center;\">29 materias aprobadas<\/td>\n<\/tr>\n<tr>\n<td style=\"text-align: center;\">Gesti\u00f3n Ambiental, Salud Ocupacional y Seguridad<\/td>\n<td style=\"text-align: center;\">29 materias aprobadas<\/td>\n<td style=\"text-align: center;\">29 materias aprobadas<\/td>\n<\/tr>\n<tr>\n<td style=\"text-align: center;\">Administraci\u00f3n de Proyectos<\/td>\n<td style=\"text-align: center;\">29 materias aprobadas<\/td>\n<td style=\"text-align: center;\">29 materias aprobadas<\/td>\n<\/tr>\n<tr>\n<td style=\"text-align: center; background-color: #343538;\"><strong><span style=\"color: #ffffff;\"> Modulo 10<\/span><\/strong><\/td>\n<td style=\"text-align: center;\"><\/td>\n<td style=\"text-align: center;\"><\/td>\n<\/tr>\n<tr>\n<td style=\"text-align: center;\">Trabajo de Graduaci\u00f3n<\/td>\n<td style=\"text-align: center;\">29 materias aprobadas<br \/>\nPrueba de Suficiencia en Ingl\u00e9s<\/td>\n<td style=\"text-align: center;\">29 materias aprobadas<br \/>\nPrueba de Suficiencia en Ingl\u00e9s<\/td>\n<\/tr>\n<tr>\n<td style=\"text-align: center; background-color: #343538;\"><strong><span style=\"color: #ffffff;\"> Requisitos adicionales<\/span><\/strong><\/td>\n<td style=\"text-align: center;\"><\/td>\n<td style=\"text-align: center;\"><\/td>\n<\/tr>\n<tr>\n<td style=\"text-align: center;\">Pr\u00e1ctica Profesional Supervisada<\/td>\n<td style=\"text-align: center;\">Todas las actividades de los m\u00f3dulos I al VII<\/td>\n<td style=\"text-align: center;\">Todas las actividades de los m\u00f3dulos I al VII<\/td>\n<\/tr>\n<tr>\n<td style=\"text-align: center;\">Prueba de Suficiencia en Ingl\u00e9s<\/td>\n<td style=\"text-align: center;\">\u00c1lgebra y Geometr\u00eda Anal\u00edtica, C\u00e1lculo II, Elementos de \u00c1lgebra Lineal, F\u00edsica II, Inform\u00e1tica<\/td>\n<td style=\"text-align: center;\">\u00c1lgebra y Geometr\u00eda Anal\u00edtica, C\u00e1lculo II, Elementos de \u00c1lgebra Lineal, F\u00edsica II, Inform\u00e1tica<\/td>\n<\/tr>\n<\/tbody>\n<\/table>\n<p>&nbsp;<\/p>\n<p><a href=\"https:\/\/www.facet.unt.edu.ar\/ingcomputacion\/wp-content\/uploads\/sites\/10\/2025\/08\/Correlativas-Ing.-Comp-2025.pdf\" target=\"_blank\" rel=\"noopener\">Resoluci\u00f3n FACET 6765\/2025 &#8211; Plan de Correlativas In. en Computaci\u00f3n<\/a><\/p>\n","protected":false},"excerpt":{"rendered":"<p>Asignatura Correlativas para cursar (Regulares) Correlativas para aprobar (Aprobadas) Modulo I C\u00e1lculo I S\/C S\/C \u00c1lgebra y Geometr\u00eda Anal\u00edtica S\/C S\/C F\u00edsica I S\/C S\/C Fundamentos de Qu\u00edmica General S\/C S\/C Modulo 2 C\u00e1lculo II C\u00e1lculo I C\u00e1lculo I Elementos de \u00c1lgebra Lineal \u00c1lgebra y Geometr\u00eda Anal\u00edtica \u00c1lgebra y Geometr\u00eda Anal\u00edtica F\u00edsica II F\u00edsica I, [&hellip;]<\/p>\n","protected":false},"author":7,"featured_media":0,"parent":165,"menu_order":4,"comment_status":"closed","ping_status":"closed","template":"templates\/template-full-notitle.php","meta":[],"_links":{"self":[{"href":"https:\/\/www.facet.unt.edu.ar\/ingcomputacion\/wp-json\/wp\/v2\/pages\/595"}],"collection":[{"href":"https:\/\/www.facet.unt.edu.ar\/ingcomputacion\/wp-json\/wp\/v2\/pages"}],"about":[{"href":"https:\/\/www.facet.unt.edu.ar\/ingcomputacion\/wp-json\/wp\/v2\/types\/page"}],"author":[{"embeddable":true,"href":"https:\/\/www.facet.unt.edu.ar\/ingcomputacion\/wp-json\/wp\/v2\/users\/7"}],"replies":[{"embeddable":true,"href":"https:\/\/www.facet.unt.edu.ar\/ingcomputacion\/wp-json\/wp\/v2\/comments?post=595"}],"version-history":[{"count":19,"href":"https:\/\/www.facet.unt.edu.ar\/ingcomputacion\/wp-json\/wp\/v2\/pages\/595\/revisions"}],"predecessor-version":[{"id":931,"href":"https:\/\/www.facet.unt.edu.ar\/ingcomputacion\/wp-json\/wp\/v2\/pages\/595\/revisions\/931"}],"up":[{"embeddable":true,"href":"https:\/\/www.facet.unt.edu.ar\/ingcomputacion\/wp-json\/wp\/v2\/pages\/165"}],"wp:attachment":[{"href":"https:\/\/www.facet.unt.edu.ar\/ingcomputacion\/wp-json\/wp\/v2\/media?parent=595"}],"curies":[{"name":"wp","href":"https:\/\/api.w.org\/{rel}","templated":true}]}}