{"id":62,"date":"2013-10-02T22:53:31","date_gmt":"2013-10-02T22:53:31","guid":{"rendered":"http:\/\/www1.herrera.unt.edu.ar\/faceyt\/ingcomputacion\/?page_id=62"},"modified":"2014-05-03T15:41:18","modified_gmt":"2014-05-03T18:41:18","slug":"campo-laboral","status":"publish","type":"page","link":"https:\/\/www.facet.unt.edu.ar\/ingcomputacion\/carrera\/campo-laboral\/","title":{"rendered":"Campo Laboral"},"content":{"rendered":"<div align=\"justify\">\n<h1>Campo Laboral<\/h1>\n<p>Un Ingeniero en Computaci\u00f3n, tiene las siguientes Actividades Profesionales Reservadas para su ejercicio:<\/p>\n<ul>\n<li>Planificar, dirigir, realizar y\/o evaluar proyectos de especificaci\u00f3n, dise\u00f1o, desarrollo, construcci\u00f3n, implementaci\u00f3n, verificaci\u00f3n, validaci\u00f3n, puesta a punto, mantenimiento y actualizaci\u00f3n, para todo tipo de personas f\u00edsicas o jur\u00eddicas, de: Computadoras y sistemas electr\u00f3nicos digitales vinculados a las computadoras y comunicaciones de datos; Sistemas de generaci\u00f3n, transmisi\u00f3n, distribuci\u00f3n, control, automatizaci\u00f3n, recepci\u00f3n, procesamiento y utilizaci\u00f3n de se\u00f1ales digitales.<\/li>\n<li>Planificar, dirigir, realizar y\/o evaluar proyectos de relevamiento, an\u00e1lisis, especificaci\u00f3n, dise\u00f1o, desarrollo, implementaci\u00f3n, verificaci\u00f3n, validaci\u00f3n, puesta a punto, mantenimiento y actualizaci\u00f3n, para todo tipo de personas f\u00edsicas o jur\u00eddicas, de software vinculado directamente al hardware y a los sistemas de comunicaci\u00f3n de datos.<\/li>\n<li>Evaluar y seleccionar los lenguajes de especificaci\u00f3n, herramientas de dise\u00f1o, procesos de desarrollo, lenguajes de programaci\u00f3n y arquitecturas de software vinculados al punto 2.<\/li>\n<li>Evaluar y seleccionar las arquitecturas tecnol\u00f3gicas de procesamiento, sistemas de comunicaci\u00f3n de datos y software de base vinculado al punto 2.<\/li>\n<li>Planificar, dise\u00f1ar, dirigir y realizar la capacitaci\u00f3n de usuarios con relaci\u00f3n a los puntos 1 y 2.<\/li>\n<li>Determinar y controlar el cumplimiento de pautas t\u00e9cnicas, normas y procedimientos que rijan el funcionamiento y la utilizaci\u00f3n del software vinculado al punto 2.<\/li>\n<li>Elaborar, dise\u00f1ar, implementar y\/o evaluar m\u00e9todos y normas a seguir en cuestiones de seguridad de la informaci\u00f3n y los datos procesados, generados y\/o transmitidos por el software del punto 2.<\/li>\n<li>Establecer m\u00e9tricas y normas de calidad, y seguridad de software, controlando las mismas a fin de tener un producto industrial que respete las normas nacionales e internacionales. Control de la especificaci\u00f3n formal del producto, del proceso de dise\u00f1o, desarrollo, implementaci\u00f3n y mantenimiento. Establecimiento de m\u00e9tricas de validaci\u00f3n y certificaci\u00f3n de calidad.<\/li>\n<li>Realizar arbitrajes, peritajes y tasaciones referidas a las \u00e1reas espec\u00edficas de su aplicaci\u00f3n y entendimiento.<\/li>\n<\/ul>\n<\/div>\n","protected":false},"excerpt":{"rendered":"<p>Campo Laboral Un Ingeniero en Computaci\u00f3n, tiene las siguientes Actividades Profesionales Reservadas para su ejercicio: Planificar, dirigir, realizar y\/o evaluar proyectos de especificaci\u00f3n, dise\u00f1o, desarrollo, construcci\u00f3n, implementaci\u00f3n, verificaci\u00f3n, validaci\u00f3n, puesta a punto, mantenimiento y actualizaci\u00f3n, para todo tipo de personas f\u00edsicas o jur\u00eddicas, de: Computadoras y sistemas electr\u00f3nicos digitales vinculados a las computadoras y comunicaciones [&hellip;]<\/p>\n","protected":false},"author":7,"featured_media":0,"parent":165,"menu_order":3,"comment_status":"closed","ping_status":"closed","template":"templates\/template-full-notitle.php","meta":[],"_links":{"self":[{"href":"https:\/\/www.facet.unt.edu.ar\/ingcomputacion\/wp-json\/wp\/v2\/pages\/62"}],"collection":[{"href":"https:\/\/www.facet.unt.edu.ar\/ingcomputacion\/wp-json\/wp\/v2\/pages"}],"about":[{"href":"https:\/\/www.facet.unt.edu.ar\/ingcomputacion\/wp-json\/wp\/v2\/types\/page"}],"author":[{"embeddable":true,"href":"https:\/\/www.facet.unt.edu.ar\/ingcomputacion\/wp-json\/wp\/v2\/users\/7"}],"replies":[{"embeddable":true,"href":"https:\/\/www.facet.unt.edu.ar\/ingcomputacion\/wp-json\/wp\/v2\/comments?post=62"}],"version-history":[{"count":5,"href":"https:\/\/www.facet.unt.edu.ar\/ingcomputacion\/wp-json\/wp\/v2\/pages\/62\/revisions"}],"predecessor-version":[{"id":1493,"href":"https:\/\/www.facet.unt.edu.ar\/ingcomputacion\/wp-json\/wp\/v2\/pages\/62\/revisions\/1493"}],"up":[{"embeddable":true,"href":"https:\/\/www.facet.unt.edu.ar\/ingcomputacion\/wp-json\/wp\/v2\/pages\/165"}],"wp:attachment":[{"href":"https:\/\/www.facet.unt.edu.ar\/ingcomputacion\/wp-json\/wp\/v2\/media?parent=62"}],"curies":[{"name":"wp","href":"https:\/\/api.w.org\/{rel}","templated":true}]}}