{"id":83,"date":"2013-10-03T01:53:10","date_gmt":"2013-10-03T01:53:10","guid":{"rendered":"http:\/\/www1.herrera.unt.edu.ar\/faceyt\/ingcomputacion\/?page_id=83"},"modified":"2022-10-30T23:17:10","modified_gmt":"2022-10-31T02:17:10","slug":"docentes","status":"publish","type":"page","link":"https:\/\/www.facet.unt.edu.ar\/ingcomputacion\/docentes\/","title":{"rendered":"Docentes"},"content":{"rendered":"<p><a href=\"mailto:mabdala@herrera.unt.edu.ar\">ABDALA, Luis Marcelo<br \/>\n<\/a><strong><strong>\u00a0 \u00a0 \u00a0 \u00a0 \u00a0\u00a0<\/strong>Asignatura<\/strong>: Circuitos El\u00e9ctricos I<\/p>\n<p><span style=\"text-decoration: underline;\"><a href=\"mailto: calbaca@herrera.unt.edu.ar\">ALBACA PARAV\u00c1N, Carlos<\/a><\/span><br \/>\n<strong>\u00a0 \u00a0 \u00a0 \u00a0 \u00a0\u00a0Asignaturas<\/strong>: Protocolos de Comunicaci\u00f3n TCP\/IP &#8211; Redes de \u00c1rea Extendida<\/p>\n<p><a href=\"mailto:rbecker@herrera.unt.edu.ar\" target=\"_blank\" rel=\"noopener\">BECKER, Ra\u00fal Alberto<\/a><br \/>\n<strong>\u00a0 \u00a0 \u00a0 \u00a0 \u00a0\u00a0<\/strong><strong>Asignatura:<\/strong>\u00a0Circuitos El\u00e9ctricos I<\/p>\n<p><a href=\"mailto:jibilbao@herrera.unt.edu.ar\" target=\"_blank\" rel=\"noopener\">BILBAO, Javier Ignacio<\/a><br \/>\n<strong>\u00a0 \u00a0 \u00a0 \u00a0 \u00a0\u00a0<\/strong><strong>Asignatura<\/strong>: Fundamentos de Redes de Computadoras<\/p>\n<p><a href=\"mailto:tcardozo@herrera.unt.edu.ar\">CARDOZO, Mar\u00eda Teresa<\/a><br \/>\n<strong>\u00a0 \u00a0 \u00a0 \u00a0 \u00a0\u00a0<\/strong><strong>Asignaturas<\/strong>: Programaci\u00f3n I &#8211; Programaci\u00f3n II<\/p>\n<p><a href=\"mailto:ldipinto@herrera.unt.edu.ar\">DI PINTO, Luis Roque<\/a><br \/>\n<strong>\u00a0 \u00a0 \u00a0 \u00a0 \u00a0\u00a0<\/strong><strong>Asignaturas<\/strong>:\u00a0Fundamentos de Telecomunicaciones &#8211; Transmisi\u00f3n de Datos<\/p>\n<p><a href=\"mailto:mestevez@herrera.unt.edu.ar\">ESTEVEZ, Miguel<\/a><br \/>\n<strong>\u00a0 \u00a0 \u00a0 \u00a0 \u00a0\u00a0<\/strong><strong>Asignatura<\/strong>:\u00a0Circuitos El\u00e9ctricos I<\/p>\n<p><a href=\"mailto:pfernandez@herrera.unt.edu.ar\">FERN\u00c1NDEZ, Patricia M\u00f3nica<\/a><br \/>\n<strong>\u00a0 \u00a0 \u00a0 \u00a0 \u00a0\u00a0<\/strong><strong>Asignatura<\/strong>:\u00a0M\u00e9todos Num\u00e9ricos<\/p>\n<p><a href=\"mailto: cafigueroa@herrera.edu.unt.ar\">FIGUEROA, Cristian Ariel<\/a><br \/>\n<strong>\u00a0 \u00a0 \u00a0 \u00a0 \u00a0\u00a0<\/strong><strong>Asignatura<\/strong>: Materiales y Dispositivos Electr\u00f3nicos<\/p>\n<p><a href=\"mailto: rgarcia@herrera.unt.edu.ar\">GARC\u00cdA, HUGO RICARDO<\/a><br \/>\n<strong>\u00a0 \u00a0 \u00a0 \u00a0 \u00a0\u00a0<\/strong><strong>Asignatura<\/strong>: Taller de Legislaci\u00f3n y Organizaciones<\/p>\n<p><a href=\"mailto:gagiori@herrera.unt.edu.ar\">GIORI, Gustavo Adolfo<\/a><br \/>\n<strong>\u00a0 \u00a0 \u00a0 \u00a0 \u00a0\u00a0<\/strong><strong>Asignaturas<\/strong>: Sistemas Operativos\u00a0&#8211; Gesti\u00f3n de Tecnolog\u00eda de la Informaci\u00f3n<\/p>\n<p><a href=\"mailto:matiasgiori@gmail.com\">GIORI, Mat\u00edas<\/a><br \/>\n<strong>\u00a0 \u00a0 \u00a0 \u00a0 \u00a0\u00a0<\/strong><strong>Asignatura<\/strong>: Sistemas con Microprocesadores<\/p>\n<p><a href=\"mailto:mgomezlopez@herrera.unt.edu.ar\">G\u00d3MEZ L\u00d3PEZ, Mar\u00eda de los \u00c1ngeles<\/a><br \/>\n<strong>\u00a0 \u00a0 \u00a0 \u00a0 \u00a0\u00a0<\/strong><strong>Asignatura<\/strong>:\u00a0Dise\u00f1o L\u00f3gico I<\/p>\n<p><a href=\"mailto:cgoy@herrera.unt.edu.ar\">GOY, Carla Bel\u00e9n<\/a><br \/>\n<strong>\u00a0 \u00a0 \u00a0 \u00a0 \u00a0\u00a0<\/strong><strong>Asignatura<\/strong>: Gesti\u00f3n Ambiental, Salud Ocupacional y Seguridad<\/p>\n<p><span style=\"text-decoration: underline;\"><a href=\"mailto: sgrupalli@herrera.unt.edu.ar\">GRUPALLI, Silvina Alejandra<\/a><\/span><br \/>\n<strong>\u00a0 \u00a0 \u00a0 \u00a0 \u00a0\u00a0<\/strong><strong>Asignatura<\/strong>:\u00a0Gesti\u00f3n Ambiental, Salud Ocupacional y Seguridad<\/p>\n<p><a href=\"mailto:mguzman@herrera.unt.edu.ar\">GUZM\u00c1N, Mar\u00eda Fernanda<\/a><br \/>\n<strong>\u00a0 \u00a0 \u00a0 \u00a0 \u00a0\u00a0<\/strong><strong>Asignatura<\/strong>: Inform\u00e1tica &#8211; Programaci\u00f3n I<\/p>\n<p><a href=\"mailto:civan@herrera.unt.edu.ar\">IVAN, Carlos Andr\u00e9s<\/a><br \/>\n<strong>\u00a0 \u00a0 \u00a0 \u00a0 \u00a0\u00a0<\/strong><strong>Asignatura<\/strong>:\u00a0Electr\u00f3nica I<\/p>\n<p><a href=\"mailto:gajose@herrera.unt.edu.ar\">JOS\u00c9, Gustavo<\/a><\/p>\n<p><strong> \u00a0 \u00a0 \u00a0 \u00a0\u00a0<\/strong><strong>Asignaturas<\/strong>: Inform\u00e1tica<\/p>\n<p><a href=\"mailto:gjuarez@herrera.unt.edu.ar\">JUAREZ, Gustavo Eduardo<\/a><br \/>\n<strong>\u00a0 \u00a0 \u00a0 \u00a0 \u00a0\u00a0<\/strong><strong>Asignaturas<\/strong>: L\u00f3gica y \u00c1lgebra Discreta &#8211; Bases de Datos\u00a0&#8211;\u00a0Inteligencia Artificial<\/p>\n<p><a href=\"mailto:mjuarez@herrera.unt.edu.ar\">JUAREZ, Mart\u00edn Gustavo<\/a><br \/>\n<strong>\u00a0 \u00a0 \u00a0 \u00a0 \u00a0\u00a0<\/strong><strong>Asignatura<\/strong>:\u00a0Electr\u00f3nica I<\/p>\n<p><a href=\"mailto: rjlabastida@hotmail.com\">LABASTIDA HUERTA, Roberto Jorge<\/a><br \/>\n<strong>\u00a0 \u00a0 \u00a0 \u00a0 \u00a0\u00a0<\/strong><strong>Asignatura<\/strong>: Procesamiento Digital de Se\u00f1ales<\/p>\n<p><a href=\"mailto: clafuente@herrera.unt.edu.ar\">LAFUENTE, Cristian Horacio<\/a><br \/>\n<strong>\u00a0 \u00a0 \u00a0 \u00a0 \u00a0\u00a0<\/strong><strong>Asignaturas<\/strong>: L\u00f3gica y \u00c1lgebra Discreta &#8211; Bases de Datos\u00a0&#8211;\u00a0Inteligencia Artificial<\/p>\n<p><a href=\"mailto:mjlecuona@herrera.unt.edu.ar\">LECUONA, Mariano J\u00f3se<\/a><br \/>\n<strong>\u00a0 \u00a0 \u00a0 \u00a0 \u00a0\u00a0<\/strong><strong>Asignaturas<\/strong>: Sistemas Operativos\u00a0&#8211; Gesti\u00f3n de Tecnolog\u00eda de la Informaci\u00f3n<\/p>\n<p><a href=\"mailto:fhlutz@herrera.unt.edu.ar\">LUTZ, Federico Herman<\/a><br \/>\n<strong>\u00a0 \u00a0 \u00a0 \u00a0 \u00a0\u00a0<\/strong><strong>Asignaturas<\/strong>: Fundamentos de Redes de Computadoras &#8211;\u00a0Protocolos de Comunicaci\u00f3n TCP\/IP<\/p>\n<p><a href=\"mailto:npadilla@herrera.unt.edu.ar\">MAJOREL PADILLA, Nicol\u00e1s<\/a><br \/>\n<strong>\u00a0 \u00a0 \u00a0 \u00a0 \u00a0\u00a0<\/strong><strong>Asignaturas<\/strong>: Arquitectura de Computadoras\u00a0&#8211;\u00a0Sistemas con Microprocesadores y Microcontroladores<\/p>\n<p><a href=\"mailto: mmendiondo@herrera.unt.edu.ar\">MENDIONDO, Alejandro Mat\u00edas<\/a><br \/>\n<strong>\u00a0 \u00a0 \u00a0 \u00a0 \u00a0\u00a0<\/strong><strong>Asignaturas<\/strong>: Ingenier\u00eda de Software I &#8211; Laboratorio de Bases de Datos<\/p>\n<p><a href=\"mailto:fmenendez@herrera.unt.edu.ar\">MENENDEZ, Franco Daniel<\/a><br \/>\n<strong>\u00a0 \u00a0 \u00a0 \u00a0 \u00a0\u00a0<\/strong><strong>Asignaturas<\/strong>: L\u00f3gica y \u00c1lgebra Discreta &#8211; Bases de Datos\u00a0&#8211;\u00a0Inteligencia Artificial<\/p>\n<p><a href=\"mailto:fnader@herrera.unt.edu.ar\">NADER, Fernando Miguel<\/a><br \/>\n<strong>\u00a0 \u00a0 \u00a0 \u00a0 \u00a0\u00a0<\/strong><strong>Asignaturas<\/strong>: Fundamentos de Redes de Computadoras &#8211;\u00a0Redes de \u00c1rea Extendida<\/p>\n<p><a href=\"mailto: rnahas@herrera.unt.edu.ar\">NAHAS, Romina Paola<\/a><br \/>\n<strong>\u00a0 \u00a0 \u00a0 \u00a0 \u00a0\u00a0<\/strong><strong>Asignaturas<\/strong>: Redes de \u00c1rea Extendida &#8211;\u00a0Transmisi\u00f3n de Datos<\/p>\n<p><a href=\"mailto:lnieto@herrera.unt.edu.ar\">NIETO PE\u00d1ALVER, Luis Eduardo<\/a><br \/>\n<strong>\u00a0 \u00a0 \u00a0 \u00a0 \u00a0\u00a0<\/strong><strong>Asignaturas<\/strong>: Programaci\u00f3n II &#8211;\u00a0Laboratorio de Bases de Datos &#8211;\u00a0Ingenier\u00eda de Software I<\/p>\n<p><a href=\"mailto:godstrcil@herrera.unt.edu.ar\">ODSTRCIL, Gabriela<\/a><br \/>\n<strong>\u00a0 \u00a0 \u00a0 \u00a0 \u00a0\u00a0<\/strong><strong>Asignaturas<\/strong>: Estructuras de Datos y Algoritmos &#8211;\u00a0M\u00e9todos Num\u00e9ricos<\/p>\n<p><a href=\"mailto:modstrcil@herrera.unt.edu.ar\">ODSTRCIL, Maximiliano<\/a><br \/>\n<strong>\u00a0 \u00a0 \u00a0 \u00a0 \u00a0\u00a0<\/strong><strong>Asignaturas<\/strong>: Ingenier\u00eda de Software I &#8211;\u00a0Laboratorio de Bases de Datos<\/p>\n<p><a href=\"mailto:aolmos@herrera.unt.edu.ar\">OLMOS, A\u00edda Alicia<\/a><br \/>\n<strong>\u00a0 \u00a0 \u00a0 \u00a0 \u00a0\u00a0<\/strong><strong>Asignaturas<\/strong>:\u00a0Electr\u00f3nica I &#8211; Fundamentos de Telecomunicaciones<\/p>\n<p><a href=\"mailto:fmvargas@herrera.unt.edu.ar\">PACHECO, Fabi\u00e1n Eduardo<\/a><br \/>\n<strong>\u00a0 \u00a0 \u00a0 \u00a0 \u00a0\u00a0<\/strong><strong>Asignatura<\/strong>:\u00a0Procesamiento Digital de Se\u00f1ales<\/p>\n<p><a href=\"mailto:lpdi@herrera.unt.edu.ar\">PEREZ, Jorge Omar<\/a><br \/>\n<strong>\u00a0 \u00a0 \u00a0 \u00a0 \u00a0\u00a0<\/strong><strong>Asignatura<\/strong>: Procesamiento Digital de Se\u00f1ales<\/p>\n<p><a href=\"mailto:grossi@herrera.unt.edu.ar\">ROSSI, Guillermo Leonardo<\/a><br \/>\n<strong>\u00a0 \u00a0 \u00a0 \u00a0 \u00a0\u00a0<\/strong><strong>Asignaturas<\/strong>: Ingenier\u00eda de Software I &#8211; Laboratorio de Bases de Datos<\/p>\n<p><a href=\"mailto:ssaade@herrera.unt.edu.ar\">SAADE, Sergio Daniel<\/a><br \/>\n<strong>\u00a0 \u00a0 \u00a0 \u00a0 \u00a0\u00a0<\/strong><strong>Asignaturas<\/strong>: Fundamentos de Redes de Computadoras &#8211; Protocolos de Comunicaci\u00f3n TCP\/IP<\/p>\n<p><a href=\"mailto:msanchez@herrera.unt.edu.ar\">S\u00c1NCHEZ, Mariana<\/a><br \/>\n<strong>\u00a0 \u00a0 \u00a0 \u00a0 \u00a0\u00a0<\/strong><strong>Asignaturas<\/strong>: Programaci\u00f3n I &#8211;\u00a0Programaci\u00f3n II<\/p>\n<p><a href=\"mailto:esemola@herrera.unt.edu.ar\">SEMOLA, Enzo Andr\u00e9<\/a><br \/>\n<strong>\u00a0 \u00a0 \u00a0 \u00a0 \u00a0\u00a0<\/strong><strong>Asignaturas<\/strong>: Inform\u00e1tica\u00a0&#8211; Programaci\u00f3n I<\/p>\n<p><a href=\"mailto: rsilvera@herrera.unt.edu.ar\">SILVERA, Ricardo<\/a><br \/>\n<strong>\u00a0 \u00a0 \u00a0 \u00a0 \u00a0\u00a0<\/strong><strong>Asignaturas<\/strong>: Fundamentos de Redes de Computadoras &#8211; Estructuras de Datos y Algoritmos<\/p>\n<p><a href=\"mailto:csueldo@herrera.unt.edu.ar\">SUELDO, Carlos<\/a><br \/>\n<strong>\u00a0 \u00a0 \u00a0 \u00a0 \u00a0\u00a0<\/strong><strong>Asignatura<\/strong>:\u00a0Dise\u00f1o L\u00f3gico I<\/p>\n<p><a href=\"mailto:ltek@herrera.unt.edu.ar\">TEK, Luis Abraham<\/a><br \/>\n<strong>\u00a0 \u00a0 \u00a0 \u00a0 \u00a0\u00a0<\/strong><strong>Asignaturas<\/strong>: Arquitectura de Computadoras\u00a0&#8211; Sistemas con Microprocesadores y Microcontroladores<\/p>\n<p><a href=\"mailto: mavaldez@herrera.unt.edu.ar\">VALDEZ, Miguel Anibal<\/a><br \/>\n<strong>\u00a0 \u00a0 \u00a0 \u00a0 \u00a0\u00a0<\/strong><strong>Asignatura<\/strong>: Circuitos El\u00e9ctricos I<\/p>\n<p><a href=\"mailto:fmvargas@herrera.unt.edu.ar\"><span style=\"text-decoration: underline;\">VARGAS, Federico<\/span><\/a><\/p>\n<p><strong>\u00a0 \u00a0 \u00a0 \u00a0 \u00a0<\/strong><strong>Asignatura<\/strong>:\u00a0Electr\u00f3nica I<\/p>\n<p><a href=\"mailto:evolentini@herrera.unt.edu.ar\">VOLENTINI, Esteban Daniel<\/a><br \/>\n<strong>\u00a0 \u00a0 \u00a0 \u00a0 \u00a0\u00a0<\/strong><strong>Asignaturas<\/strong>: Arquitectura de Computadoras\u00a0&#8211; Sistemas con Microprocesadores y Microcontroladores<\/p>\n<p><a href=\"mailto:wweyerstall@herrera.unt.edu.ar\">WEYERSTALL, Walter Mario<\/a><br \/>\n<strong>\u00a0 \u00a0 \u00a0 \u00a0 \u00a0\u00a0<\/strong><strong>Asignatura<\/strong>:\u00a0Administraci\u00f3n de Proyectos<\/p>\n<p><a href=\"mailto:jyounes@herrera.unt.edu.ar\">YOUNES, Jos\u00e9<\/a><br \/>\n<strong>\u00a0 \u00a0 \u00a0 \u00a0 \u00a0\u00a0<\/strong><strong>Asignaturas<\/strong>: Inform\u00e1tica\u00a0&#8211; Programaci\u00f3n I<\/p>\n","protected":false},"excerpt":{"rendered":"<p>ABDALA, Luis Marcelo \u00a0 \u00a0 \u00a0 \u00a0 \u00a0\u00a0Asignatura: Circuitos El\u00e9ctricos I ALBACA PARAV\u00c1N, Carlos \u00a0 \u00a0 \u00a0 \u00a0 \u00a0\u00a0Asignaturas: Protocolos de Comunicaci\u00f3n TCP\/IP &#8211; Redes de \u00c1rea Extendida BECKER, Ra\u00fal Alberto \u00a0 \u00a0 \u00a0 \u00a0 \u00a0\u00a0Asignatura:\u00a0Circuitos El\u00e9ctricos I BILBAO, Javier Ignacio \u00a0 \u00a0 \u00a0 \u00a0 \u00a0\u00a0Asignatura: Fundamentos de Redes de Computadoras CARDOZO, Mar\u00eda Teresa \u00a0 [&hellip;]<\/p>\n","protected":false},"author":7,"featured_media":0,"parent":0,"menu_order":5,"comment_status":"closed","ping_status":"closed","template":"templates\/template-full-notitle.php","meta":[],"_links":{"self":[{"href":"https:\/\/www.facet.unt.edu.ar\/ingcomputacion\/wp-json\/wp\/v2\/pages\/83"}],"collection":[{"href":"https:\/\/www.facet.unt.edu.ar\/ingcomputacion\/wp-json\/wp\/v2\/pages"}],"about":[{"href":"https:\/\/www.facet.unt.edu.ar\/ingcomputacion\/wp-json\/wp\/v2\/types\/page"}],"author":[{"embeddable":true,"href":"https:\/\/www.facet.unt.edu.ar\/ingcomputacion\/wp-json\/wp\/v2\/users\/7"}],"replies":[{"embeddable":true,"href":"https:\/\/www.facet.unt.edu.ar\/ingcomputacion\/wp-json\/wp\/v2\/comments?post=83"}],"version-history":[{"count":14,"href":"https:\/\/www.facet.unt.edu.ar\/ingcomputacion\/wp-json\/wp\/v2\/pages\/83\/revisions"}],"predecessor-version":[{"id":2021,"href":"https:\/\/www.facet.unt.edu.ar\/ingcomputacion\/wp-json\/wp\/v2\/pages\/83\/revisions\/2021"}],"wp:attachment":[{"href":"https:\/\/www.facet.unt.edu.ar\/ingcomputacion\/wp-json\/wp\/v2\/media?parent=83"}],"curies":[{"name":"wp","href":"https:\/\/api.w.org\/{rel}","templated":true}]}}